{"id":7331,"date":"2022-06-16T14:37:24","date_gmt":"2022-06-16T14:37:24","guid":{"rendered":"https:\/\/www.sifcoasc.com\/?page_id=7331"},"modified":"2023-01-31T08:55:05","modified_gmt":"2023-01-31T08:55:05","slug":"datenschutz-bestimmungen","status":"publish","type":"page","link":"https:\/\/www.sifcoasc.com\/de\/datenschutz-bestimmungen","title":{"rendered":"Datenschutz-Bestimmungen"},"content":{"rendered":"<p><span style=\"font-weight: 400;\">Ihre Privatsph\u00e4re ist uns wichtig. Daher verpflichten sich SIFCO ASC, eine Tochtergesellschaft der Quaker Chemical Corporation d\/b\/a Quaker Houghton, und ihre verbundenen Unternehmen, die Privatsph\u00e4re aller Besucher dieser Website (die \u201eWebsite\u201c) gem\u00e4\u00df den Beschreibungen in dieser Datenschutzerkl\u00e4rung ( die \u201eDatenschutzerkl\u00e4rung\u201c). Wir halten es f\u00fcr wichtig, dass Sie wissen, wie wir die Informationen verwenden und behandeln, die wir \u00fcber Sie \u00fcber die Website erhalten und sammeln. Bitte lesen Sie diese Datenschutzerkl\u00e4rung sowie unsere rechtlichen Hinweise zur Website, um weitere Einzelheiten dar\u00fcber zu erfahren, wie wir die von Ihnen an die Website \u00fcbermittelten Informationen verwenden.<\/span><\/p>\n<p><span style=\"font-weight: 400;\">Diese Datenschutzerkl\u00e4rung bildet zusammen mit unserem Website-Rechtshinweis die gesamte Vereinbarung zwischen Ihnen und SIFCO ASC in Bezug auf diese Website. Durch Ihre Nutzung der Website erkl\u00e4ren Sie sich mit dieser Datenschutzerkl\u00e4rung einverstanden. SIFCO ASC beh\u00e4lt sich das Recht vor, diese Datenschutzerkl\u00e4rung nach eigenem Ermessen jederzeit zu \u00e4ndern oder zu erg\u00e4nzen, und Ihre fortgesetzte Nutzung der Website nach solchen \u00c4nderungen gilt abschlie\u00dfend als Zustimmung zu allen \u00c4nderungen dieser Datenschutzerkl\u00e4rung. Sie stimmen zu, dass die Benachrichtigung \u00fcber \u00c4nderungen der auf der Website ver\u00f6ffentlichten Datenschutzerkl\u00e4rung eine angemessene und ausreichende Benachrichtigung darstellt. Sie sind jederzeit an die jeweils aktuelle Version der Datenschutzerkl\u00e4rung, der rechtlichen Hinweise zur Website und aller anwendbaren Gesetze gebunden.<\/span><\/p>\n<p><span style=\"font-weight: 400;\">Es kann vorkommen, dass SIFCO ASC personenbezogene Daten von Ihnen ben\u00f6tigt, wie z. B. Ihren Namen, Ihre Adresse, E-Mail-Adresse, Telefonnummer und Kreditkarteninformationen (\u201epersonenbezogene Daten\u201c ), um Ihre Anfragen zu beantworten, sowie Auftr\u00e4ge zu bearbeiten oder Zugang zu bestimmten Informationen zu gew\u00e4hren. Solche Informationen k\u00f6nnen von SIFCO ASC an Strafverfolgungsbeh\u00f6rden oder andere Regierungsbeamte weitergegeben werden, wenn wir dies nach unserem alleinigen Ermessen f\u00fcr notwendig oder angemessen halten. SIFCO ASC kann solche Informationen auch an nicht verbundene Unternehmen weitergeben; Wir werden dies jedoch nicht tun, es sei denn, Sie haben ein Interesse daran bekundet, dass solche Informationen mit solchen Unternehmen geteilt werden.<\/span><\/p>\n<p><span style=\"font-weight: 400;\">Wenn Sie sich online bei SIFCO ASC registrieren, k\u00f6nnen wir diese Informationen verwenden, um Ihnen benutzerdefinierte Informationen zur Unterst\u00fctzung Ihrer Bed\u00fcrfnisse bereitzustellen. Auf bestimmten Seiten unserer Website kann eine Technologie namens Cookies verwendet werden. Ein Cookie ist ein winziges Datenelement, das eine Website an Ihren Browser senden kann, das dann auf Ihrer Festplatte gespeichert werden kann, damit die Website Sie bei Ihrer R\u00fcckkehr wiedererkennen kann. Cookies erm\u00f6glichen es uns, Ihnen ma\u00dfgeschneiderte Informationen bereitzustellen und Ihnen Dienste \u00fcber das Internet bereitzustellen. Wenn Ihr Browser dies zul\u00e4sst, k\u00f6nnen Sie Ihren Browser so einstellen, dass er Sie benachrichtigt, wenn Sie ein Cookie erhalten, oder Cookies ablehnt.<\/span><\/p>\n<p><span style=\"font-weight: 400;\">Jeder Browser, der auf die Website zugreift, erh\u00e4lt ein eindeutiges Cookie, das dann verwendet wird, um das Ausma\u00df der wiederholten Nutzung, die Nutzung durch einen registrierten Benutzer im Vergleich zu einem nicht registrierten Benutzer zu bestimmen und bei der Entwicklung zu helfen Inhalte basierend auf Nutzerinteressen und -verhalten. SIFCO ASC kann auch bestimmte Verkehrsmuster messen, welche Bereiche des Website-Netzwerks von SIFCO ASC Sie besucht haben, und Ihre Besuchsmuster insgesamt. Diese Informationen werden verwendet, um zu verstehen, wie die Gewohnheiten unserer Benutzer \u00e4hnlich oder unterschiedlich sind, damit wir jede neue Erfahrung auf der Website verbessern k\u00f6nnen. Wir k\u00f6nnen diese Informationen verwenden, um die Inhalte, Banner und Werbeaktionen, die Sie und andere Benutzer auf unseren Websites sehen, besser zu personalisieren.<\/span><\/p>\n<p><span style=\"font-weight: 400;\">Bitte beachten Sie, dass verschiedene Seiten der Website m\u00f6glicherweise dazu auffordern, den Standort Ihrer IP-Adresse zu erfassen. Sofern zul\u00e4ssig, erhalten Sie Informationen zu Ihrem Standort und den in Ihrer N\u00e4he verf\u00fcgbaren SIFCO ASC-Diensten. Alle solchen Cookies und gesammelten Daten werden entfernt, sobald Sie Ihren Browser schlie\u00dfen. In \u00e4hnlicher Weise bietet Ihnen der Besuch der Seite \u201eKarriere\u201c von Quaker Houghton die M\u00f6glichkeit, den Standort Ihrer IP-Adresse zuzulassen oder abzulehnen, sodass Sie die offenen Stellen in unmittelbarer N\u00e4he und f\u00fcr Ihren Standort relevant anzeigen k\u00f6nnen, um eine bessere Benutzererfahrung zu bieten . Alle gesammelten Cookies und Daten werden, sofern erlaubt, gel\u00f6scht, sobald der Browser geschlossen wird. Jede \u00dcbermittlung Ihres Namens, Ihrer E-Mail-Adresse und Ihres Lebenslaufs zur Bewerbung auf eine offene Stelle wird von der Personalabteilung \u00fcberpr\u00fcft, um die am besten qualifizierte Person f\u00fcr die offene Stelle zu ermitteln. Alle zum Zweck der Bewerbung erhaltenen Daten werden f\u00fcr einen bestimmten Zeitraum gespeichert, um den Bewerber f\u00fcr zuk\u00fcnftige Stellenangebote zu ber\u00fccksichtigen.<\/span><\/p>\n<p><span style=\"font-weight: 400;\">Sollten Sie SIFCO ASC kontaktieren und eine Anfrage an \u201eKontakt\u201c auf der Website stellen, wird SIFCO ASC die \u00fcbermittelten Informationen erfassen, einschlie\u00dflich, aber nicht beschr\u00e4nkt auf Ihren Namen, Firma, Adresse, Telefonnummer und E-Mail, um Sie mit dem zust\u00e4ndigen internen Mitarbeiter zu verbinden, der Sie bei Ihrer Anfrage besser unterst\u00fctzen kann. Alle derartigen Daten, die zur Kontaktaufnahme mit SIFCO ASC \u00fcbermittelt werden, werden im Quaker Houghton Customer Relationship Management (\u201eCRM\u201c)-Konto gespeichert. Wenn Sie m\u00f6chten, dass Ihre bereitgestellten Informationen und Daten aus dem CRM-Konto entfernt werden, wenden Sie sich bitte an <\/span><a href=\"mailto:info@quakerhoughton.com\"><span style=\"font-weight: 400;\">info @quakerhoughton.com<\/span><\/a><span style=\"font-weight: 400;\">  mit Ihrer spezifischen Anfrage.<\/span><\/p>\n<p><span style=\"font-weight: 400;\">Diese Website kann Links zu anderen Websites und anderen Organisationen enthalten, deren Produkte oder Dienstleistungen Sie unserer Meinung nach interessieren k\u00f6nnten. Obwohl wir versuchen, nur auf Websites zu verlinken, die unsere hohen Standards und unseren Respekt f\u00fcr den Datenschutz teilen, sind wir nicht f\u00fcr den Inhalt oder die Datenschutzpraktiken verantwortlich, die sie anwenden. Dar\u00fcber hinaus geben wir keine Zusicherungen oder Garantien hinsichtlich der Datenerfassung auf den verlinkten Seiten, die nicht Eigentum von SIFCO ASC sind. Wie im Impressum der Website erl\u00e4utert, ist SIFCO ASC nicht f\u00fcr den Inhalt dieser Websites Dritter verantwortlich. SIFCO ASC hat angemessene Vorkehrungen getroffen, um die gesammelten personenbezogenen Daten vor Verlust, Missbrauch, unbefugtem Zugriff, Offenlegung, \u00c4nderung oder Zerst\u00f6rung zu sch\u00fctzen, einschlie\u00dflich vertraglicher, administrativer, physischer und technischer Schritte. Obwohl SIFCO ASC angemessene Vorkehrungen trifft, um die Zuverl\u00e4ssigkeit dieser Technologie zu beurteilen, verl\u00e4sst es sich im Rahmen seiner Sicherheitsbewertung auf die Aussagen der Anbieter dieser Produkte und Dienstleistungen. Bitte beachten Sie, dass SIFCO ASC zwar bestrebt ist, eine sichere und zuverl\u00e4ssige Website f\u00fcr Benutzer zu erstellen, die Vertraulichkeit von Mitteilungen oder Materialien, die zu und von der Website \u00fcbertragen werden, jedoch nicht garantiert werden kann.<\/span><\/p>\n<p><span style=\"font-weight: 400;\">SIFCO ASC verwendet Google Analytics, ein Tool zum Sammeln von Informationen \u00fcber die Nutzung dieser Website. Google Analytics sammelt Informationen dar\u00fcber, wie oft Benutzer diese Website besuchen, welche Seiten sie besuchen und welche anderen Websites sie verwendet haben, bevor sie diese Website besucht haben. SIFCO ASC darf die Informationen, die wir von Google Analytics erhalten, nur zur Verbesserung dieser Website verwenden. Google Analytics erfasst nur die Ihnen zum Zeitpunkt Ihres Besuchs dieser Website zugewiesene IP-Adresse und nicht Ihren Namen oder andere identifizierende Informationen. Dar\u00fcber hinaus kombiniert SIFCO ASC die durch die Verwendung von Google Analytics gesammelten Informationen nicht mit anderweitig gesammelten pers\u00f6nlichen Informationen. Google Analytics platziert ein dauerhaftes Cookie in Ihrem Webbrowser, um Sie beim n\u00e4chsten Besuch dieser Website als eindeutigen Benutzer zu identifizieren, aber das Cookie kann nur von Google verwendet werden. Die F\u00e4higkeit von Google, von Google Analytics erfasste Informationen \u00fcber Ihre Besuche auf dieser Website zu verwenden und weiterzugeben, wird durch die Nutzungsbedingungen von Google Analytics und die Datenschutzrichtlinie von Google eingeschr\u00e4nkt. Sie k\u00f6nnen verhindern, dass Google Analytics Sie bei erneuten Besuchen dieser Website wiedererkennt, indem Sie Cookies in Ihrem Browser deaktivieren. Klicken Sie f\u00fcr weitere Informationen auf den folgenden Link:<\/span><a href=\"https:\/\/support.google.com\/analytics\/answer\/6004245\"><span style=\"font-weight: 400;\">https :\/\/support.google.com\/analytics\/answer\/6004245<\/span><\/a><span style=\"font-weight: 400;\">.<\/span><\/p>\n<p><span style=\"font-weight: 400;\">Durch die Nutzung dieser Website stimmen Sie dieser Datenschutzerkl\u00e4rung und den damit verbundenen Richtlinien zu und stimmen ferner der Verwendung der Informationen zu, die wir erhalten und in der hierin bereitgestellten Weise sammeln. Durch die Bereitstellung personenbezogener Daten auf dieser Website verstehen Benutzer, einschlie\u00dflich, aber nicht beschr\u00e4nkt auf Benutzer in der Europ\u00e4ischen Union, die Erfassung und Verarbeitung dieser Daten in den Vereinigten Staaten vollst\u00e4ndig und stimmen ihr unmissverst\u00e4ndlich zu.<\/span><\/p>\n","protected":false},"excerpt":{"rendered":"<p>Ihre Privatsph\u00e4re ist uns wichtig. Daher verpflichten sich SIFCO ASC, eine Tochtergesellschaft der Quaker Chemical Corporation d\/b\/a Quaker Houghton, und ihre verbundenen Unternehmen, die Privatsph\u00e4re aller Besucher dieser Website (die \u201eWebsite\u201c) gem\u00e4\u00df den Beschreibungen in dieser Datenschutzerkl\u00e4rung ( die \u201eDatenschutzerkl\u00e4rung\u201c). Wir halten es f\u00fcr wichtig, dass Sie wissen, wie wir die Informationen verwenden und behandeln, [&hellip;]<\/p>\n","protected":false},"author":103,"featured_media":0,"parent":0,"menu_order":0,"comment_status":"closed","ping_status":"closed","template":"","meta":{"_acf_changed":false,"inline_featured_image":false,"footnotes":""},"class_list":["post-7331","page","type-page","status-publish","hentry"],"acf":[],"yoast_head":"<!-- This site is optimized with the Yoast SEO plugin v27.5 - https:\/\/yoast.com\/product\/yoast-seo-wordpress\/ -->\n<title>Datenschutz-Bestimmungen - SIFCO Applied Surface Concepts<\/title>\n<meta name=\"description\" content=\"Ihre Privatsph\u00e4re ist uns wichtig. Daher verpflichten sich SIFCO ASC, eine Tochtergesellschaft der Quaker Chemical Corporation d\/b\/a Quaker Houghton, und ihre verbundenen Unternehmen, die Privatsph\u00e4re aller Besucher dieser Website (die \u201eWebsite\u201c) gem\u00e4\u00df den Beschreibungen in dieser Datenschutzerkl\u00e4rung ( die \u201eDatenschutzerkl\u00e4rung\u201c). Wir halten es f\u00fcr wichtig, dass Sie wissen, wie wir die Informationen verwenden und behandeln\" \/>\n<meta name=\"robots\" content=\"index, follow, max-snippet:-1, max-image-preview:large, max-video-preview:-1\" \/>\n<link rel=\"canonical\" href=\"https:\/\/www.sifcoasc.com\/de\/datenschutz-bestimmungen\" \/>\n<meta property=\"og:locale\" content=\"de_DE\" \/>\n<meta property=\"og:type\" content=\"article\" \/>\n<meta property=\"og:title\" content=\"Datenschutz-Bestimmungen - SIFCO Applied Surface Concepts\" \/>\n<meta property=\"og:description\" content=\"Ihre Privatsph\u00e4re ist uns wichtig. Daher verpflichten sich SIFCO ASC, eine Tochtergesellschaft der Quaker Chemical Corporation d\/b\/a Quaker Houghton, und ihre verbundenen Unternehmen, die Privatsph\u00e4re aller Besucher dieser Website (die \u201eWebsite\u201c) gem\u00e4\u00df den Beschreibungen in dieser Datenschutzerkl\u00e4rung ( die \u201eDatenschutzerkl\u00e4rung\u201c). Wir halten es f\u00fcr wichtig, dass Sie wissen, wie wir die Informationen verwenden und behandeln\" \/>\n<meta property=\"og:url\" content=\"https:\/\/www.sifcoasc.com\/de\/datenschutz-bestimmungen\" \/>\n<meta property=\"og:site_name\" content=\"SIFCO Applied Surface Concepts\" \/>\n<meta property=\"article:modified_time\" content=\"2023-01-31T08:55:05+00:00\" \/>\n<meta name=\"twitter:label1\" content=\"Est. reading time\" \/>\n\t<meta name=\"twitter:data1\" content=\"7 Minuten\" \/>\n<script type=\"application\/ld+json\" class=\"yoast-schema-graph\">{\"@context\":\"https:\\\/\\\/schema.org\",\"@graph\":[{\"@type\":\"WebPage\",\"@id\":\"https:\\\/\\\/www.sifcoasc.com\\\/de\\\/datenschutz-bestimmungen\",\"url\":\"https:\\\/\\\/www.sifcoasc.com\\\/de\\\/datenschutz-bestimmungen\",\"name\":\"Datenschutz-Bestimmungen - SIFCO Applied Surface Concepts\",\"isPartOf\":{\"@id\":\"https:\\\/\\\/www.sifcoasc.com\\\/de#website\"},\"datePublished\":\"2022-06-16T14:37:24+00:00\",\"dateModified\":\"2023-01-31T08:55:05+00:00\",\"description\":\"Ihre Privatsph\u00e4re ist uns wichtig. Daher verpflichten sich SIFCO ASC, eine Tochtergesellschaft der Quaker Chemical Corporation d\\\/b\\\/a Quaker Houghton, und ihre verbundenen Unternehmen, die Privatsph\u00e4re aller Besucher dieser Website (die \u201eWebsite\u201c) gem\u00e4\u00df den Beschreibungen in dieser Datenschutzerkl\u00e4rung ( die \u201eDatenschutzerkl\u00e4rung\u201c). Wir halten es f\u00fcr wichtig, dass Sie wissen, wie wir die Informationen verwenden und behandeln\",\"breadcrumb\":{\"@id\":\"https:\\\/\\\/www.sifcoasc.com\\\/de\\\/datenschutz-bestimmungen#breadcrumb\"},\"inLanguage\":\"de-DE\",\"potentialAction\":[{\"@type\":\"ReadAction\",\"target\":[\"https:\\\/\\\/www.sifcoasc.com\\\/de\\\/datenschutz-bestimmungen\"]}]},{\"@type\":\"BreadcrumbList\",\"@id\":\"https:\\\/\\\/www.sifcoasc.com\\\/de\\\/datenschutz-bestimmungen#breadcrumb\",\"itemListElement\":[{\"@type\":\"ListItem\",\"position\":1,\"name\":\"Home\",\"item\":\"https:\\\/\\\/www.sifcoasc.com\\\/de\"},{\"@type\":\"ListItem\",\"position\":2,\"name\":\"Datenschutz-Bestimmungen\"}]},{\"@type\":\"WebSite\",\"@id\":\"https:\\\/\\\/www.sifcoasc.com\\\/de#website\",\"url\":\"https:\\\/\\\/www.sifcoasc.com\\\/de\",\"name\":\"SIFCO Applied Surface Concepts\",\"description\":\"\",\"potentialAction\":[{\"@type\":\"SearchAction\",\"target\":{\"@type\":\"EntryPoint\",\"urlTemplate\":\"https:\\\/\\\/www.sifcoasc.com\\\/de?s={search_term_string}\"},\"query-input\":{\"@type\":\"PropertyValueSpecification\",\"valueRequired\":true,\"valueName\":\"search_term_string\"}}],\"inLanguage\":\"de-DE\"}]}<\/script>\n<!-- \/ Yoast SEO plugin. -->","yoast_head_json":{"title":"Datenschutz-Bestimmungen - SIFCO Applied Surface Concepts","description":"Ihre Privatsph\u00e4re ist uns wichtig. Daher verpflichten sich SIFCO ASC, eine Tochtergesellschaft der Quaker Chemical Corporation d\/b\/a Quaker Houghton, und ihre verbundenen Unternehmen, die Privatsph\u00e4re aller Besucher dieser Website (die \u201eWebsite\u201c) gem\u00e4\u00df den Beschreibungen in dieser Datenschutzerkl\u00e4rung ( die \u201eDatenschutzerkl\u00e4rung\u201c). Wir halten es f\u00fcr wichtig, dass Sie wissen, wie wir die Informationen verwenden und behandeln","robots":{"index":"index","follow":"follow","max-snippet":"max-snippet:-1","max-image-preview":"max-image-preview:large","max-video-preview":"max-video-preview:-1"},"canonical":"https:\/\/www.sifcoasc.com\/de\/datenschutz-bestimmungen","og_locale":"de_DE","og_type":"article","og_title":"Datenschutz-Bestimmungen - SIFCO Applied Surface Concepts","og_description":"Ihre Privatsph\u00e4re ist uns wichtig. Daher verpflichten sich SIFCO ASC, eine Tochtergesellschaft der Quaker Chemical Corporation d\/b\/a Quaker Houghton, und ihre verbundenen Unternehmen, die Privatsph\u00e4re aller Besucher dieser Website (die \u201eWebsite\u201c) gem\u00e4\u00df den Beschreibungen in dieser Datenschutzerkl\u00e4rung ( die \u201eDatenschutzerkl\u00e4rung\u201c). Wir halten es f\u00fcr wichtig, dass Sie wissen, wie wir die Informationen verwenden und behandeln","og_url":"https:\/\/www.sifcoasc.com\/de\/datenschutz-bestimmungen","og_site_name":"SIFCO Applied Surface Concepts","article_modified_time":"2023-01-31T08:55:05+00:00","twitter_misc":{"Est. reading time":"7 Minuten"},"schema":{"@context":"https:\/\/schema.org","@graph":[{"@type":"WebPage","@id":"https:\/\/www.sifcoasc.com\/de\/datenschutz-bestimmungen","url":"https:\/\/www.sifcoasc.com\/de\/datenschutz-bestimmungen","name":"Datenschutz-Bestimmungen - SIFCO Applied Surface Concepts","isPartOf":{"@id":"https:\/\/www.sifcoasc.com\/de#website"},"datePublished":"2022-06-16T14:37:24+00:00","dateModified":"2023-01-31T08:55:05+00:00","description":"Ihre Privatsph\u00e4re ist uns wichtig. Daher verpflichten sich SIFCO ASC, eine Tochtergesellschaft der Quaker Chemical Corporation d\/b\/a Quaker Houghton, und ihre verbundenen Unternehmen, die Privatsph\u00e4re aller Besucher dieser Website (die \u201eWebsite\u201c) gem\u00e4\u00df den Beschreibungen in dieser Datenschutzerkl\u00e4rung ( die \u201eDatenschutzerkl\u00e4rung\u201c). Wir halten es f\u00fcr wichtig, dass Sie wissen, wie wir die Informationen verwenden und behandeln","breadcrumb":{"@id":"https:\/\/www.sifcoasc.com\/de\/datenschutz-bestimmungen#breadcrumb"},"inLanguage":"de-DE","potentialAction":[{"@type":"ReadAction","target":["https:\/\/www.sifcoasc.com\/de\/datenschutz-bestimmungen"]}]},{"@type":"BreadcrumbList","@id":"https:\/\/www.sifcoasc.com\/de\/datenschutz-bestimmungen#breadcrumb","itemListElement":[{"@type":"ListItem","position":1,"name":"Home","item":"https:\/\/www.sifcoasc.com\/de"},{"@type":"ListItem","position":2,"name":"Datenschutz-Bestimmungen"}]},{"@type":"WebSite","@id":"https:\/\/www.sifcoasc.com\/de#website","url":"https:\/\/www.sifcoasc.com\/de","name":"SIFCO Applied Surface Concepts","description":"","potentialAction":[{"@type":"SearchAction","target":{"@type":"EntryPoint","urlTemplate":"https:\/\/www.sifcoasc.com\/de?s={search_term_string}"},"query-input":{"@type":"PropertyValueSpecification","valueRequired":true,"valueName":"search_term_string"}}],"inLanguage":"de-DE"}]}},"featured_image_src":null,"featured_image_src_square":null,"_links":{"self":[{"href":"https:\/\/www.sifcoasc.com\/de\/wp-json\/wp\/v2\/pages\/7331","targetHints":{"allow":["GET"]}}],"collection":[{"href":"https:\/\/www.sifcoasc.com\/de\/wp-json\/wp\/v2\/pages"}],"about":[{"href":"https:\/\/www.sifcoasc.com\/de\/wp-json\/wp\/v2\/types\/page"}],"author":[{"embeddable":true,"href":"https:\/\/www.sifcoasc.com\/de\/wp-json\/wp\/v2\/users\/103"}],"replies":[{"embeddable":true,"href":"https:\/\/www.sifcoasc.com\/de\/wp-json\/wp\/v2\/comments?post=7331"}],"version-history":[{"count":0,"href":"https:\/\/www.sifcoasc.com\/de\/wp-json\/wp\/v2\/pages\/7331\/revisions"}],"wp:attachment":[{"href":"https:\/\/www.sifcoasc.com\/de\/wp-json\/wp\/v2\/media?parent=7331"}],"curies":[{"name":"wp","href":"https:\/\/api.w.org\/{rel}","templated":true}]}}