{"id":9527,"date":"2022-07-05T08:10:13","date_gmt":"2022-07-05T08:10:13","guid":{"rendered":"https:\/\/www.sifcoasc.com\/vernickeln\/"},"modified":"2022-08-18T09:46:25","modified_gmt":"2022-08-18T09:46:25","slug":"vernickeln","status":"publish","type":"page","link":"https:\/\/www.sifcoasc.com\/de\/vernickeln","title":{"rendered":"Vernickeln"},"content":{"rendered":"<div style=\"float: right;\"><iframe title=\"B\u00fcrstenplattieren Nickel Demonstration  \" src=\"https:\/\/www.youtube.com\/embed\/81JQOon5X4M\" width=\"560\" height=\"315\" frameborder=\"0\" allowfullscreen=\"allowfullscreen\"><\/iframe><\/div>\n<p class=\"emph\">Wir bieten zahlreiche L\u00f6sungen aus reinen Metallen und Legierungen an, die auf praktisch alle g\u00e4ngigen Metalle und Legierungen, die heute in der Industrie verwendet werden, galvanisch aufgebracht werden k\u00f6nnen, einschlie\u00dflich Vernickelung und Verkupferung.<\/p>\n<h2>Was ist selektive Beschichtung?<\/h2>\n<p>Das SIFCO-Verfahren\u00ae ist ein selektives, b\u00fcrstengest\u00fctztes Verfahren zum Aufbringen von Metallschichten auf \u00f6rtlich begrenzte Bereiche ohne Verwendung eines Tauchbeckens. Das portabel Verfahren erm\u00f6glicht es Ihnen, station\u00e4re Teile zu beschichten, die entweder schwer zu bewegen oder zu demontieren sind.<\/p>\n<p><strong>Schauen Sie sich unser Video an, in dem wir Ihnen eine Demonstration des B\u00fcrstenbeschichtens mit Nickel zeigen.<\/strong><\/p>\n","protected":false},"excerpt":{"rendered":"<p>Wir bieten zahlreiche L\u00f6sungen aus reinen Metallen und Legierungen an, die auf praktisch alle g\u00e4ngigen Metalle und Legierungen, die heute in der Industrie verwendet werden, galvanisch aufgebracht werden k\u00f6nnen, einschlie\u00dflich Vernickelung und Verkupferung. Was ist selektive Beschichtung? Das SIFCO-Verfahren\u00ae ist ein selektives, b\u00fcrstengest\u00fctztes Verfahren zum Aufbringen von Metallschichten auf \u00f6rtlich begrenzte Bereiche ohne Verwendung eines [&hellip;]<\/p>\n","protected":false},"author":18,"featured_media":0,"parent":0,"menu_order":0,"comment_status":"closed","ping_status":"closed","template":"","meta":{"_acf_changed":false,"inline_featured_image":false,"footnotes":""},"class_list":["post-9527","page","type-page","status-publish","hentry"],"acf":[],"yoast_head":"<!-- This site is optimized with the Yoast SEO plugin v27.3 - https:\/\/yoast.com\/product\/yoast-seo-wordpress\/ -->\n<title>Vernickeln - SIFCO Applied Surface Concepts<\/title>\n<meta name=\"description\" content=\"Wir bieten zahlreiche L\u00f6sungen aus reinen Metallen und Legierungen an, die auf alle g\u00e4ngigen Metalle und Legierungen galvanisch aufgebracht werden k\u00f6nnen, einschlie\u00dflich Vernickelung.\" \/>\n<meta name=\"robots\" content=\"index, follow, max-snippet:-1, max-image-preview:large, max-video-preview:-1\" \/>\n<link rel=\"canonical\" href=\"https:\/\/www.sifcoasc.com\/de\/vernickeln\" \/>\n<meta property=\"og:locale\" content=\"de_DE\" \/>\n<meta property=\"og:type\" content=\"article\" \/>\n<meta property=\"og:title\" content=\"Vernickeln - SIFCO Applied Surface Concepts\" \/>\n<meta property=\"og:description\" content=\"Wir bieten zahlreiche L\u00f6sungen aus reinen Metallen und Legierungen an, die auf alle g\u00e4ngigen Metalle und Legierungen galvanisch aufgebracht werden k\u00f6nnen, einschlie\u00dflich Vernickelung.\" \/>\n<meta property=\"og:url\" content=\"https:\/\/www.sifcoasc.com\/de\/vernickeln\" \/>\n<meta property=\"og:site_name\" content=\"SIFCO Applied Surface Concepts\" \/>\n<meta property=\"article:modified_time\" content=\"2022-08-18T09:46:25+00:00\" \/>\n<meta name=\"twitter:label1\" content=\"Est. reading time\" \/>\n\t<meta name=\"twitter:data1\" content=\"1 Minute\" \/>\n<script type=\"application\/ld+json\" class=\"yoast-schema-graph\">{\"@context\":\"https:\\\/\\\/schema.org\",\"@graph\":[{\"@type\":\"WebPage\",\"@id\":\"https:\\\/\\\/www.sifcoasc.com\\\/de\\\/vernickeln\",\"url\":\"https:\\\/\\\/www.sifcoasc.com\\\/de\\\/vernickeln\",\"name\":\"Vernickeln - SIFCO Applied Surface Concepts\",\"isPartOf\":{\"@id\":\"https:\\\/\\\/www.sifcoasc.com\\\/de#website\"},\"datePublished\":\"2022-07-05T08:10:13+00:00\",\"dateModified\":\"2022-08-18T09:46:25+00:00\",\"description\":\"Wir bieten zahlreiche L\u00f6sungen aus reinen Metallen und Legierungen an, die auf alle g\u00e4ngigen Metalle und Legierungen galvanisch aufgebracht werden k\u00f6nnen, einschlie\u00dflich Vernickelung.\",\"breadcrumb\":{\"@id\":\"https:\\\/\\\/www.sifcoasc.com\\\/de\\\/vernickeln#breadcrumb\"},\"inLanguage\":\"de-DE\",\"potentialAction\":[{\"@type\":\"ReadAction\",\"target\":[\"https:\\\/\\\/www.sifcoasc.com\\\/de\\\/vernickeln\"]}]},{\"@type\":\"BreadcrumbList\",\"@id\":\"https:\\\/\\\/www.sifcoasc.com\\\/de\\\/vernickeln#breadcrumb\",\"itemListElement\":[{\"@type\":\"ListItem\",\"position\":1,\"name\":\"Home\",\"item\":\"https:\\\/\\\/www.sifcoasc.com\\\/de\"},{\"@type\":\"ListItem\",\"position\":2,\"name\":\"Vernickeln\"}]},{\"@type\":\"WebSite\",\"@id\":\"https:\\\/\\\/www.sifcoasc.com\\\/de#website\",\"url\":\"https:\\\/\\\/www.sifcoasc.com\\\/de\",\"name\":\"SIFCO Applied Surface Concepts\",\"description\":\"\",\"potentialAction\":[{\"@type\":\"SearchAction\",\"target\":{\"@type\":\"EntryPoint\",\"urlTemplate\":\"https:\\\/\\\/www.sifcoasc.com\\\/de?s={search_term_string}\"},\"query-input\":{\"@type\":\"PropertyValueSpecification\",\"valueRequired\":true,\"valueName\":\"search_term_string\"}}],\"inLanguage\":\"de-DE\"}]}<\/script>\n<!-- \/ Yoast SEO plugin. -->","yoast_head_json":{"title":"Vernickeln - SIFCO Applied Surface Concepts","description":"Wir bieten zahlreiche L\u00f6sungen aus reinen Metallen und Legierungen an, die auf alle g\u00e4ngigen Metalle und Legierungen galvanisch aufgebracht werden k\u00f6nnen, einschlie\u00dflich Vernickelung.","robots":{"index":"index","follow":"follow","max-snippet":"max-snippet:-1","max-image-preview":"max-image-preview:large","max-video-preview":"max-video-preview:-1"},"canonical":"https:\/\/www.sifcoasc.com\/de\/vernickeln","og_locale":"de_DE","og_type":"article","og_title":"Vernickeln - SIFCO Applied Surface Concepts","og_description":"Wir bieten zahlreiche L\u00f6sungen aus reinen Metallen und Legierungen an, die auf alle g\u00e4ngigen Metalle und Legierungen galvanisch aufgebracht werden k\u00f6nnen, einschlie\u00dflich Vernickelung.","og_url":"https:\/\/www.sifcoasc.com\/de\/vernickeln","og_site_name":"SIFCO Applied Surface Concepts","article_modified_time":"2022-08-18T09:46:25+00:00","twitter_misc":{"Est. reading time":"1 Minute"},"schema":{"@context":"https:\/\/schema.org","@graph":[{"@type":"WebPage","@id":"https:\/\/www.sifcoasc.com\/de\/vernickeln","url":"https:\/\/www.sifcoasc.com\/de\/vernickeln","name":"Vernickeln - SIFCO Applied Surface Concepts","isPartOf":{"@id":"https:\/\/www.sifcoasc.com\/de#website"},"datePublished":"2022-07-05T08:10:13+00:00","dateModified":"2022-08-18T09:46:25+00:00","description":"Wir bieten zahlreiche L\u00f6sungen aus reinen Metallen und Legierungen an, die auf alle g\u00e4ngigen Metalle und Legierungen galvanisch aufgebracht werden k\u00f6nnen, einschlie\u00dflich Vernickelung.","breadcrumb":{"@id":"https:\/\/www.sifcoasc.com\/de\/vernickeln#breadcrumb"},"inLanguage":"de-DE","potentialAction":[{"@type":"ReadAction","target":["https:\/\/www.sifcoasc.com\/de\/vernickeln"]}]},{"@type":"BreadcrumbList","@id":"https:\/\/www.sifcoasc.com\/de\/vernickeln#breadcrumb","itemListElement":[{"@type":"ListItem","position":1,"name":"Home","item":"https:\/\/www.sifcoasc.com\/de"},{"@type":"ListItem","position":2,"name":"Vernickeln"}]},{"@type":"WebSite","@id":"https:\/\/www.sifcoasc.com\/de#website","url":"https:\/\/www.sifcoasc.com\/de","name":"SIFCO Applied Surface Concepts","description":"","potentialAction":[{"@type":"SearchAction","target":{"@type":"EntryPoint","urlTemplate":"https:\/\/www.sifcoasc.com\/de?s={search_term_string}"},"query-input":{"@type":"PropertyValueSpecification","valueRequired":true,"valueName":"search_term_string"}}],"inLanguage":"de-DE"}]}},"featured_image_src":null,"featured_image_src_square":null,"_links":{"self":[{"href":"https:\/\/www.sifcoasc.com\/de\/wp-json\/wp\/v2\/pages\/9527","targetHints":{"allow":["GET"]}}],"collection":[{"href":"https:\/\/www.sifcoasc.com\/de\/wp-json\/wp\/v2\/pages"}],"about":[{"href":"https:\/\/www.sifcoasc.com\/de\/wp-json\/wp\/v2\/types\/page"}],"author":[{"embeddable":true,"href":"https:\/\/www.sifcoasc.com\/de\/wp-json\/wp\/v2\/users\/18"}],"replies":[{"embeddable":true,"href":"https:\/\/www.sifcoasc.com\/de\/wp-json\/wp\/v2\/comments?post=9527"}],"version-history":[{"count":0,"href":"https:\/\/www.sifcoasc.com\/de\/wp-json\/wp\/v2\/pages\/9527\/revisions"}],"wp:attachment":[{"href":"https:\/\/www.sifcoasc.com\/de\/wp-json\/wp\/v2\/media?parent=9527"}],"curies":[{"name":"wp","href":"https:\/\/api.w.org\/{rel}","templated":true}]}}