{"id":9536,"date":"2022-07-05T08:12:51","date_gmt":"2022-07-05T08:12:51","guid":{"rendered":"https:\/\/www.sifcoasc.com\/uber-sifco-asc\/"},"modified":"2023-02-07T12:20:46","modified_gmt":"2023-02-07T12:20:46","slug":"uber-sifco-asc","status":"publish","type":"page","link":"https:\/\/www.sifcoasc.com\/de\/uber-sifco-asc","title":{"rendered":"\u00dcber SIFCO ASC"},"content":{"rendered":"<h2>\u00dcber uns<\/h2>\n<p class=\"emph\">SIFCO Applied Surface Concepts (ASC) bietet seit \u00fcber 50 Jahren selektive Galvanik- und Eloxaldienstleistungen, chemische L\u00f6sungen und Anlagen an.<\/p>\n<p><strong>Als anerkannter Weltmarktf\u00fchrer helfen wir unseren Kunden, ihre Anforderungen an selektive Beschichtungen zu erf\u00fcllen. SIFCO ASC verf\u00fcgt \u00fcber mehrere strategisch g\u00fcnstig gelegene Einrichtungen, die technische Ressourcen w\u00e4hrend des gesamten Lebenszyklus Ihrer Produkte bereitstellen k\u00f6nnen:<\/strong><\/p>\n<ul>\n<li>In der Konzept- und Konstruktionsphase bieten wir F&amp;E- und Engineering-Know-how, um eine L\u00f6sung f\u00fcr Ihre Anwendung zu entwickeln.<\/li>\n<li>In der Produktionsphase kann unser technisches Unterst\u00fctzungsteam aus Beratern und Vertragsservicetechnikern das Fachwissen und die Arbeitskraft zur Verf\u00fcgung stellen, um auch die anspruchsvollsten Anwendungen auszuf\u00fchren.<\/li>\n<li>Unsere Beschaffungs- und Logistikteams sorgen daf\u00fcr, dass L\u00f6sungen, Verbrauchsmaterialien und Ausr\u00fcstung jederzeit und \u00fcberall verf\u00fcgbar sind.<\/li>\n<li>Unsere Vertriebsmitarbeiter und Techniker unterst\u00fctzen Sie w\u00e4hrend des gesamten Prozesses.<\/li>\n<\/ul>\n<p>SIFCO ASC arbeitet eng mit globalen Partnern zusammen, um weltweit den Zugang zu denselben Qualit\u00e4tsprodukten und Dienstleistungen zu gew\u00e4hrleisten.<\/p>\n","protected":false},"excerpt":{"rendered":"<p>\u00dcber uns SIFCO Applied Surface Concepts (ASC) bietet seit \u00fcber 50 Jahren selektive Galvanik- und Eloxaldienstleistungen, chemische L\u00f6sungen und Anlagen an. Als anerkannter Weltmarktf\u00fchrer helfen wir unseren Kunden, ihre Anforderungen an selektive Beschichtungen zu erf\u00fcllen. SIFCO ASC verf\u00fcgt \u00fcber mehrere strategisch g\u00fcnstig gelegene Einrichtungen, die technische Ressourcen w\u00e4hrend des gesamten Lebenszyklus Ihrer Produkte bereitstellen k\u00f6nnen: [&hellip;]<\/p>\n","protected":false},"author":18,"featured_media":0,"parent":0,"menu_order":0,"comment_status":"closed","ping_status":"closed","template":"","meta":{"_acf_changed":false,"inline_featured_image":false,"footnotes":""},"class_list":["post-9536","page","type-page","status-publish","hentry"],"acf":[],"yoast_head":"<!-- This site is optimized with the Yoast SEO plugin v27.4 - https:\/\/yoast.com\/product\/yoast-seo-wordpress\/ -->\n<title>\u00dcber uns | Selektive Beschichtungsspezialisten | SIFCO ASC<\/title>\n<meta name=\"description\" content=\"SIFCO ASC ist als weltweit f\u00fchrender Anbieter von selektiven B\u00fcrstenbeschichtungs- und Eloxierdienstleistungen, chemischen L\u00f6sungen und Anlagen anerkannt.\" \/>\n<meta name=\"robots\" content=\"index, follow, max-snippet:-1, max-image-preview:large, max-video-preview:-1\" \/>\n<link rel=\"canonical\" href=\"https:\/\/www.sifcoasc.com\/de\/uber-sifco-asc\" \/>\n<meta property=\"og:locale\" content=\"de_DE\" \/>\n<meta property=\"og:type\" content=\"article\" \/>\n<meta property=\"og:title\" content=\"\u00dcber uns | Selektive Beschichtungsspezialisten | SIFCO ASC\" \/>\n<meta property=\"og:description\" content=\"SIFCO ASC ist als weltweit f\u00fchrender Anbieter von selektiven B\u00fcrstenbeschichtungs- und Eloxierdienstleistungen, chemischen L\u00f6sungen und Anlagen anerkannt.\" \/>\n<meta property=\"og:url\" content=\"https:\/\/www.sifcoasc.com\/de\/uber-sifco-asc\" \/>\n<meta property=\"og:site_name\" content=\"SIFCO Applied Surface Concepts\" \/>\n<meta property=\"article:modified_time\" content=\"2023-02-07T12:20:46+00:00\" \/>\n<meta name=\"twitter:label1\" content=\"Est. reading time\" \/>\n\t<meta name=\"twitter:data1\" content=\"1 Minute\" \/>\n<script type=\"application\/ld+json\" class=\"yoast-schema-graph\">{\"@context\":\"https:\\\/\\\/schema.org\",\"@graph\":[{\"@type\":\"WebPage\",\"@id\":\"https:\\\/\\\/www.sifcoasc.com\\\/de\\\/uber-sifco-asc\",\"url\":\"https:\\\/\\\/www.sifcoasc.com\\\/de\\\/uber-sifco-asc\",\"name\":\"\u00dcber uns | Selektive Beschichtungsspezialisten | SIFCO ASC\",\"isPartOf\":{\"@id\":\"https:\\\/\\\/www.sifcoasc.com\\\/de#website\"},\"datePublished\":\"2022-07-05T08:12:51+00:00\",\"dateModified\":\"2023-02-07T12:20:46+00:00\",\"description\":\"SIFCO ASC ist als weltweit f\u00fchrender Anbieter von selektiven B\u00fcrstenbeschichtungs- und Eloxierdienstleistungen, chemischen L\u00f6sungen und Anlagen anerkannt.\",\"breadcrumb\":{\"@id\":\"https:\\\/\\\/www.sifcoasc.com\\\/de\\\/uber-sifco-asc#breadcrumb\"},\"inLanguage\":\"de-DE\",\"potentialAction\":[{\"@type\":\"ReadAction\",\"target\":[\"https:\\\/\\\/www.sifcoasc.com\\\/de\\\/uber-sifco-asc\"]}]},{\"@type\":\"BreadcrumbList\",\"@id\":\"https:\\\/\\\/www.sifcoasc.com\\\/de\\\/uber-sifco-asc#breadcrumb\",\"itemListElement\":[{\"@type\":\"ListItem\",\"position\":1,\"name\":\"Home\",\"item\":\"https:\\\/\\\/www.sifcoasc.com\\\/de\"},{\"@type\":\"ListItem\",\"position\":2,\"name\":\"\u00dcber SIFCO ASC\"}]},{\"@type\":\"WebSite\",\"@id\":\"https:\\\/\\\/www.sifcoasc.com\\\/de#website\",\"url\":\"https:\\\/\\\/www.sifcoasc.com\\\/de\",\"name\":\"SIFCO Applied Surface Concepts\",\"description\":\"\",\"potentialAction\":[{\"@type\":\"SearchAction\",\"target\":{\"@type\":\"EntryPoint\",\"urlTemplate\":\"https:\\\/\\\/www.sifcoasc.com\\\/de?s={search_term_string}\"},\"query-input\":{\"@type\":\"PropertyValueSpecification\",\"valueRequired\":true,\"valueName\":\"search_term_string\"}}],\"inLanguage\":\"de-DE\"}]}<\/script>\n<!-- \/ Yoast SEO plugin. -->","yoast_head_json":{"title":"\u00dcber uns | Selektive Beschichtungsspezialisten | SIFCO ASC","description":"SIFCO ASC ist als weltweit f\u00fchrender Anbieter von selektiven B\u00fcrstenbeschichtungs- und Eloxierdienstleistungen, chemischen L\u00f6sungen und Anlagen anerkannt.","robots":{"index":"index","follow":"follow","max-snippet":"max-snippet:-1","max-image-preview":"max-image-preview:large","max-video-preview":"max-video-preview:-1"},"canonical":"https:\/\/www.sifcoasc.com\/de\/uber-sifco-asc","og_locale":"de_DE","og_type":"article","og_title":"\u00dcber uns | Selektive Beschichtungsspezialisten | SIFCO ASC","og_description":"SIFCO ASC ist als weltweit f\u00fchrender Anbieter von selektiven B\u00fcrstenbeschichtungs- und Eloxierdienstleistungen, chemischen L\u00f6sungen und Anlagen anerkannt.","og_url":"https:\/\/www.sifcoasc.com\/de\/uber-sifco-asc","og_site_name":"SIFCO Applied Surface Concepts","article_modified_time":"2023-02-07T12:20:46+00:00","twitter_misc":{"Est. reading time":"1 Minute"},"schema":{"@context":"https:\/\/schema.org","@graph":[{"@type":"WebPage","@id":"https:\/\/www.sifcoasc.com\/de\/uber-sifco-asc","url":"https:\/\/www.sifcoasc.com\/de\/uber-sifco-asc","name":"\u00dcber uns | Selektive Beschichtungsspezialisten | SIFCO ASC","isPartOf":{"@id":"https:\/\/www.sifcoasc.com\/de#website"},"datePublished":"2022-07-05T08:12:51+00:00","dateModified":"2023-02-07T12:20:46+00:00","description":"SIFCO ASC ist als weltweit f\u00fchrender Anbieter von selektiven B\u00fcrstenbeschichtungs- und Eloxierdienstleistungen, chemischen L\u00f6sungen und Anlagen anerkannt.","breadcrumb":{"@id":"https:\/\/www.sifcoasc.com\/de\/uber-sifco-asc#breadcrumb"},"inLanguage":"de-DE","potentialAction":[{"@type":"ReadAction","target":["https:\/\/www.sifcoasc.com\/de\/uber-sifco-asc"]}]},{"@type":"BreadcrumbList","@id":"https:\/\/www.sifcoasc.com\/de\/uber-sifco-asc#breadcrumb","itemListElement":[{"@type":"ListItem","position":1,"name":"Home","item":"https:\/\/www.sifcoasc.com\/de"},{"@type":"ListItem","position":2,"name":"\u00dcber SIFCO ASC"}]},{"@type":"WebSite","@id":"https:\/\/www.sifcoasc.com\/de#website","url":"https:\/\/www.sifcoasc.com\/de","name":"SIFCO Applied Surface Concepts","description":"","potentialAction":[{"@type":"SearchAction","target":{"@type":"EntryPoint","urlTemplate":"https:\/\/www.sifcoasc.com\/de?s={search_term_string}"},"query-input":{"@type":"PropertyValueSpecification","valueRequired":true,"valueName":"search_term_string"}}],"inLanguage":"de-DE"}]}},"featured_image_src":null,"featured_image_src_square":null,"_links":{"self":[{"href":"https:\/\/www.sifcoasc.com\/de\/wp-json\/wp\/v2\/pages\/9536","targetHints":{"allow":["GET"]}}],"collection":[{"href":"https:\/\/www.sifcoasc.com\/de\/wp-json\/wp\/v2\/pages"}],"about":[{"href":"https:\/\/www.sifcoasc.com\/de\/wp-json\/wp\/v2\/types\/page"}],"author":[{"embeddable":true,"href":"https:\/\/www.sifcoasc.com\/de\/wp-json\/wp\/v2\/users\/18"}],"replies":[{"embeddable":true,"href":"https:\/\/www.sifcoasc.com\/de\/wp-json\/wp\/v2\/comments?post=9536"}],"version-history":[{"count":0,"href":"https:\/\/www.sifcoasc.com\/de\/wp-json\/wp\/v2\/pages\/9536\/revisions"}],"wp:attachment":[{"href":"https:\/\/www.sifcoasc.com\/de\/wp-json\/wp\/v2\/media?parent=9536"}],"curies":[{"name":"wp","href":"https:\/\/api.w.org\/{rel}","templated":true}]}}