{"id":9648,"date":"2022-07-14T15:28:44","date_gmt":"2022-07-14T15:28:44","guid":{"rendered":"https:\/\/www.sifcoasc.com\/ehs-nachhaltigkeit\/"},"modified":"2022-08-18T06:46:04","modified_gmt":"2022-08-18T06:46:04","slug":"ehs-nachhaltigkeit","status":"publish","type":"page","link":"https:\/\/www.sifcoasc.com\/de\/ehs-nachhaltigkeit","title":{"rendered":"EHS &amp; Nachhaltigkeit"},"content":{"rendered":"<h2><strong>EHS &amp; Nachhaltigkeit<\/strong><\/h2>\n<p>Der Einsatz von SIFCO Process\u00ae erm\u00f6glicht es Unternehmen, die meisten industriellen Anforderungen zu erf\u00fcllen oder zu \u00fcbertreffen und gleichzeitig die Umweltvorschriften einzuhalten. Unser Verfahren wurde speziell entwickelt, um m\u00f6glichst geringe Mengen an Materialien zu verwenden, um die Sicherheit der Mitarbeiter zu gew\u00e4hrleisten und die Abfallentsorgung zu erleichtern.<\/p>\n<div class=\"right-image\"><img loading=\"lazy\" decoding=\"async\" width=\"135\" height=\"165\" class=\"alignnone size-full wp-image-1864\" title=\"EMS &amp; Nachhaltigkeit  \" src=\"\/wp-content\/uploads\/SQA-ISO14001-2015-135x165-1.jpg\" alt=\"EMS &amp; Nachhaltigkeit  \"><\/div>\n<p>SIFCO ASC unterh\u00e4lt auf freiwilliger Basis ein <a href=\"\/de\/qualitaet-akkreditierungen\/\">Qualit\u00e4ts- und Umweltmanagementsystem<\/a> (EMS) nach ISO 14001:2015. ISO 14001:2015 ist die internationale Norm, die die Anforderungen an ein wirksames Umweltmanagementsystem festlegt. Anstatt Leistungsanforderungen zu stellen, bietet die ISO 14001:2015 lediglich einen Rahmen, den eine Organisation befolgen kann und der den gesamten Lebenszyklus unserer Produkte und nicht nur deren Produktion umfasst. Durch die Verbesserung unserer Ressourceneffizienz werden wir also Abfall und Kosten reduzieren.<\/p>\n<p>Die Aufrechterhaltung unseres EMS hilft SIFCO ASC, die Auswirkungen unserer T\u00e4tigkeiten auf die Umwelt zu minimieren, die staatlichen Vorschriften und Anforderungen einzuhalten und sich kontinuierlich zu verbessern, um unsere Zertifizierung aufrechtzuerhalten.<\/p>\n<p>Bis heute \u00fcberwacht SIFCO ASC das Folgende:<\/p>\n<ul>\n<li>Elektrischer Verbrauch<\/li>\n<li>Erzeugte gef\u00e4hrliche Abf\u00e4lle<\/li>\n<li>Verwendung der Flasche<\/li>\n<li>Verwendung von Papier<\/li>\n<\/ul>\n<h2>Umweltvertr\u00e4gliche L\u00f6sungen<\/h2>\n<p>Die anspruchsvollen Anwendungen von heute erfordern ausgereifte und bew\u00e4hrte Lagerst\u00e4tten, die sowohl f\u00fcr den Betreiber als auch f\u00fcr die Umwelt m\u00f6glichst risikoarm sind. Je nach Ihren Anforderungen an die Beschichtung hat SIFCO ASC Cadmium-Alternativen entwickelt, um Ihre Anwendungsanforderungen zu erf\u00fcllen.<\/p>\n<ul>\n<li>Zink-Nickel LHE\u00ae<\/li>\n<li>Zinn-Zink<\/li>\n<\/ul>\n<p>Zink-Nickel LHE\u00ae und Zinn-Zink sind weniger toxische Alternativen zu Cadmium, die zur Reparatur von Cadmium, Zink-Nickel, Zinn-Zink und IVD-Aluminium auf hochfesten St\u00e4hlen verwendet werden k\u00f6nnen. Beide Abscheidungen bieten einen ausgezeichneten Korrosionsschutz, weisen eine geringe Wasserstoffverspr\u00f6dung auf und erfordern kein Ausheizen nach der Beschichtung, um eine Wasserstoffverspr\u00f6dung zu verhindern.<\/p>\n<p>Zink-Nickel LHE\u00ae und Zinn-Zink wurden bereits von der Kommission genehmigt:<\/p>\n<ul>\n<li>Boeing<\/li>\n<li>Messier-Bugatti-Dowty<\/li>\n<li>Ratier-Figeac<\/li>\n<li>Turbomeca<\/li>\n<li>NASA<\/li>\n<li>und mehr<\/li>\n<\/ul>\n<p><strong><br \/>\nChrom-Alternativen<\/strong><br \/>\nDie Chrom-Alternativen von SIFCO ASC sind die perfekten umweltfreundlichen B\u00fcrstenbeschichtungen f\u00fcr Reparatur- und OEM-Anwendungen, die eine besonders harte Beschichtung erfordern. Abh\u00e4ngig von Ihren Anforderungen an die Beschichtung hat SIFCO ASC eine Vielzahl von Beschichtungen entwickelt, die Ihren Anwendungsanforderungen entsprechen:<\/p>\n<ul>\n<li>AeroShield\u00ae 4015<\/li>\n<li>AeroNikl\u00ae 575 7280\/5727<\/li>\n<li>Kobalt-Nickel Halbgl\u00e4nzend 5720<\/li>\n<li>Nickel High-Speed 2803<\/li>\n<li>Nickel-Wolfram 5711<\/li>\n<\/ul>\n<p>Diese Abscheidungenen wurden f\u00fcr die Luft- und Raumfahrt, die Automobilindustrie, die \u00d6l- und Gasindustrie und alle anderen Branchen entwickelt, in denen Oberfl\u00e4chenh\u00e4rte, Verschlei\u00dffestigkeit und Reibungskoeffizient entscheidend sind. Die Chrom-Alternativen von SIFCO ASC werden f\u00fcr eine Vielzahl von Anwendungen eingesetzt, wie z. B. f\u00fcr hohe Aufbauten, die Gr\u00f6\u00dfen\u00e4nderung von Verschlei\u00df- und Korrosionsteilen und die Bergung.<\/p>\n<p><strong>Cyanid-freie L\u00f6sungen<\/strong><br \/>\nZyanid ist eine chemische Verbindung, die von Natur aus giftig ist. Beschichtungsl\u00f6sungen, die Zyanidionen enthalten, sind \u00e4tzend f\u00fcr Haut und Augen und k\u00f6nnen beim Verschlucken t\u00f6dlich sein. Wenn Cyanid-Ionen mit einer S\u00e4ure in Ber\u00fchrung kommen, enth\u00e4lt die Luft im Beschichtungsbereich hohe Mengen an Cyanwasserstoffgas. Um den Anforderungen der Kunden an die Gesundheit und Sicherheit der Techniker gerecht zu werden, hat SIFCO ASC Beschichtungsl\u00f6sungen ohne Cyanid entwickelt, die die gleichen Haftungs- und Abscheidungenseigenschaften aufweisen.<\/p>\n<ul>\n<li>Gold Nicht-Cyanid 5355<\/li>\n<li>Silber Nicht-Cyanid 3084\/5870<\/li>\n<li>Silberproduktion ohne Cyanid 5871<\/li>\n<\/ul>\n<p>Mit dem SIFCO Process\u00ae ist auch bei der Beschichtung von nitrierten Oberfl\u00e4chen kein Cyanidstreifen erforderlich, stattdessen \u00e4tzt der Techniker die wei\u00dfe Schicht mit einer w\u00e4ssrigen Vorbereitungsl\u00f6sung ab. Cyanidfreie Vorbereitungsverfahren wurden auch f\u00fcr die Beschichtung von Aluminium entwickelt, um eine hochwertige Abscheidung und gute Haftung zu gew\u00e4hrleisten.<\/p>\n<p><strong>Bors\u00e4urefreie Nickell\u00f6sungen<\/strong><\/p>\n<p>Vor \u00fcber zehn Jahren wurde Bors\u00e4ure aufgrund ihrer Reproduktionstoxizit\u00e4t in die Liste der besonders besorgniserregenden Stoffe (SVHC) unter REACH aufgenommen. Von unserem Katalog mit \u00fcber 100 L\u00f6sungen f\u00fcr B\u00fcrstenbeschichtungen und Legierungen enthalten nur 13 Bors\u00e4ure.<\/p>\n<p>Aber um zu verstehen, warum es so wichtig ist, eine gro\u00dfe Anzahl von bors\u00e4urefreien L\u00f6sungen zu haben, muss man die Rolle der Bors\u00e4ure bei der Beschichtung verstehen. Bors\u00e4ure hat mehrere Funktionen, darunter die Kontrolle der inneren Spannungen, die Stabilisierung des pH-Werts, die Aufrechterhaltung einer guten Lagerst\u00e4ttenqualit\u00e4t und die Erm\u00f6glichung des Einsatzes von Additiven zur Kornfeinung. Die L\u00f6sungen von SIFCO ASC haben diese Eigenschaften mit umweltfreundlichen, wasserbasierten L\u00f6sungen ohne den Einsatz von Bors\u00e4ure erreicht.<\/p>\n<p>Gro\u00dfe Prime-Kunden arbeiten hart daran, neue SVHC zu antizipieren. Wenn es um neue Beschichtungen geht, die als Reparatur- oder OEM-Verfahren spezifiziert werden sollen, versuchen viele Unternehmen, Verfahren zu entwickeln, die \u00fcberall auf der Welt eingesetzt werden k\u00f6nnen und so wenig Einschr\u00e4nkungen wie m\u00f6glich mit sich bringen. Unsere am h\u00e4ufigsten verwendeten bors\u00e4urefreien Nickell\u00f6sungen sind:<\/p>\n<ul>\n<li>Nickel-S\u00e4ure 2080\/5600<\/li>\n<li>Nickel-S\u00e4ure 2807<\/li>\n<li>Nickel Duktil 2086<\/li>\n<li>Nickel Duktil 2088<\/li>\n<\/ul>\n<p>Dar\u00fcber hinaus liefert das SIFCO-Verfahren\u00ae der selektiven Galvanotechnik hervorragende galvanische Abscheidungen und Eloxalschichten mit minimalem Abfall. Der Einsatz des SIFCO Process\u00ae erm\u00f6glicht es Unternehmen, die meisten industriellen Anforderungen zu erf\u00fcllen oder zu \u00fcbertreffen und gleichzeitig die Umweltvorschriften einzuhalten.<\/p>\n<p>Es steht au\u00dfer Frage, dass sich die Durchsetzung von Umweltvorschriften heute deutlich von der Situation vor Jahren unterscheidet. Allein die Terminologie kann verwirrend sein, bis man sie gelernt und verstanden hat. SIFCO ASC verf\u00fcgt \u00fcber eine gr\u00fcndliche Kenntnis der Vorschriften, die haupts\u00e4chlich von OSHA und EPA erlassen werden. Unsere Abteilung f\u00fcr Umweltdienste hat die Aufgabe, sich \u00fcber die geltenden Umweltvorschriften auf dem Laufenden zu halten und unsere Mitarbeiter und Kunden zu unterst\u00fctzen. Diese umweltfreundlichen Dienstleistungen stehen allen SIFCO Process\u00ae-Kunden zur Verf\u00fcgung. Rufen Sie die Zentrale von SIFCO Applied Surface Concepts unter 800-765-4131 an.<\/p>\n<section class=\"rows-of-2\" style=\"background-color: transparent;\">\n<div>\n<h2>Verwandte Ressourcen<\/h2>\n<p>SIFCO Applied Surface Concepts ist Ihre wichtige Ressource f\u00fcr die Veredelung, Reparatur oder Aufarbeitung kritischer Komponenten durch selektive Galvanik. Das SIFCO-Verfahren\u00ae ist die f\u00fchrende Methode f\u00fcr die selektive galvanische Beschichtung lokal begrenzter Bereiche auf Bauteilen ohne Einsatz eines Tauchbeckens. Wir bieten Vertragsdienstleistungen, chemische L\u00f6sungen und Anlagen zur Oberfl\u00e4chenveredelung an, um die Leistung von Bauteilen zu verbessern, Ausfallzeiten zu minimieren und Herstellungskosten zu senken. Wenn Sie mehr erfahren m\u00f6chten, w\u00e4hlen Sie eine der folgenden Ressourcen aus.<\/p><\/div>\n<div>\n<div class=\"click-expand relatedresource\">\n<h3 class=\"ce-header\" tabindex=\"0\">Produkte und Dienstleistungen<\/h3>\n<div class=\"ce-body\">\n<ul>\n<li><a href=\"https:\/\/plating.sifcoasc.com\/\">Online-Produktkatalog<\/a><\/li>\n<li><a href=\"\/de\/datenblatt-bibliothek\/\">Datenblatt Bibliothek<\/a><\/li>\n<li><a href=\"\/de\/video-bibliothek\/\">Video-Bibliothek<\/a><\/li>\n<\/ul>\n<\/div>\n<\/div>\n<div class=\"click-expand\">\n<h3 class=\"ce-header\" tabindex=\"0\">Qualit\u00e4t der Ressourcen<\/h3>\n<div class=\"ce-body\">\n<ul>\n<li><a href=\"\/de\/qualitaet-akkreditierungen\/\">Qualit\u00e4t Akkreditierungen<\/a><\/li>\n<li><a href=\"\/de\/spezifikationen-fuer-die-industrie\/\">Spezifikationen<\/a><\/li>\n<li><a href=\"\/de\/konformitaetsbescheinigungen\/\">Konformit\u00e4tsbescheinigungen<\/a><\/li>\n<\/ul>\n<\/div>\n<\/div>\n<div class=\"click-expand\">\n<h3 class=\"ce-header\" tabindex=\"0\">Mehr erfahren<\/h3>\n<div class=\"ce-body\">\n<ul>\n<li><a href=\"\/de\/was-ist-selektive-beschichtung\/\">Was ist selektive Beschichtung?<\/a><\/li>\n<li><a href=\"\/de\/treffen-sie-das-team\/\">Treffen Sie das Team<\/a><\/li>\n<li><a href=\"\/de\/kontakt\/\">Kontakt<\/a><\/li>\n<\/ul>\n<\/div><\/div>\n<\/div>\n<\/section>\n","protected":false},"excerpt":{"rendered":"<p>EHS &amp; Nachhaltigkeit Der Einsatz von SIFCO Process\u00ae erm\u00f6glicht es Unternehmen, die meisten industriellen Anforderungen zu erf\u00fcllen oder zu \u00fcbertreffen und gleichzeitig die Umweltvorschriften einzuhalten. Unser Verfahren wurde speziell entwickelt, um m\u00f6glichst geringe Mengen an Materialien zu verwenden, um die Sicherheit der Mitarbeiter zu gew\u00e4hrleisten und die Abfallentsorgung zu erleichtern. SIFCO ASC unterh\u00e4lt auf freiwilliger [&hellip;]<\/p>\n","protected":false},"author":18,"featured_media":0,"parent":0,"menu_order":0,"comment_status":"closed","ping_status":"closed","template":"","meta":{"_acf_changed":false,"inline_featured_image":false,"footnotes":""},"class_list":["post-9648","page","type-page","status-publish","hentry"],"acf":[],"yoast_head":"<!-- This site is optimized with the Yoast SEO plugin v27.4 - https:\/\/yoast.com\/product\/yoast-seo-wordpress\/ -->\n<title>SIFCO ASC : EMS &amp; Nachhaltigkeit<\/title>\n<meta name=\"description\" content=\"EHS &amp; Nachhaltigkeit SIFCO ASC ist bestrebt, qualitativ hochwertige Beschichtungsl\u00f6sungen anzubieten, die den heutigen anspruchsvollen Umweltstandards entsprechen und ...\" \/>\n<meta name=\"robots\" content=\"index, follow, max-snippet:-1, max-image-preview:large, max-video-preview:-1\" \/>\n<link rel=\"canonical\" href=\"https:\/\/www.sifcoasc.com\/de\/ehs-nachhaltigkeit\" \/>\n<meta property=\"og:locale\" content=\"de_DE\" \/>\n<meta property=\"og:type\" content=\"article\" \/>\n<meta property=\"og:title\" content=\"SIFCO ASC : EMS &amp; Nachhaltigkeit\" \/>\n<meta property=\"og:description\" content=\"EHS &amp; Nachhaltigkeit SIFCO ASC ist bestrebt, qualitativ hochwertige Beschichtungsl\u00f6sungen anzubieten, die den heutigen anspruchsvollen Umweltstandards entsprechen und ...\" \/>\n<meta property=\"og:url\" content=\"https:\/\/www.sifcoasc.com\/de\/ehs-nachhaltigkeit\" \/>\n<meta property=\"og:site_name\" content=\"SIFCO Applied Surface Concepts\" \/>\n<meta property=\"article:modified_time\" content=\"2022-08-18T06:46:04+00:00\" \/>\n<meta name=\"twitter:label1\" content=\"Est. reading time\" \/>\n\t<meta name=\"twitter:data1\" content=\"5 Minuten\" \/>\n<script type=\"application\/ld+json\" class=\"yoast-schema-graph\">{\"@context\":\"https:\\\/\\\/schema.org\",\"@graph\":[{\"@type\":\"WebPage\",\"@id\":\"https:\\\/\\\/www.sifcoasc.com\\\/de\\\/ehs-nachhaltigkeit\",\"url\":\"https:\\\/\\\/www.sifcoasc.com\\\/de\\\/ehs-nachhaltigkeit\",\"name\":\"SIFCO ASC : EMS & Nachhaltigkeit\",\"isPartOf\":{\"@id\":\"https:\\\/\\\/www.sifcoasc.com\\\/de#website\"},\"datePublished\":\"2022-07-14T15:28:44+00:00\",\"dateModified\":\"2022-08-18T06:46:04+00:00\",\"description\":\"EHS & Nachhaltigkeit SIFCO ASC ist bestrebt, qualitativ hochwertige Beschichtungsl\u00f6sungen anzubieten, die den heutigen anspruchsvollen Umweltstandards entsprechen und ...\",\"breadcrumb\":{\"@id\":\"https:\\\/\\\/www.sifcoasc.com\\\/de\\\/ehs-nachhaltigkeit#breadcrumb\"},\"inLanguage\":\"de-DE\",\"potentialAction\":[{\"@type\":\"ReadAction\",\"target\":[\"https:\\\/\\\/www.sifcoasc.com\\\/de\\\/ehs-nachhaltigkeit\"]}]},{\"@type\":\"BreadcrumbList\",\"@id\":\"https:\\\/\\\/www.sifcoasc.com\\\/de\\\/ehs-nachhaltigkeit#breadcrumb\",\"itemListElement\":[{\"@type\":\"ListItem\",\"position\":1,\"name\":\"Home\",\"item\":\"https:\\\/\\\/www.sifcoasc.com\\\/de\"},{\"@type\":\"ListItem\",\"position\":2,\"name\":\"EHS &amp; Nachhaltigkeit\"}]},{\"@type\":\"WebSite\",\"@id\":\"https:\\\/\\\/www.sifcoasc.com\\\/de#website\",\"url\":\"https:\\\/\\\/www.sifcoasc.com\\\/de\",\"name\":\"SIFCO Applied Surface Concepts\",\"description\":\"\",\"potentialAction\":[{\"@type\":\"SearchAction\",\"target\":{\"@type\":\"EntryPoint\",\"urlTemplate\":\"https:\\\/\\\/www.sifcoasc.com\\\/de?s={search_term_string}\"},\"query-input\":{\"@type\":\"PropertyValueSpecification\",\"valueRequired\":true,\"valueName\":\"search_term_string\"}}],\"inLanguage\":\"de-DE\"}]}<\/script>\n<!-- \/ Yoast SEO plugin. -->","yoast_head_json":{"title":"SIFCO ASC : EMS & Nachhaltigkeit","description":"EHS & Nachhaltigkeit SIFCO ASC ist bestrebt, qualitativ hochwertige Beschichtungsl\u00f6sungen anzubieten, die den heutigen anspruchsvollen Umweltstandards entsprechen und ...","robots":{"index":"index","follow":"follow","max-snippet":"max-snippet:-1","max-image-preview":"max-image-preview:large","max-video-preview":"max-video-preview:-1"},"canonical":"https:\/\/www.sifcoasc.com\/de\/ehs-nachhaltigkeit","og_locale":"de_DE","og_type":"article","og_title":"SIFCO ASC : EMS & Nachhaltigkeit","og_description":"EHS & Nachhaltigkeit SIFCO ASC ist bestrebt, qualitativ hochwertige Beschichtungsl\u00f6sungen anzubieten, die den heutigen anspruchsvollen Umweltstandards entsprechen und ...","og_url":"https:\/\/www.sifcoasc.com\/de\/ehs-nachhaltigkeit","og_site_name":"SIFCO Applied Surface Concepts","article_modified_time":"2022-08-18T06:46:04+00:00","twitter_misc":{"Est. reading time":"5 Minuten"},"schema":{"@context":"https:\/\/schema.org","@graph":[{"@type":"WebPage","@id":"https:\/\/www.sifcoasc.com\/de\/ehs-nachhaltigkeit","url":"https:\/\/www.sifcoasc.com\/de\/ehs-nachhaltigkeit","name":"SIFCO ASC : EMS & Nachhaltigkeit","isPartOf":{"@id":"https:\/\/www.sifcoasc.com\/de#website"},"datePublished":"2022-07-14T15:28:44+00:00","dateModified":"2022-08-18T06:46:04+00:00","description":"EHS & Nachhaltigkeit SIFCO ASC ist bestrebt, qualitativ hochwertige Beschichtungsl\u00f6sungen anzubieten, die den heutigen anspruchsvollen Umweltstandards entsprechen und ...","breadcrumb":{"@id":"https:\/\/www.sifcoasc.com\/de\/ehs-nachhaltigkeit#breadcrumb"},"inLanguage":"de-DE","potentialAction":[{"@type":"ReadAction","target":["https:\/\/www.sifcoasc.com\/de\/ehs-nachhaltigkeit"]}]},{"@type":"BreadcrumbList","@id":"https:\/\/www.sifcoasc.com\/de\/ehs-nachhaltigkeit#breadcrumb","itemListElement":[{"@type":"ListItem","position":1,"name":"Home","item":"https:\/\/www.sifcoasc.com\/de"},{"@type":"ListItem","position":2,"name":"EHS &amp; Nachhaltigkeit"}]},{"@type":"WebSite","@id":"https:\/\/www.sifcoasc.com\/de#website","url":"https:\/\/www.sifcoasc.com\/de","name":"SIFCO Applied Surface Concepts","description":"","potentialAction":[{"@type":"SearchAction","target":{"@type":"EntryPoint","urlTemplate":"https:\/\/www.sifcoasc.com\/de?s={search_term_string}"},"query-input":{"@type":"PropertyValueSpecification","valueRequired":true,"valueName":"search_term_string"}}],"inLanguage":"de-DE"}]}},"featured_image_src":null,"featured_image_src_square":null,"_links":{"self":[{"href":"https:\/\/www.sifcoasc.com\/de\/wp-json\/wp\/v2\/pages\/9648","targetHints":{"allow":["GET"]}}],"collection":[{"href":"https:\/\/www.sifcoasc.com\/de\/wp-json\/wp\/v2\/pages"}],"about":[{"href":"https:\/\/www.sifcoasc.com\/de\/wp-json\/wp\/v2\/types\/page"}],"author":[{"embeddable":true,"href":"https:\/\/www.sifcoasc.com\/de\/wp-json\/wp\/v2\/users\/18"}],"replies":[{"embeddable":true,"href":"https:\/\/www.sifcoasc.com\/de\/wp-json\/wp\/v2\/comments?post=9648"}],"version-history":[{"count":0,"href":"https:\/\/www.sifcoasc.com\/de\/wp-json\/wp\/v2\/pages\/9648\/revisions"}],"wp:attachment":[{"href":"https:\/\/www.sifcoasc.com\/de\/wp-json\/wp\/v2\/media?parent=9648"}],"curies":[{"name":"wp","href":"https:\/\/api.w.org\/{rel}","templated":true}]}}