{"id":9663,"date":"2022-07-14T15:28:55","date_gmt":"2022-07-14T15:28:55","guid":{"rendered":"https:\/\/www.sifcoasc.com\/treffen-sie-das-team\/"},"modified":"2023-01-31T09:12:17","modified_gmt":"2023-01-31T09:12:17","slug":"treffen-sie-das-team","status":"publish","type":"page","link":"https:\/\/www.sifcoasc.com\/de\/treffen-sie-das-team","title":{"rendered":"Treffen Sie das Team"},"content":{"rendered":"<p class=\"emph\">Unsere Expertenteams verf\u00fcgen \u00fcber eine un\u00fcbertroffene Erfahrung im Bereich der selektiven Beschichtung und folgen dem Grundsatz, dass die Schritte unabh\u00e4ngig von den Umst\u00e4nden immer gleich sind:<\/p>\n<ul>\n<li>H\u00f6ren Sie sich die Herausforderung des Kunden an<\/li>\n<li>Lernen Sie so viel wie m\u00f6glich \u00fcber die Situation oder die Anwendung<\/li>\n<li>Nutzung aller verf\u00fcgbaren Ressourcen, sowohl intern als auch extern<\/li>\n<li>die am besten geeignete L\u00f6sung zu finden und die Entwicklung dieser L\u00f6sung zu leiten<\/li>\n<li>Effektive Einf\u00fchrung der L\u00f6sung zur Zufriedenheit des Kunden.<\/li>\n<\/ul>\n","protected":false},"excerpt":{"rendered":"<p>Unsere Expertenteams verf\u00fcgen \u00fcber eine un\u00fcbertroffene Erfahrung im Bereich der selektiven Beschichtung und folgen dem Grundsatz, dass die Schritte unabh\u00e4ngig von den Umst\u00e4nden immer gleich sind: H\u00f6ren Sie sich die Herausforderung des Kunden an Lernen Sie so viel wie m\u00f6glich \u00fcber die Situation oder die Anwendung Nutzung aller verf\u00fcgbaren Ressourcen, sowohl intern als auch extern [&hellip;]<\/p>\n","protected":false},"author":18,"featured_media":0,"parent":0,"menu_order":0,"comment_status":"closed","ping_status":"closed","template":"","meta":{"_acf_changed":false,"inline_featured_image":false,"footnotes":""},"class_list":["post-9663","page","type-page","status-publish","hentry"],"acf":[],"yoast_head":"<!-- This site is optimized with the Yoast SEO plugin v27.5 - https:\/\/yoast.com\/product\/yoast-seo-wordpress\/ -->\n<title>Treffen Sie das Team - SIFCO Applied Surface Concepts<\/title>\n<meta name=\"description\" content=\"Unsere Expertenteams verf\u00fcgen \u00fcber eine un\u00fcbertroffene Erfahrung im Bereich der selektiven Beschichtung und folgen dem Grundsatz, dass die Schritte unabh\u00e4ngig von den Umst\u00e4nden immer gleich sind: H\u00f6ren Sie sich die Herausforderung des Kunden an Lernen Sie so viel wie m\u00f6glich \u00fcber die Situation oder die Anwendung Nutzung aller verf\u00fcgbaren Ressourcen, sowohl intern als auch extern\" \/>\n<meta name=\"robots\" content=\"index, follow, max-snippet:-1, max-image-preview:large, max-video-preview:-1\" \/>\n<link rel=\"canonical\" href=\"https:\/\/www.sifcoasc.com\/de\/treffen-sie-das-team\" \/>\n<meta property=\"og:locale\" content=\"de_DE\" \/>\n<meta property=\"og:type\" content=\"article\" \/>\n<meta property=\"og:title\" content=\"Treffen Sie das Team - SIFCO Applied Surface Concepts\" \/>\n<meta property=\"og:description\" content=\"Unsere Expertenteams verf\u00fcgen \u00fcber eine un\u00fcbertroffene Erfahrung im Bereich der selektiven Beschichtung und folgen dem Grundsatz, dass die Schritte unabh\u00e4ngig von den Umst\u00e4nden immer gleich sind: H\u00f6ren Sie sich die Herausforderung des Kunden an Lernen Sie so viel wie m\u00f6glich \u00fcber die Situation oder die Anwendung Nutzung aller verf\u00fcgbaren Ressourcen, sowohl intern als auch extern\" \/>\n<meta property=\"og:url\" content=\"https:\/\/www.sifcoasc.com\/de\/treffen-sie-das-team\" \/>\n<meta property=\"og:site_name\" content=\"SIFCO Applied Surface Concepts\" \/>\n<meta property=\"article:modified_time\" content=\"2023-01-31T09:12:17+00:00\" \/>\n<script type=\"application\/ld+json\" class=\"yoast-schema-graph\">{\"@context\":\"https:\\\/\\\/schema.org\",\"@graph\":[{\"@type\":\"WebPage\",\"@id\":\"https:\\\/\\\/www.sifcoasc.com\\\/de\\\/treffen-sie-das-team\",\"url\":\"https:\\\/\\\/www.sifcoasc.com\\\/de\\\/treffen-sie-das-team\",\"name\":\"Treffen Sie das Team - SIFCO Applied Surface Concepts\",\"isPartOf\":{\"@id\":\"https:\\\/\\\/www.sifcoasc.com\\\/de#website\"},\"datePublished\":\"2022-07-14T15:28:55+00:00\",\"dateModified\":\"2023-01-31T09:12:17+00:00\",\"description\":\"Unsere Expertenteams verf\u00fcgen \u00fcber eine un\u00fcbertroffene Erfahrung im Bereich der selektiven Beschichtung und folgen dem Grundsatz, dass die Schritte unabh\u00e4ngig von den Umst\u00e4nden immer gleich sind: H\u00f6ren Sie sich die Herausforderung des Kunden an Lernen Sie so viel wie m\u00f6glich \u00fcber die Situation oder die Anwendung Nutzung aller verf\u00fcgbaren Ressourcen, sowohl intern als auch extern\",\"breadcrumb\":{\"@id\":\"https:\\\/\\\/www.sifcoasc.com\\\/de\\\/treffen-sie-das-team#breadcrumb\"},\"inLanguage\":\"de-DE\",\"potentialAction\":[{\"@type\":\"ReadAction\",\"target\":[\"https:\\\/\\\/www.sifcoasc.com\\\/de\\\/treffen-sie-das-team\"]}]},{\"@type\":\"BreadcrumbList\",\"@id\":\"https:\\\/\\\/www.sifcoasc.com\\\/de\\\/treffen-sie-das-team#breadcrumb\",\"itemListElement\":[{\"@type\":\"ListItem\",\"position\":1,\"name\":\"Home\",\"item\":\"https:\\\/\\\/www.sifcoasc.com\\\/de\"},{\"@type\":\"ListItem\",\"position\":2,\"name\":\"Treffen Sie das Team\"}]},{\"@type\":\"WebSite\",\"@id\":\"https:\\\/\\\/www.sifcoasc.com\\\/de#website\",\"url\":\"https:\\\/\\\/www.sifcoasc.com\\\/de\",\"name\":\"SIFCO Applied Surface Concepts\",\"description\":\"\",\"potentialAction\":[{\"@type\":\"SearchAction\",\"target\":{\"@type\":\"EntryPoint\",\"urlTemplate\":\"https:\\\/\\\/www.sifcoasc.com\\\/de?s={search_term_string}\"},\"query-input\":{\"@type\":\"PropertyValueSpecification\",\"valueRequired\":true,\"valueName\":\"search_term_string\"}}],\"inLanguage\":\"de-DE\"}]}<\/script>\n<!-- \/ Yoast SEO plugin. -->","yoast_head_json":{"title":"Treffen Sie das Team - SIFCO Applied Surface Concepts","description":"Unsere Expertenteams verf\u00fcgen \u00fcber eine un\u00fcbertroffene Erfahrung im Bereich der selektiven Beschichtung und folgen dem Grundsatz, dass die Schritte unabh\u00e4ngig von den Umst\u00e4nden immer gleich sind: H\u00f6ren Sie sich die Herausforderung des Kunden an Lernen Sie so viel wie m\u00f6glich \u00fcber die Situation oder die Anwendung Nutzung aller verf\u00fcgbaren Ressourcen, sowohl intern als auch extern","robots":{"index":"index","follow":"follow","max-snippet":"max-snippet:-1","max-image-preview":"max-image-preview:large","max-video-preview":"max-video-preview:-1"},"canonical":"https:\/\/www.sifcoasc.com\/de\/treffen-sie-das-team","og_locale":"de_DE","og_type":"article","og_title":"Treffen Sie das Team - SIFCO Applied Surface Concepts","og_description":"Unsere Expertenteams verf\u00fcgen \u00fcber eine un\u00fcbertroffene Erfahrung im Bereich der selektiven Beschichtung und folgen dem Grundsatz, dass die Schritte unabh\u00e4ngig von den Umst\u00e4nden immer gleich sind: H\u00f6ren Sie sich die Herausforderung des Kunden an Lernen Sie so viel wie m\u00f6glich \u00fcber die Situation oder die Anwendung Nutzung aller verf\u00fcgbaren Ressourcen, sowohl intern als auch extern","og_url":"https:\/\/www.sifcoasc.com\/de\/treffen-sie-das-team","og_site_name":"SIFCO Applied Surface Concepts","article_modified_time":"2023-01-31T09:12:17+00:00","schema":{"@context":"https:\/\/schema.org","@graph":[{"@type":"WebPage","@id":"https:\/\/www.sifcoasc.com\/de\/treffen-sie-das-team","url":"https:\/\/www.sifcoasc.com\/de\/treffen-sie-das-team","name":"Treffen Sie das Team - SIFCO Applied Surface Concepts","isPartOf":{"@id":"https:\/\/www.sifcoasc.com\/de#website"},"datePublished":"2022-07-14T15:28:55+00:00","dateModified":"2023-01-31T09:12:17+00:00","description":"Unsere Expertenteams verf\u00fcgen \u00fcber eine un\u00fcbertroffene Erfahrung im Bereich der selektiven Beschichtung und folgen dem Grundsatz, dass die Schritte unabh\u00e4ngig von den Umst\u00e4nden immer gleich sind: H\u00f6ren Sie sich die Herausforderung des Kunden an Lernen Sie so viel wie m\u00f6glich \u00fcber die Situation oder die Anwendung Nutzung aller verf\u00fcgbaren Ressourcen, sowohl intern als auch extern","breadcrumb":{"@id":"https:\/\/www.sifcoasc.com\/de\/treffen-sie-das-team#breadcrumb"},"inLanguage":"de-DE","potentialAction":[{"@type":"ReadAction","target":["https:\/\/www.sifcoasc.com\/de\/treffen-sie-das-team"]}]},{"@type":"BreadcrumbList","@id":"https:\/\/www.sifcoasc.com\/de\/treffen-sie-das-team#breadcrumb","itemListElement":[{"@type":"ListItem","position":1,"name":"Home","item":"https:\/\/www.sifcoasc.com\/de"},{"@type":"ListItem","position":2,"name":"Treffen Sie das Team"}]},{"@type":"WebSite","@id":"https:\/\/www.sifcoasc.com\/de#website","url":"https:\/\/www.sifcoasc.com\/de","name":"SIFCO Applied Surface Concepts","description":"","potentialAction":[{"@type":"SearchAction","target":{"@type":"EntryPoint","urlTemplate":"https:\/\/www.sifcoasc.com\/de?s={search_term_string}"},"query-input":{"@type":"PropertyValueSpecification","valueRequired":true,"valueName":"search_term_string"}}],"inLanguage":"de-DE"}]}},"featured_image_src":null,"featured_image_src_square":null,"_links":{"self":[{"href":"https:\/\/www.sifcoasc.com\/de\/wp-json\/wp\/v2\/pages\/9663","targetHints":{"allow":["GET"]}}],"collection":[{"href":"https:\/\/www.sifcoasc.com\/de\/wp-json\/wp\/v2\/pages"}],"about":[{"href":"https:\/\/www.sifcoasc.com\/de\/wp-json\/wp\/v2\/types\/page"}],"author":[{"embeddable":true,"href":"https:\/\/www.sifcoasc.com\/de\/wp-json\/wp\/v2\/users\/18"}],"replies":[{"embeddable":true,"href":"https:\/\/www.sifcoasc.com\/de\/wp-json\/wp\/v2\/comments?post=9663"}],"version-history":[{"count":0,"href":"https:\/\/www.sifcoasc.com\/de\/wp-json\/wp\/v2\/pages\/9663\/revisions"}],"wp:attachment":[{"href":"https:\/\/www.sifcoasc.com\/de\/wp-json\/wp\/v2\/media?parent=9663"}],"curies":[{"name":"wp","href":"https:\/\/api.w.org\/{rel}","templated":true}]}}