{"id":9683,"date":"2022-07-14T15:29:14","date_gmt":"2022-07-14T15:29:14","guid":{"rendered":"https:\/\/www.sifcoasc.com\/pruefung-fuer-ind-comm-specs\/"},"modified":"2022-08-24T08:00:26","modified_gmt":"2022-08-24T08:00:26","slug":"pruefung-fuer-ind-comm-specs","status":"publish","type":"page","link":"https:\/\/www.sifcoasc.com\/de\/pruefung-fuer-ind-comm-specs","title":{"rendered":"Pr\u00fcfung f\u00fcr Ind &amp; Comm Specs"},"content":{"rendered":"<p class=\"emph\">SIFCO ASC bietet kritische Pr\u00fcfdienste zur Unterst\u00fctzung industrieller und kommerzieller Spezifikationen.  <\/p>\n<p>SIFCO ASC ist in der Lage, Ihre Pr\u00fcfanforderungen in Bezug auf zahlreiche Spezifikationen zu erf\u00fcllen. Im Folgenden finden Sie eine unvollst\u00e4ndige Liste der Spezifikationen:<\/p>\n","protected":false},"excerpt":{"rendered":"<p>SIFCO ASC bietet kritische Pr\u00fcfdienste zur Unterst\u00fctzung industrieller und kommerzieller Spezifikationen. SIFCO ASC ist in der Lage, Ihre Pr\u00fcfanforderungen in Bezug auf zahlreiche Spezifikationen zu erf\u00fcllen. Im Folgenden finden Sie eine unvollst\u00e4ndige Liste der Spezifikationen:<\/p>\n","protected":false},"author":18,"featured_media":0,"parent":0,"menu_order":0,"comment_status":"closed","ping_status":"closed","template":"","meta":{"_acf_changed":false,"inline_featured_image":false,"footnotes":""},"class_list":["post-9683","page","type-page","status-publish","hentry"],"acf":[],"yoast_head":"<!-- This site is optimized with the Yoast SEO plugin v27.4 - https:\/\/yoast.com\/product\/yoast-seo-wordpress\/ -->\n<title>Pr\u00fcfdienstleistungen f\u00fcr Industrie und Handel | SIFCO ASC<\/title>\n<meta name=\"description\" content=\"SIFCO ASC bietet kritische Pr\u00fcfdienste zur Unterst\u00fctzung industrieller und kommerzieller Spezifikationen. Wir sind in der Lage, Ihre Pr\u00fcfanforderungen zu erf\u00fcllen.\" \/>\n<meta name=\"robots\" content=\"index, follow, max-snippet:-1, max-image-preview:large, max-video-preview:-1\" \/>\n<link rel=\"canonical\" href=\"https:\/\/www.sifcoasc.com\/de\/pruefung-fuer-ind-comm-specs\" \/>\n<meta property=\"og:locale\" content=\"de_DE\" \/>\n<meta property=\"og:type\" content=\"article\" \/>\n<meta property=\"og:title\" content=\"Pr\u00fcfdienstleistungen f\u00fcr Industrie und Handel | SIFCO ASC\" \/>\n<meta property=\"og:description\" content=\"SIFCO ASC bietet kritische Pr\u00fcfdienste zur Unterst\u00fctzung industrieller und kommerzieller Spezifikationen. Wir sind in der Lage, Ihre Pr\u00fcfanforderungen zu erf\u00fcllen.\" \/>\n<meta property=\"og:url\" content=\"https:\/\/www.sifcoasc.com\/de\/pruefung-fuer-ind-comm-specs\" \/>\n<meta property=\"og:site_name\" content=\"SIFCO Applied Surface Concepts\" \/>\n<meta property=\"article:modified_time\" content=\"2022-08-24T08:00:26+00:00\" \/>\n<script type=\"application\/ld+json\" class=\"yoast-schema-graph\">{\"@context\":\"https:\\\/\\\/schema.org\",\"@graph\":[{\"@type\":\"WebPage\",\"@id\":\"https:\\\/\\\/www.sifcoasc.com\\\/de\\\/pruefung-fuer-ind-comm-specs\",\"url\":\"https:\\\/\\\/www.sifcoasc.com\\\/de\\\/pruefung-fuer-ind-comm-specs\",\"name\":\"Pr\u00fcfdienstleistungen f\u00fcr Industrie und Handel | SIFCO ASC\",\"isPartOf\":{\"@id\":\"https:\\\/\\\/www.sifcoasc.com\\\/de#website\"},\"datePublished\":\"2022-07-14T15:29:14+00:00\",\"dateModified\":\"2022-08-24T08:00:26+00:00\",\"description\":\"SIFCO ASC bietet kritische Pr\u00fcfdienste zur Unterst\u00fctzung industrieller und kommerzieller Spezifikationen. Wir sind in der Lage, Ihre Pr\u00fcfanforderungen zu erf\u00fcllen.\",\"breadcrumb\":{\"@id\":\"https:\\\/\\\/www.sifcoasc.com\\\/de\\\/pruefung-fuer-ind-comm-specs#breadcrumb\"},\"inLanguage\":\"de-DE\",\"potentialAction\":[{\"@type\":\"ReadAction\",\"target\":[\"https:\\\/\\\/www.sifcoasc.com\\\/de\\\/pruefung-fuer-ind-comm-specs\"]}]},{\"@type\":\"BreadcrumbList\",\"@id\":\"https:\\\/\\\/www.sifcoasc.com\\\/de\\\/pruefung-fuer-ind-comm-specs#breadcrumb\",\"itemListElement\":[{\"@type\":\"ListItem\",\"position\":1,\"name\":\"Home\",\"item\":\"https:\\\/\\\/www.sifcoasc.com\\\/de\"},{\"@type\":\"ListItem\",\"position\":2,\"name\":\"Pr\u00fcfung f\u00fcr Ind &amp; Comm Specs\"}]},{\"@type\":\"WebSite\",\"@id\":\"https:\\\/\\\/www.sifcoasc.com\\\/de#website\",\"url\":\"https:\\\/\\\/www.sifcoasc.com\\\/de\",\"name\":\"SIFCO Applied Surface Concepts\",\"description\":\"\",\"potentialAction\":[{\"@type\":\"SearchAction\",\"target\":{\"@type\":\"EntryPoint\",\"urlTemplate\":\"https:\\\/\\\/www.sifcoasc.com\\\/de?s={search_term_string}\"},\"query-input\":{\"@type\":\"PropertyValueSpecification\",\"valueRequired\":true,\"valueName\":\"search_term_string\"}}],\"inLanguage\":\"de-DE\"}]}<\/script>\n<!-- \/ Yoast SEO plugin. -->","yoast_head_json":{"title":"Pr\u00fcfdienstleistungen f\u00fcr Industrie und Handel | SIFCO ASC","description":"SIFCO ASC bietet kritische Pr\u00fcfdienste zur Unterst\u00fctzung industrieller und kommerzieller Spezifikationen. Wir sind in der Lage, Ihre Pr\u00fcfanforderungen zu erf\u00fcllen.","robots":{"index":"index","follow":"follow","max-snippet":"max-snippet:-1","max-image-preview":"max-image-preview:large","max-video-preview":"max-video-preview:-1"},"canonical":"https:\/\/www.sifcoasc.com\/de\/pruefung-fuer-ind-comm-specs","og_locale":"de_DE","og_type":"article","og_title":"Pr\u00fcfdienstleistungen f\u00fcr Industrie und Handel | SIFCO ASC","og_description":"SIFCO ASC bietet kritische Pr\u00fcfdienste zur Unterst\u00fctzung industrieller und kommerzieller Spezifikationen. Wir sind in der Lage, Ihre Pr\u00fcfanforderungen zu erf\u00fcllen.","og_url":"https:\/\/www.sifcoasc.com\/de\/pruefung-fuer-ind-comm-specs","og_site_name":"SIFCO Applied Surface Concepts","article_modified_time":"2022-08-24T08:00:26+00:00","schema":{"@context":"https:\/\/schema.org","@graph":[{"@type":"WebPage","@id":"https:\/\/www.sifcoasc.com\/de\/pruefung-fuer-ind-comm-specs","url":"https:\/\/www.sifcoasc.com\/de\/pruefung-fuer-ind-comm-specs","name":"Pr\u00fcfdienstleistungen f\u00fcr Industrie und Handel | SIFCO ASC","isPartOf":{"@id":"https:\/\/www.sifcoasc.com\/de#website"},"datePublished":"2022-07-14T15:29:14+00:00","dateModified":"2022-08-24T08:00:26+00:00","description":"SIFCO ASC bietet kritische Pr\u00fcfdienste zur Unterst\u00fctzung industrieller und kommerzieller Spezifikationen. Wir sind in der Lage, Ihre Pr\u00fcfanforderungen zu erf\u00fcllen.","breadcrumb":{"@id":"https:\/\/www.sifcoasc.com\/de\/pruefung-fuer-ind-comm-specs#breadcrumb"},"inLanguage":"de-DE","potentialAction":[{"@type":"ReadAction","target":["https:\/\/www.sifcoasc.com\/de\/pruefung-fuer-ind-comm-specs"]}]},{"@type":"BreadcrumbList","@id":"https:\/\/www.sifcoasc.com\/de\/pruefung-fuer-ind-comm-specs#breadcrumb","itemListElement":[{"@type":"ListItem","position":1,"name":"Home","item":"https:\/\/www.sifcoasc.com\/de"},{"@type":"ListItem","position":2,"name":"Pr\u00fcfung f\u00fcr Ind &amp; Comm Specs"}]},{"@type":"WebSite","@id":"https:\/\/www.sifcoasc.com\/de#website","url":"https:\/\/www.sifcoasc.com\/de","name":"SIFCO Applied Surface Concepts","description":"","potentialAction":[{"@type":"SearchAction","target":{"@type":"EntryPoint","urlTemplate":"https:\/\/www.sifcoasc.com\/de?s={search_term_string}"},"query-input":{"@type":"PropertyValueSpecification","valueRequired":true,"valueName":"search_term_string"}}],"inLanguage":"de-DE"}]}},"featured_image_src":null,"featured_image_src_square":null,"_links":{"self":[{"href":"https:\/\/www.sifcoasc.com\/de\/wp-json\/wp\/v2\/pages\/9683","targetHints":{"allow":["GET"]}}],"collection":[{"href":"https:\/\/www.sifcoasc.com\/de\/wp-json\/wp\/v2\/pages"}],"about":[{"href":"https:\/\/www.sifcoasc.com\/de\/wp-json\/wp\/v2\/types\/page"}],"author":[{"embeddable":true,"href":"https:\/\/www.sifcoasc.com\/de\/wp-json\/wp\/v2\/users\/18"}],"replies":[{"embeddable":true,"href":"https:\/\/www.sifcoasc.com\/de\/wp-json\/wp\/v2\/comments?post=9683"}],"version-history":[{"count":0,"href":"https:\/\/www.sifcoasc.com\/de\/wp-json\/wp\/v2\/pages\/9683\/revisions"}],"wp:attachment":[{"href":"https:\/\/www.sifcoasc.com\/de\/wp-json\/wp\/v2\/media?parent=9683"}],"curies":[{"name":"wp","href":"https:\/\/api.w.org\/{rel}","templated":true}]}}