{"id":9700,"date":"2022-07-14T15:29:27","date_gmt":"2022-07-14T15:29:27","guid":{"rendered":"https:\/\/www.sifcoasc.com\/cadmium-ersatzstoffe\/"},"modified":"2023-01-31T08:54:03","modified_gmt":"2023-01-31T08:54:03","slug":"cadmium-ersatzstoffe","status":"publish","type":"page","link":"https:\/\/www.sifcoasc.com\/de\/cadmium-ersatzstoffe","title":{"rendered":"Cadmium-Ersatzstoffe"},"content":{"rendered":"<div class=\"right-image\"><img loading=\"lazy\" decoding=\"async\" width=\"200\" height=\"300\" class=\"size-full wp-image-1599 alignright\" title=\"Cadmium-Ersatzstoffe  \" src=\"\/wp-content\/uploads\/Landing-Gear_detail_STOCK-200x300-1.jpg\" alt=\"Cadmium-Ersatzstoffe  \"><\/div>\n<h4>Die anspruchsvollen Anwendungen in der Luft- und Raumfahrt von heute erfordern ausgereifte und bew\u00e4hrte Abscheidungenen, die sowohl f\u00fcr den Bediener als auch f\u00fcr die Umwelt so wenig Risiken wie m\u00f6glich bergen. Die Kadmiumersatzstoffe von SIFCO ASC sind qualitativ hochwertige Abscheidungenen, die \u00fcberall angewendet werden k\u00f6nnen, in der Werkstatt oder im Feld.<\/h4>\n<h2><b>Was ist eine Cadmierung?<\/b><\/h2>\n<p><span style=\"font-weight: 400;\">Kadmierung ist eine metallische Silberbeschichtung, die eine ausgezeichnete Korrosionsbest\u00e4ndigkeit bietet und auf verschiedenen Materialien wie Stahl, Kupfer, Eisen, Messing und Aluminium aufgebracht werden kann. Aus diesem Grund wurde es h\u00e4ufig in der Luft- und Raumfahrtindustrie eingesetzt.<\/span><\/p>\n<h2><b>Warum ist die Cadmiumbeschichtung verboten?<\/b><\/h2>\n<p><span style=\"font-weight: 400;\">Cadmium ist ein hochgiftiges Metall und ein Stoff der IARC-Gruppe 2A, der leicht auslaugt und daher nicht umweltfreundlich ist. Nach dem neuen europ\u00e4ischen Reach-Gesetz ist die Cadmiumbeschichtung mit Ausnahme bestimmter Anwendungsf\u00e4lle verboten.<\/span><\/p>\n<p><span style=\"font-weight: 400;\">Weltweit wurde die Cadmiumbeschichtung aus fast allen kommerziellen Anwendungen entfernt. Die einzigen verbleibenden Verwendungszwecke sind Flugzeuge und milit\u00e4rische Anwendungen, aber auch diese werden voraussichtlich auslaufen.  <\/span><\/p>\n<p><span style=\"font-weight: 400;\">Aus diesem Grund werden in vielen F\u00e4llen Alternativen zu Cadmium, wie Zink-Nickel, verwendet.  <\/span><\/p>\n<h2><b>Alternativen zu Cadmium:  <\/b><\/h2>\n<p>F\u00fcr die Luftfahrtindustrie sind Zink-Nickel LHE und Zinn-Zink weniger toxische Alternativen zu Cadmium, die zur Reparatur von besch\u00e4digtem Cadmium, Zink-Nickel, Zinn-Zink und besch\u00e4digtem IVD-Aluminium auf hochfesten St\u00e4hlen verwendet werden k\u00f6nnen. Beide Beschichtungen bieten einen ausgezeichneten Korrosionsschutz, sind LHE und erfordern keine Nachbeschichtung, um die Wasserstoffverspr\u00f6dung zu verhindern.<\/p>\n","protected":false},"excerpt":{"rendered":"<p>Die anspruchsvollen Anwendungen in der Luft- und Raumfahrt von heute erfordern ausgereifte und bew\u00e4hrte Abscheidungenen, die sowohl f\u00fcr den Bediener als auch f\u00fcr die Umwelt so wenig Risiken wie m\u00f6glich bergen. Die Kadmiumersatzstoffe von SIFCO ASC sind qualitativ hochwertige Abscheidungenen, die \u00fcberall angewendet werden k\u00f6nnen, in der Werkstatt oder im Feld. Was ist eine Cadmierung? [&hellip;]<\/p>\n","protected":false},"author":18,"featured_media":0,"parent":0,"menu_order":0,"comment_status":"closed","ping_status":"closed","template":"","meta":{"_acf_changed":false,"inline_featured_image":false,"footnotes":""},"class_list":["post-9700","page","type-page","status-publish","hentry"],"acf":[],"yoast_head":"<!-- This site is optimized with the Yoast SEO plugin v27.4 - https:\/\/yoast.com\/product\/yoast-seo-wordpress\/ -->\n<title>Cadmium-Ersatzstoffe - SIFCO Applied Surface Concepts<\/title>\n<meta name=\"description\" content=\"Die anspruchsvollen Anwendungen in der Luft- und Raumfahrt von heute erfordern ausgereifte und bew\u00e4hrte Abscheidungenen, die sowohl f\u00fcr den Bediener als auch f\u00fcr die Umwelt so wenig Risiken wie m\u00f6glich bergen. Die Kadmiumersatzstoffe von SIFCO ASC sind qualitativ hochwertige Abscheidungenen, die \u00fcberall angewendet werden k\u00f6nnen, in der Werkstatt oder im Feld. Was ist eine Cadmierung?\" \/>\n<meta name=\"robots\" content=\"index, follow, max-snippet:-1, max-image-preview:large, max-video-preview:-1\" \/>\n<link rel=\"canonical\" href=\"https:\/\/www.sifcoasc.com\/de\/cadmium-ersatzstoffe\" \/>\n<meta property=\"og:locale\" content=\"de_DE\" \/>\n<meta property=\"og:type\" content=\"article\" \/>\n<meta property=\"og:title\" content=\"Cadmium-Ersatzstoffe - SIFCO Applied Surface Concepts\" \/>\n<meta property=\"og:description\" content=\"Die anspruchsvollen Anwendungen in der Luft- und Raumfahrt von heute erfordern ausgereifte und bew\u00e4hrte Abscheidungenen, die sowohl f\u00fcr den Bediener als auch f\u00fcr die Umwelt so wenig Risiken wie m\u00f6glich bergen. Die Kadmiumersatzstoffe von SIFCO ASC sind qualitativ hochwertige Abscheidungenen, die \u00fcberall angewendet werden k\u00f6nnen, in der Werkstatt oder im Feld. Was ist eine Cadmierung?\" \/>\n<meta property=\"og:url\" content=\"https:\/\/www.sifcoasc.com\/de\/cadmium-ersatzstoffe\" \/>\n<meta property=\"og:site_name\" content=\"SIFCO Applied Surface Concepts\" \/>\n<meta property=\"article:modified_time\" content=\"2023-01-31T08:54:03+00:00\" \/>\n<meta name=\"twitter:label1\" content=\"Est. reading time\" \/>\n\t<meta name=\"twitter:data1\" content=\"1 Minute\" \/>\n<script type=\"application\/ld+json\" class=\"yoast-schema-graph\">{\"@context\":\"https:\\\/\\\/schema.org\",\"@graph\":[{\"@type\":\"WebPage\",\"@id\":\"https:\\\/\\\/www.sifcoasc.com\\\/de\\\/cadmium-ersatzstoffe\",\"url\":\"https:\\\/\\\/www.sifcoasc.com\\\/de\\\/cadmium-ersatzstoffe\",\"name\":\"Cadmium-Ersatzstoffe - SIFCO Applied Surface Concepts\",\"isPartOf\":{\"@id\":\"https:\\\/\\\/www.sifcoasc.com\\\/de#website\"},\"datePublished\":\"2022-07-14T15:29:27+00:00\",\"dateModified\":\"2023-01-31T08:54:03+00:00\",\"description\":\"Die anspruchsvollen Anwendungen in der Luft- und Raumfahrt von heute erfordern ausgereifte und bew\u00e4hrte Abscheidungenen, die sowohl f\u00fcr den Bediener als auch f\u00fcr die Umwelt so wenig Risiken wie m\u00f6glich bergen. Die Kadmiumersatzstoffe von SIFCO ASC sind qualitativ hochwertige Abscheidungenen, die \u00fcberall angewendet werden k\u00f6nnen, in der Werkstatt oder im Feld. Was ist eine Cadmierung?\",\"breadcrumb\":{\"@id\":\"https:\\\/\\\/www.sifcoasc.com\\\/de\\\/cadmium-ersatzstoffe#breadcrumb\"},\"inLanguage\":\"de-DE\",\"potentialAction\":[{\"@type\":\"ReadAction\",\"target\":[\"https:\\\/\\\/www.sifcoasc.com\\\/de\\\/cadmium-ersatzstoffe\"]}]},{\"@type\":\"BreadcrumbList\",\"@id\":\"https:\\\/\\\/www.sifcoasc.com\\\/de\\\/cadmium-ersatzstoffe#breadcrumb\",\"itemListElement\":[{\"@type\":\"ListItem\",\"position\":1,\"name\":\"Home\",\"item\":\"https:\\\/\\\/www.sifcoasc.com\\\/de\"},{\"@type\":\"ListItem\",\"position\":2,\"name\":\"Cadmium-Ersatzstoffe\"}]},{\"@type\":\"WebSite\",\"@id\":\"https:\\\/\\\/www.sifcoasc.com\\\/de#website\",\"url\":\"https:\\\/\\\/www.sifcoasc.com\\\/de\",\"name\":\"SIFCO Applied Surface Concepts\",\"description\":\"\",\"potentialAction\":[{\"@type\":\"SearchAction\",\"target\":{\"@type\":\"EntryPoint\",\"urlTemplate\":\"https:\\\/\\\/www.sifcoasc.com\\\/de?s={search_term_string}\"},\"query-input\":{\"@type\":\"PropertyValueSpecification\",\"valueRequired\":true,\"valueName\":\"search_term_string\"}}],\"inLanguage\":\"de-DE\"}]}<\/script>\n<!-- \/ Yoast SEO plugin. -->","yoast_head_json":{"title":"Cadmium-Ersatzstoffe - SIFCO Applied Surface Concepts","description":"Die anspruchsvollen Anwendungen in der Luft- und Raumfahrt von heute erfordern ausgereifte und bew\u00e4hrte Abscheidungenen, die sowohl f\u00fcr den Bediener als auch f\u00fcr die Umwelt so wenig Risiken wie m\u00f6glich bergen. Die Kadmiumersatzstoffe von SIFCO ASC sind qualitativ hochwertige Abscheidungenen, die \u00fcberall angewendet werden k\u00f6nnen, in der Werkstatt oder im Feld. Was ist eine Cadmierung?","robots":{"index":"index","follow":"follow","max-snippet":"max-snippet:-1","max-image-preview":"max-image-preview:large","max-video-preview":"max-video-preview:-1"},"canonical":"https:\/\/www.sifcoasc.com\/de\/cadmium-ersatzstoffe","og_locale":"de_DE","og_type":"article","og_title":"Cadmium-Ersatzstoffe - SIFCO Applied Surface Concepts","og_description":"Die anspruchsvollen Anwendungen in der Luft- und Raumfahrt von heute erfordern ausgereifte und bew\u00e4hrte Abscheidungenen, die sowohl f\u00fcr den Bediener als auch f\u00fcr die Umwelt so wenig Risiken wie m\u00f6glich bergen. Die Kadmiumersatzstoffe von SIFCO ASC sind qualitativ hochwertige Abscheidungenen, die \u00fcberall angewendet werden k\u00f6nnen, in der Werkstatt oder im Feld. Was ist eine Cadmierung?","og_url":"https:\/\/www.sifcoasc.com\/de\/cadmium-ersatzstoffe","og_site_name":"SIFCO Applied Surface Concepts","article_modified_time":"2023-01-31T08:54:03+00:00","twitter_misc":{"Est. reading time":"1 Minute"},"schema":{"@context":"https:\/\/schema.org","@graph":[{"@type":"WebPage","@id":"https:\/\/www.sifcoasc.com\/de\/cadmium-ersatzstoffe","url":"https:\/\/www.sifcoasc.com\/de\/cadmium-ersatzstoffe","name":"Cadmium-Ersatzstoffe - SIFCO Applied Surface Concepts","isPartOf":{"@id":"https:\/\/www.sifcoasc.com\/de#website"},"datePublished":"2022-07-14T15:29:27+00:00","dateModified":"2023-01-31T08:54:03+00:00","description":"Die anspruchsvollen Anwendungen in der Luft- und Raumfahrt von heute erfordern ausgereifte und bew\u00e4hrte Abscheidungenen, die sowohl f\u00fcr den Bediener als auch f\u00fcr die Umwelt so wenig Risiken wie m\u00f6glich bergen. Die Kadmiumersatzstoffe von SIFCO ASC sind qualitativ hochwertige Abscheidungenen, die \u00fcberall angewendet werden k\u00f6nnen, in der Werkstatt oder im Feld. Was ist eine Cadmierung?","breadcrumb":{"@id":"https:\/\/www.sifcoasc.com\/de\/cadmium-ersatzstoffe#breadcrumb"},"inLanguage":"de-DE","potentialAction":[{"@type":"ReadAction","target":["https:\/\/www.sifcoasc.com\/de\/cadmium-ersatzstoffe"]}]},{"@type":"BreadcrumbList","@id":"https:\/\/www.sifcoasc.com\/de\/cadmium-ersatzstoffe#breadcrumb","itemListElement":[{"@type":"ListItem","position":1,"name":"Home","item":"https:\/\/www.sifcoasc.com\/de"},{"@type":"ListItem","position":2,"name":"Cadmium-Ersatzstoffe"}]},{"@type":"WebSite","@id":"https:\/\/www.sifcoasc.com\/de#website","url":"https:\/\/www.sifcoasc.com\/de","name":"SIFCO Applied Surface Concepts","description":"","potentialAction":[{"@type":"SearchAction","target":{"@type":"EntryPoint","urlTemplate":"https:\/\/www.sifcoasc.com\/de?s={search_term_string}"},"query-input":{"@type":"PropertyValueSpecification","valueRequired":true,"valueName":"search_term_string"}}],"inLanguage":"de-DE"}]}},"featured_image_src":null,"featured_image_src_square":null,"_links":{"self":[{"href":"https:\/\/www.sifcoasc.com\/de\/wp-json\/wp\/v2\/pages\/9700","targetHints":{"allow":["GET"]}}],"collection":[{"href":"https:\/\/www.sifcoasc.com\/de\/wp-json\/wp\/v2\/pages"}],"about":[{"href":"https:\/\/www.sifcoasc.com\/de\/wp-json\/wp\/v2\/types\/page"}],"author":[{"embeddable":true,"href":"https:\/\/www.sifcoasc.com\/de\/wp-json\/wp\/v2\/users\/18"}],"replies":[{"embeddable":true,"href":"https:\/\/www.sifcoasc.com\/de\/wp-json\/wp\/v2\/comments?post=9700"}],"version-history":[{"count":0,"href":"https:\/\/www.sifcoasc.com\/de\/wp-json\/wp\/v2\/pages\/9700\/revisions"}],"wp:attachment":[{"href":"https:\/\/www.sifcoasc.com\/de\/wp-json\/wp\/v2\/media?parent=9700"}],"curies":[{"name":"wp","href":"https:\/\/api.w.org\/{rel}","templated":true}]}}