{"id":9718,"date":"2022-07-14T15:29:37","date_gmt":"2022-07-14T15:29:37","guid":{"rendered":"https:\/\/www.sifcoasc.com\/technische-unterstuetzung\/"},"modified":"2022-07-19T12:25:13","modified_gmt":"2022-07-19T12:25:13","slug":"technische-unterstuetzung","status":"publish","type":"page","link":"https:\/\/www.sifcoasc.com\/de\/technische-unterstuetzung","title":{"rendered":"Technische Unterst\u00fctzung"},"content":{"rendered":"<p class=\"emph\">SIFCO ASC bietet unvergleichliche Unterst\u00fctzung bei Ihren selektiven Beschichtungsprojekten. Verlassen Sie sich auf die branchenweit f\u00fchrenden Mitarbeiter in den Bereichen Forschung und Entwicklung sowie technischer Support.  <\/p>\n<p><strong>Unsere Mitarbeiter im technischen Support verf\u00fcgen \u00fcber mehr als f\u00fcnf Jahrzehnte Erfahrung in der selektiven Beschichtung und im Maschinenbau. Mit diesem Verst\u00e4ndnis bieten unsere voll ausgestatteten Abteilungen f\u00fcr Forschung und Entwicklung, Engineering und Technik Beratung von der grundlegenden technischen Unterst\u00fctzung bis zur vollst\u00e4ndigen Anwendungsentwicklung. Unser Team verf\u00fcgt \u00fcber Fachwissen in den Bereichen Elektrochemie, Chemieingenieurwesen, Materialwissenschaften, physikalische Chemie sowie Umwelt, Gesundheit und Sicherheit.<\/strong><\/p>\n<p>Wir bieten Unterst\u00fctzung in allen Bereichen des Beschichtungsprozesses.<\/p>\n<ul>\n<li>Prozessentwicklung<\/li>\n<li>Entwicklung von Anwendungen<\/li>\n<li>Entwurf und Modellierung von Anoden<\/li>\n<li>Entwicklung neuer Lagerst\u00e4ttenalternativen, um den sich st\u00e4ndig \u00e4ndernden Anforderungen der Industrie gerecht zu werden<\/li>\n<li>Fehlerbehebung in der Anwendung<\/li>\n<li>Gr\u00fcndliche Pr\u00fcfung der L\u00f6sung und der Qualit\u00e4t der Abscheidungen, um die Leistungsf\u00e4higkeit der Abscheidungen zu gew\u00e4hrleisten<\/li>\n<li>Pr\u00fcfung auf Mikroh\u00e4rte, Salzspr\u00fchnebel, Stereomikroskopie und R\u00f6ntgenfluoreszenz f\u00fcr die Materialzusammensetzung.<\/li>\n<\/ul>\n","protected":false},"excerpt":{"rendered":"<p>SIFCO ASC bietet unvergleichliche Unterst\u00fctzung bei Ihren selektiven Beschichtungsprojekten. Verlassen Sie sich auf die branchenweit f\u00fchrenden Mitarbeiter in den Bereichen Forschung und Entwicklung sowie technischer Support. Unsere Mitarbeiter im technischen Support verf\u00fcgen \u00fcber mehr als f\u00fcnf Jahrzehnte Erfahrung in der selektiven Beschichtung und im Maschinenbau. Mit diesem Verst\u00e4ndnis bieten unsere voll ausgestatteten Abteilungen f\u00fcr Forschung [&hellip;]<\/p>\n","protected":false},"author":18,"featured_media":0,"parent":0,"menu_order":0,"comment_status":"closed","ping_status":"closed","template":"","meta":{"_acf_changed":false,"inline_featured_image":false,"footnotes":""},"class_list":["post-9718","page","type-page","status-publish","hentry"],"acf":[],"yoast_head":"<!-- This site is optimized with the Yoast SEO plugin v27.6 - https:\/\/yoast.com\/product\/yoast-seo-wordpress\/ -->\n<title>Technische Unterst\u00fctzung | Selektive Beschichtungsspezialisten | SIFCO ASC<\/title>\n<meta name=\"description\" content=\"SIFCO ASC bietet einen unvergleichlichen technischen Support. Wir bieten Anleitung zur grundlegenden technischen Unterst\u00fctzung bis hin zur Entwicklung vollst\u00e4ndiger selektiver Beschichtungsanwendungen.\" \/>\n<meta name=\"robots\" content=\"index, follow, max-snippet:-1, max-image-preview:large, max-video-preview:-1\" \/>\n<link rel=\"canonical\" href=\"https:\/\/www.sifcoasc.com\/de\/technische-unterstuetzung\" \/>\n<meta property=\"og:locale\" content=\"de_DE\" \/>\n<meta property=\"og:type\" content=\"article\" \/>\n<meta property=\"og:title\" content=\"Technische Unterst\u00fctzung | Selektive Beschichtungsspezialisten | SIFCO ASC\" \/>\n<meta property=\"og:description\" content=\"SIFCO ASC bietet einen unvergleichlichen technischen Support. Wir bieten Anleitung zur grundlegenden technischen Unterst\u00fctzung bis hin zur Entwicklung vollst\u00e4ndiger selektiver Beschichtungsanwendungen.\" \/>\n<meta property=\"og:url\" content=\"https:\/\/www.sifcoasc.com\/de\/technische-unterstuetzung\" \/>\n<meta property=\"og:site_name\" content=\"SIFCO Applied Surface Concepts\" \/>\n<meta property=\"article:modified_time\" content=\"2022-07-19T12:25:13+00:00\" \/>\n<meta name=\"twitter:label1\" content=\"Est. reading time\" \/>\n\t<meta name=\"twitter:data1\" content=\"1 Minute\" \/>\n<script type=\"application\/ld+json\" class=\"yoast-schema-graph\">{\"@context\":\"https:\\\/\\\/schema.org\",\"@graph\":[{\"@type\":\"WebPage\",\"@id\":\"https:\\\/\\\/www.sifcoasc.com\\\/de\\\/technische-unterstuetzung\",\"url\":\"https:\\\/\\\/www.sifcoasc.com\\\/de\\\/technische-unterstuetzung\",\"name\":\"Technische Unterst\u00fctzung | Selektive Beschichtungsspezialisten | SIFCO ASC\",\"isPartOf\":{\"@id\":\"https:\\\/\\\/www.sifcoasc.com\\\/de#website\"},\"datePublished\":\"2022-07-14T15:29:37+00:00\",\"dateModified\":\"2022-07-19T12:25:13+00:00\",\"description\":\"SIFCO ASC bietet einen unvergleichlichen technischen Support. Wir bieten Anleitung zur grundlegenden technischen Unterst\u00fctzung bis hin zur Entwicklung vollst\u00e4ndiger selektiver Beschichtungsanwendungen.\",\"breadcrumb\":{\"@id\":\"https:\\\/\\\/www.sifcoasc.com\\\/de\\\/technische-unterstuetzung#breadcrumb\"},\"inLanguage\":\"de-DE\",\"potentialAction\":[{\"@type\":\"ReadAction\",\"target\":[\"https:\\\/\\\/www.sifcoasc.com\\\/de\\\/technische-unterstuetzung\"]}]},{\"@type\":\"BreadcrumbList\",\"@id\":\"https:\\\/\\\/www.sifcoasc.com\\\/de\\\/technische-unterstuetzung#breadcrumb\",\"itemListElement\":[{\"@type\":\"ListItem\",\"position\":1,\"name\":\"Home\",\"item\":\"https:\\\/\\\/www.sifcoasc.com\\\/de\"},{\"@type\":\"ListItem\",\"position\":2,\"name\":\"Technische Unterst\u00fctzung\"}]},{\"@type\":\"WebSite\",\"@id\":\"https:\\\/\\\/www.sifcoasc.com\\\/de#website\",\"url\":\"https:\\\/\\\/www.sifcoasc.com\\\/de\",\"name\":\"SIFCO Applied Surface Concepts\",\"description\":\"\",\"potentialAction\":[{\"@type\":\"SearchAction\",\"target\":{\"@type\":\"EntryPoint\",\"urlTemplate\":\"https:\\\/\\\/www.sifcoasc.com\\\/de?s={search_term_string}\"},\"query-input\":{\"@type\":\"PropertyValueSpecification\",\"valueRequired\":true,\"valueName\":\"search_term_string\"}}],\"inLanguage\":\"de-DE\"}]}<\/script>\n<!-- \/ Yoast SEO plugin. -->","yoast_head_json":{"title":"Technische Unterst\u00fctzung | Selektive Beschichtungsspezialisten | SIFCO ASC","description":"SIFCO ASC bietet einen unvergleichlichen technischen Support. Wir bieten Anleitung zur grundlegenden technischen Unterst\u00fctzung bis hin zur Entwicklung vollst\u00e4ndiger selektiver Beschichtungsanwendungen.","robots":{"index":"index","follow":"follow","max-snippet":"max-snippet:-1","max-image-preview":"max-image-preview:large","max-video-preview":"max-video-preview:-1"},"canonical":"https:\/\/www.sifcoasc.com\/de\/technische-unterstuetzung","og_locale":"de_DE","og_type":"article","og_title":"Technische Unterst\u00fctzung | Selektive Beschichtungsspezialisten | SIFCO ASC","og_description":"SIFCO ASC bietet einen unvergleichlichen technischen Support. Wir bieten Anleitung zur grundlegenden technischen Unterst\u00fctzung bis hin zur Entwicklung vollst\u00e4ndiger selektiver Beschichtungsanwendungen.","og_url":"https:\/\/www.sifcoasc.com\/de\/technische-unterstuetzung","og_site_name":"SIFCO Applied Surface Concepts","article_modified_time":"2022-07-19T12:25:13+00:00","twitter_misc":{"Est. reading time":"1 Minute"},"schema":{"@context":"https:\/\/schema.org","@graph":[{"@type":"WebPage","@id":"https:\/\/www.sifcoasc.com\/de\/technische-unterstuetzung","url":"https:\/\/www.sifcoasc.com\/de\/technische-unterstuetzung","name":"Technische Unterst\u00fctzung | Selektive Beschichtungsspezialisten | SIFCO ASC","isPartOf":{"@id":"https:\/\/www.sifcoasc.com\/de#website"},"datePublished":"2022-07-14T15:29:37+00:00","dateModified":"2022-07-19T12:25:13+00:00","description":"SIFCO ASC bietet einen unvergleichlichen technischen Support. Wir bieten Anleitung zur grundlegenden technischen Unterst\u00fctzung bis hin zur Entwicklung vollst\u00e4ndiger selektiver Beschichtungsanwendungen.","breadcrumb":{"@id":"https:\/\/www.sifcoasc.com\/de\/technische-unterstuetzung#breadcrumb"},"inLanguage":"de-DE","potentialAction":[{"@type":"ReadAction","target":["https:\/\/www.sifcoasc.com\/de\/technische-unterstuetzung"]}]},{"@type":"BreadcrumbList","@id":"https:\/\/www.sifcoasc.com\/de\/technische-unterstuetzung#breadcrumb","itemListElement":[{"@type":"ListItem","position":1,"name":"Home","item":"https:\/\/www.sifcoasc.com\/de"},{"@type":"ListItem","position":2,"name":"Technische Unterst\u00fctzung"}]},{"@type":"WebSite","@id":"https:\/\/www.sifcoasc.com\/de#website","url":"https:\/\/www.sifcoasc.com\/de","name":"SIFCO Applied Surface Concepts","description":"","potentialAction":[{"@type":"SearchAction","target":{"@type":"EntryPoint","urlTemplate":"https:\/\/www.sifcoasc.com\/de?s={search_term_string}"},"query-input":{"@type":"PropertyValueSpecification","valueRequired":true,"valueName":"search_term_string"}}],"inLanguage":"de-DE"}]}},"featured_image_src":null,"featured_image_src_square":null,"_links":{"self":[{"href":"https:\/\/www.sifcoasc.com\/de\/wp-json\/wp\/v2\/pages\/9718","targetHints":{"allow":["GET"]}}],"collection":[{"href":"https:\/\/www.sifcoasc.com\/de\/wp-json\/wp\/v2\/pages"}],"about":[{"href":"https:\/\/www.sifcoasc.com\/de\/wp-json\/wp\/v2\/types\/page"}],"author":[{"embeddable":true,"href":"https:\/\/www.sifcoasc.com\/de\/wp-json\/wp\/v2\/users\/18"}],"replies":[{"embeddable":true,"href":"https:\/\/www.sifcoasc.com\/de\/wp-json\/wp\/v2\/comments?post=9718"}],"version-history":[{"count":0,"href":"https:\/\/www.sifcoasc.com\/de\/wp-json\/wp\/v2\/pages\/9718\/revisions"}],"wp:attachment":[{"href":"https:\/\/www.sifcoasc.com\/de\/wp-json\/wp\/v2\/media?parent=9718"}],"curies":[{"name":"wp","href":"https:\/\/api.w.org\/{rel}","templated":true}]}}