{"id":9736,"date":"2022-07-14T15:29:48","date_gmt":"2022-07-14T15:29:48","guid":{"rendered":"https:\/\/www.sifcoasc.com\/aussendurchmesser\/"},"modified":"2022-07-21T11:07:32","modified_gmt":"2022-07-21T11:07:32","slug":"aussendurchmesser","status":"publish","type":"page","link":"https:\/\/www.sifcoasc.com\/de\/aussendurchmesser","title":{"rendered":"Au\u00dfendurchmesser"},"content":{"rendered":"<h2>Beschichtungsanwendungen f\u00fcr Au\u00dfendurchmesser<\/h2>\n<p class=\"emph\">Das SIFCO-Verfahren\u00ae bietet eine Methode zur selektiven Beschichtung eines lokal begrenzten Bereichs ohne \u00fcberm\u00e4\u00dfige Maskierung bei gleichzeitig hervorragender Haftung. Selektive Beschichtungsanwendungen erzielen optimale Ergebnisse auf Au\u00dfendurchmessern, Innendurchmessern und flachen Oberfl\u00e4chen von Bauteilen.<\/p>\n","protected":false},"excerpt":{"rendered":"<p>Beschichtungsanwendungen f\u00fcr Au\u00dfendurchmesser Das SIFCO-Verfahren\u00ae bietet eine Methode zur selektiven Beschichtung eines lokal begrenzten Bereichs ohne \u00fcberm\u00e4\u00dfige Maskierung bei gleichzeitig hervorragender Haftung. Selektive Beschichtungsanwendungen erzielen optimale Ergebnisse auf Au\u00dfendurchmessern, Innendurchmessern und flachen Oberfl\u00e4chen von Bauteilen.<\/p>\n","protected":false},"author":18,"featured_media":0,"parent":0,"menu_order":0,"comment_status":"closed","ping_status":"closed","template":"","meta":{"_acf_changed":false,"inline_featured_image":false,"footnotes":""},"class_list":["post-9736","page","type-page","status-publish","hentry"],"acf":[],"yoast_head":"<!-- This site is optimized with the Yoast SEO plugin v27.5 - https:\/\/yoast.com\/product\/yoast-seo-wordpress\/ -->\n<title>Selektives Beschichten f\u00fcr Au\u00dfendurchmesser | SIFCO ASC<\/title>\n<meta name=\"description\" content=\"Mit dem SIFCO Process\u00ae k\u00f6nnen Sie die Passgenauigkeit von Au\u00dfendurchmessern (OD) ohne aufw\u00e4ndiges Abkleben anpassen, reparieren und auffrischen.\" \/>\n<meta name=\"robots\" content=\"index, follow, max-snippet:-1, max-image-preview:large, max-video-preview:-1\" \/>\n<link rel=\"canonical\" href=\"https:\/\/www.sifcoasc.com\/de\/aussendurchmesser\" \/>\n<meta property=\"og:locale\" content=\"de_DE\" \/>\n<meta property=\"og:type\" content=\"article\" \/>\n<meta property=\"og:title\" content=\"Selektives Beschichten f\u00fcr Au\u00dfendurchmesser | SIFCO ASC\" \/>\n<meta property=\"og:description\" content=\"Mit dem SIFCO Process\u00ae k\u00f6nnen Sie die Passgenauigkeit von Au\u00dfendurchmessern (OD) ohne aufw\u00e4ndiges Abkleben anpassen, reparieren und auffrischen.\" \/>\n<meta property=\"og:url\" content=\"https:\/\/www.sifcoasc.com\/de\/aussendurchmesser\" \/>\n<meta property=\"og:site_name\" content=\"SIFCO Applied Surface Concepts\" \/>\n<meta property=\"article:modified_time\" content=\"2022-07-21T11:07:32+00:00\" \/>\n<script type=\"application\/ld+json\" class=\"yoast-schema-graph\">{\"@context\":\"https:\\\/\\\/schema.org\",\"@graph\":[{\"@type\":\"WebPage\",\"@id\":\"https:\\\/\\\/www.sifcoasc.com\\\/de\\\/aussendurchmesser\",\"url\":\"https:\\\/\\\/www.sifcoasc.com\\\/de\\\/aussendurchmesser\",\"name\":\"Selektives Beschichten f\u00fcr Au\u00dfendurchmesser | SIFCO ASC\",\"isPartOf\":{\"@id\":\"https:\\\/\\\/www.sifcoasc.com\\\/de#website\"},\"datePublished\":\"2022-07-14T15:29:48+00:00\",\"dateModified\":\"2022-07-21T11:07:32+00:00\",\"description\":\"Mit dem SIFCO Process\u00ae k\u00f6nnen Sie die Passgenauigkeit von Au\u00dfendurchmessern (OD) ohne aufw\u00e4ndiges Abkleben anpassen, reparieren und auffrischen.\",\"breadcrumb\":{\"@id\":\"https:\\\/\\\/www.sifcoasc.com\\\/de\\\/aussendurchmesser#breadcrumb\"},\"inLanguage\":\"de-DE\",\"potentialAction\":[{\"@type\":\"ReadAction\",\"target\":[\"https:\\\/\\\/www.sifcoasc.com\\\/de\\\/aussendurchmesser\"]}]},{\"@type\":\"BreadcrumbList\",\"@id\":\"https:\\\/\\\/www.sifcoasc.com\\\/de\\\/aussendurchmesser#breadcrumb\",\"itemListElement\":[{\"@type\":\"ListItem\",\"position\":1,\"name\":\"Home\",\"item\":\"https:\\\/\\\/www.sifcoasc.com\\\/de\"},{\"@type\":\"ListItem\",\"position\":2,\"name\":\"Au\u00dfendurchmesser\"}]},{\"@type\":\"WebSite\",\"@id\":\"https:\\\/\\\/www.sifcoasc.com\\\/de#website\",\"url\":\"https:\\\/\\\/www.sifcoasc.com\\\/de\",\"name\":\"SIFCO Applied Surface Concepts\",\"description\":\"\",\"potentialAction\":[{\"@type\":\"SearchAction\",\"target\":{\"@type\":\"EntryPoint\",\"urlTemplate\":\"https:\\\/\\\/www.sifcoasc.com\\\/de?s={search_term_string}\"},\"query-input\":{\"@type\":\"PropertyValueSpecification\",\"valueRequired\":true,\"valueName\":\"search_term_string\"}}],\"inLanguage\":\"de-DE\"}]}<\/script>\n<!-- \/ Yoast SEO plugin. -->","yoast_head_json":{"title":"Selektives Beschichten f\u00fcr Au\u00dfendurchmesser | SIFCO ASC","description":"Mit dem SIFCO Process\u00ae k\u00f6nnen Sie die Passgenauigkeit von Au\u00dfendurchmessern (OD) ohne aufw\u00e4ndiges Abkleben anpassen, reparieren und auffrischen.","robots":{"index":"index","follow":"follow","max-snippet":"max-snippet:-1","max-image-preview":"max-image-preview:large","max-video-preview":"max-video-preview:-1"},"canonical":"https:\/\/www.sifcoasc.com\/de\/aussendurchmesser","og_locale":"de_DE","og_type":"article","og_title":"Selektives Beschichten f\u00fcr Au\u00dfendurchmesser | SIFCO ASC","og_description":"Mit dem SIFCO Process\u00ae k\u00f6nnen Sie die Passgenauigkeit von Au\u00dfendurchmessern (OD) ohne aufw\u00e4ndiges Abkleben anpassen, reparieren und auffrischen.","og_url":"https:\/\/www.sifcoasc.com\/de\/aussendurchmesser","og_site_name":"SIFCO Applied Surface Concepts","article_modified_time":"2022-07-21T11:07:32+00:00","schema":{"@context":"https:\/\/schema.org","@graph":[{"@type":"WebPage","@id":"https:\/\/www.sifcoasc.com\/de\/aussendurchmesser","url":"https:\/\/www.sifcoasc.com\/de\/aussendurchmesser","name":"Selektives Beschichten f\u00fcr Au\u00dfendurchmesser | SIFCO ASC","isPartOf":{"@id":"https:\/\/www.sifcoasc.com\/de#website"},"datePublished":"2022-07-14T15:29:48+00:00","dateModified":"2022-07-21T11:07:32+00:00","description":"Mit dem SIFCO Process\u00ae k\u00f6nnen Sie die Passgenauigkeit von Au\u00dfendurchmessern (OD) ohne aufw\u00e4ndiges Abkleben anpassen, reparieren und auffrischen.","breadcrumb":{"@id":"https:\/\/www.sifcoasc.com\/de\/aussendurchmesser#breadcrumb"},"inLanguage":"de-DE","potentialAction":[{"@type":"ReadAction","target":["https:\/\/www.sifcoasc.com\/de\/aussendurchmesser"]}]},{"@type":"BreadcrumbList","@id":"https:\/\/www.sifcoasc.com\/de\/aussendurchmesser#breadcrumb","itemListElement":[{"@type":"ListItem","position":1,"name":"Home","item":"https:\/\/www.sifcoasc.com\/de"},{"@type":"ListItem","position":2,"name":"Au\u00dfendurchmesser"}]},{"@type":"WebSite","@id":"https:\/\/www.sifcoasc.com\/de#website","url":"https:\/\/www.sifcoasc.com\/de","name":"SIFCO Applied Surface Concepts","description":"","potentialAction":[{"@type":"SearchAction","target":{"@type":"EntryPoint","urlTemplate":"https:\/\/www.sifcoasc.com\/de?s={search_term_string}"},"query-input":{"@type":"PropertyValueSpecification","valueRequired":true,"valueName":"search_term_string"}}],"inLanguage":"de-DE"}]}},"featured_image_src":null,"featured_image_src_square":null,"_links":{"self":[{"href":"https:\/\/www.sifcoasc.com\/de\/wp-json\/wp\/v2\/pages\/9736","targetHints":{"allow":["GET"]}}],"collection":[{"href":"https:\/\/www.sifcoasc.com\/de\/wp-json\/wp\/v2\/pages"}],"about":[{"href":"https:\/\/www.sifcoasc.com\/de\/wp-json\/wp\/v2\/types\/page"}],"author":[{"embeddable":true,"href":"https:\/\/www.sifcoasc.com\/de\/wp-json\/wp\/v2\/users\/18"}],"replies":[{"embeddable":true,"href":"https:\/\/www.sifcoasc.com\/de\/wp-json\/wp\/v2\/comments?post=9736"}],"version-history":[{"count":0,"href":"https:\/\/www.sifcoasc.com\/de\/wp-json\/wp\/v2\/pages\/9736\/revisions"}],"wp:attachment":[{"href":"https:\/\/www.sifcoasc.com\/de\/wp-json\/wp\/v2\/media?parent=9736"}],"curies":[{"name":"wp","href":"https:\/\/api.w.org\/{rel}","templated":true}]}}