{"id":9737,"date":"2022-07-14T15:29:49","date_gmt":"2022-07-14T15:29:49","guid":{"rendered":"https:\/\/www.sifcoasc.com\/selektive-beschichtung-anwendungen\/"},"modified":"2022-08-18T10:58:32","modified_gmt":"2022-08-18T10:58:32","slug":"selektive-beschichtung-anwendungen","status":"publish","type":"page","link":"https:\/\/www.sifcoasc.com\/de\/selektive-beschichtung-anwendungen","title":{"rendered":"Selektive Beschichtung Anwendungen"},"content":{"rendered":"<p class=\"emph\">Das SIFCO-Verfahren\u00ae ist eine selektive B\u00fcrstenbeschichtungsmethode zum Aufbringen von Metallschichten auf lokal begrenzte Bereiche ohne Verwendung eines Tauchbeckens. Das portabel Verfahren erm\u00f6glicht es Ihnen, station\u00e4re Teile zu beschichten, die entweder schwer zu bewegen oder zu demontieren sind.<\/p>\n<p><span style=\"font-weight: 400;\">Von <\/span><a href=\"\/de\/luft-und-raumfahrt\/\"><span style=\"font-weight: 400;\">Luft- und Raumfahrt<\/span><\/a><span style=\"font-weight: 400;\"> bis <\/span><a href=\"\/de\/petrochemie\/\"><span style=\"font-weight: 400;\">Petrochemie<\/span><\/a><span style=\"font-weight: 400;\"> und <\/span><a href=\"\/de\/marine\/\"><span style=\"font-weight: 400;\">Schifffahrt<\/span><\/a><span style=\"font-weight: 400;\">Mit der selektiven Beschichtung werden qualitativ hochwertige Komponenten hergestellt, Ausfallzeiten minimiert und Betriebskosten in einer Vielzahl von Branchen gesenkt. Zus\u00e4tzlich,  <\/span><a href=\"\/de\/sifco-process-beschichtungs-kits\/\"><span style=\"font-weight: 400;\">die SIFCO Process\u00ae Galvanik-Kits<\/span><\/a><span style=\"font-weight: 400;\">  kann eine breite Palette von kundenspezifischen Beschichtungs- und Veredelungsanwendungen durchf\u00fchren. Wir bieten zahlreiche L\u00f6sungen aus reinen Metallen und Legierungen an, die auf praktisch alle g\u00e4ngigen Metalle und Legierungen, die heute in der Industrie verwendet werden, galvanisch aufgebracht werden k\u00f6nnen.  <\/span><\/p>\n","protected":false},"excerpt":{"rendered":"<p>Das SIFCO-Verfahren\u00ae ist eine selektive B\u00fcrstenbeschichtungsmethode zum Aufbringen von Metallschichten auf lokal begrenzte Bereiche ohne Verwendung eines Tauchbeckens. Das portabel Verfahren erm\u00f6glicht es Ihnen, station\u00e4re Teile zu beschichten, die entweder schwer zu bewegen oder zu demontieren sind. Von Luft- und Raumfahrt bis Petrochemie und SchifffahrtMit der selektiven Beschichtung werden qualitativ hochwertige Komponenten hergestellt, Ausfallzeiten minimiert [&hellip;]<\/p>\n","protected":false},"author":18,"featured_media":0,"parent":0,"menu_order":0,"comment_status":"closed","ping_status":"closed","template":"","meta":{"_acf_changed":false,"inline_featured_image":false,"footnotes":""},"class_list":["post-9737","page","type-page","status-publish","hentry"],"acf":[],"yoast_head":"<!-- This site is optimized with the Yoast SEO plugin v27.4 - https:\/\/yoast.com\/product\/yoast-seo-wordpress\/ -->\n<title>Selektive Beschichtungsanwendungen | Der SIFCO Prozess\u00ae | SIFCO ASC<\/title>\n<meta name=\"description\" content=\"Mit dem SIFCO Process\u00ae kann eine Vielzahl von selektiven Beschichtungsanwendungen f\u00fcr Leitf\u00e4higkeit, Korrosionsschutz, Verschlei\u00dffestigkeit, Restaurierung und mehr durchgef\u00fchrt werden.\" \/>\n<meta name=\"robots\" content=\"index, follow, max-snippet:-1, max-image-preview:large, max-video-preview:-1\" \/>\n<link rel=\"canonical\" href=\"https:\/\/www.sifcoasc.com\/de\/selektive-beschichtung-anwendungen\" \/>\n<meta property=\"og:locale\" content=\"de_DE\" \/>\n<meta property=\"og:type\" content=\"article\" \/>\n<meta property=\"og:title\" content=\"Selektive Beschichtungsanwendungen | Der SIFCO Prozess\u00ae | SIFCO ASC\" \/>\n<meta property=\"og:description\" content=\"Mit dem SIFCO Process\u00ae kann eine Vielzahl von selektiven Beschichtungsanwendungen f\u00fcr Leitf\u00e4higkeit, Korrosionsschutz, Verschlei\u00dffestigkeit, Restaurierung und mehr durchgef\u00fchrt werden.\" \/>\n<meta property=\"og:url\" content=\"https:\/\/www.sifcoasc.com\/de\/selektive-beschichtung-anwendungen\" \/>\n<meta property=\"og:site_name\" content=\"SIFCO Applied Surface Concepts\" \/>\n<meta property=\"article:modified_time\" content=\"2022-08-18T10:58:32+00:00\" \/>\n<meta name=\"twitter:label1\" content=\"Est. reading time\" \/>\n\t<meta name=\"twitter:data1\" content=\"1 Minute\" \/>\n<script type=\"application\/ld+json\" class=\"yoast-schema-graph\">{\"@context\":\"https:\\\/\\\/schema.org\",\"@graph\":[{\"@type\":\"WebPage\",\"@id\":\"https:\\\/\\\/www.sifcoasc.com\\\/de\\\/selektive-beschichtung-anwendungen\",\"url\":\"https:\\\/\\\/www.sifcoasc.com\\\/de\\\/selektive-beschichtung-anwendungen\",\"name\":\"Selektive Beschichtungsanwendungen | Der SIFCO Prozess\u00ae | SIFCO ASC\",\"isPartOf\":{\"@id\":\"https:\\\/\\\/www.sifcoasc.com\\\/de#website\"},\"datePublished\":\"2022-07-14T15:29:49+00:00\",\"dateModified\":\"2022-08-18T10:58:32+00:00\",\"description\":\"Mit dem SIFCO Process\u00ae kann eine Vielzahl von selektiven Beschichtungsanwendungen f\u00fcr Leitf\u00e4higkeit, Korrosionsschutz, Verschlei\u00dffestigkeit, Restaurierung und mehr durchgef\u00fchrt werden.\",\"breadcrumb\":{\"@id\":\"https:\\\/\\\/www.sifcoasc.com\\\/de\\\/selektive-beschichtung-anwendungen#breadcrumb\"},\"inLanguage\":\"de-DE\",\"potentialAction\":[{\"@type\":\"ReadAction\",\"target\":[\"https:\\\/\\\/www.sifcoasc.com\\\/de\\\/selektive-beschichtung-anwendungen\"]}]},{\"@type\":\"BreadcrumbList\",\"@id\":\"https:\\\/\\\/www.sifcoasc.com\\\/de\\\/selektive-beschichtung-anwendungen#breadcrumb\",\"itemListElement\":[{\"@type\":\"ListItem\",\"position\":1,\"name\":\"Home\",\"item\":\"https:\\\/\\\/www.sifcoasc.com\\\/de\"},{\"@type\":\"ListItem\",\"position\":2,\"name\":\"Selektive Beschichtung Anwendungen\"}]},{\"@type\":\"WebSite\",\"@id\":\"https:\\\/\\\/www.sifcoasc.com\\\/de#website\",\"url\":\"https:\\\/\\\/www.sifcoasc.com\\\/de\",\"name\":\"SIFCO Applied Surface Concepts\",\"description\":\"\",\"potentialAction\":[{\"@type\":\"SearchAction\",\"target\":{\"@type\":\"EntryPoint\",\"urlTemplate\":\"https:\\\/\\\/www.sifcoasc.com\\\/de?s={search_term_string}\"},\"query-input\":{\"@type\":\"PropertyValueSpecification\",\"valueRequired\":true,\"valueName\":\"search_term_string\"}}],\"inLanguage\":\"de-DE\"}]}<\/script>\n<!-- \/ Yoast SEO plugin. -->","yoast_head_json":{"title":"Selektive Beschichtungsanwendungen | Der SIFCO Prozess\u00ae | SIFCO ASC","description":"Mit dem SIFCO Process\u00ae kann eine Vielzahl von selektiven Beschichtungsanwendungen f\u00fcr Leitf\u00e4higkeit, Korrosionsschutz, Verschlei\u00dffestigkeit, Restaurierung und mehr durchgef\u00fchrt werden.","robots":{"index":"index","follow":"follow","max-snippet":"max-snippet:-1","max-image-preview":"max-image-preview:large","max-video-preview":"max-video-preview:-1"},"canonical":"https:\/\/www.sifcoasc.com\/de\/selektive-beschichtung-anwendungen","og_locale":"de_DE","og_type":"article","og_title":"Selektive Beschichtungsanwendungen | Der SIFCO Prozess\u00ae | SIFCO ASC","og_description":"Mit dem SIFCO Process\u00ae kann eine Vielzahl von selektiven Beschichtungsanwendungen f\u00fcr Leitf\u00e4higkeit, Korrosionsschutz, Verschlei\u00dffestigkeit, Restaurierung und mehr durchgef\u00fchrt werden.","og_url":"https:\/\/www.sifcoasc.com\/de\/selektive-beschichtung-anwendungen","og_site_name":"SIFCO Applied Surface Concepts","article_modified_time":"2022-08-18T10:58:32+00:00","twitter_misc":{"Est. reading time":"1 Minute"},"schema":{"@context":"https:\/\/schema.org","@graph":[{"@type":"WebPage","@id":"https:\/\/www.sifcoasc.com\/de\/selektive-beschichtung-anwendungen","url":"https:\/\/www.sifcoasc.com\/de\/selektive-beschichtung-anwendungen","name":"Selektive Beschichtungsanwendungen | Der SIFCO Prozess\u00ae | SIFCO ASC","isPartOf":{"@id":"https:\/\/www.sifcoasc.com\/de#website"},"datePublished":"2022-07-14T15:29:49+00:00","dateModified":"2022-08-18T10:58:32+00:00","description":"Mit dem SIFCO Process\u00ae kann eine Vielzahl von selektiven Beschichtungsanwendungen f\u00fcr Leitf\u00e4higkeit, Korrosionsschutz, Verschlei\u00dffestigkeit, Restaurierung und mehr durchgef\u00fchrt werden.","breadcrumb":{"@id":"https:\/\/www.sifcoasc.com\/de\/selektive-beschichtung-anwendungen#breadcrumb"},"inLanguage":"de-DE","potentialAction":[{"@type":"ReadAction","target":["https:\/\/www.sifcoasc.com\/de\/selektive-beschichtung-anwendungen"]}]},{"@type":"BreadcrumbList","@id":"https:\/\/www.sifcoasc.com\/de\/selektive-beschichtung-anwendungen#breadcrumb","itemListElement":[{"@type":"ListItem","position":1,"name":"Home","item":"https:\/\/www.sifcoasc.com\/de"},{"@type":"ListItem","position":2,"name":"Selektive Beschichtung Anwendungen"}]},{"@type":"WebSite","@id":"https:\/\/www.sifcoasc.com\/de#website","url":"https:\/\/www.sifcoasc.com\/de","name":"SIFCO Applied Surface Concepts","description":"","potentialAction":[{"@type":"SearchAction","target":{"@type":"EntryPoint","urlTemplate":"https:\/\/www.sifcoasc.com\/de?s={search_term_string}"},"query-input":{"@type":"PropertyValueSpecification","valueRequired":true,"valueName":"search_term_string"}}],"inLanguage":"de-DE"}]}},"featured_image_src":null,"featured_image_src_square":null,"_links":{"self":[{"href":"https:\/\/www.sifcoasc.com\/de\/wp-json\/wp\/v2\/pages\/9737","targetHints":{"allow":["GET"]}}],"collection":[{"href":"https:\/\/www.sifcoasc.com\/de\/wp-json\/wp\/v2\/pages"}],"about":[{"href":"https:\/\/www.sifcoasc.com\/de\/wp-json\/wp\/v2\/types\/page"}],"author":[{"embeddable":true,"href":"https:\/\/www.sifcoasc.com\/de\/wp-json\/wp\/v2\/users\/18"}],"replies":[{"embeddable":true,"href":"https:\/\/www.sifcoasc.com\/de\/wp-json\/wp\/v2\/comments?post=9737"}],"version-history":[{"count":0,"href":"https:\/\/www.sifcoasc.com\/de\/wp-json\/wp\/v2\/pages\/9737\/revisions"}],"wp:attachment":[{"href":"https:\/\/www.sifcoasc.com\/de\/wp-json\/wp\/v2\/media?parent=9737"}],"curies":[{"name":"wp","href":"https:\/\/api.w.org\/{rel}","templated":true}]}}