{"id":9742,"date":"2022-07-14T15:29:53","date_gmt":"2022-07-14T15:29:53","guid":{"rendered":"https:\/\/www.sifcoasc.com\/zweck-der-hinterlegung\/"},"modified":"2022-08-18T10:36:48","modified_gmt":"2022-08-18T10:36:48","slug":"zweck-der-hinterlegung","status":"publish","type":"page","link":"https:\/\/www.sifcoasc.com\/de\/zweck-der-hinterlegung","title":{"rendered":"Zweck der Hinterlegung"},"content":{"rendered":"<p class=\"emph\">SIFCO ASC bietet \u00fcber 50 L\u00f6sungen f\u00fcr zahlreiche selektive Beschichtungsanwendungen. Die wichtigsten Abscheidungenen sind nachstehend aufgef\u00fchrt und in verschiedenen chemischen Zusammensetzungen erh\u00e4ltlich, um spezifische Anforderungen an die Anwendung oder die Abscheidungen zu erf\u00fcllen.<\/p>\n","protected":false},"excerpt":{"rendered":"<p>SIFCO ASC bietet \u00fcber 50 L\u00f6sungen f\u00fcr zahlreiche selektive Beschichtungsanwendungen. Die wichtigsten Abscheidungenen sind nachstehend aufgef\u00fchrt und in verschiedenen chemischen Zusammensetzungen erh\u00e4ltlich, um spezifische Anforderungen an die Anwendung oder die Abscheidungen zu erf\u00fcllen.<\/p>\n","protected":false},"author":18,"featured_media":0,"parent":0,"menu_order":0,"comment_status":"closed","ping_status":"closed","template":"","meta":{"_acf_changed":false,"inline_featured_image":false,"footnotes":""},"class_list":["post-9742","page","type-page","status-publish","hentry"],"acf":[],"yoast_head":"<!-- This site is optimized with the Yoast SEO plugin v27.3 - https:\/\/yoast.com\/product\/yoast-seo-wordpress\/ -->\n<title>SIFCO ASC : Zweck der Beschichtung<\/title>\n<meta name=\"description\" content=\"B\u00fcrstenbeschichtungen werden f\u00fcr eine Vielzahl von Bauteilen in vielen verschiedenen Branchen verwendet, darunter Luft- und Raumfahrt, Energieerzeugung, \u00d6l und Gas, Milit\u00e4r, Schifffahrt und allgemeine Industrie.\" \/>\n<meta name=\"robots\" content=\"index, follow, max-snippet:-1, max-image-preview:large, max-video-preview:-1\" \/>\n<link rel=\"canonical\" href=\"https:\/\/www.sifcoasc.com\/de\/zweck-der-hinterlegung\" \/>\n<meta property=\"og:locale\" content=\"de_DE\" \/>\n<meta property=\"og:type\" content=\"article\" \/>\n<meta property=\"og:title\" content=\"SIFCO ASC : Zweck der Beschichtung\" \/>\n<meta property=\"og:description\" content=\"B\u00fcrstenbeschichtungen werden f\u00fcr eine Vielzahl von Bauteilen in vielen verschiedenen Branchen verwendet, darunter Luft- und Raumfahrt, Energieerzeugung, \u00d6l und Gas, Milit\u00e4r, Schifffahrt und allgemeine Industrie.\" \/>\n<meta property=\"og:url\" content=\"https:\/\/www.sifcoasc.com\/de\/zweck-der-hinterlegung\" \/>\n<meta property=\"og:site_name\" content=\"SIFCO Applied Surface Concepts\" \/>\n<meta property=\"article:modified_time\" content=\"2022-08-18T10:36:48+00:00\" \/>\n<script type=\"application\/ld+json\" class=\"yoast-schema-graph\">{\"@context\":\"https:\\\/\\\/schema.org\",\"@graph\":[{\"@type\":\"WebPage\",\"@id\":\"https:\\\/\\\/www.sifcoasc.com\\\/de\\\/zweck-der-hinterlegung\",\"url\":\"https:\\\/\\\/www.sifcoasc.com\\\/de\\\/zweck-der-hinterlegung\",\"name\":\"SIFCO ASC : Zweck der Beschichtung\",\"isPartOf\":{\"@id\":\"https:\\\/\\\/www.sifcoasc.com\\\/de#website\"},\"datePublished\":\"2022-07-14T15:29:53+00:00\",\"dateModified\":\"2022-08-18T10:36:48+00:00\",\"description\":\"B\u00fcrstenbeschichtungen werden f\u00fcr eine Vielzahl von Bauteilen in vielen verschiedenen Branchen verwendet, darunter Luft- und Raumfahrt, Energieerzeugung, \u00d6l und Gas, Milit\u00e4r, Schifffahrt und allgemeine Industrie.\",\"breadcrumb\":{\"@id\":\"https:\\\/\\\/www.sifcoasc.com\\\/de\\\/zweck-der-hinterlegung#breadcrumb\"},\"inLanguage\":\"de-DE\",\"potentialAction\":[{\"@type\":\"ReadAction\",\"target\":[\"https:\\\/\\\/www.sifcoasc.com\\\/de\\\/zweck-der-hinterlegung\"]}]},{\"@type\":\"BreadcrumbList\",\"@id\":\"https:\\\/\\\/www.sifcoasc.com\\\/de\\\/zweck-der-hinterlegung#breadcrumb\",\"itemListElement\":[{\"@type\":\"ListItem\",\"position\":1,\"name\":\"Home\",\"item\":\"https:\\\/\\\/www.sifcoasc.com\\\/de\"},{\"@type\":\"ListItem\",\"position\":2,\"name\":\"Zweck der Hinterlegung\"}]},{\"@type\":\"WebSite\",\"@id\":\"https:\\\/\\\/www.sifcoasc.com\\\/de#website\",\"url\":\"https:\\\/\\\/www.sifcoasc.com\\\/de\",\"name\":\"SIFCO Applied Surface Concepts\",\"description\":\"\",\"potentialAction\":[{\"@type\":\"SearchAction\",\"target\":{\"@type\":\"EntryPoint\",\"urlTemplate\":\"https:\\\/\\\/www.sifcoasc.com\\\/de?s={search_term_string}\"},\"query-input\":{\"@type\":\"PropertyValueSpecification\",\"valueRequired\":true,\"valueName\":\"search_term_string\"}}],\"inLanguage\":\"de-DE\"}]}<\/script>\n<!-- \/ Yoast SEO plugin. -->","yoast_head_json":{"title":"SIFCO ASC : Zweck der Beschichtung","description":"B\u00fcrstenbeschichtungen werden f\u00fcr eine Vielzahl von Bauteilen in vielen verschiedenen Branchen verwendet, darunter Luft- und Raumfahrt, Energieerzeugung, \u00d6l und Gas, Milit\u00e4r, Schifffahrt und allgemeine Industrie.","robots":{"index":"index","follow":"follow","max-snippet":"max-snippet:-1","max-image-preview":"max-image-preview:large","max-video-preview":"max-video-preview:-1"},"canonical":"https:\/\/www.sifcoasc.com\/de\/zweck-der-hinterlegung","og_locale":"de_DE","og_type":"article","og_title":"SIFCO ASC : Zweck der Beschichtung","og_description":"B\u00fcrstenbeschichtungen werden f\u00fcr eine Vielzahl von Bauteilen in vielen verschiedenen Branchen verwendet, darunter Luft- und Raumfahrt, Energieerzeugung, \u00d6l und Gas, Milit\u00e4r, Schifffahrt und allgemeine Industrie.","og_url":"https:\/\/www.sifcoasc.com\/de\/zweck-der-hinterlegung","og_site_name":"SIFCO Applied Surface Concepts","article_modified_time":"2022-08-18T10:36:48+00:00","schema":{"@context":"https:\/\/schema.org","@graph":[{"@type":"WebPage","@id":"https:\/\/www.sifcoasc.com\/de\/zweck-der-hinterlegung","url":"https:\/\/www.sifcoasc.com\/de\/zweck-der-hinterlegung","name":"SIFCO ASC : Zweck der Beschichtung","isPartOf":{"@id":"https:\/\/www.sifcoasc.com\/de#website"},"datePublished":"2022-07-14T15:29:53+00:00","dateModified":"2022-08-18T10:36:48+00:00","description":"B\u00fcrstenbeschichtungen werden f\u00fcr eine Vielzahl von Bauteilen in vielen verschiedenen Branchen verwendet, darunter Luft- und Raumfahrt, Energieerzeugung, \u00d6l und Gas, Milit\u00e4r, Schifffahrt und allgemeine Industrie.","breadcrumb":{"@id":"https:\/\/www.sifcoasc.com\/de\/zweck-der-hinterlegung#breadcrumb"},"inLanguage":"de-DE","potentialAction":[{"@type":"ReadAction","target":["https:\/\/www.sifcoasc.com\/de\/zweck-der-hinterlegung"]}]},{"@type":"BreadcrumbList","@id":"https:\/\/www.sifcoasc.com\/de\/zweck-der-hinterlegung#breadcrumb","itemListElement":[{"@type":"ListItem","position":1,"name":"Home","item":"https:\/\/www.sifcoasc.com\/de"},{"@type":"ListItem","position":2,"name":"Zweck der Hinterlegung"}]},{"@type":"WebSite","@id":"https:\/\/www.sifcoasc.com\/de#website","url":"https:\/\/www.sifcoasc.com\/de","name":"SIFCO Applied Surface Concepts","description":"","potentialAction":[{"@type":"SearchAction","target":{"@type":"EntryPoint","urlTemplate":"https:\/\/www.sifcoasc.com\/de?s={search_term_string}"},"query-input":{"@type":"PropertyValueSpecification","valueRequired":true,"valueName":"search_term_string"}}],"inLanguage":"de-DE"}]}},"featured_image_src":null,"featured_image_src_square":null,"_links":{"self":[{"href":"https:\/\/www.sifcoasc.com\/de\/wp-json\/wp\/v2\/pages\/9742","targetHints":{"allow":["GET"]}}],"collection":[{"href":"https:\/\/www.sifcoasc.com\/de\/wp-json\/wp\/v2\/pages"}],"about":[{"href":"https:\/\/www.sifcoasc.com\/de\/wp-json\/wp\/v2\/types\/page"}],"author":[{"embeddable":true,"href":"https:\/\/www.sifcoasc.com\/de\/wp-json\/wp\/v2\/users\/18"}],"replies":[{"embeddable":true,"href":"https:\/\/www.sifcoasc.com\/de\/wp-json\/wp\/v2\/comments?post=9742"}],"version-history":[{"count":0,"href":"https:\/\/www.sifcoasc.com\/de\/wp-json\/wp\/v2\/pages\/9742\/revisions"}],"wp:attachment":[{"href":"https:\/\/www.sifcoasc.com\/de\/wp-json\/wp\/v2\/media?parent=9742"}],"curies":[{"name":"wp","href":"https:\/\/api.w.org\/{rel}","templated":true}]}}