{"id":9747,"date":"2022-07-14T15:29:56","date_gmt":"2022-07-14T15:29:56","guid":{"rendered":"https:\/\/www.sifcoasc.com\/ablagerungen-und-beschichtungen\/"},"modified":"2022-08-23T06:44:17","modified_gmt":"2022-08-23T06:44:17","slug":"ablagerungen-und-beschichtungen","status":"publish","type":"page","link":"https:\/\/www.sifcoasc.com\/de\/ablagerungen-und-beschichtungen","title":{"rendered":"Abscheidungenen und Beschichtungen"},"content":{"rendered":"<p class=\"emph\">SIFCO ASC produziert und vertreibt selektive Beschichtungen und Abscheidungen h\u00f6chster Qualit\u00e4t.<\/p>\n<p>SIFCO ASC bietet mehr als 50 L\u00f6sungen f\u00fcr nahezu jede selektive Beschichtungsanwendung. Die wichtigsten Abscheidungen und Beschichtungen sind nachstehend aufgef\u00fchrt und in verschiedenen chemischen Varianten erh\u00e4ltlich, um spezifische Anforderungen an die Anwendung oder Abscheidung zu erf\u00fcllen.<\/p>\n","protected":false},"excerpt":{"rendered":"<p>SIFCO ASC produziert und vertreibt selektive Beschichtungen und Abscheidungen h\u00f6chster Qualit\u00e4t. SIFCO ASC bietet mehr als 50 L\u00f6sungen f\u00fcr nahezu jede selektive Beschichtungsanwendung. Die wichtigsten Abscheidungen und Beschichtungen sind nachstehend aufgef\u00fchrt und in verschiedenen chemischen Varianten erh\u00e4ltlich, um spezifische Anforderungen an die Anwendung oder Abscheidung zu erf\u00fcllen.<\/p>\n","protected":false},"author":18,"featured_media":0,"parent":0,"menu_order":0,"comment_status":"closed","ping_status":"closed","template":"","meta":{"_acf_changed":false,"inline_featured_image":false,"footnotes":""},"class_list":["post-9747","page","type-page","status-publish","hentry"],"acf":[],"yoast_head":"<!-- This site is optimized with the Yoast SEO plugin v27.4 - https:\/\/yoast.com\/product\/yoast-seo-wordpress\/ -->\n<title>Abscheidungen und Beschichtungen | Selektive Beschichtungsl\u00f6sungen | SIFCO ASC<\/title>\n<meta name=\"description\" content=\"Die wichtigsten Beschichtungen von SIFCO ASC sind in verschiedenen chemischen Zusammensetzungen erh\u00e4ltlich, um spezifische Anforderungen an die Anwendung oder die Beschichtung zu erf\u00fcllen.\" \/>\n<meta name=\"robots\" content=\"index, follow, max-snippet:-1, max-image-preview:large, max-video-preview:-1\" \/>\n<link rel=\"canonical\" href=\"https:\/\/www.sifcoasc.com\/de\/ablagerungen-und-beschichtungen\" \/>\n<meta property=\"og:locale\" content=\"de_DE\" \/>\n<meta property=\"og:type\" content=\"article\" \/>\n<meta property=\"og:title\" content=\"Abscheidungen und Beschichtungen | Selektive Beschichtungsl\u00f6sungen | SIFCO ASC\" \/>\n<meta property=\"og:description\" content=\"Die wichtigsten Beschichtungen von SIFCO ASC sind in verschiedenen chemischen Zusammensetzungen erh\u00e4ltlich, um spezifische Anforderungen an die Anwendung oder die Beschichtung zu erf\u00fcllen.\" \/>\n<meta property=\"og:url\" content=\"https:\/\/www.sifcoasc.com\/de\/ablagerungen-und-beschichtungen\" \/>\n<meta property=\"og:site_name\" content=\"SIFCO Applied Surface Concepts\" \/>\n<meta property=\"article:modified_time\" content=\"2022-08-23T06:44:17+00:00\" \/>\n<script type=\"application\/ld+json\" class=\"yoast-schema-graph\">{\"@context\":\"https:\\\/\\\/schema.org\",\"@graph\":[{\"@type\":\"WebPage\",\"@id\":\"https:\\\/\\\/www.sifcoasc.com\\\/de\\\/ablagerungen-und-beschichtungen\",\"url\":\"https:\\\/\\\/www.sifcoasc.com\\\/de\\\/ablagerungen-und-beschichtungen\",\"name\":\"Abscheidungen und Beschichtungen | Selektive Beschichtungsl\u00f6sungen | SIFCO ASC\",\"isPartOf\":{\"@id\":\"https:\\\/\\\/www.sifcoasc.com\\\/de#website\"},\"datePublished\":\"2022-07-14T15:29:56+00:00\",\"dateModified\":\"2022-08-23T06:44:17+00:00\",\"description\":\"Die wichtigsten Beschichtungen von SIFCO ASC sind in verschiedenen chemischen Zusammensetzungen erh\u00e4ltlich, um spezifische Anforderungen an die Anwendung oder die Beschichtung zu erf\u00fcllen.\",\"breadcrumb\":{\"@id\":\"https:\\\/\\\/www.sifcoasc.com\\\/de\\\/ablagerungen-und-beschichtungen#breadcrumb\"},\"inLanguage\":\"de-DE\",\"potentialAction\":[{\"@type\":\"ReadAction\",\"target\":[\"https:\\\/\\\/www.sifcoasc.com\\\/de\\\/ablagerungen-und-beschichtungen\"]}]},{\"@type\":\"BreadcrumbList\",\"@id\":\"https:\\\/\\\/www.sifcoasc.com\\\/de\\\/ablagerungen-und-beschichtungen#breadcrumb\",\"itemListElement\":[{\"@type\":\"ListItem\",\"position\":1,\"name\":\"Home\",\"item\":\"https:\\\/\\\/www.sifcoasc.com\\\/de\"},{\"@type\":\"ListItem\",\"position\":2,\"name\":\"Abscheidungenen und Beschichtungen\"}]},{\"@type\":\"WebSite\",\"@id\":\"https:\\\/\\\/www.sifcoasc.com\\\/de#website\",\"url\":\"https:\\\/\\\/www.sifcoasc.com\\\/de\",\"name\":\"SIFCO Applied Surface Concepts\",\"description\":\"\",\"potentialAction\":[{\"@type\":\"SearchAction\",\"target\":{\"@type\":\"EntryPoint\",\"urlTemplate\":\"https:\\\/\\\/www.sifcoasc.com\\\/de?s={search_term_string}\"},\"query-input\":{\"@type\":\"PropertyValueSpecification\",\"valueRequired\":true,\"valueName\":\"search_term_string\"}}],\"inLanguage\":\"de-DE\"}]}<\/script>\n<!-- \/ Yoast SEO plugin. -->","yoast_head_json":{"title":"Abscheidungen und Beschichtungen | Selektive Beschichtungsl\u00f6sungen | SIFCO ASC","description":"Die wichtigsten Beschichtungen von SIFCO ASC sind in verschiedenen chemischen Zusammensetzungen erh\u00e4ltlich, um spezifische Anforderungen an die Anwendung oder die Beschichtung zu erf\u00fcllen.","robots":{"index":"index","follow":"follow","max-snippet":"max-snippet:-1","max-image-preview":"max-image-preview:large","max-video-preview":"max-video-preview:-1"},"canonical":"https:\/\/www.sifcoasc.com\/de\/ablagerungen-und-beschichtungen","og_locale":"de_DE","og_type":"article","og_title":"Abscheidungen und Beschichtungen | Selektive Beschichtungsl\u00f6sungen | SIFCO ASC","og_description":"Die wichtigsten Beschichtungen von SIFCO ASC sind in verschiedenen chemischen Zusammensetzungen erh\u00e4ltlich, um spezifische Anforderungen an die Anwendung oder die Beschichtung zu erf\u00fcllen.","og_url":"https:\/\/www.sifcoasc.com\/de\/ablagerungen-und-beschichtungen","og_site_name":"SIFCO Applied Surface Concepts","article_modified_time":"2022-08-23T06:44:17+00:00","schema":{"@context":"https:\/\/schema.org","@graph":[{"@type":"WebPage","@id":"https:\/\/www.sifcoasc.com\/de\/ablagerungen-und-beschichtungen","url":"https:\/\/www.sifcoasc.com\/de\/ablagerungen-und-beschichtungen","name":"Abscheidungen und Beschichtungen | Selektive Beschichtungsl\u00f6sungen | SIFCO ASC","isPartOf":{"@id":"https:\/\/www.sifcoasc.com\/de#website"},"datePublished":"2022-07-14T15:29:56+00:00","dateModified":"2022-08-23T06:44:17+00:00","description":"Die wichtigsten Beschichtungen von SIFCO ASC sind in verschiedenen chemischen Zusammensetzungen erh\u00e4ltlich, um spezifische Anforderungen an die Anwendung oder die Beschichtung zu erf\u00fcllen.","breadcrumb":{"@id":"https:\/\/www.sifcoasc.com\/de\/ablagerungen-und-beschichtungen#breadcrumb"},"inLanguage":"de-DE","potentialAction":[{"@type":"ReadAction","target":["https:\/\/www.sifcoasc.com\/de\/ablagerungen-und-beschichtungen"]}]},{"@type":"BreadcrumbList","@id":"https:\/\/www.sifcoasc.com\/de\/ablagerungen-und-beschichtungen#breadcrumb","itemListElement":[{"@type":"ListItem","position":1,"name":"Home","item":"https:\/\/www.sifcoasc.com\/de"},{"@type":"ListItem","position":2,"name":"Abscheidungenen und Beschichtungen"}]},{"@type":"WebSite","@id":"https:\/\/www.sifcoasc.com\/de#website","url":"https:\/\/www.sifcoasc.com\/de","name":"SIFCO Applied Surface Concepts","description":"","potentialAction":[{"@type":"SearchAction","target":{"@type":"EntryPoint","urlTemplate":"https:\/\/www.sifcoasc.com\/de?s={search_term_string}"},"query-input":{"@type":"PropertyValueSpecification","valueRequired":true,"valueName":"search_term_string"}}],"inLanguage":"de-DE"}]}},"featured_image_src":null,"featured_image_src_square":null,"_links":{"self":[{"href":"https:\/\/www.sifcoasc.com\/de\/wp-json\/wp\/v2\/pages\/9747","targetHints":{"allow":["GET"]}}],"collection":[{"href":"https:\/\/www.sifcoasc.com\/de\/wp-json\/wp\/v2\/pages"}],"about":[{"href":"https:\/\/www.sifcoasc.com\/de\/wp-json\/wp\/v2\/types\/page"}],"author":[{"embeddable":true,"href":"https:\/\/www.sifcoasc.com\/de\/wp-json\/wp\/v2\/users\/18"}],"replies":[{"embeddable":true,"href":"https:\/\/www.sifcoasc.com\/de\/wp-json\/wp\/v2\/comments?post=9747"}],"version-history":[{"count":0,"href":"https:\/\/www.sifcoasc.com\/de\/wp-json\/wp\/v2\/pages\/9747\/revisions"}],"wp:attachment":[{"href":"https:\/\/www.sifcoasc.com\/de\/wp-json\/wp\/v2\/media?parent=9747"}],"curies":[{"name":"wp","href":"https:\/\/api.w.org\/{rel}","templated":true}]}}