{"id":9762,"date":"2022-07-14T15:30:16","date_gmt":"2022-07-14T15:30:16","guid":{"rendered":"https:\/\/www.sifcoasc.com\/stromerzeugung\/"},"modified":"2022-08-24T05:30:23","modified_gmt":"2022-08-24T05:30:23","slug":"stromerzeugung","status":"publish","type":"page","link":"https:\/\/www.sifcoasc.com\/de\/stromerzeugung","title":{"rendered":"Stromerzeugung"},"content":{"rendered":"<h2>Selektive Beschichtung f\u00fcr die Stromerzeugung<\/h2>\n<p class=\"emph\"><a class=\"popup-youtube\" href=\"https:\/\/www.youtube.com\/watch?v=hVQamG4rMsk\"><img loading=\"lazy\" decoding=\"async\" width=\"555\" height=\"309\" class=\"size-full wp-image-2264 alignright\" title=\"Stromerzeugung  \" src=\"\/wp-content\/uploads\/img1-1.png\" alt=\"Stromerzeugung  \" srcset=\"https:\/\/www.sifcoasc.com\/wp-content\/uploads\/img1-1.png 555w, https:\/\/www.sifcoasc.com\/wp-content\/uploads\/img1-1-500x278.png 500w\" sizes=\"auto, (max-width: 709px) 85vw, (max-width: 909px) 67vw, (max-width: 1362px) 62vw, 840px\" \/><\/a>Die weltweit f\u00fchrenden Unternehmen der Energieerzeugungsindustrie nutzen die selektive B\u00fcrstenbeschichtung und die Dienstleistungen von SIFCO ASC zur Verbesserung und Reparatur einer Vielzahl von Turbinenkomponenten.<\/p>\n<p><strong>Die Energieerzeugungsindustrie steht vor zahlreichen Herausforderungen in Bezug auf Betrieb und Wartung, wie z. B. Verschlei\u00df von Komponenten, Korrosion, Fretting und Leitf\u00e4higkeit. Das SIFCO-Verfahren\u00ae umfasst eine breite Palette von galvanischen Abscheidungen, die den anspruchsvollen technischen Anforderungen f\u00fcr Turbinenanwendungen entsprechen.<\/strong><\/p>\n<p><strong>Typische Anwendungen f\u00fcr SIFCO ASC in diesem Bereich sind die Versilberung von Handfl\u00e4chen, D\u00e4mpferwicklungen, Kupferkeilen und -b\u00e4ndern sowie die Beschichtung von Wellen und Motorkomponenten.<\/strong><\/p>\n<h2><strong>Typische Anwendungen der selektiven Galvanotechnik<\/strong><\/h2>\n<ul>\n<li>Senkung des elektrischen Kontaktwiderstands<\/li>\n<li>Verbesserung der Verschlei\u00dffestigkeit<\/li>\n<li>Verbesserung der Korrosionsbest\u00e4ndigkeit<\/li>\n<li>Vorl\u00f6tbeschichtungen<\/li>\n<li>Anti-Fressen<\/li>\n<li>Erh\u00f6hung der Oberfl\u00e4chenh\u00e4rte<\/li>\n<\/ul>\n","protected":false},"excerpt":{"rendered":"<p>Selektive Beschichtung f\u00fcr die Stromerzeugung Die weltweit f\u00fchrenden Unternehmen der Energieerzeugungsindustrie nutzen die selektive B\u00fcrstenbeschichtung und die Dienstleistungen von SIFCO ASC zur Verbesserung und Reparatur einer Vielzahl von Turbinenkomponenten. Die Energieerzeugungsindustrie steht vor zahlreichen Herausforderungen in Bezug auf Betrieb und Wartung, wie z. B. Verschlei\u00df von Komponenten, Korrosion, Fretting und Leitf\u00e4higkeit. Das SIFCO-Verfahren\u00ae umfasst eine [&hellip;]<\/p>\n","protected":false},"author":18,"featured_media":0,"parent":0,"menu_order":0,"comment_status":"closed","ping_status":"closed","template":"","meta":{"_acf_changed":false,"inline_featured_image":false,"footnotes":""},"class_list":["post-9762","page","type-page","status-publish","hentry"],"acf":[],"yoast_head":"<!-- This site is optimized with the Yoast SEO plugin v27.6 - https:\/\/yoast.com\/product\/yoast-seo-wordpress\/ -->\n<title>Stromerzeugung | Selektive Beschichtungsl\u00f6sungen | SIFCO ASC<\/title>\n<meta name=\"description\" content=\"Das SIFCO-Verfahren\u00ae ist ein selektives Beschichtungsverfahren f\u00fcr Stromerzeugungskomponenten. F\u00fcr weitere Informationen \u00fcber unsere Dienstleistungen im Bereich B\u00fcrstenbeschichtung wenden Sie sich bitte an uns.\" \/>\n<meta name=\"robots\" content=\"index, follow, max-snippet:-1, max-image-preview:large, max-video-preview:-1\" \/>\n<link rel=\"canonical\" href=\"https:\/\/www.sifcoasc.com\/de\/stromerzeugung\" \/>\n<meta property=\"og:locale\" content=\"de_DE\" \/>\n<meta property=\"og:type\" content=\"article\" \/>\n<meta property=\"og:title\" content=\"Stromerzeugung | Selektive Beschichtungsl\u00f6sungen | SIFCO ASC\" \/>\n<meta property=\"og:description\" content=\"Das SIFCO-Verfahren\u00ae ist ein selektives Beschichtungsverfahren f\u00fcr Stromerzeugungskomponenten. F\u00fcr weitere Informationen \u00fcber unsere Dienstleistungen im Bereich B\u00fcrstenbeschichtung wenden Sie sich bitte an uns.\" \/>\n<meta property=\"og:url\" content=\"https:\/\/www.sifcoasc.com\/de\/stromerzeugung\" \/>\n<meta property=\"og:site_name\" content=\"SIFCO Applied Surface Concepts\" \/>\n<meta property=\"article:modified_time\" content=\"2022-08-24T05:30:23+00:00\" \/>\n<meta name=\"twitter:label1\" content=\"Est. reading time\" \/>\n\t<meta name=\"twitter:data1\" content=\"1 Minute\" \/>\n<script type=\"application\/ld+json\" class=\"yoast-schema-graph\">{\"@context\":\"https:\\\/\\\/schema.org\",\"@graph\":[{\"@type\":\"WebPage\",\"@id\":\"https:\\\/\\\/www.sifcoasc.com\\\/de\\\/stromerzeugung\",\"url\":\"https:\\\/\\\/www.sifcoasc.com\\\/de\\\/stromerzeugung\",\"name\":\"Stromerzeugung | Selektive Beschichtungsl\u00f6sungen | SIFCO ASC\",\"isPartOf\":{\"@id\":\"https:\\\/\\\/www.sifcoasc.com\\\/de#website\"},\"datePublished\":\"2022-07-14T15:30:16+00:00\",\"dateModified\":\"2022-08-24T05:30:23+00:00\",\"description\":\"Das SIFCO-Verfahren\u00ae ist ein selektives Beschichtungsverfahren f\u00fcr Stromerzeugungskomponenten. F\u00fcr weitere Informationen \u00fcber unsere Dienstleistungen im Bereich B\u00fcrstenbeschichtung wenden Sie sich bitte an uns.\",\"breadcrumb\":{\"@id\":\"https:\\\/\\\/www.sifcoasc.com\\\/de\\\/stromerzeugung#breadcrumb\"},\"inLanguage\":\"de-DE\",\"potentialAction\":[{\"@type\":\"ReadAction\",\"target\":[\"https:\\\/\\\/www.sifcoasc.com\\\/de\\\/stromerzeugung\"]}]},{\"@type\":\"BreadcrumbList\",\"@id\":\"https:\\\/\\\/www.sifcoasc.com\\\/de\\\/stromerzeugung#breadcrumb\",\"itemListElement\":[{\"@type\":\"ListItem\",\"position\":1,\"name\":\"Home\",\"item\":\"https:\\\/\\\/www.sifcoasc.com\\\/de\"},{\"@type\":\"ListItem\",\"position\":2,\"name\":\"Stromerzeugung\"}]},{\"@type\":\"WebSite\",\"@id\":\"https:\\\/\\\/www.sifcoasc.com\\\/de#website\",\"url\":\"https:\\\/\\\/www.sifcoasc.com\\\/de\",\"name\":\"SIFCO Applied Surface Concepts\",\"description\":\"\",\"potentialAction\":[{\"@type\":\"SearchAction\",\"target\":{\"@type\":\"EntryPoint\",\"urlTemplate\":\"https:\\\/\\\/www.sifcoasc.com\\\/de?s={search_term_string}\"},\"query-input\":{\"@type\":\"PropertyValueSpecification\",\"valueRequired\":true,\"valueName\":\"search_term_string\"}}],\"inLanguage\":\"de-DE\"}]}<\/script>\n<!-- \/ Yoast SEO plugin. -->","yoast_head_json":{"title":"Stromerzeugung | Selektive Beschichtungsl\u00f6sungen | SIFCO ASC","description":"Das SIFCO-Verfahren\u00ae ist ein selektives Beschichtungsverfahren f\u00fcr Stromerzeugungskomponenten. F\u00fcr weitere Informationen \u00fcber unsere Dienstleistungen im Bereich B\u00fcrstenbeschichtung wenden Sie sich bitte an uns.","robots":{"index":"index","follow":"follow","max-snippet":"max-snippet:-1","max-image-preview":"max-image-preview:large","max-video-preview":"max-video-preview:-1"},"canonical":"https:\/\/www.sifcoasc.com\/de\/stromerzeugung","og_locale":"de_DE","og_type":"article","og_title":"Stromerzeugung | Selektive Beschichtungsl\u00f6sungen | SIFCO ASC","og_description":"Das SIFCO-Verfahren\u00ae ist ein selektives Beschichtungsverfahren f\u00fcr Stromerzeugungskomponenten. F\u00fcr weitere Informationen \u00fcber unsere Dienstleistungen im Bereich B\u00fcrstenbeschichtung wenden Sie sich bitte an uns.","og_url":"https:\/\/www.sifcoasc.com\/de\/stromerzeugung","og_site_name":"SIFCO Applied Surface Concepts","article_modified_time":"2022-08-24T05:30:23+00:00","twitter_misc":{"Est. reading time":"1 Minute"},"schema":{"@context":"https:\/\/schema.org","@graph":[{"@type":"WebPage","@id":"https:\/\/www.sifcoasc.com\/de\/stromerzeugung","url":"https:\/\/www.sifcoasc.com\/de\/stromerzeugung","name":"Stromerzeugung | Selektive Beschichtungsl\u00f6sungen | SIFCO ASC","isPartOf":{"@id":"https:\/\/www.sifcoasc.com\/de#website"},"datePublished":"2022-07-14T15:30:16+00:00","dateModified":"2022-08-24T05:30:23+00:00","description":"Das SIFCO-Verfahren\u00ae ist ein selektives Beschichtungsverfahren f\u00fcr Stromerzeugungskomponenten. F\u00fcr weitere Informationen \u00fcber unsere Dienstleistungen im Bereich B\u00fcrstenbeschichtung wenden Sie sich bitte an uns.","breadcrumb":{"@id":"https:\/\/www.sifcoasc.com\/de\/stromerzeugung#breadcrumb"},"inLanguage":"de-DE","potentialAction":[{"@type":"ReadAction","target":["https:\/\/www.sifcoasc.com\/de\/stromerzeugung"]}]},{"@type":"BreadcrumbList","@id":"https:\/\/www.sifcoasc.com\/de\/stromerzeugung#breadcrumb","itemListElement":[{"@type":"ListItem","position":1,"name":"Home","item":"https:\/\/www.sifcoasc.com\/de"},{"@type":"ListItem","position":2,"name":"Stromerzeugung"}]},{"@type":"WebSite","@id":"https:\/\/www.sifcoasc.com\/de#website","url":"https:\/\/www.sifcoasc.com\/de","name":"SIFCO Applied Surface Concepts","description":"","potentialAction":[{"@type":"SearchAction","target":{"@type":"EntryPoint","urlTemplate":"https:\/\/www.sifcoasc.com\/de?s={search_term_string}"},"query-input":{"@type":"PropertyValueSpecification","valueRequired":true,"valueName":"search_term_string"}}],"inLanguage":"de-DE"}]}},"featured_image_src":null,"featured_image_src_square":null,"_links":{"self":[{"href":"https:\/\/www.sifcoasc.com\/de\/wp-json\/wp\/v2\/pages\/9762","targetHints":{"allow":["GET"]}}],"collection":[{"href":"https:\/\/www.sifcoasc.com\/de\/wp-json\/wp\/v2\/pages"}],"about":[{"href":"https:\/\/www.sifcoasc.com\/de\/wp-json\/wp\/v2\/types\/page"}],"author":[{"embeddable":true,"href":"https:\/\/www.sifcoasc.com\/de\/wp-json\/wp\/v2\/users\/18"}],"replies":[{"embeddable":true,"href":"https:\/\/www.sifcoasc.com\/de\/wp-json\/wp\/v2\/comments?post=9762"}],"version-history":[{"count":0,"href":"https:\/\/www.sifcoasc.com\/de\/wp-json\/wp\/v2\/pages\/9762\/revisions"}],"wp:attachment":[{"href":"https:\/\/www.sifcoasc.com\/de\/wp-json\/wp\/v2\/media?parent=9762"}],"curies":[{"name":"wp","href":"https:\/\/api.w.org\/{rel}","templated":true}]}}