{"id":9768,"date":"2022-07-14T15:30:51","date_gmt":"2022-07-14T15:30:51","guid":{"rendered":"https:\/\/www.sifcoasc.com\/stromerzeugung\/whitepaper-zur-stromerzeugung\/"},"modified":"2022-08-18T10:17:40","modified_gmt":"2022-08-18T10:17:40","slug":"whitepaper-zur-stromerzeugung","status":"publish","type":"page","link":"https:\/\/www.sifcoasc.com\/de\/stromerzeugung\/whitepaper-zur-stromerzeugung","title":{"rendered":"Whitepaper zur Stromerzeugung"},"content":{"rendered":"<h4 class=\"emph\">Bek\u00e4mpfung der Korrosionskosten in der Stromerzeugungsindustrie<\/h4>\n<p>Die derzeitigen Kosten der Korrosion f\u00fcr die US-Industrie wurden f\u00fcr 2015 auf 540 Milliarden Dollar gesch\u00e4tzt. Angesichts einer immer \u00e4lter werdenden Infrastruktur werden diese Kosten wahrscheinlich steigen und m\u00fcssen dringend angegangen werden.<\/p>\n<p>Eine wichtige Voraussetzung f\u00fcr die Bek\u00e4mpfung der wirtschaftlichen Auswirkungen von Korrosions- und Verschlei\u00dfsch\u00e4den an Stromerzeugungsanlagen sind selektive Beschichtungen, die die Leistung, die Langlebigkeit und den Schutz von Komponenten verbessern oder f\u00fcr schnelle und kosteng\u00fcnstige Reparaturen eingesetzt werden k\u00f6nnen.<\/p>\n<p>Wenn Sie keine Gelegenheit hatten, uns an unserem Stand auf der Power-Gen International zu besuchen und mehr erfahren m\u00f6chten, kontaktieren Sie uns noch heute unter <a href=\"mailto:info@sifcoasc.com\">info@sifcoasc.com<\/a> oder <a href=\"tel:2165240099\">216.524.0099<\/a>, oder <a href=\"\/power-generation\/#powergen-whitepaper\" target=\"_blank\" rel=\"noopener noreferrer\">laden Sie unser Whitepaper hier herunter<\/a><\/p>\n","protected":false},"excerpt":{"rendered":"<p>Bek\u00e4mpfung der Korrosionskosten in der Stromerzeugungsindustrie Die derzeitigen Kosten der Korrosion f\u00fcr die US-Industrie wurden f\u00fcr 2015 auf 540 Milliarden Dollar gesch\u00e4tzt. Angesichts einer immer \u00e4lter werdenden Infrastruktur werden diese Kosten wahrscheinlich steigen und m\u00fcssen dringend angegangen werden. Eine wichtige Voraussetzung f\u00fcr die Bek\u00e4mpfung der wirtschaftlichen Auswirkungen von Korrosions- und Verschlei\u00dfsch\u00e4den an Stromerzeugungsanlagen sind selektive [&hellip;]<\/p>\n","protected":false},"author":18,"featured_media":0,"parent":9762,"menu_order":0,"comment_status":"closed","ping_status":"closed","template":"","meta":{"_acf_changed":false,"inline_featured_image":false,"footnotes":""},"class_list":["post-9768","page","type-page","status-publish","hentry"],"acf":[],"yoast_head":"<!-- This site is optimized with the Yoast SEO plugin v27.4 - https:\/\/yoast.com\/product\/yoast-seo-wordpress\/ -->\n<title>Bek\u00e4mpfung der Korrosionskosten in der Stromerzeugungsindustrie<\/title>\n<meta name=\"description\" content=\"Eine wichtige Voraussetzung f\u00fcr die Bek\u00e4mpfung der wirtschaftlichen Auswirkungen von Korrosions- und Verschlei\u00dfsch\u00e4den an Stromerzeugungsanlagen ist die selektive Beschichtung.\" \/>\n<meta name=\"robots\" content=\"index, follow, max-snippet:-1, max-image-preview:large, max-video-preview:-1\" \/>\n<link rel=\"canonical\" href=\"https:\/\/www.sifcoasc.com\/de\/stromerzeugung\/whitepaper-zur-stromerzeugung\" \/>\n<meta property=\"og:locale\" content=\"de_DE\" \/>\n<meta property=\"og:type\" content=\"article\" \/>\n<meta property=\"og:title\" content=\"Bek\u00e4mpfung der Korrosionskosten in der Stromerzeugungsindustrie\" \/>\n<meta property=\"og:description\" content=\"Eine wichtige Voraussetzung f\u00fcr die Bek\u00e4mpfung der wirtschaftlichen Auswirkungen von Korrosions- und Verschlei\u00dfsch\u00e4den an Stromerzeugungsanlagen ist die selektive Beschichtung.\" \/>\n<meta property=\"og:url\" content=\"https:\/\/www.sifcoasc.com\/de\/stromerzeugung\/whitepaper-zur-stromerzeugung\" \/>\n<meta property=\"og:site_name\" content=\"SIFCO Applied Surface Concepts\" \/>\n<meta property=\"article:modified_time\" content=\"2022-08-18T10:17:40+00:00\" \/>\n<meta name=\"twitter:label1\" content=\"Est. reading time\" \/>\n\t<meta name=\"twitter:data1\" content=\"1 Minute\" \/>\n<script type=\"application\/ld+json\" class=\"yoast-schema-graph\">{\"@context\":\"https:\\\/\\\/schema.org\",\"@graph\":[{\"@type\":\"WebPage\",\"@id\":\"https:\\\/\\\/www.sifcoasc.com\\\/de\\\/stromerzeugung\\\/whitepaper-zur-stromerzeugung\",\"url\":\"https:\\\/\\\/www.sifcoasc.com\\\/de\\\/stromerzeugung\\\/whitepaper-zur-stromerzeugung\",\"name\":\"Bek\u00e4mpfung der Korrosionskosten in der Stromerzeugungsindustrie\",\"isPartOf\":{\"@id\":\"https:\\\/\\\/www.sifcoasc.com\\\/de#website\"},\"datePublished\":\"2022-07-14T15:30:51+00:00\",\"dateModified\":\"2022-08-18T10:17:40+00:00\",\"description\":\"Eine wichtige Voraussetzung f\u00fcr die Bek\u00e4mpfung der wirtschaftlichen Auswirkungen von Korrosions- und Verschlei\u00dfsch\u00e4den an Stromerzeugungsanlagen ist die selektive Beschichtung.\",\"breadcrumb\":{\"@id\":\"https:\\\/\\\/www.sifcoasc.com\\\/de\\\/stromerzeugung\\\/whitepaper-zur-stromerzeugung#breadcrumb\"},\"inLanguage\":\"de-DE\",\"potentialAction\":[{\"@type\":\"ReadAction\",\"target\":[\"https:\\\/\\\/www.sifcoasc.com\\\/de\\\/stromerzeugung\\\/whitepaper-zur-stromerzeugung\"]}]},{\"@type\":\"BreadcrumbList\",\"@id\":\"https:\\\/\\\/www.sifcoasc.com\\\/de\\\/stromerzeugung\\\/whitepaper-zur-stromerzeugung#breadcrumb\",\"itemListElement\":[{\"@type\":\"ListItem\",\"position\":1,\"name\":\"Home\",\"item\":\"https:\\\/\\\/www.sifcoasc.com\\\/de\"},{\"@type\":\"ListItem\",\"position\":2,\"name\":\"Stromerzeugung\",\"item\":\"https:\\\/\\\/www.sifcoasc.com\\\/de\\\/stromerzeugung\"},{\"@type\":\"ListItem\",\"position\":3,\"name\":\"Whitepaper zur Stromerzeugung\"}]},{\"@type\":\"WebSite\",\"@id\":\"https:\\\/\\\/www.sifcoasc.com\\\/de#website\",\"url\":\"https:\\\/\\\/www.sifcoasc.com\\\/de\",\"name\":\"SIFCO Applied Surface Concepts\",\"description\":\"\",\"potentialAction\":[{\"@type\":\"SearchAction\",\"target\":{\"@type\":\"EntryPoint\",\"urlTemplate\":\"https:\\\/\\\/www.sifcoasc.com\\\/de?s={search_term_string}\"},\"query-input\":{\"@type\":\"PropertyValueSpecification\",\"valueRequired\":true,\"valueName\":\"search_term_string\"}}],\"inLanguage\":\"de-DE\"}]}<\/script>\n<!-- \/ Yoast SEO plugin. -->","yoast_head_json":{"title":"Bek\u00e4mpfung der Korrosionskosten in der Stromerzeugungsindustrie","description":"Eine wichtige Voraussetzung f\u00fcr die Bek\u00e4mpfung der wirtschaftlichen Auswirkungen von Korrosions- und Verschlei\u00dfsch\u00e4den an Stromerzeugungsanlagen ist die selektive Beschichtung.","robots":{"index":"index","follow":"follow","max-snippet":"max-snippet:-1","max-image-preview":"max-image-preview:large","max-video-preview":"max-video-preview:-1"},"canonical":"https:\/\/www.sifcoasc.com\/de\/stromerzeugung\/whitepaper-zur-stromerzeugung","og_locale":"de_DE","og_type":"article","og_title":"Bek\u00e4mpfung der Korrosionskosten in der Stromerzeugungsindustrie","og_description":"Eine wichtige Voraussetzung f\u00fcr die Bek\u00e4mpfung der wirtschaftlichen Auswirkungen von Korrosions- und Verschlei\u00dfsch\u00e4den an Stromerzeugungsanlagen ist die selektive Beschichtung.","og_url":"https:\/\/www.sifcoasc.com\/de\/stromerzeugung\/whitepaper-zur-stromerzeugung","og_site_name":"SIFCO Applied Surface Concepts","article_modified_time":"2022-08-18T10:17:40+00:00","twitter_misc":{"Est. reading time":"1 Minute"},"schema":{"@context":"https:\/\/schema.org","@graph":[{"@type":"WebPage","@id":"https:\/\/www.sifcoasc.com\/de\/stromerzeugung\/whitepaper-zur-stromerzeugung","url":"https:\/\/www.sifcoasc.com\/de\/stromerzeugung\/whitepaper-zur-stromerzeugung","name":"Bek\u00e4mpfung der Korrosionskosten in der Stromerzeugungsindustrie","isPartOf":{"@id":"https:\/\/www.sifcoasc.com\/de#website"},"datePublished":"2022-07-14T15:30:51+00:00","dateModified":"2022-08-18T10:17:40+00:00","description":"Eine wichtige Voraussetzung f\u00fcr die Bek\u00e4mpfung der wirtschaftlichen Auswirkungen von Korrosions- und Verschlei\u00dfsch\u00e4den an Stromerzeugungsanlagen ist die selektive Beschichtung.","breadcrumb":{"@id":"https:\/\/www.sifcoasc.com\/de\/stromerzeugung\/whitepaper-zur-stromerzeugung#breadcrumb"},"inLanguage":"de-DE","potentialAction":[{"@type":"ReadAction","target":["https:\/\/www.sifcoasc.com\/de\/stromerzeugung\/whitepaper-zur-stromerzeugung"]}]},{"@type":"BreadcrumbList","@id":"https:\/\/www.sifcoasc.com\/de\/stromerzeugung\/whitepaper-zur-stromerzeugung#breadcrumb","itemListElement":[{"@type":"ListItem","position":1,"name":"Home","item":"https:\/\/www.sifcoasc.com\/de"},{"@type":"ListItem","position":2,"name":"Stromerzeugung","item":"https:\/\/www.sifcoasc.com\/de\/stromerzeugung"},{"@type":"ListItem","position":3,"name":"Whitepaper zur Stromerzeugung"}]},{"@type":"WebSite","@id":"https:\/\/www.sifcoasc.com\/de#website","url":"https:\/\/www.sifcoasc.com\/de","name":"SIFCO Applied Surface Concepts","description":"","potentialAction":[{"@type":"SearchAction","target":{"@type":"EntryPoint","urlTemplate":"https:\/\/www.sifcoasc.com\/de?s={search_term_string}"},"query-input":{"@type":"PropertyValueSpecification","valueRequired":true,"valueName":"search_term_string"}}],"inLanguage":"de-DE"}]}},"featured_image_src":null,"featured_image_src_square":null,"_links":{"self":[{"href":"https:\/\/www.sifcoasc.com\/de\/wp-json\/wp\/v2\/pages\/9768","targetHints":{"allow":["GET"]}}],"collection":[{"href":"https:\/\/www.sifcoasc.com\/de\/wp-json\/wp\/v2\/pages"}],"about":[{"href":"https:\/\/www.sifcoasc.com\/de\/wp-json\/wp\/v2\/types\/page"}],"author":[{"embeddable":true,"href":"https:\/\/www.sifcoasc.com\/de\/wp-json\/wp\/v2\/users\/18"}],"replies":[{"embeddable":true,"href":"https:\/\/www.sifcoasc.com\/de\/wp-json\/wp\/v2\/comments?post=9768"}],"version-history":[{"count":0,"href":"https:\/\/www.sifcoasc.com\/de\/wp-json\/wp\/v2\/pages\/9768\/revisions"}],"up":[{"embeddable":true,"href":"https:\/\/www.sifcoasc.com\/de\/wp-json\/wp\/v2\/pages\/9762"}],"wp:attachment":[{"href":"https:\/\/www.sifcoasc.com\/de\/wp-json\/wp\/v2\/media?parent=9768"}],"curies":[{"name":"wp","href":"https:\/\/api.w.org\/{rel}","templated":true}]}}