{"id":9780,"date":"2022-07-14T15:30:53","date_gmt":"2022-07-14T15:30:53","guid":{"rendered":"https:\/\/www.sifcoasc.com\/marine\/"},"modified":"2023-02-07T12:20:36","modified_gmt":"2023-02-07T12:20:36","slug":"marine","status":"publish","type":"page","link":"https:\/\/www.sifcoasc.com\/de\/marine","title":{"rendered":"Marine"},"content":{"rendered":"<h2>Selektive Beschichtung f\u00fcr die Schiffsindustrie<\/h2>\n<p><img loading=\"lazy\" decoding=\"async\" class=\"alignright wp-image-2458\" src=\"\/wp-content\/uploads\/Columbian-Navy_Diesel-Engine_ID3.jpg\" alt=\"\" width=\"390\" height=\"584\" srcset=\"https:\/\/www.sifcoasc.com\/wp-content\/uploads\/Columbian-Navy_Diesel-Engine_ID3.jpg 513w, https:\/\/www.sifcoasc.com\/wp-content\/uploads\/Columbian-Navy_Diesel-Engine_ID3-468x700.jpg 468w\" sizes=\"auto, (max-width: 709px) 85vw, (max-width: 909px) 67vw, (max-width: 1362px) 62vw, 840px\" \/><\/p>\n<p class=\"emph\">Besser an Bord. Die Frage des Schutzes, wo und wann er am n\u00f6tigsten ist.<\/p>\n<p class=\"emph\">Unser mobiles Beschichtungsverfahren kann an Bord von Schiffen eingesetzt werden, um gro\u00dfe, schwer zu bewegende Komponenten wie Lagerzapfen, Propellerwellen, Lagersitze und Turbinengeh\u00e4use vor Ort zu reparieren.<\/p>\n<p><strong>SIFCO Applied Surface Concepts ist weltweit f\u00fchrend in der selektiven Beschichtungsindustrie. Das SIFCO-Verfahren\u00ae &#8211; eine portabel Methode zur Galvanisierung lokal begrenzter Bereiche ohne Einsatz eines Tauchbeckens &#8211; wird f\u00fcr viele verschiedene, anspruchsvolle Anwendungen in der Schiffsindustrie eingesetzt. Unser Verfahren erfordert keine aufw\u00e4ndige Maskierung und kann die Notwendigkeit der Demontage von Bauteilen minimieren oder ganz vermeiden.<\/strong><\/p>\n<p><img loading=\"lazy\" decoding=\"async\" class=\"wp-image-1615 alignleft\" title=\"Marine  \" src=\"\/wp-content\/uploads\/ABS_Design-Approval_blue-PMS294-150x150-1.jpg\" alt=\"Marine  \" width=\"195\" height=\"195\"><\/p>\n<p><strong>Aufgrund der erheblichen Zeit- und Kostenersparnis, die sie bei der Verl\u00e4ngerung der Wartungsintervalle und der Lebensdauer bietet, spielt die selektive Beschichtung eine wichtige Rolle an Bord von milit\u00e4rischen und ABS-zertifizierten Schiffen. Das Verfahren kann in der Werkstatt eingesetzt werden, um verschlissene Lagerzapfen und Geh\u00e4use von kleinen Generatoren, Pumpen und Ventilatoren zu reparieren;  <\/strong><strong>Es kann auch an Bord des Schiffes mitgenommen werden, um gro\u00dfe, schwer zu bewegende Bauteile wie Propellerwellen, Lagersitze und Turbinengeh\u00e4use vor Ort zu reparieren.<\/strong><\/p>\n<p><strong>Wenn das Timing kritisch ist und Sie es gleich beim ersten Mal richtig machen wollen, wenden Sie sich an SIFCO ASC an einem unserer sieben Standorte weltweit.<\/strong><\/p>\n","protected":false},"excerpt":{"rendered":"<p>Selektive Beschichtung f\u00fcr die Schiffsindustrie Besser an Bord. Die Frage des Schutzes, wo und wann er am n\u00f6tigsten ist. Unser mobiles Beschichtungsverfahren kann an Bord von Schiffen eingesetzt werden, um gro\u00dfe, schwer zu bewegende Komponenten wie Lagerzapfen, Propellerwellen, Lagersitze und Turbinengeh\u00e4use vor Ort zu reparieren. SIFCO Applied Surface Concepts ist weltweit f\u00fchrend in der selektiven [&hellip;]<\/p>\n","protected":false},"author":18,"featured_media":0,"parent":0,"menu_order":0,"comment_status":"closed","ping_status":"closed","template":"","meta":{"_acf_changed":false,"inline_featured_image":false,"footnotes":""},"class_list":["post-9780","page","type-page","status-publish","hentry"],"acf":[],"yoast_head":"<!-- This site is optimized with the Yoast SEO plugin v27.4 - https:\/\/yoast.com\/product\/yoast-seo-wordpress\/ -->\n<title>Selektive Beschichtung f\u00fcr die Schifffahrt | B\u00fcrstenbeschichtung | SIFCO ASC<\/title>\n<meta name=\"description\" content=\"Unser mobiles Beschichtungsverfahren kann in der Schifffahrtsindustrie f\u00fcr die Vor-Ort-Reparatur von gro\u00dfen Bauteilen wie Lagerzapfen und Propellerwellen eingesetzt werden.\" \/>\n<meta name=\"robots\" content=\"index, follow, max-snippet:-1, max-image-preview:large, max-video-preview:-1\" \/>\n<link rel=\"canonical\" href=\"https:\/\/www.sifcoasc.com\/de\/marine\" \/>\n<meta property=\"og:locale\" content=\"de_DE\" \/>\n<meta property=\"og:type\" content=\"article\" \/>\n<meta property=\"og:title\" content=\"Selektive Beschichtung f\u00fcr die Schifffahrt | B\u00fcrstenbeschichtung | SIFCO ASC\" \/>\n<meta property=\"og:description\" content=\"Unser mobiles Beschichtungsverfahren kann in der Schifffahrtsindustrie f\u00fcr die Vor-Ort-Reparatur von gro\u00dfen Bauteilen wie Lagerzapfen und Propellerwellen eingesetzt werden.\" \/>\n<meta property=\"og:url\" content=\"https:\/\/www.sifcoasc.com\/de\/marine\" \/>\n<meta property=\"og:site_name\" content=\"SIFCO Applied Surface Concepts\" \/>\n<meta property=\"article:modified_time\" content=\"2023-02-07T12:20:36+00:00\" \/>\n<meta name=\"twitter:label1\" content=\"Est. reading time\" \/>\n\t<meta name=\"twitter:data1\" content=\"1 Minute\" \/>\n<script type=\"application\/ld+json\" class=\"yoast-schema-graph\">{\"@context\":\"https:\\\/\\\/schema.org\",\"@graph\":[{\"@type\":\"WebPage\",\"@id\":\"https:\\\/\\\/www.sifcoasc.com\\\/de\\\/marine\",\"url\":\"https:\\\/\\\/www.sifcoasc.com\\\/de\\\/marine\",\"name\":\"Selektive Beschichtung f\u00fcr die Schifffahrt | B\u00fcrstenbeschichtung | SIFCO ASC\",\"isPartOf\":{\"@id\":\"https:\\\/\\\/www.sifcoasc.com\\\/de#website\"},\"datePublished\":\"2022-07-14T15:30:53+00:00\",\"dateModified\":\"2023-02-07T12:20:36+00:00\",\"description\":\"Unser mobiles Beschichtungsverfahren kann in der Schifffahrtsindustrie f\u00fcr die Vor-Ort-Reparatur von gro\u00dfen Bauteilen wie Lagerzapfen und Propellerwellen eingesetzt werden.\",\"breadcrumb\":{\"@id\":\"https:\\\/\\\/www.sifcoasc.com\\\/de\\\/marine#breadcrumb\"},\"inLanguage\":\"de-DE\",\"potentialAction\":[{\"@type\":\"ReadAction\",\"target\":[\"https:\\\/\\\/www.sifcoasc.com\\\/de\\\/marine\"]}]},{\"@type\":\"BreadcrumbList\",\"@id\":\"https:\\\/\\\/www.sifcoasc.com\\\/de\\\/marine#breadcrumb\",\"itemListElement\":[{\"@type\":\"ListItem\",\"position\":1,\"name\":\"Home\",\"item\":\"https:\\\/\\\/www.sifcoasc.com\\\/de\"},{\"@type\":\"ListItem\",\"position\":2,\"name\":\"Marine\"}]},{\"@type\":\"WebSite\",\"@id\":\"https:\\\/\\\/www.sifcoasc.com\\\/de#website\",\"url\":\"https:\\\/\\\/www.sifcoasc.com\\\/de\",\"name\":\"SIFCO Applied Surface Concepts\",\"description\":\"\",\"potentialAction\":[{\"@type\":\"SearchAction\",\"target\":{\"@type\":\"EntryPoint\",\"urlTemplate\":\"https:\\\/\\\/www.sifcoasc.com\\\/de?s={search_term_string}\"},\"query-input\":{\"@type\":\"PropertyValueSpecification\",\"valueRequired\":true,\"valueName\":\"search_term_string\"}}],\"inLanguage\":\"de-DE\"}]}<\/script>\n<!-- \/ Yoast SEO plugin. -->","yoast_head_json":{"title":"Selektive Beschichtung f\u00fcr die Schifffahrt | B\u00fcrstenbeschichtung | SIFCO ASC","description":"Unser mobiles Beschichtungsverfahren kann in der Schifffahrtsindustrie f\u00fcr die Vor-Ort-Reparatur von gro\u00dfen Bauteilen wie Lagerzapfen und Propellerwellen eingesetzt werden.","robots":{"index":"index","follow":"follow","max-snippet":"max-snippet:-1","max-image-preview":"max-image-preview:large","max-video-preview":"max-video-preview:-1"},"canonical":"https:\/\/www.sifcoasc.com\/de\/marine","og_locale":"de_DE","og_type":"article","og_title":"Selektive Beschichtung f\u00fcr die Schifffahrt | B\u00fcrstenbeschichtung | SIFCO ASC","og_description":"Unser mobiles Beschichtungsverfahren kann in der Schifffahrtsindustrie f\u00fcr die Vor-Ort-Reparatur von gro\u00dfen Bauteilen wie Lagerzapfen und Propellerwellen eingesetzt werden.","og_url":"https:\/\/www.sifcoasc.com\/de\/marine","og_site_name":"SIFCO Applied Surface Concepts","article_modified_time":"2023-02-07T12:20:36+00:00","twitter_misc":{"Est. reading time":"1 Minute"},"schema":{"@context":"https:\/\/schema.org","@graph":[{"@type":"WebPage","@id":"https:\/\/www.sifcoasc.com\/de\/marine","url":"https:\/\/www.sifcoasc.com\/de\/marine","name":"Selektive Beschichtung f\u00fcr die Schifffahrt | B\u00fcrstenbeschichtung | SIFCO ASC","isPartOf":{"@id":"https:\/\/www.sifcoasc.com\/de#website"},"datePublished":"2022-07-14T15:30:53+00:00","dateModified":"2023-02-07T12:20:36+00:00","description":"Unser mobiles Beschichtungsverfahren kann in der Schifffahrtsindustrie f\u00fcr die Vor-Ort-Reparatur von gro\u00dfen Bauteilen wie Lagerzapfen und Propellerwellen eingesetzt werden.","breadcrumb":{"@id":"https:\/\/www.sifcoasc.com\/de\/marine#breadcrumb"},"inLanguage":"de-DE","potentialAction":[{"@type":"ReadAction","target":["https:\/\/www.sifcoasc.com\/de\/marine"]}]},{"@type":"BreadcrumbList","@id":"https:\/\/www.sifcoasc.com\/de\/marine#breadcrumb","itemListElement":[{"@type":"ListItem","position":1,"name":"Home","item":"https:\/\/www.sifcoasc.com\/de"},{"@type":"ListItem","position":2,"name":"Marine"}]},{"@type":"WebSite","@id":"https:\/\/www.sifcoasc.com\/de#website","url":"https:\/\/www.sifcoasc.com\/de","name":"SIFCO Applied Surface Concepts","description":"","potentialAction":[{"@type":"SearchAction","target":{"@type":"EntryPoint","urlTemplate":"https:\/\/www.sifcoasc.com\/de?s={search_term_string}"},"query-input":{"@type":"PropertyValueSpecification","valueRequired":true,"valueName":"search_term_string"}}],"inLanguage":"de-DE"}]}},"featured_image_src":null,"featured_image_src_square":null,"_links":{"self":[{"href":"https:\/\/www.sifcoasc.com\/de\/wp-json\/wp\/v2\/pages\/9780","targetHints":{"allow":["GET"]}}],"collection":[{"href":"https:\/\/www.sifcoasc.com\/de\/wp-json\/wp\/v2\/pages"}],"about":[{"href":"https:\/\/www.sifcoasc.com\/de\/wp-json\/wp\/v2\/types\/page"}],"author":[{"embeddable":true,"href":"https:\/\/www.sifcoasc.com\/de\/wp-json\/wp\/v2\/users\/18"}],"replies":[{"embeddable":true,"href":"https:\/\/www.sifcoasc.com\/de\/wp-json\/wp\/v2\/comments?post=9780"}],"version-history":[{"count":0,"href":"https:\/\/www.sifcoasc.com\/de\/wp-json\/wp\/v2\/pages\/9780\/revisions"}],"wp:attachment":[{"href":"https:\/\/www.sifcoasc.com\/de\/wp-json\/wp\/v2\/media?parent=9780"}],"curies":[{"name":"wp","href":"https:\/\/api.w.org\/{rel}","templated":true}]}}