{"id":9781,"date":"2022-07-14T15:30:54","date_gmt":"2022-07-14T15:30:54","guid":{"rendered":"https:\/\/www.sifcoasc.com\/elektromotoren-und-generatoren\/"},"modified":"2022-08-18T06:50:58","modified_gmt":"2022-08-18T06:50:58","slug":"elektromotoren-und-generatoren","status":"publish","type":"page","link":"https:\/\/www.sifcoasc.com\/de\/elektromotoren-und-generatoren","title":{"rendered":"Elektromotoren und Generatoren"},"content":{"rendered":"<h2>Selektive Beschichtung f\u00fcr Elektromotoren und Generatoren<\/h2>\n<p class=\"emph\">Das SIFCO-Verfahren\u00ae ist sehr effektiv bei der Reparatur von Stromerzeugungsanlagen.<\/p>\n<p><strong>SIFCO ASC verf\u00fcgt \u00fcber einen gro\u00dfen Erfahrungsschatz bei der Beschichtung von Elektromotoren und Stromgeneratoren. Selektive Beschichtungen sind ideal f\u00fcr verschlissene Motorkomponenten oder Ger\u00e4te, die hohen Temperaturen, starken Strombelastungen und Umweltverschmutzungen ausgesetzt sind, und k\u00f6nnen die Lebensdauer verl\u00e4ngern, die Kosten senken und die Betriebseffizienz von Elektromotoren und Stromerzeugungsanlagen verbessern.<\/strong><\/p>\n<h2>Elektromotor- und Stromgeneratoranwendungen f\u00fcr den SIFCO Process\u00ae<\/h2>\n<p><span style=\"font-weight: 400;\">Die Hauptanwendungsbereiche sind das Lagergeh\u00e4use (Endglocke) und der Rotorzapfen. Die Endglocken, in denen die Lager f\u00fcr die beiden Enden der Motorwelle untergebracht sind, leiden im Betrieb h\u00e4ufig unter Passungsrost.  <\/span><a href=\"\/de\/sifco-process-beschichtungs-kits\/\"><span style=\"font-weight: 400;\">Das SIFCO-Verfahren\u00ae<\/span><\/a><span style=\"font-weight: 400;\"> wird verwendet, um die Bohrungen auf Ma\u00df mit <\/span><a href=\"https:\/\/plating.sifcoasc.com\/item\/preparatory-and-plating solutions\/plating-solutions-2\/80205015\"><span style=\"font-weight: 400;\">Kupfer<\/span><\/a><span style=\"font-weight: 400;\">, <\/span><a href=\"https:\/\/plating.sifcoasc.com\/item\/preparatory-and-plating-solutions\/plating-solutions-2\/80209315\"><span style=\"font-weight: 400;\">Zinn<\/span><\/a><span style=\"font-weight: 400;\">oder <\/span><a href=\"https:\/\/plating.sifcoasc.com\/item\/preparatory-and-plating-solutions\/plating-solutions-2\/80208515\"><span style=\"font-weight: 400;\">Nickel<\/span><\/a><span style=\"font-weight: 400;\">. Die Bearbeitung der Bohrungen vor der Beschichtung ist in der Regel nur notwendig, um die Konzentrizit\u00e4t wiederherzustellen.<\/span><\/p>\n<p>Die Beschichtung eines verschlissenen Lagergeh\u00e4uses kann weniger Zeit in Anspruch nehmen und effizienter sein als alternative Verfahren wie das Ummanteln oder thermische Spritzen.<\/p>\n<p>Bei Gleichstrommotoren und Generatorschleifringen bilden sich Kupferoxidschichten, die die elektrische Leitf\u00e4higkeit herabsetzen und insbesondere beim blockierten Anfahren des Motors Lichtb\u00f6gen und Lochfra\u00df verursachen. \u00dcberm\u00e4\u00dfige Sch\u00e4den treten in stark korrosiven Umgebungen auf, wie z. B. in den Bleichbereichen von Zellstoff- und Papierfabriken. Die Beschichtung des nachgearbeiteten Kommutators mit 2,5\u00b5 (0,0001 in.) Rhodium und anschlie\u00dfend 1,3\u00b5 (0,00005 in.) Gold verl\u00e4ngert die Wartungsintervalle und die Nutzungsdauer.<\/p>\n<h2><strong>Zu den \u00fcblichen Anwendungen geh\u00f6ren:  <\/strong><\/h2>\n<ul>\n<li style=\"font-weight: 400;\" aria-level=\"1\"><span style=\"font-weight: 400;\"><a class=\"popup-youtube\" href=\"https:\/\/www.youtube.com\/watch?v=4sH1DGrdtoM\"><img loading=\"lazy\" decoding=\"async\" class=\" wp-image-2269 alignright\" title=\"Selektive Beschichtung f\u00fcr Elektromotoren und Generatoren  \" src=\"\/wp-content\/uploads\/img6.jpg\" alt=\"Selektive Beschichtung f\u00fcr Elektromotoren und Generatoren  \" width=\"536\" height=\"343\" srcset=\"https:\/\/www.sifcoasc.com\/wp-content\/uploads\/img6.jpg 516w, https:\/\/www.sifcoasc.com\/wp-content\/uploads\/img6-500x320.jpg 500w\" sizes=\"auto, (max-width: 709px) 85vw, (max-width: 909px) 67vw, (max-width: 1362px) 62vw, 840px\" \/><\/a>Dimensionale Restaurierung<\/span><\/li>\n<li style=\"font-weight: 400;\" aria-level=\"1\"><span style=\"font-weight: 400;\">Abnutzungswiderstand<\/span><\/li>\n<li style=\"font-weight: 400;\" aria-level=\"1\"><span style=\"font-weight: 400;\">Anti-Galling und Rutschen<\/span><\/li>\n<li style=\"font-weight: 400;\" aria-level=\"1\"><span style=\"font-weight: 400;\">Verbesserte H\u00e4rte<\/span><\/li>\n<li style=\"font-weight: 400;\" aria-level=\"1\"><span style=\"font-weight: 400;\">Korrosionsschutz<\/span><\/li>\n<li style=\"font-weight: 400;\" aria-level=\"1\"><span style=\"font-weight: 400;\">Defekt-Reparaturen  <\/span><\/li>\n<li style=\"font-weight: 400;\" aria-level=\"1\"><span style=\"font-weight: 400;\">Prebraze<\/span><\/li>\n<\/ul>\n<p><strong>Siehe unser Video &#8211; Reparatur von Elektromotoren<\/strong><\/p>\n<p class=\"emph\">Wenn Sie weitere Informationen zu unseren selektiven Beschichtungsservices w\u00fcnschen, <a href=\"\/de\/kontakt\/\">kontaktieren Sie uns noch heute<\/a>.<\/p>\n","protected":false},"excerpt":{"rendered":"<p>Selektive Beschichtung f\u00fcr Elektromotoren und Generatoren Das SIFCO-Verfahren\u00ae ist sehr effektiv bei der Reparatur von Stromerzeugungsanlagen. SIFCO ASC verf\u00fcgt \u00fcber einen gro\u00dfen Erfahrungsschatz bei der Beschichtung von Elektromotoren und Stromgeneratoren. Selektive Beschichtungen sind ideal f\u00fcr verschlissene Motorkomponenten oder Ger\u00e4te, die hohen Temperaturen, starken Strombelastungen und Umweltverschmutzungen ausgesetzt sind, und k\u00f6nnen die Lebensdauer verl\u00e4ngern, die Kosten [&hellip;]<\/p>\n","protected":false},"author":18,"featured_media":0,"parent":0,"menu_order":0,"comment_status":"closed","ping_status":"closed","template":"","meta":{"_acf_changed":false,"inline_featured_image":false,"footnotes":""},"class_list":["post-9781","page","type-page","status-publish","hentry"],"acf":[],"yoast_head":"<!-- This site is optimized with the Yoast SEO plugin v27.4 - https:\/\/yoast.com\/product\/yoast-seo-wordpress\/ -->\n<title>Elektromotoren &amp; Generatoren | Selektive Beschichtungsl\u00f6sungen | SIFCO ASC<\/title>\n<meta name=\"description\" content=\"Das SIFCO-Verfahren\u00ae ist ein selektives Beschichtungsverfahren zur Reparatur von Elektromotoren und Generatorlagerkomponenten. Informieren Sie sich \u00fcber unsere Dienstleistungen im Bereich B\u00fcrstenbeschichtung.\" \/>\n<meta name=\"robots\" content=\"index, follow, max-snippet:-1, max-image-preview:large, max-video-preview:-1\" \/>\n<link rel=\"canonical\" href=\"https:\/\/www.sifcoasc.com\/de\/elektromotoren-und-generatoren\" \/>\n<meta property=\"og:locale\" content=\"de_DE\" \/>\n<meta property=\"og:type\" content=\"article\" \/>\n<meta property=\"og:title\" content=\"Elektromotoren &amp; Generatoren | Selektive Beschichtungsl\u00f6sungen | SIFCO ASC\" \/>\n<meta property=\"og:description\" content=\"Das SIFCO-Verfahren\u00ae ist ein selektives Beschichtungsverfahren zur Reparatur von Elektromotoren und Generatorlagerkomponenten. Informieren Sie sich \u00fcber unsere Dienstleistungen im Bereich B\u00fcrstenbeschichtung.\" \/>\n<meta property=\"og:url\" content=\"https:\/\/www.sifcoasc.com\/de\/elektromotoren-und-generatoren\" \/>\n<meta property=\"og:site_name\" content=\"SIFCO Applied Surface Concepts\" \/>\n<meta property=\"article:modified_time\" content=\"2022-08-18T06:50:58+00:00\" \/>\n<meta name=\"twitter:label1\" content=\"Est. reading time\" \/>\n\t<meta name=\"twitter:data1\" content=\"1 Minute\" \/>\n<script type=\"application\/ld+json\" class=\"yoast-schema-graph\">{\"@context\":\"https:\\\/\\\/schema.org\",\"@graph\":[{\"@type\":\"WebPage\",\"@id\":\"https:\\\/\\\/www.sifcoasc.com\\\/de\\\/elektromotoren-und-generatoren\",\"url\":\"https:\\\/\\\/www.sifcoasc.com\\\/de\\\/elektromotoren-und-generatoren\",\"name\":\"Elektromotoren & Generatoren | Selektive Beschichtungsl\u00f6sungen | SIFCO ASC\",\"isPartOf\":{\"@id\":\"https:\\\/\\\/www.sifcoasc.com\\\/de#website\"},\"datePublished\":\"2022-07-14T15:30:54+00:00\",\"dateModified\":\"2022-08-18T06:50:58+00:00\",\"description\":\"Das SIFCO-Verfahren\u00ae ist ein selektives Beschichtungsverfahren zur Reparatur von Elektromotoren und Generatorlagerkomponenten. Informieren Sie sich \u00fcber unsere Dienstleistungen im Bereich B\u00fcrstenbeschichtung.\",\"breadcrumb\":{\"@id\":\"https:\\\/\\\/www.sifcoasc.com\\\/de\\\/elektromotoren-und-generatoren#breadcrumb\"},\"inLanguage\":\"de-DE\",\"potentialAction\":[{\"@type\":\"ReadAction\",\"target\":[\"https:\\\/\\\/www.sifcoasc.com\\\/de\\\/elektromotoren-und-generatoren\"]}]},{\"@type\":\"BreadcrumbList\",\"@id\":\"https:\\\/\\\/www.sifcoasc.com\\\/de\\\/elektromotoren-und-generatoren#breadcrumb\",\"itemListElement\":[{\"@type\":\"ListItem\",\"position\":1,\"name\":\"Home\",\"item\":\"https:\\\/\\\/www.sifcoasc.com\\\/de\"},{\"@type\":\"ListItem\",\"position\":2,\"name\":\"Elektromotoren und Generatoren\"}]},{\"@type\":\"WebSite\",\"@id\":\"https:\\\/\\\/www.sifcoasc.com\\\/de#website\",\"url\":\"https:\\\/\\\/www.sifcoasc.com\\\/de\",\"name\":\"SIFCO Applied Surface Concepts\",\"description\":\"\",\"potentialAction\":[{\"@type\":\"SearchAction\",\"target\":{\"@type\":\"EntryPoint\",\"urlTemplate\":\"https:\\\/\\\/www.sifcoasc.com\\\/de?s={search_term_string}\"},\"query-input\":{\"@type\":\"PropertyValueSpecification\",\"valueRequired\":true,\"valueName\":\"search_term_string\"}}],\"inLanguage\":\"de-DE\"}]}<\/script>\n<!-- \/ Yoast SEO plugin. -->","yoast_head_json":{"title":"Elektromotoren & Generatoren | Selektive Beschichtungsl\u00f6sungen | SIFCO ASC","description":"Das SIFCO-Verfahren\u00ae ist ein selektives Beschichtungsverfahren zur Reparatur von Elektromotoren und Generatorlagerkomponenten. Informieren Sie sich \u00fcber unsere Dienstleistungen im Bereich B\u00fcrstenbeschichtung.","robots":{"index":"index","follow":"follow","max-snippet":"max-snippet:-1","max-image-preview":"max-image-preview:large","max-video-preview":"max-video-preview:-1"},"canonical":"https:\/\/www.sifcoasc.com\/de\/elektromotoren-und-generatoren","og_locale":"de_DE","og_type":"article","og_title":"Elektromotoren & Generatoren | Selektive Beschichtungsl\u00f6sungen | SIFCO ASC","og_description":"Das SIFCO-Verfahren\u00ae ist ein selektives Beschichtungsverfahren zur Reparatur von Elektromotoren und Generatorlagerkomponenten. Informieren Sie sich \u00fcber unsere Dienstleistungen im Bereich B\u00fcrstenbeschichtung.","og_url":"https:\/\/www.sifcoasc.com\/de\/elektromotoren-und-generatoren","og_site_name":"SIFCO Applied Surface Concepts","article_modified_time":"2022-08-18T06:50:58+00:00","twitter_misc":{"Est. reading time":"1 Minute"},"schema":{"@context":"https:\/\/schema.org","@graph":[{"@type":"WebPage","@id":"https:\/\/www.sifcoasc.com\/de\/elektromotoren-und-generatoren","url":"https:\/\/www.sifcoasc.com\/de\/elektromotoren-und-generatoren","name":"Elektromotoren & Generatoren | Selektive Beschichtungsl\u00f6sungen | SIFCO ASC","isPartOf":{"@id":"https:\/\/www.sifcoasc.com\/de#website"},"datePublished":"2022-07-14T15:30:54+00:00","dateModified":"2022-08-18T06:50:58+00:00","description":"Das SIFCO-Verfahren\u00ae ist ein selektives Beschichtungsverfahren zur Reparatur von Elektromotoren und Generatorlagerkomponenten. Informieren Sie sich \u00fcber unsere Dienstleistungen im Bereich B\u00fcrstenbeschichtung.","breadcrumb":{"@id":"https:\/\/www.sifcoasc.com\/de\/elektromotoren-und-generatoren#breadcrumb"},"inLanguage":"de-DE","potentialAction":[{"@type":"ReadAction","target":["https:\/\/www.sifcoasc.com\/de\/elektromotoren-und-generatoren"]}]},{"@type":"BreadcrumbList","@id":"https:\/\/www.sifcoasc.com\/de\/elektromotoren-und-generatoren#breadcrumb","itemListElement":[{"@type":"ListItem","position":1,"name":"Home","item":"https:\/\/www.sifcoasc.com\/de"},{"@type":"ListItem","position":2,"name":"Elektromotoren und Generatoren"}]},{"@type":"WebSite","@id":"https:\/\/www.sifcoasc.com\/de#website","url":"https:\/\/www.sifcoasc.com\/de","name":"SIFCO Applied Surface Concepts","description":"","potentialAction":[{"@type":"SearchAction","target":{"@type":"EntryPoint","urlTemplate":"https:\/\/www.sifcoasc.com\/de?s={search_term_string}"},"query-input":{"@type":"PropertyValueSpecification","valueRequired":true,"valueName":"search_term_string"}}],"inLanguage":"de-DE"}]}},"featured_image_src":null,"featured_image_src_square":null,"_links":{"self":[{"href":"https:\/\/www.sifcoasc.com\/de\/wp-json\/wp\/v2\/pages\/9781","targetHints":{"allow":["GET"]}}],"collection":[{"href":"https:\/\/www.sifcoasc.com\/de\/wp-json\/wp\/v2\/pages"}],"about":[{"href":"https:\/\/www.sifcoasc.com\/de\/wp-json\/wp\/v2\/types\/page"}],"author":[{"embeddable":true,"href":"https:\/\/www.sifcoasc.com\/de\/wp-json\/wp\/v2\/users\/18"}],"replies":[{"embeddable":true,"href":"https:\/\/www.sifcoasc.com\/de\/wp-json\/wp\/v2\/comments?post=9781"}],"version-history":[{"count":0,"href":"https:\/\/www.sifcoasc.com\/de\/wp-json\/wp\/v2\/pages\/9781\/revisions"}],"wp:attachment":[{"href":"https:\/\/www.sifcoasc.com\/de\/wp-json\/wp\/v2\/media?parent=9781"}],"curies":[{"name":"wp","href":"https:\/\/api.w.org\/{rel}","templated":true}]}}