{"id":9797,"date":"2022-07-14T15:31:01","date_gmt":"2022-07-14T15:31:01","guid":{"rendered":"https:\/\/www.sifcoasc.com\/zellstoff-und-papier\/"},"modified":"2023-02-07T12:22:46","modified_gmt":"2023-02-07T12:22:46","slug":"zellstoff-und-papier","status":"publish","type":"page","link":"https:\/\/www.sifcoasc.com\/de\/zellstoff-und-papier","title":{"rendered":"Zellstoff und Papier"},"content":{"rendered":"<h2>Selektive Beschichtung f\u00fcr die Instandhaltung von Zellstoff- und Papieranlagen<\/h2>\n<p class=\"emph\">Der SIFCO Process\u00ae wird h\u00e4ufig f\u00fcr Reparaturen vor Ort in der Zellstoff- und Papierindustrie eingesetzt.<\/p>\n<p><strong>Typische Anwendungen sind:<\/strong><\/p>\n<ul>\n<li><strong>SUCTION ROLLS:<\/strong> Lagerdurchmesser<\/li>\n<li><strong>TROCKNERWALZEN:<\/strong> Lagerdurchmesser, K\u00f6pfe, bei der Wartung entstandene Oberfl\u00e4chenfehler<\/li>\n<li><strong>PUMPEN:<\/strong> Lagergeh\u00e4use, Laufradbohrungen, Wellenlagerzapfen und Dichtungsbereiche<\/li>\n<li><strong>ELEKTROMOTOREN:<\/strong> Lagergeh\u00e4use, Rotorzapfen, Kommutatoren, Stromschienen<\/li>\n<li><strong>POWER GENERATION EQUIPMENT:<\/strong> Lagerzapfen von Dampfturbinen, Flanschfl\u00e4chen, Zylinderlaufbuchsen von Dieselmotoren, Pleuelstangenbohrungen, Kurbelwellenzapfen<\/li>\n<\/ul>\n<h2>Eine Fallgeschichte<\/h2>\n<p><strong>Problem:<\/strong> Beim Anfahren eines 4,5 m langen Yankee-Trockners mit einem Durchmesser von 4,5 m wurde der Dampf zu schnell aufgeheizt. Der Innenring eines Rollenlagers ist gerissen, wodurch der Zapfen besch\u00e4digt wurde. F\u00fcr etwa 95 % der Zapfenfl\u00e4che war Aufbaumaterial erforderlich, und auf 65 % der Fl\u00e4che wurde eine Materialmenge von 25 bis 508 Mikrometer pro Seite ben\u00f6tigt. Ungef\u00e4hr 30 % der Fl\u00e4che, die 508 Mikrometer (0,020 Zoll) bis 2250 Mikrometer (0,090 Zoll) auf einer Seite ben\u00f6tigt wurde, wurden durch zerbrochene Fragmente in den Zapfen gedr\u00fcckt. Der konische Zapfen hatte einen Durchmesser von 330 bis 356 mm (13 bis 14 Zoll) und eine L\u00e4nge von 203 mm (8 Zoll).<\/p>\n<h2>Siehe unser Video &#8211; Reparatur von Elektromotoren<\/h2>\n<p><img loading=\"lazy\" decoding=\"async\" width=\"516\" height=\"330\" class=\"size-full wp-image-2269 alignright\" title=\"Zellstoff und Papier  \" src=\"\/wp-content\/uploads\/img6.jpg\" alt=\"Zellstoff und Papier  \" srcset=\"https:\/\/www.sifcoasc.com\/wp-content\/uploads\/img6.jpg 516w, https:\/\/www.sifcoasc.com\/wp-content\/uploads\/img6-500x320.jpg 500w\" sizes=\"auto, (max-width: 709px) 85vw, (max-width: 909px) 67vw, (max-width: 1362px) 62vw, 840px\" \/><strong>Die L\u00f6sung:<\/strong> Selektive Beschichtung war die beste L\u00f6sung f\u00fcr die Reparatur des Zapfens. Die Beschichtung des Zapfens begann mit einer mechanischen Vorbereitung der Oberfl\u00e4che mit F\u00e4cher- und Polierscheiben, um scharfe Vorspr\u00fcnge, Oxide, eingebrannte Schichten usw. zu entfernen. Anschlie\u00dfend wurde der Bereich mit L\u00f6sungsmittel gereinigt und abgeklebt. Der Bereich wurde dann gereinigt, ge\u00e4tzt, entmuttet, vernickelt und mit einer Dicke von 625 Mikrometern (0,025 Zoll) \u00fcber die gesamte Oberfl\u00e4che verkupfert. Da die Oberfl\u00e4che an dieser Stelle etwas rau war, wurden erneut Lamellen und Polierscheiben eingesetzt, um die Oberfl\u00e4che zu verbessern. Der Zapfen wurde mit einem Mikrometer vermessen, und Bereiche, in denen gen\u00fcgend Material vorhanden war, wurden abgeklebt, damit nur dort zus\u00e4tzliche Beschichtungen angebracht werden konnten, wo sie erforderlich waren.<\/p>\n<p>Der restliche Bereich wurde gereinigt, ge\u00e4tzt und mit einer zus\u00e4tzlichen Schichtdicke von 625 mm verkupfert (0,025 in.). Insgesamt wurden auf diese Weise 4 Kupferschichten aufgebracht. Damit war ein ausreichender Vorrat f\u00fcr das gesamte Journal vorhanden. Der Prozess dauerte bis zu diesem Zeitpunkt insgesamt 40 Stunden.<\/p>\n<p>Der Zapfen wurde mit einem Einpunktwerkzeug bearbeitet, das etwa 50 Mikrometer (0,002 Zoll) Unterma\u00df aufwies. Schlie\u00dflich wurde Nickel in einer St\u00e4rke von 25 Mikron (0,001 Zoll) aufgetragen, um eine h\u00e4rtere, abriebfeste Oberfl\u00e4che zu erhalten.<\/p>\n<p><strong>Ergebnis:<\/strong> 10 Jahre sp\u00e4ter war das Lager immer noch im Einsatz.<\/p>\n","protected":false},"excerpt":{"rendered":"<p>Selektive Beschichtung f\u00fcr die Instandhaltung von Zellstoff- und Papieranlagen Der SIFCO Process\u00ae wird h\u00e4ufig f\u00fcr Reparaturen vor Ort in der Zellstoff- und Papierindustrie eingesetzt. Typische Anwendungen sind: SUCTION ROLLS: Lagerdurchmesser TROCKNERWALZEN: Lagerdurchmesser, K\u00f6pfe, bei der Wartung entstandene Oberfl\u00e4chenfehler PUMPEN: Lagergeh\u00e4use, Laufradbohrungen, Wellenlagerzapfen und Dichtungsbereiche ELEKTROMOTOREN: Lagergeh\u00e4use, Rotorzapfen, Kommutatoren, Stromschienen POWER GENERATION EQUIPMENT: Lagerzapfen von Dampfturbinen, [&hellip;]<\/p>\n","protected":false},"author":18,"featured_media":0,"parent":0,"menu_order":0,"comment_status":"closed","ping_status":"closed","template":"","meta":{"_acf_changed":false,"inline_featured_image":false,"footnotes":""},"class_list":["post-9797","page","type-page","status-publish","hentry"],"acf":[],"yoast_head":"<!-- This site is optimized with the Yoast SEO plugin v27.3 - https:\/\/yoast.com\/product\/yoast-seo-wordpress\/ -->\n<title>SIFCO ASC : Selektive Beschichtung f\u00fcr die Instandhaltung von Zellstoff - und Papieranlagen<\/title>\n<meta name=\"description\" content=\"Zeitschriftenerweiterung f\u00fcr die Zellstoff- und Papierindustrie. Verwenden Sie das SIFCO-Verfahren\u00ae f\u00fcr die Vor-Ort-Reparatur von Saugwalzen, Trockenzylindern, Pumpen, Elektromotoren und Lagerzapfenfl\u00e4chen.\" \/>\n<meta name=\"robots\" content=\"index, follow, max-snippet:-1, max-image-preview:large, max-video-preview:-1\" \/>\n<link rel=\"canonical\" href=\"https:\/\/www.sifcoasc.com\/de\/zellstoff-und-papier\" \/>\n<meta property=\"og:locale\" content=\"de_DE\" \/>\n<meta property=\"og:type\" content=\"article\" \/>\n<meta property=\"og:title\" content=\"SIFCO ASC : Selektive Beschichtung f\u00fcr die Instandhaltung von Zellstoff - und Papieranlagen\" \/>\n<meta property=\"og:description\" content=\"Zeitschriftenerweiterung f\u00fcr die Zellstoff- und Papierindustrie. Verwenden Sie das SIFCO-Verfahren\u00ae f\u00fcr die Vor-Ort-Reparatur von Saugwalzen, Trockenzylindern, Pumpen, Elektromotoren und Lagerzapfenfl\u00e4chen.\" \/>\n<meta property=\"og:url\" content=\"https:\/\/www.sifcoasc.com\/de\/zellstoff-und-papier\" \/>\n<meta property=\"og:site_name\" content=\"SIFCO Applied Surface Concepts\" \/>\n<meta property=\"article:modified_time\" content=\"2023-02-07T12:22:46+00:00\" \/>\n<meta name=\"twitter:label1\" content=\"Est. reading time\" \/>\n\t<meta name=\"twitter:data1\" content=\"2 Minuten\" \/>\n<script type=\"application\/ld+json\" class=\"yoast-schema-graph\">{\"@context\":\"https:\\\/\\\/schema.org\",\"@graph\":[{\"@type\":\"WebPage\",\"@id\":\"https:\\\/\\\/www.sifcoasc.com\\\/de\\\/zellstoff-und-papier\",\"url\":\"https:\\\/\\\/www.sifcoasc.com\\\/de\\\/zellstoff-und-papier\",\"name\":\"SIFCO ASC : Selektive Beschichtung f\u00fcr die Instandhaltung von Zellstoff - und Papieranlagen\",\"isPartOf\":{\"@id\":\"https:\\\/\\\/www.sifcoasc.com\\\/de#website\"},\"datePublished\":\"2022-07-14T15:31:01+00:00\",\"dateModified\":\"2023-02-07T12:22:46+00:00\",\"description\":\"Zeitschriftenerweiterung f\u00fcr die Zellstoff- und Papierindustrie. Verwenden Sie das SIFCO-Verfahren\u00ae f\u00fcr die Vor-Ort-Reparatur von Saugwalzen, Trockenzylindern, Pumpen, Elektromotoren und Lagerzapfenfl\u00e4chen.\",\"breadcrumb\":{\"@id\":\"https:\\\/\\\/www.sifcoasc.com\\\/de\\\/zellstoff-und-papier#breadcrumb\"},\"inLanguage\":\"de-DE\",\"potentialAction\":[{\"@type\":\"ReadAction\",\"target\":[\"https:\\\/\\\/www.sifcoasc.com\\\/de\\\/zellstoff-und-papier\"]}]},{\"@type\":\"BreadcrumbList\",\"@id\":\"https:\\\/\\\/www.sifcoasc.com\\\/de\\\/zellstoff-und-papier#breadcrumb\",\"itemListElement\":[{\"@type\":\"ListItem\",\"position\":1,\"name\":\"Home\",\"item\":\"https:\\\/\\\/www.sifcoasc.com\\\/de\"},{\"@type\":\"ListItem\",\"position\":2,\"name\":\"Zellstoff und Papier\"}]},{\"@type\":\"WebSite\",\"@id\":\"https:\\\/\\\/www.sifcoasc.com\\\/de#website\",\"url\":\"https:\\\/\\\/www.sifcoasc.com\\\/de\",\"name\":\"SIFCO Applied Surface Concepts\",\"description\":\"\",\"potentialAction\":[{\"@type\":\"SearchAction\",\"target\":{\"@type\":\"EntryPoint\",\"urlTemplate\":\"https:\\\/\\\/www.sifcoasc.com\\\/de?s={search_term_string}\"},\"query-input\":{\"@type\":\"PropertyValueSpecification\",\"valueRequired\":true,\"valueName\":\"search_term_string\"}}],\"inLanguage\":\"de-DE\"}]}<\/script>\n<!-- \/ Yoast SEO plugin. -->","yoast_head_json":{"title":"SIFCO ASC : Selektive Beschichtung f\u00fcr die Instandhaltung von Zellstoff - und Papieranlagen","description":"Zeitschriftenerweiterung f\u00fcr die Zellstoff- und Papierindustrie. Verwenden Sie das SIFCO-Verfahren\u00ae f\u00fcr die Vor-Ort-Reparatur von Saugwalzen, Trockenzylindern, Pumpen, Elektromotoren und Lagerzapfenfl\u00e4chen.","robots":{"index":"index","follow":"follow","max-snippet":"max-snippet:-1","max-image-preview":"max-image-preview:large","max-video-preview":"max-video-preview:-1"},"canonical":"https:\/\/www.sifcoasc.com\/de\/zellstoff-und-papier","og_locale":"de_DE","og_type":"article","og_title":"SIFCO ASC : Selektive Beschichtung f\u00fcr die Instandhaltung von Zellstoff - und Papieranlagen","og_description":"Zeitschriftenerweiterung f\u00fcr die Zellstoff- und Papierindustrie. Verwenden Sie das SIFCO-Verfahren\u00ae f\u00fcr die Vor-Ort-Reparatur von Saugwalzen, Trockenzylindern, Pumpen, Elektromotoren und Lagerzapfenfl\u00e4chen.","og_url":"https:\/\/www.sifcoasc.com\/de\/zellstoff-und-papier","og_site_name":"SIFCO Applied Surface Concepts","article_modified_time":"2023-02-07T12:22:46+00:00","twitter_misc":{"Est. reading time":"2 Minuten"},"schema":{"@context":"https:\/\/schema.org","@graph":[{"@type":"WebPage","@id":"https:\/\/www.sifcoasc.com\/de\/zellstoff-und-papier","url":"https:\/\/www.sifcoasc.com\/de\/zellstoff-und-papier","name":"SIFCO ASC : Selektive Beschichtung f\u00fcr die Instandhaltung von Zellstoff - und Papieranlagen","isPartOf":{"@id":"https:\/\/www.sifcoasc.com\/de#website"},"datePublished":"2022-07-14T15:31:01+00:00","dateModified":"2023-02-07T12:22:46+00:00","description":"Zeitschriftenerweiterung f\u00fcr die Zellstoff- und Papierindustrie. Verwenden Sie das SIFCO-Verfahren\u00ae f\u00fcr die Vor-Ort-Reparatur von Saugwalzen, Trockenzylindern, Pumpen, Elektromotoren und Lagerzapfenfl\u00e4chen.","breadcrumb":{"@id":"https:\/\/www.sifcoasc.com\/de\/zellstoff-und-papier#breadcrumb"},"inLanguage":"de-DE","potentialAction":[{"@type":"ReadAction","target":["https:\/\/www.sifcoasc.com\/de\/zellstoff-und-papier"]}]},{"@type":"BreadcrumbList","@id":"https:\/\/www.sifcoasc.com\/de\/zellstoff-und-papier#breadcrumb","itemListElement":[{"@type":"ListItem","position":1,"name":"Home","item":"https:\/\/www.sifcoasc.com\/de"},{"@type":"ListItem","position":2,"name":"Zellstoff und Papier"}]},{"@type":"WebSite","@id":"https:\/\/www.sifcoasc.com\/de#website","url":"https:\/\/www.sifcoasc.com\/de","name":"SIFCO Applied Surface Concepts","description":"","potentialAction":[{"@type":"SearchAction","target":{"@type":"EntryPoint","urlTemplate":"https:\/\/www.sifcoasc.com\/de?s={search_term_string}"},"query-input":{"@type":"PropertyValueSpecification","valueRequired":true,"valueName":"search_term_string"}}],"inLanguage":"de-DE"}]}},"featured_image_src":null,"featured_image_src_square":null,"_links":{"self":[{"href":"https:\/\/www.sifcoasc.com\/de\/wp-json\/wp\/v2\/pages\/9797","targetHints":{"allow":["GET"]}}],"collection":[{"href":"https:\/\/www.sifcoasc.com\/de\/wp-json\/wp\/v2\/pages"}],"about":[{"href":"https:\/\/www.sifcoasc.com\/de\/wp-json\/wp\/v2\/types\/page"}],"author":[{"embeddable":true,"href":"https:\/\/www.sifcoasc.com\/de\/wp-json\/wp\/v2\/users\/18"}],"replies":[{"embeddable":true,"href":"https:\/\/www.sifcoasc.com\/de\/wp-json\/wp\/v2\/comments?post=9797"}],"version-history":[{"count":0,"href":"https:\/\/www.sifcoasc.com\/de\/wp-json\/wp\/v2\/pages\/9797\/revisions"}],"wp:attachment":[{"href":"https:\/\/www.sifcoasc.com\/de\/wp-json\/wp\/v2\/media?parent=9797"}],"curies":[{"name":"wp","href":"https:\/\/api.w.org\/{rel}","templated":true}]}}