{"id":9845,"date":"2022-07-14T15:32:06","date_gmt":"2022-07-14T15:32:06","guid":{"rendered":"https:\/\/www.sifcoasc.com\/spezifikationen-fuer-die-industrie\/"},"modified":"2022-07-19T12:25:45","modified_gmt":"2022-07-19T12:25:45","slug":"spezifikationen-fuer-die-industrie","status":"publish","type":"page","link":"https:\/\/www.sifcoasc.com\/de\/spezifikationen-fuer-die-industrie","title":{"rendered":"Spezifikationen f\u00fcr die Industrie"},"content":{"rendered":"<h2>Selektive Beschichtung Industriespezifikationen<\/h2>\n<p class=\"emph\">Unsere Technologien und Dienstleistungen zur Oberfl\u00e4chenveredelung werden seit \u00fcber 50 Jahren in der Luft- und Raumfahrt, der Energieerzeugung, der \u00d6l- und Gasindustrie sowie im Milit\u00e4rbereich eingesetzt.<\/p>\n<p>Der SIFCO Process\u00ae erf\u00fcllt zahlreiche industrielle, milit\u00e4rische, AMS- und bundesstaatliche Spezifikationen.<\/p>\n<table class=\"tablesaw tablesaw-stack\" data-tablesaw-mode=\"stack\">\n<thead>\n<th><strong>Beendet<\/strong><\/th>\n<th><strong>Beschreibungen<\/strong><\/th>\n<th><strong>Milit\u00e4r<\/strong><\/th>\n<td><strong>AMS<\/strong><\/th>\n<th><strong>Federal<\/strong><\/th>\n<\/thead>\n<tbody>\n<tr class=\"gray\">\n<td>B\u00fcrstenbeschichtung<\/td>\n<td>Selektive Beschichtung &#8211; US Navy<\/td>\n<td>Mil-Std-2197 (SH)<\/td>\n<td><\/td>\n<td><\/td>\n<\/tr>\n<tr>\n<td>B\u00fcrstenbeschichtung<\/td>\n<td>Selektiv, B\u00fcrstenplattierung, Galvanische Abscheidung<\/td>\n<td>Mil-Std-865<\/td>\n<td>2451<\/td>\n<td><\/td>\n<\/tr>\n<tr class=\"gray\">\n<td>B\u00fcrstenbeschichtung Nickel<\/td>\n<td>Nickel-B\u00fcrsten-Beschichtung<\/td>\n<td><\/td>\n<td>2451\/1<\/td>\n<td>QQ-N-290<\/td>\n<\/tr>\n<tr>\n<td>B\u00fcrstenbeschichtung Nickel<\/td>\n<td>Nickel Spannungsarme, harte B\u00fcrstenbeschichtung<\/td>\n<td><\/td>\n<td>2451\/2<\/td>\n<td><\/td>\n<\/tr>\n<tr class=\"gray\">\n<td>B\u00fcrstenbeschichtung Nickel<\/td>\n<td>Nickel Geringe Belastung, niedrige H\u00e4rte B\u00fcrstenbeschichtung<\/td>\n<td><\/td>\n<td>2451\/3<\/td>\n<td><\/td>\n<\/tr>\n<tr>\n<td>B\u00fcrstenplattierung Kadmium<\/td>\n<td>LHE Kadmium-B\u00fcrstenbeschichtung<\/td>\n<td><\/td>\n<td>2451\/4<\/td>\n<td>QQ-P-416<\/td>\n<\/tr>\n<tr class=\"gray\">\n<td>B\u00fcrstenverchromung<\/td>\n<td>Verchromen mit B\u00fcrste<\/td>\n<td><\/td>\n<td>2451\/5<\/td>\n<td><\/td>\n<\/tr>\n<tr>\n<td>B\u00fcrstenplattieren Kupfer<\/td>\n<td>Kupfer-B\u00fcrstenbeschichtung<\/td>\n<td><\/td>\n<td>2451\/6<\/td>\n<td><\/td>\n<\/tr>\n<tr class=\"gray\">\n<td>B\u00fcrstenbeschichtung Nickel<\/td>\n<td>Nickel Spannungsarme, mittelharte B\u00fcrstenbeschichtung<\/td>\n<td><\/td>\n<td>2451\/7<\/td>\n<td><\/td>\n<\/tr>\n<tr>\n<td>B\u00fcrstenplattierung Silber<\/td>\n<td>Silber Nicht-Cyanid-B\u00fcrstenbeschichtung<\/td>\n<td><\/td>\n<td>2451\/8<\/td>\n<td>QQ-S-365<\/td>\n<\/tr>\n<tr class=\"gray\">\n<td>B\u00fcrstenbeschichtung Zink-Nickel<\/td>\n<td>Zink-Nickel-B\u00fcrstenbeschichtung<\/td>\n<td><\/td>\n<td>  2451\/9<\/td>\n<td><\/td>\n<\/tr>\n<tr>\n<td>B\u00fcrstenbeschichtung Zinn-Zink<\/td>\n<td>Zinn-Zink-B\u00fcrstenbeschichtung<\/td>\n<td><\/td>\n<td>2451\/10<\/td>\n<td><\/td>\n<\/tr>\n<tr class=\"gray\">\n<td>B\u00fcrstenplattierung Kobalt<\/td>\n<td>Kobalt-B\u00fcrstenbeschichtung<\/td>\n<td><\/td>\n<td>2451\/11<\/td>\n<td><\/td>\n<\/tr>\n<tr>\n<td>B\u00fcrstenplattieren Zinn<\/td>\n<td>Zinn-B\u00fcrsten-Beschichtung<\/td>\n<td>Mil-T-10727 *<\/td>\n<td>2451\/12<\/td>\n<td><\/td>\n<\/tr>\n<tr class=\"gray\">\n<td>B\u00fcrstenplattierung Silber<\/td>\n<td>Silberne B\u00fcrstenplattierung<\/td>\n<td><\/td>\n<td>2451\/13<\/td>\n<td>QQ-S-365<\/td>\n<\/tr>\n<tr>\n<td>Vernickeltes Blech<\/td>\n<td>Beschichtung, Nickel Allgemein<\/td>\n<td><\/td>\n<td>2403 *<\/td>\n<td>QQ-N-290*<\/td>\n<\/tr>\n<tr class=\"gray\">\n<td>Nickelplatte, hart<\/td>\n<td>Sulfamat Nickel, hart<\/td>\n<td><\/td>\n<td>2423 *<\/td>\n<td><\/td>\n<\/tr>\n<tr>\n<td>Nickelplatte, weich<\/td>\n<td>Spannungsarmes Sulfamat Nickel, weich<\/td>\n<td><\/td>\n<td>2424 *<\/td>\n<td><\/td>\n<\/tr>\n<tr class=\"gray\">\n<td>Kupferplatte<\/td>\n<td>Galvanik, Kupfer<\/td>\n<td>Mil-C-14550<\/td>\n<td>2418 *<\/td>\n<td><\/td>\n<\/tr>\n<tr>\n<td>Goldplatte<\/td>\n<td>Vergoldung, Gold<\/td>\n<td>Mil-G-45204<\/td>\n<td>2422 *<\/td>\n<td><\/td>\n<\/tr>\n<tr class=\"gray\">\n<td>Kadmium-Platte<\/td>\n<td>Beschichtung, Kadmium<\/td>\n<td><\/td>\n<td>2400, 2401*<\/td>\n<td><\/td>\n<\/tr>\n<tr>\n<td>Silberner Teller<\/td>\n<td>Versilberung, elektrolytisch abgeschieden<\/td>\n<td><\/td>\n<td>2412 *<\/td>\n<td>QQ-S-365 *<\/td>\n<\/tr>\n<tr class=\"gray\">\n<td>Zink-Nickel-Platte<\/td>\n<td>Beschichtung, Zink-Nickel-Legierung<\/td>\n<td><\/td>\n<td>2417 *<\/td>\n<td><\/td>\n<\/tr>\n<tr>\n<td>Zinn-Zink-Blech<\/td>\n<td>\u00dcberzug, Zinn-Zink-Legierung<\/td>\n<td><\/td>\n<td>2434 *<\/td>\n<td><\/td>\n<\/tr>\n<tr class=\"gray\">\n<td>Wei\u00dfblech<\/td>\n<td>Zinnbeschichtung, galvanisch abgeschieden<\/td>\n<td>Mil-T-10727 *<\/td>\n<td>2408 *<\/td>\n<td><\/td>\n<\/tr>\n<tr>\n<td>Eloxieren<\/td>\n<td>Eloxierte Beschichtungen<\/td>\n<td>Mil-A-8625 * Typ I, II und III<\/td>\n<td><\/td>\n<td><\/td>\n<\/tr>\n<\/tbody>\n<\/table>\n<p>* Die mit einem Sternchen gekennzeichneten Spezifikationen sind Normen f\u00fcr die Tankbeschichtung. SIFCO ASC Einlagen erf\u00fcllen die Leistungsanforderungen dieser Normen.<\/p>\n","protected":false},"excerpt":{"rendered":"<p>Selektive Beschichtung Industriespezifikationen Unsere Technologien und Dienstleistungen zur Oberfl\u00e4chenveredelung werden seit \u00fcber 50 Jahren in der Luft- und Raumfahrt, der Energieerzeugung, der \u00d6l- und Gasindustrie sowie im Milit\u00e4rbereich eingesetzt. Der SIFCO Process\u00ae erf\u00fcllt zahlreiche industrielle, milit\u00e4rische, AMS- und bundesstaatliche Spezifikationen. Beendet Beschreibungen Milit\u00e4r AMS Federal B\u00fcrstenbeschichtung Selektive Beschichtung &#8211; US Navy Mil-Std-2197 (SH) B\u00fcrstenbeschichtung Selektiv, [&hellip;]<\/p>\n","protected":false},"author":18,"featured_media":0,"parent":0,"menu_order":0,"comment_status":"closed","ping_status":"closed","template":"","meta":{"_acf_changed":false,"inline_featured_image":false,"footnotes":""},"class_list":["post-9845","page","type-page","status-publish","hentry"],"acf":[],"yoast_head":"<!-- This site is optimized with the Yoast SEO plugin v27.4 - https:\/\/yoast.com\/product\/yoast-seo-wordpress\/ -->\n<title>Selektive Beschichtungsindustrie Spezifikationen | SIFCO ASC<\/title>\n<meta name=\"description\" content=\"Der SIFCO Process\u00ae erf\u00fcllt zahlreiche industrielle, milit\u00e4rische, AMS- und bundesstaatliche Spezifikationen. Finden Sie heraus, welche B\u00fcrstenbeschichtungsl\u00f6sung f\u00fcr Sie geeignet ist.\" \/>\n<meta name=\"robots\" content=\"index, follow, max-snippet:-1, max-image-preview:large, max-video-preview:-1\" \/>\n<link rel=\"canonical\" href=\"https:\/\/www.sifcoasc.com\/de\/spezifikationen-fuer-die-industrie\" \/>\n<meta property=\"og:locale\" content=\"de_DE\" \/>\n<meta property=\"og:type\" content=\"article\" \/>\n<meta property=\"og:title\" content=\"Selektive Beschichtungsindustrie Spezifikationen | SIFCO ASC\" \/>\n<meta property=\"og:description\" content=\"Der SIFCO Process\u00ae erf\u00fcllt zahlreiche industrielle, milit\u00e4rische, AMS- und bundesstaatliche Spezifikationen. Finden Sie heraus, welche B\u00fcrstenbeschichtungsl\u00f6sung f\u00fcr Sie geeignet ist.\" \/>\n<meta property=\"og:url\" content=\"https:\/\/www.sifcoasc.com\/de\/spezifikationen-fuer-die-industrie\" \/>\n<meta property=\"og:site_name\" content=\"SIFCO Applied Surface Concepts\" \/>\n<meta property=\"article:modified_time\" content=\"2022-07-19T12:25:45+00:00\" \/>\n<meta name=\"twitter:label1\" content=\"Est. reading time\" \/>\n\t<meta name=\"twitter:data1\" content=\"1 Minute\" \/>\n<script type=\"application\/ld+json\" class=\"yoast-schema-graph\">{\"@context\":\"https:\\\/\\\/schema.org\",\"@graph\":[{\"@type\":\"WebPage\",\"@id\":\"https:\\\/\\\/www.sifcoasc.com\\\/de\\\/spezifikationen-fuer-die-industrie\",\"url\":\"https:\\\/\\\/www.sifcoasc.com\\\/de\\\/spezifikationen-fuer-die-industrie\",\"name\":\"Selektive Beschichtungsindustrie Spezifikationen | SIFCO ASC\",\"isPartOf\":{\"@id\":\"https:\\\/\\\/www.sifcoasc.com\\\/de#website\"},\"datePublished\":\"2022-07-14T15:32:06+00:00\",\"dateModified\":\"2022-07-19T12:25:45+00:00\",\"description\":\"Der SIFCO Process\u00ae erf\u00fcllt zahlreiche industrielle, milit\u00e4rische, AMS- und bundesstaatliche Spezifikationen. Finden Sie heraus, welche B\u00fcrstenbeschichtungsl\u00f6sung f\u00fcr Sie geeignet ist.\",\"breadcrumb\":{\"@id\":\"https:\\\/\\\/www.sifcoasc.com\\\/de\\\/spezifikationen-fuer-die-industrie#breadcrumb\"},\"inLanguage\":\"de-DE\",\"potentialAction\":[{\"@type\":\"ReadAction\",\"target\":[\"https:\\\/\\\/www.sifcoasc.com\\\/de\\\/spezifikationen-fuer-die-industrie\"]}]},{\"@type\":\"BreadcrumbList\",\"@id\":\"https:\\\/\\\/www.sifcoasc.com\\\/de\\\/spezifikationen-fuer-die-industrie#breadcrumb\",\"itemListElement\":[{\"@type\":\"ListItem\",\"position\":1,\"name\":\"Home\",\"item\":\"https:\\\/\\\/www.sifcoasc.com\\\/de\"},{\"@type\":\"ListItem\",\"position\":2,\"name\":\"Spezifikationen f\u00fcr die Industrie\"}]},{\"@type\":\"WebSite\",\"@id\":\"https:\\\/\\\/www.sifcoasc.com\\\/de#website\",\"url\":\"https:\\\/\\\/www.sifcoasc.com\\\/de\",\"name\":\"SIFCO Applied Surface Concepts\",\"description\":\"\",\"potentialAction\":[{\"@type\":\"SearchAction\",\"target\":{\"@type\":\"EntryPoint\",\"urlTemplate\":\"https:\\\/\\\/www.sifcoasc.com\\\/de?s={search_term_string}\"},\"query-input\":{\"@type\":\"PropertyValueSpecification\",\"valueRequired\":true,\"valueName\":\"search_term_string\"}}],\"inLanguage\":\"de-DE\"}]}<\/script>\n<!-- \/ Yoast SEO plugin. -->","yoast_head_json":{"title":"Selektive Beschichtungsindustrie Spezifikationen | SIFCO ASC","description":"Der SIFCO Process\u00ae erf\u00fcllt zahlreiche industrielle, milit\u00e4rische, AMS- und bundesstaatliche Spezifikationen. Finden Sie heraus, welche B\u00fcrstenbeschichtungsl\u00f6sung f\u00fcr Sie geeignet ist.","robots":{"index":"index","follow":"follow","max-snippet":"max-snippet:-1","max-image-preview":"max-image-preview:large","max-video-preview":"max-video-preview:-1"},"canonical":"https:\/\/www.sifcoasc.com\/de\/spezifikationen-fuer-die-industrie","og_locale":"de_DE","og_type":"article","og_title":"Selektive Beschichtungsindustrie Spezifikationen | SIFCO ASC","og_description":"Der SIFCO Process\u00ae erf\u00fcllt zahlreiche industrielle, milit\u00e4rische, AMS- und bundesstaatliche Spezifikationen. Finden Sie heraus, welche B\u00fcrstenbeschichtungsl\u00f6sung f\u00fcr Sie geeignet ist.","og_url":"https:\/\/www.sifcoasc.com\/de\/spezifikationen-fuer-die-industrie","og_site_name":"SIFCO Applied Surface Concepts","article_modified_time":"2022-07-19T12:25:45+00:00","twitter_misc":{"Est. reading time":"1 Minute"},"schema":{"@context":"https:\/\/schema.org","@graph":[{"@type":"WebPage","@id":"https:\/\/www.sifcoasc.com\/de\/spezifikationen-fuer-die-industrie","url":"https:\/\/www.sifcoasc.com\/de\/spezifikationen-fuer-die-industrie","name":"Selektive Beschichtungsindustrie Spezifikationen | SIFCO ASC","isPartOf":{"@id":"https:\/\/www.sifcoasc.com\/de#website"},"datePublished":"2022-07-14T15:32:06+00:00","dateModified":"2022-07-19T12:25:45+00:00","description":"Der SIFCO Process\u00ae erf\u00fcllt zahlreiche industrielle, milit\u00e4rische, AMS- und bundesstaatliche Spezifikationen. Finden Sie heraus, welche B\u00fcrstenbeschichtungsl\u00f6sung f\u00fcr Sie geeignet ist.","breadcrumb":{"@id":"https:\/\/www.sifcoasc.com\/de\/spezifikationen-fuer-die-industrie#breadcrumb"},"inLanguage":"de-DE","potentialAction":[{"@type":"ReadAction","target":["https:\/\/www.sifcoasc.com\/de\/spezifikationen-fuer-die-industrie"]}]},{"@type":"BreadcrumbList","@id":"https:\/\/www.sifcoasc.com\/de\/spezifikationen-fuer-die-industrie#breadcrumb","itemListElement":[{"@type":"ListItem","position":1,"name":"Home","item":"https:\/\/www.sifcoasc.com\/de"},{"@type":"ListItem","position":2,"name":"Spezifikationen f\u00fcr die Industrie"}]},{"@type":"WebSite","@id":"https:\/\/www.sifcoasc.com\/de#website","url":"https:\/\/www.sifcoasc.com\/de","name":"SIFCO Applied Surface Concepts","description":"","potentialAction":[{"@type":"SearchAction","target":{"@type":"EntryPoint","urlTemplate":"https:\/\/www.sifcoasc.com\/de?s={search_term_string}"},"query-input":{"@type":"PropertyValueSpecification","valueRequired":true,"valueName":"search_term_string"}}],"inLanguage":"de-DE"}]}},"featured_image_src":null,"featured_image_src_square":null,"_links":{"self":[{"href":"https:\/\/www.sifcoasc.com\/de\/wp-json\/wp\/v2\/pages\/9845","targetHints":{"allow":["GET"]}}],"collection":[{"href":"https:\/\/www.sifcoasc.com\/de\/wp-json\/wp\/v2\/pages"}],"about":[{"href":"https:\/\/www.sifcoasc.com\/de\/wp-json\/wp\/v2\/types\/page"}],"author":[{"embeddable":true,"href":"https:\/\/www.sifcoasc.com\/de\/wp-json\/wp\/v2\/users\/18"}],"replies":[{"embeddable":true,"href":"https:\/\/www.sifcoasc.com\/de\/wp-json\/wp\/v2\/comments?post=9845"}],"version-history":[{"count":0,"href":"https:\/\/www.sifcoasc.com\/de\/wp-json\/wp\/v2\/pages\/9845\/revisions"}],"wp:attachment":[{"href":"https:\/\/www.sifcoasc.com\/de\/wp-json\/wp\/v2\/media?parent=9845"}],"curies":[{"name":"wp","href":"https:\/\/api.w.org\/{rel}","templated":true}]}}