{"id":9882,"date":"2022-07-14T16:58:48","date_gmt":"2022-07-14T16:58:48","guid":{"rendered":"https:\/\/www.sifcoasc.com\/angebot-anfordern\/"},"modified":"2023-01-30T10:09:21","modified_gmt":"2023-01-30T10:09:21","slug":"angebot-anfordern","status":"publish","type":"page","link":"https:\/\/www.sifcoasc.com\/de\/angebot-anfordern","title":{"rendered":"Angebot anfordern"},"content":{"rendered":"<h2>Pers\u00f6nliche Angaben<\/h2>\n<script type=\"text\/javascript\">\n\/* <![CDATA[ *\/\nvar gform;gform||(document.addEventListener(\"gform_main_scripts_loaded\",function(){gform.scriptsLoaded=!0}),document.addEventListener(\"gform\/theme\/scripts_loaded\",function(){gform.themeScriptsLoaded=!0}),window.addEventListener(\"DOMContentLoaded\",function(){gform.domLoaded=!0}),gform={domLoaded:!1,scriptsLoaded:!1,themeScriptsLoaded:!1,isFormEditor:()=>\"function\"==typeof InitializeEditor,callIfLoaded:function(o){return!(!gform.domLoaded||!gform.scriptsLoaded||!gform.themeScriptsLoaded&&!gform.isFormEditor()||(gform.isFormEditor()&&console.warn(\"The use of gform.initializeOnLoaded() is deprecated in the form editor context and will be removed in Gravity Forms 3.1.\"),o(),0))},initializeOnLoaded:function(o){gform.callIfLoaded(o)||(document.addEventListener(\"gform_main_scripts_loaded\",()=>{gform.scriptsLoaded=!0,gform.callIfLoaded(o)}),document.addEventListener(\"gform\/theme\/scripts_loaded\",()=>{gform.themeScriptsLoaded=!0,gform.callIfLoaded(o)}),window.addEventListener(\"DOMContentLoaded\",()=>{gform.domLoaded=!0,gform.callIfLoaded(o)}))},hooks:{action:{},filter:{}},addAction:function(o,r,e,t){gform.addHook(\"action\",o,r,e,t)},addFilter:function(o,r,e,t){gform.addHook(\"filter\",o,r,e,t)},doAction:function(o){gform.doHook(\"action\",o,arguments)},applyFilters:function(o){return gform.doHook(\"filter\",o,arguments)},removeAction:function(o,r){gform.removeHook(\"action\",o,r)},removeFilter:function(o,r,e){gform.removeHook(\"filter\",o,r,e)},addHook:function(o,r,e,t,n){null==gform.hooks[o][r]&&(gform.hooks[o][r]=[]);var d=gform.hooks[o][r];null==n&&(n=r+\"_\"+d.length),gform.hooks[o][r].push({tag:n,callable:e,priority:t=null==t?10:t})},doHook:function(r,o,e){var t;if(e=Array.prototype.slice.call(e,1),null!=gform.hooks[r][o]&&((o=gform.hooks[r][o]).sort(function(o,r){return o.priority-r.priority}),o.forEach(function(o){\"function\"!=typeof(t=o.callable)&&(t=window[t]),\"action\"==r?t.apply(null,e):e[0]=t.apply(null,e)})),\"filter\"==r)return e[0]},removeHook:function(o,r,t,n){var e;null!=gform.hooks[o][r]&&(e=(e=gform.hooks[o][r]).filter(function(o,r,e){return!!(null!=n&&n!=o.tag||null!=t&&t!=o.priority)}),gform.hooks[o][r]=e)}});\n\/* ]]> *\/\n<\/script>\n\n                <div class='gf_browser_gecko gform_wrapper gform_legacy_markup_wrapper gform-theme--no-framework' data-form-theme='legacy' data-form-index='0' id='gform_wrapper_38' >\n                        <div class='gform_heading'>\n                            <h3 class=\"gform_title\">Request for Quote -gr<\/h3>\n                        <\/div><form method='post' enctype='multipart\/form-data'  id='gform_38'  action='\/de\/wp-json\/wp\/v2\/pages\/9882' data-formid='38' novalidate>\n                        <div class='gform-body gform_body'><ul id='gform_fields_38' class='gform_fields top_label form_sublabel_below description_below validation_below'><li id=\"field_38_8\" class=\"gfield gfield--type-text gf_left_half gfield_contains_required field_sublabel_below gfield--no-description field_description_below field_validation_below gfield_visibility_visible\"  ><label class='gfield_label gform-field-label' for='input_38_8'>Vollst\u00e4ndiger Name:<span class=\"gfield_required\"><span class=\"gfield_required gfield_required_asterisk\">*<\/span><\/span><\/label><div class='ginput_container ginput_container_text'><input name='input_8' id='input_38_8' type='text' value='' class='large'     aria-required=\"true\" aria-invalid=\"false\"   \/><\/div><\/li><li id=\"field_38_4\" class=\"gfield gfield--type-text gf_right_half gfield_contains_required field_sublabel_below gfield--no-description field_description_below field_validation_below gfield_visibility_visible\"  ><label class='gfield_label gform-field-label' for='input_38_4'>Name der Firma:<span class=\"gfield_required\"><span class=\"gfield_required gfield_required_asterisk\">*<\/span><\/span><\/label><div class='ginput_container ginput_container_text'><input name='input_4' id='input_38_4' type='text' value='' class='large'     aria-required=\"true\" aria-invalid=\"false\"   \/><\/div><\/li><li id=\"field_38_2\" class=\"gfield gfield--type-email gf_left_half gfield_contains_required field_sublabel_below gfield--no-description field_description_below field_validation_below gfield_visibility_visible\"  ><label class='gfield_label gform-field-label' for='input_38_2'>E-Mail-Addresse:<span class=\"gfield_required\"><span class=\"gfield_required gfield_required_asterisk\">*<\/span><\/span><\/label><div class='ginput_container ginput_container_email'>\n                            <input name='input_2' id='input_38_2' type='email' value='' class='large'    aria-required=\"true\" aria-invalid=\"false\"  \/>\n                        <\/div><\/li><li id=\"field_38_7\" class=\"gfield gfield--type-phone gf_right_half gfield_contains_required field_sublabel_below gfield--no-description field_description_below field_validation_below gfield_visibility_visible\"  ><label class='gfield_label gform-field-label' for='input_38_7'>Telefonnummer:<span class=\"gfield_required\"><span class=\"gfield_required gfield_required_asterisk\">*<\/span><\/span><\/label><div class='ginput_container ginput_container_phone'><input name='input_7' id='input_38_7' type='tel' value='' class='large'   aria-required=\"true\" aria-invalid=\"false\"   \/><\/div><\/li><li id=\"field_38_3\" class=\"gfield gfield--type-text gfield_contains_required field_sublabel_below gfield--no-description field_description_below field_validation_below gfield_visibility_visible\"  ><label class='gfield_label gform-field-label' for='input_38_3'>Firmenanschrift:<span class=\"gfield_required\"><span class=\"gfield_required gfield_required_asterisk\">*<\/span><\/span><\/label><div class='ginput_container ginput_container_text'><input name='input_3' id='input_38_3' type='text' value='' class='large'     aria-required=\"true\" aria-invalid=\"false\"   \/><\/div><\/li><li id=\"field_38_10\" class=\"gfield gfield--type-checkbox gfield--type-choice gfield_contains_required field_sublabel_below gfield--has-description field_description_below field_validation_below gfield_visibility_visible\"  ><label class='gfield_label gform-field-label gfield_label_before_complex' >Was interessiert dich?<span class=\"gfield_required\"><span class=\"gfield_required gfield_required_asterisk\">*<\/span><\/span><\/label><div class='ginput_container ginput_container_checkbox'><ul class='gfield_checkbox' id='input_38_10'><li class='gchoice gchoice_38_10_1'>\n\t\t\t\t\t\t\t\t<input class='gfield-choice-input' name='input_10.1' type='checkbox'  value='Beschichtungsl\u00f6sungen'  id='choice_38_10_1'   aria-describedby=\"gfield_description_38_10\"\/>\n\t\t\t\t\t\t\t\t<label for='choice_38_10_1' id='label_38_10_1' class='gform-field-label gform-field-label--type-inline'>Beschichtungsl\u00f6sungen<\/label>\n\t\t\t\t\t\t\t<\/li><li class='gchoice gchoice_38_10_2'>\n\t\t\t\t\t\t\t\t<input class='gfield-choice-input' name='input_10.2' type='checkbox'  value='Beschichtungsausr\u00fcstung'  id='choice_38_10_2'   \/>\n\t\t\t\t\t\t\t\t<label for='choice_38_10_2' id='label_38_10_2' class='gform-field-label gform-field-label--type-inline'>Beschichtungsausr\u00fcstung<\/label>\n\t\t\t\t\t\t\t<\/li><li class='gchoice gchoice_38_10_3'>\n\t\t\t\t\t\t\t\t<input class='gfield-choice-input' name='input_10.3' type='checkbox'  value='Tragbare Beschichtungskits'  id='choice_38_10_3'   \/>\n\t\t\t\t\t\t\t\t<label for='choice_38_10_3' id='label_38_10_3' class='gform-field-label gform-field-label--type-inline'>Tragbare Beschichtungskits<\/label>\n\t\t\t\t\t\t\t<\/li><li class='gchoice gchoice_38_10_4'>\n\t\t\t\t\t\t\t\t<input class='gfield-choice-input' name='input_10.4' type='checkbox'  value='Kraftpakete'  id='choice_38_10_4'   \/>\n\t\t\t\t\t\t\t\t<label for='choice_38_10_4' id='label_38_10_4' class='gform-field-label gform-field-label--type-inline'>Kraftpakete<\/label>\n\t\t\t\t\t\t\t<\/li><li class='gchoice gchoice_38_10_5'>\n\t\t\t\t\t\t\t\t<input class='gfield-choice-input' name='input_10.5' type='checkbox'  value='Arbeitsplatz'  id='choice_38_10_5'   \/>\n\t\t\t\t\t\t\t\t<label for='choice_38_10_5' id='label_38_10_5' class='gform-field-label gform-field-label--type-inline'>Arbeitsplatz<\/label>\n\t\t\t\t\t\t\t<\/li><li class='gchoice gchoice_38_10_6'>\n\t\t\t\t\t\t\t\t<input class='gfield-choice-input' name='input_10.6' type='checkbox'  value='Servicearbeiten vor Ort'  id='choice_38_10_6'   \/>\n\t\t\t\t\t\t\t\t<label for='choice_38_10_6' id='label_38_10_6' class='gform-field-label gform-field-label--type-inline'>Servicearbeiten vor Ort<\/label>\n\t\t\t\t\t\t\t<\/li><li class='gchoice gchoice_38_10_7'>\n\t\t\t\t\t\t\t\t<input class='gfield-choice-input' name='input_10.7' type='checkbox'  value='Ausbildung'  id='choice_38_10_7'   \/>\n\t\t\t\t\t\t\t\t<label for='choice_38_10_7' id='label_38_10_7' class='gform-field-label gform-field-label--type-inline'>Ausbildung<\/label>\n\t\t\t\t\t\t\t<\/li><li class='gchoice gchoice_38_10_8'>\n\t\t\t\t\t\t\t\t<input class='gfield-choice-input' name='input_10.8' type='checkbox'  value='Diskussion einer industriellen Anwendung'  id='choice_38_10_8'   \/>\n\t\t\t\t\t\t\t\t<label for='choice_38_10_8' id='label_38_10_8' class='gform-field-label gform-field-label--type-inline'>Diskussion einer industriellen Anwendung<\/label>\n\t\t\t\t\t\t\t<\/li><\/ul><\/div><div class='gfield_description' id='gfield_description_38_10'>W\u00e4hlen Sie oben mindestens eine Option aus<\/div><\/li><li id=\"field_38_5\" class=\"gfield gfield--type-textarea gfield_contains_required field_sublabel_below gfield--no-description field_description_below field_validation_below gfield_visibility_visible\"  ><label class='gfield_label gform-field-label' for='input_38_5'>Ihre Nachricht<span class=\"gfield_required\"><span class=\"gfield_required gfield_required_asterisk\">*<\/span><\/span><\/label><div class='ginput_container ginput_container_textarea'><textarea name='input_5' id='input_38_5' class='textarea large'     aria-required=\"true\" aria-invalid=\"false\"   rows='10' cols='50'><\/textarea><\/div><\/li><li id=\"field_38_11\" class=\"gfield gfield--type-checkbox gfield--type-choice field_sublabel_below gfield--no-description field_description_below field_validation_below gfield_visibility_visible\"  ><label class='gfield_label gform-field-label gfield_label_before_complex' >Datenschutz-Bestimmungen<\/label><div class='ginput_container ginput_container_checkbox'><ul class='gfield_checkbox' id='input_38_11'><li class='gchoice gchoice_38_11_1'>\n\t\t\t\t\t\t\t\t<input class='gfield-choice-input' name='input_11.1' type='checkbox'  value='SIFCO ASC m\u00f6chte Sie m\u00f6glicherweise bez\u00fcglich Produkten, Dienstleistungen, Angeboten, technischen Entwicklungen oder Ihrer Meinung kontaktieren. Wenn Sie nicht kontaktiert werden m\u00f6chten, kreuzen Sie bitte das K\u00e4stchen oben an. Sie k\u00f6nnen SIFCO ASC jederzeit schriftlich mitteilen, dass Sie keine Direktmarketing-Mitteilungen mehr erhalten m\u00f6chten.'  id='choice_38_11_1'   \/>\n\t\t\t\t\t\t\t\t<label for='choice_38_11_1' id='label_38_11_1' class='gform-field-label gform-field-label--type-inline'>SIFCO ASC m\u00f6chte Sie m\u00f6glicherweise bez\u00fcglich Produkten, Dienstleistungen, Angeboten, technischen Entwicklungen oder Ihrer Meinung kontaktieren. Wenn Sie nicht kontaktiert werden m\u00f6chten, kreuzen Sie bitte das K\u00e4stchen oben an. Sie k\u00f6nnen SIFCO ASC jederzeit schriftlich mitteilen, dass Sie keine Direktmarketing-Mitteilungen mehr erhalten m\u00f6chten.<\/label>\n\t\t\t\t\t\t\t<\/li><\/ul><\/div><\/li><\/ul><\/div>\n        <div class='gform-footer gform_footer top_label'> <input type='submit' id='gform_submit_button_38' class='gform_button button' onclick='gform.submission.handleButtonClick(this);' data-submission-type='submit' value='Einreichen'  \/> \n            <input type='hidden' class='gform_hidden' name='gform_submission_method' data-js='gform_submission_method_38' value='postback' \/>\n            <input type='hidden' class='gform_hidden' name='gform_theme' data-js='gform_theme_38' id='gform_theme_38' value='legacy' \/>\n            <input type='hidden' class='gform_hidden' name='gform_style_settings' data-js='gform_style_settings_38' id='gform_style_settings_38' value='[]' \/>\n            <input type='hidden' class='gform_hidden' name='is_submit_38' value='1' \/>\n            <input type='hidden' class='gform_hidden' name='gform_submit' value='38' \/>\n            \n            <input type='hidden' class='gform_hidden' name='gform_currency' data-currency='USD' value='4vZ7geAZz+Jp4zXruTB5f+CmPOe3AWKPZ1Cfs8ehxnUNpobGDUJ61XpK3iW2bWdBQgF7lr4sWI7SbgBZR9r5t\/WchxiFCJqmiS6whdlty2Vx5O8=' \/>\n            <input type='hidden' class='gform_hidden' name='gform_unique_id' value='' \/>\n            <input type='hidden' class='gform_hidden' name='state_38' value='WyJbXSIsImQxMDU1MWUyOGU1ZTQ2ZDJhNDlhNWMzNTQ1MmI1YzQxIl0=' \/>\n            <input type='hidden' autocomplete='off' class='gform_hidden' name='gform_target_page_number_38' id='gform_target_page_number_38' value='0' \/>\n            <input type='hidden' autocomplete='off' class='gform_hidden' name='gform_source_page_number_38' id='gform_source_page_number_38' value='1' \/>\n            <input type='hidden' name='gform_field_values' value='' \/>\n            \n        <\/div>\n                        <input type=\"hidden\" id=\"ct_checkjs_e205ee2a5de471a70c1fd1b46033a75f\" name=\"ct_checkjs\" value=\"0\" \/><script >setTimeout(function(){var ct_input_name = \"ct_checkjs_e205ee2a5de471a70c1fd1b46033a75f\";if (document.getElementById(ct_input_name) !== null) {var ct_input_value = document.getElementById(ct_input_name).value;document.getElementById(ct_input_name).value = document.getElementById(ct_input_name).value.replace(ct_input_value, 'c8498e28f559b8da2c32f3a99cba62af5901009f5edc3429c51971a226a0f89c');}}, 1000);<\/script><input\n                    class=\"apbct_special_field apbct_email_id__gravity_form\"\n                    name=\"apbct__email_id__gravity_form\"\n                    aria-label=\"apbct__label_id__gravity_form\"\n                    type=\"text\" size=\"30\" maxlength=\"200\" autocomplete=\"off\"\n                    value=\"\"\n                \/><\/form>\n                        <\/div><script type=\"text\/javascript\">\n\/* <![CDATA[ *\/\n gform.initializeOnLoaded( function() {gformInitSpinner( 38, 'https:\/\/www.sifcoasc.com\/wp-content\/plugins\/gravityforms\/images\/spinner.svg', true );jQuery('#gform_ajax_frame_38').on('load',function(){var contents = jQuery(this).contents().find('*').html();var is_postback = contents.indexOf('GF_AJAX_POSTBACK') >= 0;if(!is_postback){return;}var form_content = jQuery(this).contents().find('#gform_wrapper_38');var is_confirmation = jQuery(this).contents().find('#gform_confirmation_wrapper_38').length > 0;var is_redirect = contents.indexOf('gformRedirect(){') >= 0;var is_form = form_content.length > 0 && ! is_redirect && ! is_confirmation;var mt = parseInt(jQuery('html').css('margin-top'), 10) + parseInt(jQuery('body').css('margin-top'), 10) + 100;if(is_form){jQuery('#gform_wrapper_38').html(form_content.html());if(form_content.hasClass('gform_validation_error')){jQuery('#gform_wrapper_38').addClass('gform_validation_error');} else {jQuery('#gform_wrapper_38').removeClass('gform_validation_error');}setTimeout( function() { \/* delay the scroll by 50 milliseconds to fix a bug in chrome *\/  }, 50 );if(window['gformInitDatepicker']) {gformInitDatepicker();}if(window['gformInitPriceFields']) {gformInitPriceFields();}var current_page = jQuery('#gform_source_page_number_38').val();gformInitSpinner( 38, 'https:\/\/www.sifcoasc.com\/wp-content\/plugins\/gravityforms\/images\/spinner.svg', true );jQuery(document).trigger('gform_page_loaded', [38, current_page]);window['gf_submitting_38'] = false;}else if(!is_redirect){var confirmation_content = jQuery(this).contents().find('.GF_AJAX_POSTBACK').html();if(!confirmation_content){confirmation_content = contents;}jQuery('#gform_wrapper_38').replaceWith(confirmation_content);jQuery(document).trigger('gform_confirmation_loaded', [38]);window['gf_submitting_38'] = false;wp.a11y.speak(jQuery('#gform_confirmation_message_38').text());}else{jQuery('#gform_38').append(contents);if(window['gformRedirect']) {gformRedirect();}}jQuery(document).trigger(\"gform_pre_post_render\", [{ formId: \"38\", currentPage: \"current_page\", abort: function() { this.preventDefault(); } }]);        if (event && event.defaultPrevented) {                return;        }        const gformWrapperDiv = document.getElementById( \"gform_wrapper_38\" );        if ( gformWrapperDiv ) {            const visibilitySpan = document.createElement( \"span\" );            visibilitySpan.id = \"gform_visibility_test_38\";            gformWrapperDiv.insertAdjacentElement( \"afterend\", visibilitySpan );        }        const visibilityTestDiv = document.getElementById( \"gform_visibility_test_38\" );        let postRenderFired = false;        function triggerPostRender() {            if ( postRenderFired ) {                return;            }            postRenderFired = true;            gform.core.triggerPostRenderEvents( 38, current_page );            if ( visibilityTestDiv ) {                visibilityTestDiv.parentNode.removeChild( visibilityTestDiv );            }        }        function debounce( func, wait, immediate ) {            var timeout;            return function() {                var context = this, args = arguments;                var later = function() {                    timeout = null;                    if ( !immediate ) func.apply( context, args );                };                var callNow = immediate && !timeout;                clearTimeout( timeout );                timeout = setTimeout( later, wait );                if ( callNow ) func.apply( context, args );            };        }        const debouncedTriggerPostRender = debounce( function() {            triggerPostRender();        }, 200 );        if ( visibilityTestDiv && visibilityTestDiv.offsetParent === null ) {            const observer = new MutationObserver( ( mutations ) => {                mutations.forEach( ( mutation ) => {                    if ( mutation.type === 'attributes' && visibilityTestDiv.offsetParent !== null ) {                        debouncedTriggerPostRender();                        observer.disconnect();                    }                });            });            observer.observe( document.body, {                attributes: true,                childList: false,                subtree: true,                attributeFilter: [ 'style', 'class' ],            });        } else {            triggerPostRender();        }    } );} ); \n\/* ]]> *\/\n<\/script>\n\n","protected":false},"excerpt":{"rendered":"<p>Pers\u00f6nliche Angaben<\/p>\n","protected":false},"author":18,"featured_media":0,"parent":0,"menu_order":0,"comment_status":"closed","ping_status":"closed","template":"","meta":{"_acf_changed":false,"inline_featured_image":false,"footnotes":""},"class_list":["post-9882","page","type-page","status-publish","hentry"],"acf":[],"yoast_head":"<!-- This site is optimized with the Yoast SEO plugin v27.5 - https:\/\/yoast.com\/product\/yoast-seo-wordpress\/ -->\n<title>Angebot anfordern - SIFCO Applied Surface Concepts<\/title>\n<meta name=\"description\" content=\"Pers\u00f6nliche Angaben\" \/>\n<meta name=\"robots\" content=\"index, follow, max-snippet:-1, max-image-preview:large, max-video-preview:-1\" \/>\n<link rel=\"canonical\" href=\"https:\/\/www.sifcoasc.com\/de\/angebot-anfordern\" \/>\n<meta property=\"og:locale\" content=\"de_DE\" \/>\n<meta property=\"og:type\" content=\"article\" \/>\n<meta property=\"og:title\" content=\"Angebot anfordern - SIFCO Applied Surface Concepts\" \/>\n<meta property=\"og:description\" content=\"Pers\u00f6nliche Angaben\" \/>\n<meta property=\"og:url\" content=\"https:\/\/www.sifcoasc.com\/de\/angebot-anfordern\" \/>\n<meta property=\"og:site_name\" content=\"SIFCO Applied Surface Concepts\" \/>\n<meta property=\"article:modified_time\" content=\"2023-01-30T10:09:21+00:00\" \/>\n<script type=\"application\/ld+json\" class=\"yoast-schema-graph\">{\"@context\":\"https:\\\/\\\/schema.org\",\"@graph\":[{\"@type\":\"WebPage\",\"@id\":\"https:\\\/\\\/www.sifcoasc.com\\\/de\\\/angebot-anfordern\",\"url\":\"https:\\\/\\\/www.sifcoasc.com\\\/de\\\/angebot-anfordern\",\"name\":\"Angebot anfordern - SIFCO Applied Surface Concepts\",\"isPartOf\":{\"@id\":\"https:\\\/\\\/www.sifcoasc.com\\\/de#website\"},\"datePublished\":\"2022-07-14T16:58:48+00:00\",\"dateModified\":\"2023-01-30T10:09:21+00:00\",\"description\":\"Pers\u00f6nliche Angaben\",\"breadcrumb\":{\"@id\":\"https:\\\/\\\/www.sifcoasc.com\\\/de\\\/angebot-anfordern#breadcrumb\"},\"inLanguage\":\"de-DE\",\"potentialAction\":[{\"@type\":\"ReadAction\",\"target\":[\"https:\\\/\\\/www.sifcoasc.com\\\/de\\\/angebot-anfordern\"]}]},{\"@type\":\"BreadcrumbList\",\"@id\":\"https:\\\/\\\/www.sifcoasc.com\\\/de\\\/angebot-anfordern#breadcrumb\",\"itemListElement\":[{\"@type\":\"ListItem\",\"position\":1,\"name\":\"Home\",\"item\":\"https:\\\/\\\/www.sifcoasc.com\\\/de\"},{\"@type\":\"ListItem\",\"position\":2,\"name\":\"Angebot anfordern\"}]},{\"@type\":\"WebSite\",\"@id\":\"https:\\\/\\\/www.sifcoasc.com\\\/de#website\",\"url\":\"https:\\\/\\\/www.sifcoasc.com\\\/de\",\"name\":\"SIFCO Applied Surface Concepts\",\"description\":\"\",\"potentialAction\":[{\"@type\":\"SearchAction\",\"target\":{\"@type\":\"EntryPoint\",\"urlTemplate\":\"https:\\\/\\\/www.sifcoasc.com\\\/de?s={search_term_string}\"},\"query-input\":{\"@type\":\"PropertyValueSpecification\",\"valueRequired\":true,\"valueName\":\"search_term_string\"}}],\"inLanguage\":\"de-DE\"}]}<\/script>\n<!-- \/ Yoast SEO plugin. -->","yoast_head_json":{"title":"Angebot anfordern - SIFCO Applied Surface Concepts","description":"Pers\u00f6nliche Angaben","robots":{"index":"index","follow":"follow","max-snippet":"max-snippet:-1","max-image-preview":"max-image-preview:large","max-video-preview":"max-video-preview:-1"},"canonical":"https:\/\/www.sifcoasc.com\/de\/angebot-anfordern","og_locale":"de_DE","og_type":"article","og_title":"Angebot anfordern - SIFCO Applied Surface Concepts","og_description":"Pers\u00f6nliche Angaben","og_url":"https:\/\/www.sifcoasc.com\/de\/angebot-anfordern","og_site_name":"SIFCO Applied Surface Concepts","article_modified_time":"2023-01-30T10:09:21+00:00","schema":{"@context":"https:\/\/schema.org","@graph":[{"@type":"WebPage","@id":"https:\/\/www.sifcoasc.com\/de\/angebot-anfordern","url":"https:\/\/www.sifcoasc.com\/de\/angebot-anfordern","name":"Angebot anfordern - SIFCO Applied Surface Concepts","isPartOf":{"@id":"https:\/\/www.sifcoasc.com\/de#website"},"datePublished":"2022-07-14T16:58:48+00:00","dateModified":"2023-01-30T10:09:21+00:00","description":"Pers\u00f6nliche Angaben","breadcrumb":{"@id":"https:\/\/www.sifcoasc.com\/de\/angebot-anfordern#breadcrumb"},"inLanguage":"de-DE","potentialAction":[{"@type":"ReadAction","target":["https:\/\/www.sifcoasc.com\/de\/angebot-anfordern"]}]},{"@type":"BreadcrumbList","@id":"https:\/\/www.sifcoasc.com\/de\/angebot-anfordern#breadcrumb","itemListElement":[{"@type":"ListItem","position":1,"name":"Home","item":"https:\/\/www.sifcoasc.com\/de"},{"@type":"ListItem","position":2,"name":"Angebot anfordern"}]},{"@type":"WebSite","@id":"https:\/\/www.sifcoasc.com\/de#website","url":"https:\/\/www.sifcoasc.com\/de","name":"SIFCO Applied Surface Concepts","description":"","potentialAction":[{"@type":"SearchAction","target":{"@type":"EntryPoint","urlTemplate":"https:\/\/www.sifcoasc.com\/de?s={search_term_string}"},"query-input":{"@type":"PropertyValueSpecification","valueRequired":true,"valueName":"search_term_string"}}],"inLanguage":"de-DE"}]}},"featured_image_src":null,"featured_image_src_square":null,"_links":{"self":[{"href":"https:\/\/www.sifcoasc.com\/de\/wp-json\/wp\/v2\/pages\/9882","targetHints":{"allow":["GET"]}}],"collection":[{"href":"https:\/\/www.sifcoasc.com\/de\/wp-json\/wp\/v2\/pages"}],"about":[{"href":"https:\/\/www.sifcoasc.com\/de\/wp-json\/wp\/v2\/types\/page"}],"author":[{"embeddable":true,"href":"https:\/\/www.sifcoasc.com\/de\/wp-json\/wp\/v2\/users\/18"}],"replies":[{"embeddable":true,"href":"https:\/\/www.sifcoasc.com\/de\/wp-json\/wp\/v2\/comments?post=9882"}],"version-history":[{"count":0,"href":"https:\/\/www.sifcoasc.com\/de\/wp-json\/wp\/v2\/pages\/9882\/revisions"}],"wp:attachment":[{"href":"https:\/\/www.sifcoasc.com\/de\/wp-json\/wp\/v2\/media?parent=9882"}],"curies":[{"name":"wp","href":"https:\/\/api.w.org\/{rel}","templated":true}]}}