{"id":9937,"date":"2022-07-14T16:59:50","date_gmt":"2022-07-14T16:59:50","guid":{"rendered":"https:\/\/www.sifcoasc.com\/die-entwicklung-der-automatisierung-in-der-selektivbeschichtung\/"},"modified":"2022-08-18T11:46:27","modified_gmt":"2022-08-18T11:46:27","slug":"die-entwicklung-der-automatisierung-in-der-selektivbeschichtung","status":"publish","type":"page","link":"https:\/\/www.sifcoasc.com\/de\/die-entwicklung-der-automatisierung-in-der-selektivbeschichtung","title":{"rendered":"Die Entwicklung der Automatisierung in der Selektivbeschichtung"},"content":{"rendered":"<div class=\"right-image\"><img loading=\"lazy\" decoding=\"async\" width=\"300\" height=\"234\" src=\"\/wp-content\/uploads\/auto-300x234-2.jpg\" alt=\"Auto\" class=\"alignnone size-full wp-image-2132\"> <\/div>\n<p>Die selektive Beschichtung ist ein bew\u00e4hrtes und zuverl\u00e4ssiges Verfahren, das bereits in mehrere Spezifikationen f\u00fcr die Luft- und Raumfahrt aufgenommen wurde. Es \u00fcbertrifft nicht nur die grundlegenden Anforderungen der Flugzeugherstellung, -reparatur und -wartung, sondern bietet auch eine Reihe von Vorteilen wie Qualit\u00e4t, Langlebigkeit, Kostenersparnis, Tragbarkeit und Zeitersparnis.<\/p>\n<p>Durch die Automatisierung des selektiven Beschichtungsprozesses k\u00f6nnen die Bediener jedoch die erfassten Daten \u00fcberpr\u00fcfen, um festzustellen, ob der Vorgang korrekt ausgef\u00fchrt wurde. Wenn Fehler aufgetreten sind oder Qualit\u00e4tsstandards nicht eingehalten wurden, k\u00f6nnen die Bediener die Daten \u00fcberpr\u00fcfen und den Fehler zu seiner Quelle zur\u00fcckverfolgen und die entsprechenden Korrekturma\u00dfnahmen zuweisen, um eine Wiederholung des Fehlers zu verhindern &#8211; was die R\u00fcckverfolgbarkeit und Wiederholbarkeit innerhalb des Prozesses effektiv verbessert. Dar\u00fcber hinaus verringert die Automatisierung das ergonomische Risiko f\u00fcr den Bediener und erh\u00f6ht die verf\u00fcgbare Kapazit\u00e4t, da sich qualifizierte Bediener auf die Kerngesch\u00e4ftsprozesse konzentrieren k\u00f6nnen.<\/p>\n<p>Diese Vorteile sind in der Luft- und Raumfahrtindustrie deutlich zu erkennen, da SIFCO ASC in j\u00fcngster Zeit mit f\u00fchrenden Herstellern von Triebwerks- und Fahrwerkskomponenten in Gro\u00dfbritannien und den USA zusammengearbeitet hat und dort hohes Ansehen genie\u00dft.<\/p>\n<p>Um mehr \u00fcber die Arbeit f\u00fcr f\u00fchrende Flugzeugkomponentenhersteller zu erfahren, lesen Sie den vollst\u00e4ndigen Artikel auf <a href=\"https:\/\/www.aero-mag.com\/evolution-automated-plating\/\">https:\/\/www.aero-mag.com\/evolution-automated-plating\/<\/a><\/p>\n","protected":false},"excerpt":{"rendered":"<p>Die selektive Beschichtung ist ein bew\u00e4hrtes und zuverl\u00e4ssiges Verfahren, das bereits in mehrere Spezifikationen f\u00fcr die Luft- und Raumfahrt aufgenommen wurde. Es \u00fcbertrifft nicht nur die grundlegenden Anforderungen der Flugzeugherstellung, -reparatur und -wartung, sondern bietet auch eine Reihe von Vorteilen wie Qualit\u00e4t, Langlebigkeit, Kostenersparnis, Tragbarkeit und Zeitersparnis. Durch die Automatisierung des selektiven Beschichtungsprozesses k\u00f6nnen die [&hellip;]<\/p>\n","protected":false},"author":18,"featured_media":0,"parent":0,"menu_order":0,"comment_status":"closed","ping_status":"closed","template":"","meta":{"_acf_changed":false,"inline_featured_image":false,"footnotes":""},"class_list":["post-9937","page","type-page","status-publish","hentry"],"acf":[],"yoast_head":"<!-- This site is optimized with the Yoast SEO plugin v27.4 - https:\/\/yoast.com\/product\/yoast-seo-wordpress\/ -->\n<title>Die Entwicklung der Automatisierung in der Selektivbeschichtung - SIFCO Applied Surface Concepts<\/title>\n<meta name=\"robots\" content=\"index, follow, max-snippet:-1, max-image-preview:large, max-video-preview:-1\" \/>\n<link rel=\"canonical\" href=\"https:\/\/www.sifcoasc.com\/de\/die-entwicklung-der-automatisierung-in-der-selektivbeschichtung\" \/>\n<meta property=\"og:locale\" content=\"de_DE\" \/>\n<meta property=\"og:type\" content=\"article\" \/>\n<meta property=\"og:title\" content=\"Die Entwicklung der Automatisierung in der Selektivbeschichtung - SIFCO Applied Surface Concepts\" \/>\n<meta property=\"og:description\" content=\"Die selektive Beschichtung ist ein bew\u00e4hrtes und zuverl\u00e4ssiges Verfahren, das bereits in mehrere Spezifikationen f\u00fcr die Luft- und Raumfahrt aufgenommen wurde. Es \u00fcbertrifft nicht nur die grundlegenden Anforderungen der Flugzeugherstellung, -reparatur und -wartung, sondern bietet auch eine Reihe von Vorteilen wie Qualit\u00e4t, Langlebigkeit, Kostenersparnis, Tragbarkeit und Zeitersparnis. Durch die Automatisierung des selektiven Beschichtungsprozesses k\u00f6nnen die [&hellip;]\" \/>\n<meta property=\"og:url\" content=\"https:\/\/www.sifcoasc.com\/de\/die-entwicklung-der-automatisierung-in-der-selektivbeschichtung\" \/>\n<meta property=\"og:site_name\" content=\"SIFCO Applied Surface Concepts\" \/>\n<meta property=\"article:modified_time\" content=\"2022-08-18T11:46:27+00:00\" \/>\n<meta name=\"twitter:label1\" content=\"Est. reading time\" \/>\n\t<meta name=\"twitter:data1\" content=\"1 Minute\" \/>\n<script type=\"application\/ld+json\" class=\"yoast-schema-graph\">{\"@context\":\"https:\\\/\\\/schema.org\",\"@graph\":[{\"@type\":\"WebPage\",\"@id\":\"https:\\\/\\\/www.sifcoasc.com\\\/de\\\/die-entwicklung-der-automatisierung-in-der-selektivbeschichtung\",\"url\":\"https:\\\/\\\/www.sifcoasc.com\\\/de\\\/die-entwicklung-der-automatisierung-in-der-selektivbeschichtung\",\"name\":\"Die Entwicklung der Automatisierung in der Selektivbeschichtung - SIFCO Applied Surface Concepts\",\"isPartOf\":{\"@id\":\"https:\\\/\\\/www.sifcoasc.com\\\/de#website\"},\"datePublished\":\"2022-07-14T16:59:50+00:00\",\"dateModified\":\"2022-08-18T11:46:27+00:00\",\"breadcrumb\":{\"@id\":\"https:\\\/\\\/www.sifcoasc.com\\\/de\\\/die-entwicklung-der-automatisierung-in-der-selektivbeschichtung#breadcrumb\"},\"inLanguage\":\"de-DE\",\"potentialAction\":[{\"@type\":\"ReadAction\",\"target\":[\"https:\\\/\\\/www.sifcoasc.com\\\/de\\\/die-entwicklung-der-automatisierung-in-der-selektivbeschichtung\"]}]},{\"@type\":\"BreadcrumbList\",\"@id\":\"https:\\\/\\\/www.sifcoasc.com\\\/de\\\/die-entwicklung-der-automatisierung-in-der-selektivbeschichtung#breadcrumb\",\"itemListElement\":[{\"@type\":\"ListItem\",\"position\":1,\"name\":\"Home\",\"item\":\"https:\\\/\\\/www.sifcoasc.com\\\/de\"},{\"@type\":\"ListItem\",\"position\":2,\"name\":\"Die Entwicklung der Automatisierung in der Selektivbeschichtung\"}]},{\"@type\":\"WebSite\",\"@id\":\"https:\\\/\\\/www.sifcoasc.com\\\/de#website\",\"url\":\"https:\\\/\\\/www.sifcoasc.com\\\/de\",\"name\":\"SIFCO Applied Surface Concepts\",\"description\":\"\",\"potentialAction\":[{\"@type\":\"SearchAction\",\"target\":{\"@type\":\"EntryPoint\",\"urlTemplate\":\"https:\\\/\\\/www.sifcoasc.com\\\/de?s={search_term_string}\"},\"query-input\":{\"@type\":\"PropertyValueSpecification\",\"valueRequired\":true,\"valueName\":\"search_term_string\"}}],\"inLanguage\":\"de-DE\"}]}<\/script>\n<!-- \/ Yoast SEO plugin. -->","yoast_head_json":{"title":"Die Entwicklung der Automatisierung in der Selektivbeschichtung - SIFCO Applied Surface Concepts","robots":{"index":"index","follow":"follow","max-snippet":"max-snippet:-1","max-image-preview":"max-image-preview:large","max-video-preview":"max-video-preview:-1"},"canonical":"https:\/\/www.sifcoasc.com\/de\/die-entwicklung-der-automatisierung-in-der-selektivbeschichtung","og_locale":"de_DE","og_type":"article","og_title":"Die Entwicklung der Automatisierung in der Selektivbeschichtung - SIFCO Applied Surface Concepts","og_description":"Die selektive Beschichtung ist ein bew\u00e4hrtes und zuverl\u00e4ssiges Verfahren, das bereits in mehrere Spezifikationen f\u00fcr die Luft- und Raumfahrt aufgenommen wurde. Es \u00fcbertrifft nicht nur die grundlegenden Anforderungen der Flugzeugherstellung, -reparatur und -wartung, sondern bietet auch eine Reihe von Vorteilen wie Qualit\u00e4t, Langlebigkeit, Kostenersparnis, Tragbarkeit und Zeitersparnis. Durch die Automatisierung des selektiven Beschichtungsprozesses k\u00f6nnen die [&hellip;]","og_url":"https:\/\/www.sifcoasc.com\/de\/die-entwicklung-der-automatisierung-in-der-selektivbeschichtung","og_site_name":"SIFCO Applied Surface Concepts","article_modified_time":"2022-08-18T11:46:27+00:00","twitter_misc":{"Est. reading time":"1 Minute"},"schema":{"@context":"https:\/\/schema.org","@graph":[{"@type":"WebPage","@id":"https:\/\/www.sifcoasc.com\/de\/die-entwicklung-der-automatisierung-in-der-selektivbeschichtung","url":"https:\/\/www.sifcoasc.com\/de\/die-entwicklung-der-automatisierung-in-der-selektivbeschichtung","name":"Die Entwicklung der Automatisierung in der Selektivbeschichtung - SIFCO Applied Surface Concepts","isPartOf":{"@id":"https:\/\/www.sifcoasc.com\/de#website"},"datePublished":"2022-07-14T16:59:50+00:00","dateModified":"2022-08-18T11:46:27+00:00","breadcrumb":{"@id":"https:\/\/www.sifcoasc.com\/de\/die-entwicklung-der-automatisierung-in-der-selektivbeschichtung#breadcrumb"},"inLanguage":"de-DE","potentialAction":[{"@type":"ReadAction","target":["https:\/\/www.sifcoasc.com\/de\/die-entwicklung-der-automatisierung-in-der-selektivbeschichtung"]}]},{"@type":"BreadcrumbList","@id":"https:\/\/www.sifcoasc.com\/de\/die-entwicklung-der-automatisierung-in-der-selektivbeschichtung#breadcrumb","itemListElement":[{"@type":"ListItem","position":1,"name":"Home","item":"https:\/\/www.sifcoasc.com\/de"},{"@type":"ListItem","position":2,"name":"Die Entwicklung der Automatisierung in der Selektivbeschichtung"}]},{"@type":"WebSite","@id":"https:\/\/www.sifcoasc.com\/de#website","url":"https:\/\/www.sifcoasc.com\/de","name":"SIFCO Applied Surface Concepts","description":"","potentialAction":[{"@type":"SearchAction","target":{"@type":"EntryPoint","urlTemplate":"https:\/\/www.sifcoasc.com\/de?s={search_term_string}"},"query-input":{"@type":"PropertyValueSpecification","valueRequired":true,"valueName":"search_term_string"}}],"inLanguage":"de-DE"}]}},"featured_image_src":null,"featured_image_src_square":null,"_links":{"self":[{"href":"https:\/\/www.sifcoasc.com\/de\/wp-json\/wp\/v2\/pages\/9937","targetHints":{"allow":["GET"]}}],"collection":[{"href":"https:\/\/www.sifcoasc.com\/de\/wp-json\/wp\/v2\/pages"}],"about":[{"href":"https:\/\/www.sifcoasc.com\/de\/wp-json\/wp\/v2\/types\/page"}],"author":[{"embeddable":true,"href":"https:\/\/www.sifcoasc.com\/de\/wp-json\/wp\/v2\/users\/18"}],"replies":[{"embeddable":true,"href":"https:\/\/www.sifcoasc.com\/de\/wp-json\/wp\/v2\/comments?post=9937"}],"version-history":[{"count":0,"href":"https:\/\/www.sifcoasc.com\/de\/wp-json\/wp\/v2\/pages\/9937\/revisions"}],"wp:attachment":[{"href":"https:\/\/www.sifcoasc.com\/de\/wp-json\/wp\/v2\/media?parent=9937"}],"curies":[{"name":"wp","href":"https:\/\/api.w.org\/{rel}","templated":true}]}}