{"id":9534,"date":"2022-07-05T08:10:21","date_gmt":"2022-07-05T08:10:21","guid":{"rendered":"https:\/\/www.sifcoasc.com\/cobreado\/"},"modified":"2022-08-16T13:37:10","modified_gmt":"2022-08-16T13:37:10","slug":"cobreado","status":"publish","type":"page","link":"https:\/\/www.sifcoasc.com\/es\/cobreado","title":{"rendered":"Cobreado"},"content":{"rendered":"<div style=\"float: right;\"><iframe width=\"560\" height=\"315\" src=\"https:\/\/www.youtube.com\/embed\/jYe9PBvabJ8\" title=\"Demostraci\u00f3n de revestimiento de cobre\" frameborder=\"0\" allow=\"accelerometer; autoplay; clipboard-write; encrypted-media; gyroscope; picture-in-picture\" allowfullscreen=\"\"><\/iframe><\/div>\n<p class=\"emph\">Ofrecemos numerosas soluciones de metales puros y aleaciones que pueden galvanizarse en pr\u00e1cticamente todos los metales y aleaciones habituales utilizados en la industria actual, incluidos el niquelado y el cobreado.<\/p>\n<h2>\u00bfQu\u00e9 es la galvanoplastia selectiva?<\/h2>\n<p>El Proceso SIFCO\u00ae es un m\u00e9todo de revestimiento selectivo, con cepillo, para aplicar dep\u00f3sitos de metal en \u00e1reas localizadas sin utilizar un tanque de inmersi\u00f3n. El proceso port\u00e1til le permite chapar piezas fijas que son dif\u00edciles de mover o desmontar.<\/p>\n<p><strong>Vea nuestro v\u00eddeo para ver una demostraci\u00f3n de revestimiento de cobre.<\/strong><\/p>\n","protected":false},"excerpt":{"rendered":"<p>Ofrecemos numerosas soluciones de metales puros y aleaciones que pueden galvanizarse en pr\u00e1cticamente todos los metales y aleaciones habituales utilizados en la industria actual, incluidos el niquelado y el cobreado. \u00bfQu\u00e9 es la galvanoplastia selectiva? El Proceso SIFCO\u00ae es un m\u00e9todo de revestimiento selectivo, con cepillo, para aplicar dep\u00f3sitos de metal en \u00e1reas localizadas sin [&hellip;]<\/p>\n","protected":false},"author":18,"featured_media":0,"parent":0,"menu_order":0,"comment_status":"closed","ping_status":"closed","template":"","meta":{"_acf_changed":false,"inline_featured_image":false,"footnotes":""},"class_list":["post-9534","page","type-page","status-publish","hentry"],"acf":[],"yoast_head":"<!-- This site is optimized with the Yoast SEO plugin v27.4 - https:\/\/yoast.com\/product\/yoast-seo-wordpress\/ -->\n<title>Cobreado - SIFCO Applied Surface Concepts<\/title>\n<meta name=\"description\" content=\"Ofrecemos numerosas soluciones de metales puros y aleaciones que se pueden galvanizar en todos los metales y aleaciones comunes, incluido el cobre.\" \/>\n<meta name=\"robots\" content=\"index, follow, max-snippet:-1, max-image-preview:large, max-video-preview:-1\" \/>\n<link rel=\"canonical\" href=\"https:\/\/www.sifcoasc.com\/es\/cobreado\" \/>\n<meta property=\"og:locale\" content=\"es_ES\" \/>\n<meta property=\"og:type\" content=\"article\" \/>\n<meta property=\"og:title\" content=\"Cobreado - SIFCO Applied Surface Concepts\" \/>\n<meta property=\"og:description\" content=\"Ofrecemos numerosas soluciones de metales puros y aleaciones que se pueden galvanizar en todos los metales y aleaciones comunes, incluido el cobre.\" \/>\n<meta property=\"og:url\" content=\"https:\/\/www.sifcoasc.com\/es\/cobreado\" \/>\n<meta property=\"og:site_name\" content=\"SIFCO Applied Surface Concepts\" \/>\n<meta property=\"article:modified_time\" content=\"2022-08-16T13:37:10+00:00\" \/>\n<script type=\"application\/ld+json\" class=\"yoast-schema-graph\">{\"@context\":\"https:\\\/\\\/schema.org\",\"@graph\":[{\"@type\":\"WebPage\",\"@id\":\"https:\\\/\\\/www.sifcoasc.com\\\/es\\\/cobreado\",\"url\":\"https:\\\/\\\/www.sifcoasc.com\\\/es\\\/cobreado\",\"name\":\"Cobreado - SIFCO Applied Surface Concepts\",\"isPartOf\":{\"@id\":\"https:\\\/\\\/www.sifcoasc.com\\\/es#website\"},\"datePublished\":\"2022-07-05T08:10:21+00:00\",\"dateModified\":\"2022-08-16T13:37:10+00:00\",\"description\":\"Ofrecemos numerosas soluciones de metales puros y aleaciones que se pueden galvanizar en todos los metales y aleaciones comunes, incluido el cobre.\",\"breadcrumb\":{\"@id\":\"https:\\\/\\\/www.sifcoasc.com\\\/es\\\/cobreado#breadcrumb\"},\"inLanguage\":\"es\",\"potentialAction\":[{\"@type\":\"ReadAction\",\"target\":[\"https:\\\/\\\/www.sifcoasc.com\\\/es\\\/cobreado\"]}]},{\"@type\":\"BreadcrumbList\",\"@id\":\"https:\\\/\\\/www.sifcoasc.com\\\/es\\\/cobreado#breadcrumb\",\"itemListElement\":[{\"@type\":\"ListItem\",\"position\":1,\"name\":\"Home\",\"item\":\"https:\\\/\\\/www.sifcoasc.com\\\/es\"},{\"@type\":\"ListItem\",\"position\":2,\"name\":\"Cobreado\"}]},{\"@type\":\"WebSite\",\"@id\":\"https:\\\/\\\/www.sifcoasc.com\\\/es#website\",\"url\":\"https:\\\/\\\/www.sifcoasc.com\\\/es\",\"name\":\"SIFCO Applied Surface Concepts\",\"description\":\"\",\"potentialAction\":[{\"@type\":\"SearchAction\",\"target\":{\"@type\":\"EntryPoint\",\"urlTemplate\":\"https:\\\/\\\/www.sifcoasc.com\\\/es?s={search_term_string}\"},\"query-input\":{\"@type\":\"PropertyValueSpecification\",\"valueRequired\":true,\"valueName\":\"search_term_string\"}}],\"inLanguage\":\"es\"}]}<\/script>\n<!-- \/ Yoast SEO plugin. -->","yoast_head_json":{"title":"Cobreado - SIFCO Applied Surface Concepts","description":"Ofrecemos numerosas soluciones de metales puros y aleaciones que se pueden galvanizar en todos los metales y aleaciones comunes, incluido el cobre.","robots":{"index":"index","follow":"follow","max-snippet":"max-snippet:-1","max-image-preview":"max-image-preview:large","max-video-preview":"max-video-preview:-1"},"canonical":"https:\/\/www.sifcoasc.com\/es\/cobreado","og_locale":"es_ES","og_type":"article","og_title":"Cobreado - SIFCO Applied Surface Concepts","og_description":"Ofrecemos numerosas soluciones de metales puros y aleaciones que se pueden galvanizar en todos los metales y aleaciones comunes, incluido el cobre.","og_url":"https:\/\/www.sifcoasc.com\/es\/cobreado","og_site_name":"SIFCO Applied Surface Concepts","article_modified_time":"2022-08-16T13:37:10+00:00","schema":{"@context":"https:\/\/schema.org","@graph":[{"@type":"WebPage","@id":"https:\/\/www.sifcoasc.com\/es\/cobreado","url":"https:\/\/www.sifcoasc.com\/es\/cobreado","name":"Cobreado - SIFCO Applied Surface Concepts","isPartOf":{"@id":"https:\/\/www.sifcoasc.com\/es#website"},"datePublished":"2022-07-05T08:10:21+00:00","dateModified":"2022-08-16T13:37:10+00:00","description":"Ofrecemos numerosas soluciones de metales puros y aleaciones que se pueden galvanizar en todos los metales y aleaciones comunes, incluido el cobre.","breadcrumb":{"@id":"https:\/\/www.sifcoasc.com\/es\/cobreado#breadcrumb"},"inLanguage":"es","potentialAction":[{"@type":"ReadAction","target":["https:\/\/www.sifcoasc.com\/es\/cobreado"]}]},{"@type":"BreadcrumbList","@id":"https:\/\/www.sifcoasc.com\/es\/cobreado#breadcrumb","itemListElement":[{"@type":"ListItem","position":1,"name":"Home","item":"https:\/\/www.sifcoasc.com\/es"},{"@type":"ListItem","position":2,"name":"Cobreado"}]},{"@type":"WebSite","@id":"https:\/\/www.sifcoasc.com\/es#website","url":"https:\/\/www.sifcoasc.com\/es","name":"SIFCO Applied Surface Concepts","description":"","potentialAction":[{"@type":"SearchAction","target":{"@type":"EntryPoint","urlTemplate":"https:\/\/www.sifcoasc.com\/es?s={search_term_string}"},"query-input":{"@type":"PropertyValueSpecification","valueRequired":true,"valueName":"search_term_string"}}],"inLanguage":"es"}]}},"featured_image_src":null,"featured_image_src_square":null,"_links":{"self":[{"href":"https:\/\/www.sifcoasc.com\/es\/wp-json\/wp\/v2\/pages\/9534","targetHints":{"allow":["GET"]}}],"collection":[{"href":"https:\/\/www.sifcoasc.com\/es\/wp-json\/wp\/v2\/pages"}],"about":[{"href":"https:\/\/www.sifcoasc.com\/es\/wp-json\/wp\/v2\/types\/page"}],"author":[{"embeddable":true,"href":"https:\/\/www.sifcoasc.com\/es\/wp-json\/wp\/v2\/users\/18"}],"replies":[{"embeddable":true,"href":"https:\/\/www.sifcoasc.com\/es\/wp-json\/wp\/v2\/comments?post=9534"}],"version-history":[{"count":0,"href":"https:\/\/www.sifcoasc.com\/es\/wp-json\/wp\/v2\/pages\/9534\/revisions"}],"wp:attachment":[{"href":"https:\/\/www.sifcoasc.com\/es\/wp-json\/wp\/v2\/media?parent=9534"}],"curies":[{"name":"wp","href":"https:\/\/api.w.org\/{rel}","templated":true}]}}