{"id":9612,"date":"2022-07-14T10:28:54","date_gmt":"2022-07-14T10:28:54","guid":{"rendered":"https:\/\/www.sifcoasc.com\/informe-sobre-el-revestimiento-encapsulado\/"},"modified":"2023-02-07T12:24:58","modified_gmt":"2023-02-07T12:24:58","slug":"informe-sobre-el-revestimiento-encapsulado","status":"publish","type":"page","link":"https:\/\/www.sifcoasc.com\/es\/que-es-la-galvanoplastia-selectiva\/metalizado-de-flujo-encapsulado\/informe-sobre-el-revestimiento-encapsulado","title":{"rendered":"Informe sobre el revestimiento encapsulado"},"content":{"rendered":"<h2>Encapsulamiento del revestimiento: Aumento del rendimiento y la repetibilidad para aplicaciones complejas de revestimiento<\/h2>\n<p><em>En todo el mundo, las empresas manufactureras est\u00e1n bajo presi\u00f3n. Las presiones normativas y de costes hacen que las organizaciones adopten nuevos procesos para aumentar el rendimiento y mejorar la eficiencia sin comprometer la calidad de su producto final.  <\/em><em>Patrick Kerampran, Director de Ingenier\u00eda de SIFCO ASC France<\/em><em>explora c\u00f3mo un nuevo m\u00e9todo de revestimiento podr\u00eda ser la clave para mejorar la repetibilidad, acelerar el rendimiento y reducir las tasas de desecho en aplicaciones de revestimiento complejas.<\/em><\/p>\n<p><strong>El metalizado encapsulado es una alternativa ideal cuando el volumen de las piezas a metalizar es demasiado alto para el metalizado con cepillo, pero demasiado bajo o demasiado complejo para el metalizado con tanque. Aunque las principales ventajas son las mismas que las del metalizado con cepillo, como la minimizaci\u00f3n del enmascaramiento y la generaci\u00f3n de residuos, la no necesidad de sumergir toda la pieza y la rapidez del metalizado, la naturaleza del proceso significa que puede utilizarse para metalizar piezas con geometr\u00edas y dimensiones muy complejas.<\/strong><\/p>\n<p>Disponer de una forma r\u00e1pida y eficaz de chapar piezas con zonas empotradas, esquinas afiladas o geometr\u00edas circulares, como tubos o acoplamientos, supone un aumento significativo de la eficacia del proceso en toda una serie de industrias.<\/p>\n<h2>Descargar el libro blanco<\/h2>\n<script type=\"text\/javascript\">\n\/* <![CDATA[ *\/\nvar gform;gform||(document.addEventListener(\"gform_main_scripts_loaded\",function(){gform.scriptsLoaded=!0}),document.addEventListener(\"gform\/theme\/scripts_loaded\",function(){gform.themeScriptsLoaded=!0}),window.addEventListener(\"DOMContentLoaded\",function(){gform.domLoaded=!0}),gform={domLoaded:!1,scriptsLoaded:!1,themeScriptsLoaded:!1,isFormEditor:()=>\"function\"==typeof InitializeEditor,callIfLoaded:function(o){return!(!gform.domLoaded||!gform.scriptsLoaded||!gform.themeScriptsLoaded&&!gform.isFormEditor()||(gform.isFormEditor()&&console.warn(\"The use of gform.initializeOnLoaded() is deprecated in the form editor context and will be removed in Gravity Forms 3.1.\"),o(),0))},initializeOnLoaded:function(o){gform.callIfLoaded(o)||(document.addEventListener(\"gform_main_scripts_loaded\",()=>{gform.scriptsLoaded=!0,gform.callIfLoaded(o)}),document.addEventListener(\"gform\/theme\/scripts_loaded\",()=>{gform.themeScriptsLoaded=!0,gform.callIfLoaded(o)}),window.addEventListener(\"DOMContentLoaded\",()=>{gform.domLoaded=!0,gform.callIfLoaded(o)}))},hooks:{action:{},filter:{}},addAction:function(o,r,e,t){gform.addHook(\"action\",o,r,e,t)},addFilter:function(o,r,e,t){gform.addHook(\"filter\",o,r,e,t)},doAction:function(o){gform.doHook(\"action\",o,arguments)},applyFilters:function(o){return gform.doHook(\"filter\",o,arguments)},removeAction:function(o,r){gform.removeHook(\"action\",o,r)},removeFilter:function(o,r,e){gform.removeHook(\"filter\",o,r,e)},addHook:function(o,r,e,t,n){null==gform.hooks[o][r]&&(gform.hooks[o][r]=[]);var d=gform.hooks[o][r];null==n&&(n=r+\"_\"+d.length),gform.hooks[o][r].push({tag:n,callable:e,priority:t=null==t?10:t})},doHook:function(r,o,e){var t;if(e=Array.prototype.slice.call(e,1),null!=gform.hooks[r][o]&&((o=gform.hooks[r][o]).sort(function(o,r){return o.priority-r.priority}),o.forEach(function(o){\"function\"!=typeof(t=o.callable)&&(t=window[t]),\"action\"==r?t.apply(null,e):e[0]=t.apply(null,e)})),\"filter\"==r)return e[0]},removeHook:function(o,r,t,n){var e;null!=gform.hooks[o][r]&&(e=(e=gform.hooks[o][r]).filter(function(o,r,e){return!!(null!=n&&n!=o.tag||null!=t&&t!=o.priority)}),gform.hooks[o][r]=e)}});\n\/* ]]> *\/\n<\/script>\n\n                <div class='gf_browser_gecko gform_wrapper gform_legacy_markup_wrapper gform-theme--no-framework' data-form-theme='legacy' data-form-index='0' id='gform_wrapper_25' ><form method='post' enctype='multipart\/form-data'  id='gform_25'  action='\/es\/wp-json\/wp\/v2\/pages\/9612' data-formid='25' novalidate>\n                        <div class='gform-body gform_body'><ul id='gform_fields_25' class='gform_fields top_label form_sublabel_below description_below validation_below'><li id=\"field_25_12\" class=\"gfield gfield--type-text gf_left_half field_sublabel_below gfield--no-description field_description_below field_validation_below gfield_visibility_visible\"  ><label class='gfield_label gform-field-label' for='input_25_12'>Nombre completo<\/label><div class='ginput_container ginput_container_text'><input name='input_12' id='input_25_12' type='text' value='' class='medium'      aria-invalid=\"false\"   \/><\/div><\/li><li id=\"field_25_3\" class=\"gfield gfield--type-text gf_right_half gfield_contains_required field_sublabel_below gfield--no-description field_description_below field_validation_below gfield_visibility_visible\"  ><label class='gfield_label gform-field-label' for='input_25_3'>Direcci\u00f3n de correo electr\u00f3nico<span class=\"gfield_required\"><span class=\"gfield_required gfield_required_asterisk\">*<\/span><\/span><\/label><div class='ginput_container ginput_container_text'><input name='input_3' id='input_25_3' type='text' value='' class='medium'     aria-required=\"true\" aria-invalid=\"false\"   \/><\/div><\/li><li id=\"field_25_13\" class=\"gfield gfield--type-text field_sublabel_below gfield--no-description field_description_below field_validation_below gfield_visibility_visible\"  ><label class='gfield_label gform-field-label' for='input_25_13'>Estado<\/label><div class='ginput_container ginput_container_text'><input name='input_13' id='input_25_13' type='text' value='' class='large'      aria-invalid=\"false\"   \/><\/div><\/li><li id=\"field_25_14\" class=\"gfield gfield--type-text field_sublabel_below gfield--no-description field_description_below field_validation_below gfield_visibility_visible\"  ><label class='gfield_label gform-field-label' for='input_25_14'>T\u00edtulo del trabajo o rol<\/label><div class='ginput_container ginput_container_text'><input name='input_14' id='input_25_14' type='text' value='' class='large'      aria-invalid=\"false\"   \/><\/div><\/li><li id=\"field_25_15\" class=\"gfield gfield--type-text field_sublabel_below gfield--no-description field_description_below field_validation_below gfield_visibility_visible\"  ><label class='gfield_label gform-field-label' for='input_25_15'>Empresa\/Organizaci\u00f3n<\/label><div class='ginput_container ginput_container_text'><input name='input_15' id='input_25_15' type='text' value='' class='large'      aria-invalid=\"false\"   \/><\/div><\/li><li id=\"field_25_16\" class=\"gfield gfield--type-checkbox gfield--type-choice field_sublabel_below gfield--no-description field_description_below field_validation_below gfield_visibility_visible\"  ><label class='gfield_label gform-field-label screen-reader-text gfield_label_before_complex' ><\/label><div class='ginput_container ginput_container_checkbox'><ul class='gfield_checkbox' id='input_25_16'><li class='gchoice gchoice_25_16_1'>\n\t\t\t\t\t\t\t\t<input class='gfield-choice-input' name='input_16.1' type='checkbox'  value='SIFCO ASC puede querer contactarlo con respecto a productos, servicios, ofertas, desarrollos t\u00e9cnicos o sus opiniones. Si no desea ser contactado, por favor marque la casilla.'  id='choice_25_16_1'   \/>\n\t\t\t\t\t\t\t\t<label for='choice_25_16_1' id='label_25_16_1' class='gform-field-label gform-field-label--type-inline'>SIFCO ASC puede querer contactarlo con respecto a productos, servicios, ofertas, desarrollos t\u00e9cnicos o sus opiniones. Si no desea ser contactado, por favor marque la casilla.<\/label>\n\t\t\t\t\t\t\t<\/li><\/ul><\/div><\/li><\/ul><\/div>\n        <div class='gform-footer gform_footer top_label'> <input type='submit' id='gform_submit_button_25' class='gform_button button' onclick='gform.submission.handleButtonClick(this);' data-submission-type='submit' value='Enviar'  \/> \n            <input type='hidden' class='gform_hidden' name='gform_submission_method' data-js='gform_submission_method_25' value='postback' \/>\n            <input type='hidden' class='gform_hidden' name='gform_theme' data-js='gform_theme_25' id='gform_theme_25' value='legacy' \/>\n            <input type='hidden' class='gform_hidden' name='gform_style_settings' data-js='gform_style_settings_25' id='gform_style_settings_25' value='[]' \/>\n            <input type='hidden' class='gform_hidden' name='is_submit_25' value='1' \/>\n            <input type='hidden' class='gform_hidden' name='gform_submit' value='25' \/>\n            \n            <input type='hidden' class='gform_hidden' name='gform_currency' data-currency='USD' value='GucYztrao2KGho2SwjZOTtkKbyusgZxaIMIrV9Iq5FmxotPrDiw9viAC8T\/CgjrxBp4gn0kAnSj8erGRv6t3g5EP1EXDX0fka9kli7KMxEH4tHI=' \/>\n            <input type='hidden' class='gform_hidden' name='gform_unique_id' value='' \/>\n            <input type='hidden' class='gform_hidden' name='state_25' value='WyJbXSIsImQxMDU1MWUyOGU1ZTQ2ZDJhNDlhNWMzNTQ1MmI1YzQxIl0=' \/>\n            <input type='hidden' autocomplete='off' class='gform_hidden' name='gform_target_page_number_25' id='gform_target_page_number_25' value='0' \/>\n            <input type='hidden' autocomplete='off' class='gform_hidden' name='gform_source_page_number_25' id='gform_source_page_number_25' value='1' \/>\n            <input type='hidden' name='gform_field_values' value='' \/>\n            \n        <\/div>\n                        <input type=\"hidden\" id=\"ct_checkjs_4daa3db355ef2b0e64b472968cb70f0d\" name=\"ct_checkjs\" value=\"0\" \/><script >setTimeout(function(){var ct_input_name = \"ct_checkjs_4daa3db355ef2b0e64b472968cb70f0d\";if (document.getElementById(ct_input_name) !== null) {var ct_input_value = document.getElementById(ct_input_name).value;document.getElementById(ct_input_name).value = document.getElementById(ct_input_name).value.replace(ct_input_value, 'c8498e28f559b8da2c32f3a99cba62af5901009f5edc3429c51971a226a0f89c');}}, 1000);<\/script><input\n                    class=\"apbct_special_field apbct_email_id__gravity_form\"\n                    name=\"apbct__email_id__gravity_form\"\n                    aria-label=\"apbct__label_id__gravity_form\"\n                    type=\"text\" size=\"30\" maxlength=\"200\" autocomplete=\"off\"\n                    value=\"\"\n                \/><\/form>\n                        <\/div><script type=\"text\/javascript\">\n\/* <![CDATA[ *\/\n gform.initializeOnLoaded( function() {gformInitSpinner( 25, 'https:\/\/www.sifcoasc.com\/wp-content\/plugins\/gravityforms\/images\/spinner.svg', true );jQuery('#gform_ajax_frame_25').on('load',function(){var contents = jQuery(this).contents().find('*').html();var is_postback = contents.indexOf('GF_AJAX_POSTBACK') >= 0;if(!is_postback){return;}var form_content = jQuery(this).contents().find('#gform_wrapper_25');var is_confirmation = jQuery(this).contents().find('#gform_confirmation_wrapper_25').length > 0;var is_redirect = contents.indexOf('gformRedirect(){') >= 0;var is_form = form_content.length > 0 && ! is_redirect && ! is_confirmation;var mt = parseInt(jQuery('html').css('margin-top'), 10) + parseInt(jQuery('body').css('margin-top'), 10) + 100;if(is_form){jQuery('#gform_wrapper_25').html(form_content.html());if(form_content.hasClass('gform_validation_error')){jQuery('#gform_wrapper_25').addClass('gform_validation_error');} else {jQuery('#gform_wrapper_25').removeClass('gform_validation_error');}setTimeout( function() { \/* delay the scroll by 50 milliseconds to fix a bug in chrome *\/  }, 50 );if(window['gformInitDatepicker']) {gformInitDatepicker();}if(window['gformInitPriceFields']) {gformInitPriceFields();}var current_page = jQuery('#gform_source_page_number_25').val();gformInitSpinner( 25, 'https:\/\/www.sifcoasc.com\/wp-content\/plugins\/gravityforms\/images\/spinner.svg', true );jQuery(document).trigger('gform_page_loaded', [25, current_page]);window['gf_submitting_25'] = false;}else if(!is_redirect){var confirmation_content = jQuery(this).contents().find('.GF_AJAX_POSTBACK').html();if(!confirmation_content){confirmation_content = contents;}jQuery('#gform_wrapper_25').replaceWith(confirmation_content);jQuery(document).trigger('gform_confirmation_loaded', [25]);window['gf_submitting_25'] = false;wp.a11y.speak(jQuery('#gform_confirmation_message_25').text());}else{jQuery('#gform_25').append(contents);if(window['gformRedirect']) {gformRedirect();}}jQuery(document).trigger(\"gform_pre_post_render\", [{ formId: \"25\", currentPage: \"current_page\", abort: function() { this.preventDefault(); } }]);        if (event && event.defaultPrevented) {                return;        }        const gformWrapperDiv = document.getElementById( \"gform_wrapper_25\" );        if ( gformWrapperDiv ) {            const visibilitySpan = document.createElement( \"span\" );            visibilitySpan.id = \"gform_visibility_test_25\";            gformWrapperDiv.insertAdjacentElement( \"afterend\", visibilitySpan );        }        const visibilityTestDiv = document.getElementById( \"gform_visibility_test_25\" );        let postRenderFired = false;        function triggerPostRender() {            if ( postRenderFired ) {                return;            }            postRenderFired = true;            gform.core.triggerPostRenderEvents( 25, current_page );            if ( visibilityTestDiv ) {                visibilityTestDiv.parentNode.removeChild( visibilityTestDiv );            }        }        function debounce( func, wait, immediate ) {            var timeout;            return function() {                var context = this, args = arguments;                var later = function() {                    timeout = null;                    if ( !immediate ) func.apply( context, args );                };                var callNow = immediate && !timeout;                clearTimeout( timeout );                timeout = setTimeout( later, wait );                if ( callNow ) func.apply( context, args );            };        }        const debouncedTriggerPostRender = debounce( function() {            triggerPostRender();        }, 200 );        if ( visibilityTestDiv && visibilityTestDiv.offsetParent === null ) {            const observer = new MutationObserver( ( mutations ) => {                mutations.forEach( ( mutation ) => {                    if ( mutation.type === 'attributes' && visibilityTestDiv.offsetParent !== null ) {                        debouncedTriggerPostRender();                        observer.disconnect();                    }                });            });            observer.observe( document.body, {                attributes: true,                childList: false,                subtree: true,                attributeFilter: [ 'style', 'class' ],            });        } else {            triggerPostRender();        }    } );} ); \n\/* ]]> *\/\n<\/script>\n\n","protected":false},"excerpt":{"rendered":"<p>Encapsulamiento del revestimiento: Aumento del rendimiento y la repetibilidad para aplicaciones complejas de revestimiento En todo el mundo, las empresas manufactureras est\u00e1n bajo presi\u00f3n. Las presiones normativas y de costes hacen que las organizaciones adopten nuevos procesos para aumentar el rendimiento y mejorar la eficiencia sin comprometer la calidad de su producto final. Patrick Kerampran, [&hellip;]<\/p>\n","protected":false},"author":81,"featured_media":0,"parent":9641,"menu_order":0,"comment_status":"closed","ping_status":"closed","template":"","meta":{"_acf_changed":false,"inline_featured_image":false,"footnotes":""},"class_list":["post-9612","page","type-page","status-publish","hentry"],"acf":[],"yoast_head":"<!-- This site is optimized with the Yoast SEO plugin v27.5 - https:\/\/yoast.com\/product\/yoast-seo-wordpress\/ -->\n<title>SIFCO ASC : Aumento de la repetibilidad en aplicaciones complejas de metalizado<\/title>\n<meta name=\"description\" content=\"En este art\u00edculo t\u00e9cnico, explicamos c\u00f3mo el metalizado encapsulado combina lo mejor del metalizado selectivo y del metalizado en tanque para las zonas sin l\u00ednea de visi\u00f3n.\" \/>\n<meta name=\"robots\" content=\"index, follow, max-snippet:-1, max-image-preview:large, max-video-preview:-1\" \/>\n<link rel=\"canonical\" href=\"https:\/\/www.sifcoasc.com\/es\/que-es-la-galvanoplastia-selectiva\/metalizado-de-flujo-encapsulado\/informe-sobre-el-revestimiento-encapsulado\" \/>\n<meta property=\"og:locale\" content=\"es_ES\" \/>\n<meta property=\"og:type\" content=\"article\" \/>\n<meta property=\"og:title\" content=\"SIFCO ASC : Aumento de la repetibilidad en aplicaciones complejas de metalizado\" \/>\n<meta property=\"og:description\" content=\"En este art\u00edculo t\u00e9cnico, explicamos c\u00f3mo el metalizado encapsulado combina lo mejor del metalizado selectivo y del metalizado en tanque para las zonas sin l\u00ednea de visi\u00f3n.\" \/>\n<meta property=\"og:url\" content=\"https:\/\/www.sifcoasc.com\/es\/que-es-la-galvanoplastia-selectiva\/metalizado-de-flujo-encapsulado\/informe-sobre-el-revestimiento-encapsulado\" \/>\n<meta property=\"og:site_name\" content=\"SIFCO Applied Surface Concepts\" \/>\n<meta property=\"article:modified_time\" content=\"2023-02-07T12:24:58+00:00\" \/>\n<meta name=\"twitter:label1\" content=\"Est. reading time\" \/>\n\t<meta name=\"twitter:data1\" content=\"1 minuto\" \/>\n<script type=\"application\/ld+json\" class=\"yoast-schema-graph\">{\"@context\":\"https:\\\/\\\/schema.org\",\"@graph\":[{\"@type\":\"WebPage\",\"@id\":\"https:\\\/\\\/www.sifcoasc.com\\\/es\\\/que-es-la-galvanoplastia-selectiva\\\/metalizado-de-flujo-encapsulado\\\/informe-sobre-el-revestimiento-encapsulado\",\"url\":\"https:\\\/\\\/www.sifcoasc.com\\\/es\\\/que-es-la-galvanoplastia-selectiva\\\/metalizado-de-flujo-encapsulado\\\/informe-sobre-el-revestimiento-encapsulado\",\"name\":\"SIFCO ASC : Aumento de la repetibilidad en aplicaciones complejas de metalizado\",\"isPartOf\":{\"@id\":\"https:\\\/\\\/www.sifcoasc.com\\\/es#website\"},\"datePublished\":\"2022-07-14T10:28:54+00:00\",\"dateModified\":\"2023-02-07T12:24:58+00:00\",\"description\":\"En este art\u00edculo t\u00e9cnico, explicamos c\u00f3mo el metalizado encapsulado combina lo mejor del metalizado selectivo y del metalizado en tanque para las zonas sin l\u00ednea de visi\u00f3n.\",\"breadcrumb\":{\"@id\":\"https:\\\/\\\/www.sifcoasc.com\\\/es\\\/que-es-la-galvanoplastia-selectiva\\\/metalizado-de-flujo-encapsulado\\\/informe-sobre-el-revestimiento-encapsulado#breadcrumb\"},\"inLanguage\":\"es\",\"potentialAction\":[{\"@type\":\"ReadAction\",\"target\":[\"https:\\\/\\\/www.sifcoasc.com\\\/es\\\/que-es-la-galvanoplastia-selectiva\\\/metalizado-de-flujo-encapsulado\\\/informe-sobre-el-revestimiento-encapsulado\"]}]},{\"@type\":\"BreadcrumbList\",\"@id\":\"https:\\\/\\\/www.sifcoasc.com\\\/es\\\/que-es-la-galvanoplastia-selectiva\\\/metalizado-de-flujo-encapsulado\\\/informe-sobre-el-revestimiento-encapsulado#breadcrumb\",\"itemListElement\":[{\"@type\":\"ListItem\",\"position\":1,\"name\":\"Home\",\"item\":\"https:\\\/\\\/www.sifcoasc.com\\\/es\"},{\"@type\":\"ListItem\",\"position\":2,\"name\":\"\u00bfQu\u00e9 es la galvanoplastia selectiva?\",\"item\":\"https:\\\/\\\/www.sifcoasc.com\\\/es\\\/que-es-la-galvanoplastia-selectiva\"},{\"@type\":\"ListItem\",\"position\":3,\"name\":\"Metalizado de flujo encapsulado\",\"item\":\"https:\\\/\\\/www.sifcoasc.com\\\/es\\\/que-es-la-galvanoplastia-selectiva\\\/metalizado-de-flujo-encapsulado\"},{\"@type\":\"ListItem\",\"position\":4,\"name\":\"Informe sobre el revestimiento encapsulado\"}]},{\"@type\":\"WebSite\",\"@id\":\"https:\\\/\\\/www.sifcoasc.com\\\/es#website\",\"url\":\"https:\\\/\\\/www.sifcoasc.com\\\/es\",\"name\":\"SIFCO Applied Surface Concepts\",\"description\":\"\",\"potentialAction\":[{\"@type\":\"SearchAction\",\"target\":{\"@type\":\"EntryPoint\",\"urlTemplate\":\"https:\\\/\\\/www.sifcoasc.com\\\/es?s={search_term_string}\"},\"query-input\":{\"@type\":\"PropertyValueSpecification\",\"valueRequired\":true,\"valueName\":\"search_term_string\"}}],\"inLanguage\":\"es\"}]}<\/script>\n<!-- \/ Yoast SEO plugin. -->","yoast_head_json":{"title":"SIFCO ASC : Aumento de la repetibilidad en aplicaciones complejas de metalizado","description":"En este art\u00edculo t\u00e9cnico, explicamos c\u00f3mo el metalizado encapsulado combina lo mejor del metalizado selectivo y del metalizado en tanque para las zonas sin l\u00ednea de visi\u00f3n.","robots":{"index":"index","follow":"follow","max-snippet":"max-snippet:-1","max-image-preview":"max-image-preview:large","max-video-preview":"max-video-preview:-1"},"canonical":"https:\/\/www.sifcoasc.com\/es\/que-es-la-galvanoplastia-selectiva\/metalizado-de-flujo-encapsulado\/informe-sobre-el-revestimiento-encapsulado","og_locale":"es_ES","og_type":"article","og_title":"SIFCO ASC : Aumento de la repetibilidad en aplicaciones complejas de metalizado","og_description":"En este art\u00edculo t\u00e9cnico, explicamos c\u00f3mo el metalizado encapsulado combina lo mejor del metalizado selectivo y del metalizado en tanque para las zonas sin l\u00ednea de visi\u00f3n.","og_url":"https:\/\/www.sifcoasc.com\/es\/que-es-la-galvanoplastia-selectiva\/metalizado-de-flujo-encapsulado\/informe-sobre-el-revestimiento-encapsulado","og_site_name":"SIFCO Applied Surface Concepts","article_modified_time":"2023-02-07T12:24:58+00:00","twitter_misc":{"Est. reading time":"1 minuto"},"schema":{"@context":"https:\/\/schema.org","@graph":[{"@type":"WebPage","@id":"https:\/\/www.sifcoasc.com\/es\/que-es-la-galvanoplastia-selectiva\/metalizado-de-flujo-encapsulado\/informe-sobre-el-revestimiento-encapsulado","url":"https:\/\/www.sifcoasc.com\/es\/que-es-la-galvanoplastia-selectiva\/metalizado-de-flujo-encapsulado\/informe-sobre-el-revestimiento-encapsulado","name":"SIFCO ASC : Aumento de la repetibilidad en aplicaciones complejas de metalizado","isPartOf":{"@id":"https:\/\/www.sifcoasc.com\/es#website"},"datePublished":"2022-07-14T10:28:54+00:00","dateModified":"2023-02-07T12:24:58+00:00","description":"En este art\u00edculo t\u00e9cnico, explicamos c\u00f3mo el metalizado encapsulado combina lo mejor del metalizado selectivo y del metalizado en tanque para las zonas sin l\u00ednea de visi\u00f3n.","breadcrumb":{"@id":"https:\/\/www.sifcoasc.com\/es\/que-es-la-galvanoplastia-selectiva\/metalizado-de-flujo-encapsulado\/informe-sobre-el-revestimiento-encapsulado#breadcrumb"},"inLanguage":"es","potentialAction":[{"@type":"ReadAction","target":["https:\/\/www.sifcoasc.com\/es\/que-es-la-galvanoplastia-selectiva\/metalizado-de-flujo-encapsulado\/informe-sobre-el-revestimiento-encapsulado"]}]},{"@type":"BreadcrumbList","@id":"https:\/\/www.sifcoasc.com\/es\/que-es-la-galvanoplastia-selectiva\/metalizado-de-flujo-encapsulado\/informe-sobre-el-revestimiento-encapsulado#breadcrumb","itemListElement":[{"@type":"ListItem","position":1,"name":"Home","item":"https:\/\/www.sifcoasc.com\/es"},{"@type":"ListItem","position":2,"name":"\u00bfQu\u00e9 es la galvanoplastia selectiva?","item":"https:\/\/www.sifcoasc.com\/es\/que-es-la-galvanoplastia-selectiva"},{"@type":"ListItem","position":3,"name":"Metalizado de flujo encapsulado","item":"https:\/\/www.sifcoasc.com\/es\/que-es-la-galvanoplastia-selectiva\/metalizado-de-flujo-encapsulado"},{"@type":"ListItem","position":4,"name":"Informe sobre el revestimiento encapsulado"}]},{"@type":"WebSite","@id":"https:\/\/www.sifcoasc.com\/es#website","url":"https:\/\/www.sifcoasc.com\/es","name":"SIFCO Applied Surface Concepts","description":"","potentialAction":[{"@type":"SearchAction","target":{"@type":"EntryPoint","urlTemplate":"https:\/\/www.sifcoasc.com\/es?s={search_term_string}"},"query-input":{"@type":"PropertyValueSpecification","valueRequired":true,"valueName":"search_term_string"}}],"inLanguage":"es"}]}},"featured_image_src":null,"featured_image_src_square":null,"_links":{"self":[{"href":"https:\/\/www.sifcoasc.com\/es\/wp-json\/wp\/v2\/pages\/9612","targetHints":{"allow":["GET"]}}],"collection":[{"href":"https:\/\/www.sifcoasc.com\/es\/wp-json\/wp\/v2\/pages"}],"about":[{"href":"https:\/\/www.sifcoasc.com\/es\/wp-json\/wp\/v2\/types\/page"}],"author":[{"embeddable":true,"href":"https:\/\/www.sifcoasc.com\/es\/wp-json\/wp\/v2\/users\/81"}],"replies":[{"embeddable":true,"href":"https:\/\/www.sifcoasc.com\/es\/wp-json\/wp\/v2\/comments?post=9612"}],"version-history":[{"count":0,"href":"https:\/\/www.sifcoasc.com\/es\/wp-json\/wp\/v2\/pages\/9612\/revisions"}],"up":[{"embeddable":true,"href":"https:\/\/www.sifcoasc.com\/es\/wp-json\/wp\/v2\/pages\/9641"}],"wp:attachment":[{"href":"https:\/\/www.sifcoasc.com\/es\/wp-json\/wp\/v2\/media?parent=9612"}],"curies":[{"name":"wp","href":"https:\/\/api.w.org\/{rel}","templated":true}]}}