{"id":9631,"date":"2022-07-14T15:28:27","date_gmt":"2022-07-14T15:28:27","guid":{"rendered":"https:\/\/www.sifcoasc.com\/que-es-la-galvanoplastia-selectiva\/"},"modified":"2023-02-07T12:24:49","modified_gmt":"2023-02-07T12:24:49","slug":"que-es-la-galvanoplastia-selectiva","status":"publish","type":"page","link":"https:\/\/www.sifcoasc.com\/es\/que-es-la-galvanoplastia-selectiva","title":{"rendered":"\u00bfQu\u00e9 es la galvanoplastia selectiva?"},"content":{"rendered":"","protected":false},"excerpt":{"rendered":"","protected":false},"author":18,"featured_media":0,"parent":0,"menu_order":0,"comment_status":"closed","ping_status":"closed","template":"fullwidth.php","meta":{"_acf_changed":false,"inline_featured_image":false,"footnotes":""},"class_list":["post-9631","page","type-page","status-publish","hentry"],"acf":[],"yoast_head":"<!-- This site is optimized with the Yoast SEO plugin v27.3 - https:\/\/yoast.com\/product\/yoast-seo-wordpress\/ -->\n<title>\u00bfQu\u00e9 es la galvanoplastia selectiva? | Preguntas m\u00e1s frecuentes sobre el revestimiento selectivo<\/title>\n<meta name=\"description\" content=\"El revestimiento selectivo es un m\u00e9todo de revestimiento port\u00e1til que se utiliza para mejorar, reparar y renovar zonas localizadas en componentes fabricados.\" \/>\n<meta name=\"robots\" content=\"index, follow, max-snippet:-1, max-image-preview:large, max-video-preview:-1\" \/>\n<link rel=\"canonical\" href=\"https:\/\/www.sifcoasc.com\/es\/que-es-la-galvanoplastia-selectiva\" \/>\n<meta property=\"og:locale\" content=\"es_ES\" \/>\n<meta property=\"og:type\" content=\"article\" \/>\n<meta property=\"og:title\" content=\"\u00bfQu\u00e9 es la galvanoplastia selectiva? | Preguntas m\u00e1s frecuentes sobre el revestimiento selectivo\" \/>\n<meta property=\"og:description\" content=\"El revestimiento selectivo es un m\u00e9todo de revestimiento port\u00e1til que se utiliza para mejorar, reparar y renovar zonas localizadas en componentes fabricados.\" \/>\n<meta property=\"og:url\" content=\"https:\/\/www.sifcoasc.com\/es\/que-es-la-galvanoplastia-selectiva\" \/>\n<meta property=\"og:site_name\" content=\"SIFCO Applied Surface Concepts\" \/>\n<meta property=\"article:modified_time\" content=\"2023-02-07T12:24:49+00:00\" \/>\n<script type=\"application\/ld+json\" class=\"yoast-schema-graph\">{\"@context\":\"https:\\\/\\\/schema.org\",\"@graph\":[{\"@type\":\"WebPage\",\"@id\":\"https:\\\/\\\/www.sifcoasc.com\\\/es\\\/que-es-la-galvanoplastia-selectiva\",\"url\":\"https:\\\/\\\/www.sifcoasc.com\\\/es\\\/que-es-la-galvanoplastia-selectiva\",\"name\":\"\u00bfQu\u00e9 es la galvanoplastia selectiva? | Preguntas m\u00e1s frecuentes sobre el revestimiento selectivo\",\"isPartOf\":{\"@id\":\"https:\\\/\\\/www.sifcoasc.com\\\/es#website\"},\"datePublished\":\"2022-07-14T15:28:27+00:00\",\"dateModified\":\"2023-02-07T12:24:49+00:00\",\"description\":\"El revestimiento selectivo es un m\u00e9todo de revestimiento port\u00e1til que se utiliza para mejorar, reparar y renovar zonas localizadas en componentes fabricados.\",\"breadcrumb\":{\"@id\":\"https:\\\/\\\/www.sifcoasc.com\\\/es\\\/que-es-la-galvanoplastia-selectiva#breadcrumb\"},\"inLanguage\":\"es\",\"potentialAction\":[{\"@type\":\"ReadAction\",\"target\":[\"https:\\\/\\\/www.sifcoasc.com\\\/es\\\/que-es-la-galvanoplastia-selectiva\"]}]},{\"@type\":\"BreadcrumbList\",\"@id\":\"https:\\\/\\\/www.sifcoasc.com\\\/es\\\/que-es-la-galvanoplastia-selectiva#breadcrumb\",\"itemListElement\":[{\"@type\":\"ListItem\",\"position\":1,\"name\":\"Home\",\"item\":\"https:\\\/\\\/www.sifcoasc.com\\\/es\"},{\"@type\":\"ListItem\",\"position\":2,\"name\":\"\u00bfQu\u00e9 es la galvanoplastia selectiva?\"}]},{\"@type\":\"WebSite\",\"@id\":\"https:\\\/\\\/www.sifcoasc.com\\\/es#website\",\"url\":\"https:\\\/\\\/www.sifcoasc.com\\\/es\",\"name\":\"SIFCO Applied Surface Concepts\",\"description\":\"\",\"potentialAction\":[{\"@type\":\"SearchAction\",\"target\":{\"@type\":\"EntryPoint\",\"urlTemplate\":\"https:\\\/\\\/www.sifcoasc.com\\\/es?s={search_term_string}\"},\"query-input\":{\"@type\":\"PropertyValueSpecification\",\"valueRequired\":true,\"valueName\":\"search_term_string\"}}],\"inLanguage\":\"es\"}]}<\/script>\n<!-- \/ Yoast SEO plugin. -->","yoast_head_json":{"title":"\u00bfQu\u00e9 es la galvanoplastia selectiva? | Preguntas m\u00e1s frecuentes sobre el revestimiento selectivo","description":"El revestimiento selectivo es un m\u00e9todo de revestimiento port\u00e1til que se utiliza para mejorar, reparar y renovar zonas localizadas en componentes fabricados.","robots":{"index":"index","follow":"follow","max-snippet":"max-snippet:-1","max-image-preview":"max-image-preview:large","max-video-preview":"max-video-preview:-1"},"canonical":"https:\/\/www.sifcoasc.com\/es\/que-es-la-galvanoplastia-selectiva","og_locale":"es_ES","og_type":"article","og_title":"\u00bfQu\u00e9 es la galvanoplastia selectiva? | Preguntas m\u00e1s frecuentes sobre el revestimiento selectivo","og_description":"El revestimiento selectivo es un m\u00e9todo de revestimiento port\u00e1til que se utiliza para mejorar, reparar y renovar zonas localizadas en componentes fabricados.","og_url":"https:\/\/www.sifcoasc.com\/es\/que-es-la-galvanoplastia-selectiva","og_site_name":"SIFCO Applied Surface Concepts","article_modified_time":"2023-02-07T12:24:49+00:00","schema":{"@context":"https:\/\/schema.org","@graph":[{"@type":"WebPage","@id":"https:\/\/www.sifcoasc.com\/es\/que-es-la-galvanoplastia-selectiva","url":"https:\/\/www.sifcoasc.com\/es\/que-es-la-galvanoplastia-selectiva","name":"\u00bfQu\u00e9 es la galvanoplastia selectiva? | Preguntas m\u00e1s frecuentes sobre el revestimiento selectivo","isPartOf":{"@id":"https:\/\/www.sifcoasc.com\/es#website"},"datePublished":"2022-07-14T15:28:27+00:00","dateModified":"2023-02-07T12:24:49+00:00","description":"El revestimiento selectivo es un m\u00e9todo de revestimiento port\u00e1til que se utiliza para mejorar, reparar y renovar zonas localizadas en componentes fabricados.","breadcrumb":{"@id":"https:\/\/www.sifcoasc.com\/es\/que-es-la-galvanoplastia-selectiva#breadcrumb"},"inLanguage":"es","potentialAction":[{"@type":"ReadAction","target":["https:\/\/www.sifcoasc.com\/es\/que-es-la-galvanoplastia-selectiva"]}]},{"@type":"BreadcrumbList","@id":"https:\/\/www.sifcoasc.com\/es\/que-es-la-galvanoplastia-selectiva#breadcrumb","itemListElement":[{"@type":"ListItem","position":1,"name":"Home","item":"https:\/\/www.sifcoasc.com\/es"},{"@type":"ListItem","position":2,"name":"\u00bfQu\u00e9 es la galvanoplastia selectiva?"}]},{"@type":"WebSite","@id":"https:\/\/www.sifcoasc.com\/es#website","url":"https:\/\/www.sifcoasc.com\/es","name":"SIFCO Applied Surface Concepts","description":"","potentialAction":[{"@type":"SearchAction","target":{"@type":"EntryPoint","urlTemplate":"https:\/\/www.sifcoasc.com\/es?s={search_term_string}"},"query-input":{"@type":"PropertyValueSpecification","valueRequired":true,"valueName":"search_term_string"}}],"inLanguage":"es"}]}},"featured_image_src":null,"featured_image_src_square":null,"_links":{"self":[{"href":"https:\/\/www.sifcoasc.com\/es\/wp-json\/wp\/v2\/pages\/9631","targetHints":{"allow":["GET"]}}],"collection":[{"href":"https:\/\/www.sifcoasc.com\/es\/wp-json\/wp\/v2\/pages"}],"about":[{"href":"https:\/\/www.sifcoasc.com\/es\/wp-json\/wp\/v2\/types\/page"}],"author":[{"embeddable":true,"href":"https:\/\/www.sifcoasc.com\/es\/wp-json\/wp\/v2\/users\/18"}],"replies":[{"embeddable":true,"href":"https:\/\/www.sifcoasc.com\/es\/wp-json\/wp\/v2\/comments?post=9631"}],"version-history":[{"count":0,"href":"https:\/\/www.sifcoasc.com\/es\/wp-json\/wp\/v2\/pages\/9631\/revisions"}],"wp:attachment":[{"href":"https:\/\/www.sifcoasc.com\/es\/wp-json\/wp\/v2\/media?parent=9631"}],"curies":[{"name":"wp","href":"https:\/\/api.w.org\/{rel}","templated":true}]}}