{"id":9641,"date":"2022-07-14T15:28:38","date_gmt":"2022-07-14T15:28:38","guid":{"rendered":"https:\/\/www.sifcoasc.com\/que-es-la-galvanoplastia-selectiva\/metalizado-de-flujo-encapsulado\/"},"modified":"2023-01-31T13:47:21","modified_gmt":"2023-01-31T13:47:21","slug":"metalizado-de-flujo-encapsulado","status":"publish","type":"page","link":"https:\/\/www.sifcoasc.com\/es\/que-es-la-galvanoplastia-selectiva\/metalizado-de-flujo-encapsulado","title":{"rendered":"Metalizado de flujo encapsulado"},"content":{"rendered":"<p><a href=\"https:\/\/www.sifcoasc.com\/what-is-selective-plating\/what-is-encapsulated-plating\/encapsulated-plating-whitepaper\/\"><img loading=\"lazy\" decoding=\"async\" class=\"alignnone wp-image-7127 size-full\" src=\"https:\/\/www.sifcoasc.com\/wp-content\/uploads\/Option_One.jpg\" alt=\"\" width=\"1920\" height=\"490\" srcset=\"https:\/\/www.sifcoasc.com\/wp-content\/uploads\/Option_One.jpg 1920w, https:\/\/www.sifcoasc.com\/wp-content\/uploads\/Option_One-500x128.jpg 500w, https:\/\/www.sifcoasc.com\/wp-content\/uploads\/Option_One-1024x261.jpg 1024w, https:\/\/www.sifcoasc.com\/wp-content\/uploads\/Option_One-768x196.jpg 768w, https:\/\/www.sifcoasc.com\/wp-content\/uploads\/Option_One-1536x392.jpg 1536w\" sizes=\"auto, (max-width: 709px) 85vw, (max-width: 909px) 67vw, (max-width: 1362px) 62vw, 840px\" \/><\/a><\/p>\n<p><strong><img loading=\"lazy\" decoding=\"async\" class=\"alignright wp-image-2453 size-medium\" src=\"\/wp-content\/uploads\/Page-6-Heat-exchanger-stock-500x333.jpg\" alt=\"\" width=\"500\" height=\"333\" srcset=\"https:\/\/www.sifcoasc.com\/wp-content\/uploads\/Page-6-Heat-exchanger-stock-500x333.jpg 500w, https:\/\/www.sifcoasc.com\/wp-content\/uploads\/Page-6-Heat-exchanger-stock-1024x683.jpg 1024w, https:\/\/www.sifcoasc.com\/wp-content\/uploads\/Page-6-Heat-exchanger-stock-300x200.jpg 300w, https:\/\/www.sifcoasc.com\/wp-content\/uploads\/Page-6-Heat-exchanger-stock-768x512.jpg 768w, https:\/\/www.sifcoasc.com\/wp-content\/uploads\/Page-6-Heat-exchanger-stock-1536x1024.jpg 1536w, https:\/\/www.sifcoasc.com\/wp-content\/uploads\/Page-6-Heat-exchanger-stock-2048x1365.jpg 2048w, https:\/\/www.sifcoasc.com\/wp-content\/uploads\/Page-6-Heat-exchanger-stock-600x400.jpg 600w\" sizes=\"auto, (max-width: 709px) 85vw, (max-width: 909px) 67vw, (max-width: 1362px) 62vw, 840px\" \/><\/strong><\/p>\n<p><strong>En todo el mundo, las empresas industriales est\u00e1n bajo presi\u00f3n. La globalizaci\u00f3n, la competencia y los cambios  <\/strong><strong>Los modelos de negocio, as\u00ed como las presiones normativas y de costes, hacen que las organizaciones deban mejorar sus procesos, ahorrar costes y maximizar la vida \u00fatil de cada producto. Para lograrlo, se invertir\u00e1 en herramientas y equipos que han demostrado reducir los fallos de los componentes y evitar los tiempos de inactividad.<\/strong><\/p>\n<p>Los fabricantes deben mejorar sus procesos, ahorrar costes y maximizar la vida \u00fatil de cada producto. Para conseguirlo, las organizaciones deben invertir en herramientas y equipos que hayan demostrado reducir los fallos de los componentes y evitar los tiempos de inactividad. Al mismo tiempo, hay una mayor necesidad de repetibilidad, lo que maximiza la eficiencia al reducir los fallos de los componentes y las repeticiones.<\/p>\n<p>Aqu\u00ed es donde entra en juego la nueva t\u00e9cnica de galvanoplastia de SIFCO ASC, la galvanoplastia encapsulada. Esencialmente, es un h\u00edbrido de chapado en tanque y chapado selectivo. La naturaleza del proceso significa que puede utilizarse para chapar piezas con zonas de dif\u00edcil acceso (como las que no est\u00e1n en l\u00ednea de visi\u00f3n), incluidas las zonas empotradas, las esquinas afiladas o las geometr\u00edas profundas de los circuladores, como las tuber\u00edas o los acoplamientos.<\/p>\n<p>Desarrollada originalmente para el metalizado de alta velocidad de agujeros y orificios de peque\u00f1o di\u00e1metro para la industria aeroespacial, la tecnolog\u00eda es ideal para el metalizado r\u00e1pido y eficaz de piezas circulares y con geometr\u00edas complejas.<\/p>\n<h2>El proceso de chapado encapsulado<\/h2>\n<p><img loading=\"lazy\" decoding=\"async\" class=\"alignright wp-image-2454 size-medium\" src=\"\/wp-content\/uploads\/Page-9-EHS-500x375.jpg\" alt=\"\" width=\"500\" height=\"375\" srcset=\"https:\/\/www.sifcoasc.com\/wp-content\/uploads\/Page-9-EHS-500x375.jpg 500w, https:\/\/www.sifcoasc.com\/wp-content\/uploads\/Page-9-EHS-1024x768.jpg 1024w, https:\/\/www.sifcoasc.com\/wp-content\/uploads\/Page-9-EHS-768x576.jpg 768w, https:\/\/www.sifcoasc.com\/wp-content\/uploads\/Page-9-EHS-1536x1152.jpg 1536w, https:\/\/www.sifcoasc.com\/wp-content\/uploads\/Page-9-EHS-2048x1536.jpg 2048w\" sizes=\"auto, (max-width: 709px) 85vw, (max-width: 909px) 67vw, (max-width: 1362px) 62vw, 840px\" \/><\/p>\n<p>Utilizando un utillaje a medida, el ingeniero dirige la soluci\u00f3n de revestimiento a trav\u00e9s de un hueco en el utillaje, lo que permite que el compuesto fluya sobre la pieza a gran velocidad. A continuaci\u00f3n, se produce la electrodeposici\u00f3n, que tiene lugar cuando la corriente el\u00e9ctrica atraviesa la qu\u00edmica al pasar por la zona.<br \/>\nLos ingenieros son capaces de chapar componentes y piezas intrincadas utilizando electrodos personalizados de \u00faltima generaci\u00f3n, dise\u00f1ados para adaptarse a la compleja geometr\u00eda de la zona seleccionada. Las juntas a medida encapsulan la zona, permitiendo un espacio definido entre el \u00e1nodo y el componente.<\/p>\n<p>Las herramientas personalizadas permiten que la soluci\u00f3n fluya y se limite a la superficie a revestir. Este utillaje mantiene una mejor gesti\u00f3n del flujo para evitar el riesgo de cavitaci\u00f3n en la interfaz \u00e1nodo\/c\u00e1todo. La alta velocidad de flujo de la soluci\u00f3n optimizada ayuda a eliminar las burbujas de gas de hidr\u00f3geno en la superficie. Tambi\u00e9n repone eficazmente los iones met\u00e1licos en la superficie de la pieza proporcionando un acabado suave y uniforme.<\/p>\n<h2>Las ventajas del revestimiento encapsulado<\/h2>\n<p>Aunque la principal ventaja del revestimiento encapsulado es que permite a los ingenieros revestir aplicaciones que no est\u00e1n en l\u00ednea de visi\u00f3n, este m\u00e9todo \u00fanico de revestimiento tiene muchas otras ventajas:<\/p>\n<h3>Mejora del control del proceso<\/h3>\n<p>El control del proceso, la repetibilidad y la trazabilidad desempe\u00f1an un papel fundamental a la hora de garantizar que los fabricantes cumplan las exigentes especificaciones de la industria, y este m\u00e9todo de chapado lo garantiza.<\/p>\n<p>El tratamiento de flujo de una pieza utiliza el mismo utillaje y los mismos par\u00e1metros una y otra vez, lo que significa que tiene un mayor control del proceso en comparaci\u00f3n con otros m\u00e9todos de revestimiento superficial.<\/p>\n<p>Como los ingenieros pueden gestionar la temperatura, el caudal, la velocidad y los amperios, tienen un alto nivel de control. Adem\u00e1s, el dise\u00f1o del sistema hace posible el seguimiento y la trazabilidad de los par\u00e1metros del proceso de chapado para cada pieza chapada.<\/p>\n<p><img loading=\"lazy\" decoding=\"async\" class=\"alignright wp-image-2456\" src=\"\/wp-content\/uploads\/Page-18-France-Heat-Exchanger2-500x375.jpg\" alt=\"\" width=\"400\" height=\"300\" srcset=\"https:\/\/www.sifcoasc.com\/wp-content\/uploads\/Page-18-France-Heat-Exchanger2-500x375.jpg 500w, https:\/\/www.sifcoasc.com\/wp-content\/uploads\/Page-18-France-Heat-Exchanger2-1024x768.jpg 1024w, https:\/\/www.sifcoasc.com\/wp-content\/uploads\/Page-18-France-Heat-Exchanger2-768x576.jpg 768w, https:\/\/www.sifcoasc.com\/wp-content\/uploads\/Page-18-France-Heat-Exchanger2.jpg 1200w\" sizes=\"auto, (max-width: 709px) 85vw, (max-width: 909px) 67vw, (max-width: 1362px) 62vw, 840px\" \/><\/p>\n<h3>Rapidez, eficacia y retorno de la inversi\u00f3n<\/h3>\n<p>Tiempos de ciclo m\u00e1s r\u00e1pidos, menos retrabajos costosos y eficiencia de la huella de la f\u00e1brica son otros beneficios que vienen con este m\u00e9todo de chapado.<\/p>\n<p>El utillaje personalizado &#8220;todo en uno&#8221; se deposita r\u00e1pidamente, eliminando la necesidad de enmascarar y otros procedimientos de pre-revestimiento que consumen mucho tiempo y que suelen ralentizar el proceso de revestimiento.<\/p>\n<p>Como no se necesitan grandes dep\u00f3sitos ni una l\u00ednea completa de revestimiento, el reducido espacio que ocupa el proceso permite llevarlo a cabo <a href=\"\/es\/chapado-in-situ\/\">in situ<\/a> e incorporarlo a la estructura de producci\u00f3n actual.<\/p>\n<h3>Una forma m\u00e1s segura y sostenible de chapar<\/h3>\n<p>El revestimiento encapsulado ayuda a los ingenieros a reducir su huella de carbono y a cumplir las normas de salud y seguridad ambiental, ya que el utillaje dise\u00f1ado a medida ofrece mejores credenciales de salud y seguridad en comparaci\u00f3n con otros m\u00e9todos de revestimiento.<\/p>\n<p>Como el componente y la soluci\u00f3n de revestimiento est\u00e1n encerrados dentro del utillaje, la exposici\u00f3n a los productos qu\u00edmicos es limitada. Por ejemplo, en comparaci\u00f3n con el chapado en tanque, que utiliza grandes cantidades de productos qu\u00edmicos, el chapado encapsulado utiliza mucha menos soluci\u00f3n y crea menos residuos de efluentes. Esto tambi\u00e9n crea un riesgo m\u00ednimo para el medio ambiente.<\/p>\n<p>El reducido espacio que ocupa el proceso permite llevarlo a cabo en las instalaciones del cliente. Al no tener que enviar los productos fuera de las instalaciones para su chapado, las empresas pueden reducir a\u00fan m\u00e1s la huella de carbono, el coste y el tiempo de inactividad asociados a las reparaciones fuera de las instalaciones.<\/p>\n<h3>Aplicado a una amplia gama de industrias<\/h3>\n<p>Aunque el metalizado encapsulado se desarroll\u00f3 para la industria del autom\u00f3vil, puede utilizarse en una amplia gama de industrias en las que los operarios pueden tener que chapar componentes de dif\u00edcil acceso, con geometr\u00edas axi-sim\u00e9tricas o con dise\u00f1os intrincados. Por ejemplo, los resonadores chapados en oro en el sector aeroespacial y los intercambiadores de calor en aplicaciones de generaci\u00f3n de energ\u00eda, electr\u00f3nica y compresores son complejos y de dif\u00edcil acceso, por lo que se benefician del chapado encapsulado.<br \/>\nSi tiene una pieza intrincada que necesita ser chapada o una aplicaci\u00f3n que no est\u00e1 en l\u00ednea de visi\u00f3n, p\u00f3ngase en <a href=\"\/es\/contacto\/\">contacto<\/a> con uno de nuestros ingenieros hoy mismo.<\/p>\n<p><img loading=\"lazy\" decoding=\"async\" class=\"aligncenter wp-image-2455 size-large\" src=\"\/wp-content\/uploads\/GMP-Station-1024x512.jpg\" alt=\"\" width=\"1024\" height=\"512\" srcset=\"https:\/\/www.sifcoasc.com\/wp-content\/uploads\/GMP-Station-1024x512.jpg 1024w, https:\/\/www.sifcoasc.com\/wp-content\/uploads\/GMP-Station-500x250.jpg 500w, https:\/\/www.sifcoasc.com\/wp-content\/uploads\/GMP-Station-768x384.jpg 768w, https:\/\/www.sifcoasc.com\/wp-content\/uploads\/GMP-Station.jpg 1284w\" sizes=\"auto, (max-width: 709px) 85vw, (max-width: 909px) 67vw, (max-width: 1362px) 62vw, 840px\" \/><\/p>\n","protected":false},"excerpt":{"rendered":"<p>En todo el mundo, las empresas industriales est\u00e1n bajo presi\u00f3n. La globalizaci\u00f3n, la competencia y los cambios Los modelos de negocio, as\u00ed como las presiones normativas y de costes, hacen que las organizaciones deban mejorar sus procesos, ahorrar costes y maximizar la vida \u00fatil de cada producto. Para lograrlo, se invertir\u00e1 en herramientas y equipos [&hellip;]<\/p>\n","protected":false},"author":18,"featured_media":0,"parent":9631,"menu_order":0,"comment_status":"closed","ping_status":"closed","template":"","meta":{"_acf_changed":false,"inline_featured_image":false,"footnotes":""},"class_list":["post-9641","page","type-page","status-publish","hentry"],"acf":[],"yoast_head":"<!-- This site is optimized with the Yoast SEO plugin v27.4 - https:\/\/yoast.com\/product\/yoast-seo-wordpress\/ -->\n<title>Metalizado de flujo encapsulado - SIFCO Applied Surface Concepts<\/title>\n<meta name=\"description\" content=\"En todo el mundo, las empresas industriales est\u00e1n bajo presi\u00f3n. La globalizaci\u00f3n, la competencia y los cambios Los modelos de negocio, as\u00ed como las presiones normativas y de costes, hacen que las organizaciones deban mejorar sus procesos, ahorrar costes y maximizar la vida \u00fatil de cada producto. Para lograrlo, se invertir\u00e1 en herramientas y equipos\" \/>\n<meta name=\"robots\" content=\"index, follow, max-snippet:-1, max-image-preview:large, max-video-preview:-1\" \/>\n<link rel=\"canonical\" href=\"https:\/\/www.sifcoasc.com\/es\/que-es-la-galvanoplastia-selectiva\/metalizado-de-flujo-encapsulado\" \/>\n<meta property=\"og:locale\" content=\"es_ES\" \/>\n<meta property=\"og:type\" content=\"article\" \/>\n<meta property=\"og:title\" content=\"Metalizado de flujo encapsulado - SIFCO Applied Surface Concepts\" \/>\n<meta property=\"og:description\" content=\"En todo el mundo, las empresas industriales est\u00e1n bajo presi\u00f3n. La globalizaci\u00f3n, la competencia y los cambios Los modelos de negocio, as\u00ed como las presiones normativas y de costes, hacen que las organizaciones deban mejorar sus procesos, ahorrar costes y maximizar la vida \u00fatil de cada producto. Para lograrlo, se invertir\u00e1 en herramientas y equipos\" \/>\n<meta property=\"og:url\" content=\"https:\/\/www.sifcoasc.com\/es\/que-es-la-galvanoplastia-selectiva\/metalizado-de-flujo-encapsulado\" \/>\n<meta property=\"og:site_name\" content=\"SIFCO Applied Surface Concepts\" \/>\n<meta property=\"article:modified_time\" content=\"2023-01-31T13:47:21+00:00\" \/>\n<meta property=\"og:image\" content=\"https:\/\/www.sifcoasc.com\/wp-content\/uploads\/Option_One.jpg\" \/>\n<meta name=\"twitter:label1\" content=\"Est. reading time\" \/>\n\t<meta name=\"twitter:data1\" content=\"5 minutos\" \/>\n<script type=\"application\/ld+json\" class=\"yoast-schema-graph\">{\"@context\":\"https:\\\/\\\/schema.org\",\"@graph\":[{\"@type\":\"WebPage\",\"@id\":\"https:\\\/\\\/www.sifcoasc.com\\\/es\\\/que-es-la-galvanoplastia-selectiva\\\/metalizado-de-flujo-encapsulado\",\"url\":\"https:\\\/\\\/www.sifcoasc.com\\\/es\\\/que-es-la-galvanoplastia-selectiva\\\/metalizado-de-flujo-encapsulado\",\"name\":\"Metalizado de flujo encapsulado - SIFCO Applied Surface Concepts\",\"isPartOf\":{\"@id\":\"https:\\\/\\\/www.sifcoasc.com\\\/es#website\"},\"primaryImageOfPage\":{\"@id\":\"https:\\\/\\\/www.sifcoasc.com\\\/es\\\/que-es-la-galvanoplastia-selectiva\\\/metalizado-de-flujo-encapsulado#primaryimage\"},\"image\":{\"@id\":\"https:\\\/\\\/www.sifcoasc.com\\\/es\\\/que-es-la-galvanoplastia-selectiva\\\/metalizado-de-flujo-encapsulado#primaryimage\"},\"thumbnailUrl\":\"https:\\\/\\\/www.sifcoasc.com\\\/wp-content\\\/uploads\\\/Option_One.jpg\",\"datePublished\":\"2022-07-14T15:28:38+00:00\",\"dateModified\":\"2023-01-31T13:47:21+00:00\",\"description\":\"En todo el mundo, las empresas industriales est\u00e1n bajo presi\u00f3n. La globalizaci\u00f3n, la competencia y los cambios Los modelos de negocio, as\u00ed como las presiones normativas y de costes, hacen que las organizaciones deban mejorar sus procesos, ahorrar costes y maximizar la vida \u00fatil de cada producto. Para lograrlo, se invertir\u00e1 en herramientas y equipos\",\"breadcrumb\":{\"@id\":\"https:\\\/\\\/www.sifcoasc.com\\\/es\\\/que-es-la-galvanoplastia-selectiva\\\/metalizado-de-flujo-encapsulado#breadcrumb\"},\"inLanguage\":\"es\",\"potentialAction\":[{\"@type\":\"ReadAction\",\"target\":[\"https:\\\/\\\/www.sifcoasc.com\\\/es\\\/que-es-la-galvanoplastia-selectiva\\\/metalizado-de-flujo-encapsulado\"]}]},{\"@type\":\"ImageObject\",\"inLanguage\":\"es\",\"@id\":\"https:\\\/\\\/www.sifcoasc.com\\\/es\\\/que-es-la-galvanoplastia-selectiva\\\/metalizado-de-flujo-encapsulado#primaryimage\",\"url\":\"https:\\\/\\\/www.sifcoasc.com\\\/wp-content\\\/uploads\\\/Option_One.jpg\",\"contentUrl\":\"https:\\\/\\\/www.sifcoasc.com\\\/wp-content\\\/uploads\\\/Option_One.jpg\"},{\"@type\":\"BreadcrumbList\",\"@id\":\"https:\\\/\\\/www.sifcoasc.com\\\/es\\\/que-es-la-galvanoplastia-selectiva\\\/metalizado-de-flujo-encapsulado#breadcrumb\",\"itemListElement\":[{\"@type\":\"ListItem\",\"position\":1,\"name\":\"Home\",\"item\":\"https:\\\/\\\/www.sifcoasc.com\\\/es\"},{\"@type\":\"ListItem\",\"position\":2,\"name\":\"\u00bfQu\u00e9 es la galvanoplastia selectiva?\",\"item\":\"https:\\\/\\\/www.sifcoasc.com\\\/es\\\/que-es-la-galvanoplastia-selectiva\"},{\"@type\":\"ListItem\",\"position\":3,\"name\":\"Metalizado de flujo encapsulado\"}]},{\"@type\":\"WebSite\",\"@id\":\"https:\\\/\\\/www.sifcoasc.com\\\/es#website\",\"url\":\"https:\\\/\\\/www.sifcoasc.com\\\/es\",\"name\":\"SIFCO Applied Surface Concepts\",\"description\":\"\",\"potentialAction\":[{\"@type\":\"SearchAction\",\"target\":{\"@type\":\"EntryPoint\",\"urlTemplate\":\"https:\\\/\\\/www.sifcoasc.com\\\/es?s={search_term_string}\"},\"query-input\":{\"@type\":\"PropertyValueSpecification\",\"valueRequired\":true,\"valueName\":\"search_term_string\"}}],\"inLanguage\":\"es\"}]}<\/script>\n<!-- \/ Yoast SEO plugin. -->","yoast_head_json":{"title":"Metalizado de flujo encapsulado - SIFCO Applied Surface Concepts","description":"En todo el mundo, las empresas industriales est\u00e1n bajo presi\u00f3n. La globalizaci\u00f3n, la competencia y los cambios Los modelos de negocio, as\u00ed como las presiones normativas y de costes, hacen que las organizaciones deban mejorar sus procesos, ahorrar costes y maximizar la vida \u00fatil de cada producto. Para lograrlo, se invertir\u00e1 en herramientas y equipos","robots":{"index":"index","follow":"follow","max-snippet":"max-snippet:-1","max-image-preview":"max-image-preview:large","max-video-preview":"max-video-preview:-1"},"canonical":"https:\/\/www.sifcoasc.com\/es\/que-es-la-galvanoplastia-selectiva\/metalizado-de-flujo-encapsulado","og_locale":"es_ES","og_type":"article","og_title":"Metalizado de flujo encapsulado - SIFCO Applied Surface Concepts","og_description":"En todo el mundo, las empresas industriales est\u00e1n bajo presi\u00f3n. La globalizaci\u00f3n, la competencia y los cambios Los modelos de negocio, as\u00ed como las presiones normativas y de costes, hacen que las organizaciones deban mejorar sus procesos, ahorrar costes y maximizar la vida \u00fatil de cada producto. Para lograrlo, se invertir\u00e1 en herramientas y equipos","og_url":"https:\/\/www.sifcoasc.com\/es\/que-es-la-galvanoplastia-selectiva\/metalizado-de-flujo-encapsulado","og_site_name":"SIFCO Applied Surface Concepts","article_modified_time":"2023-01-31T13:47:21+00:00","og_image":[{"url":"https:\/\/www.sifcoasc.com\/wp-content\/uploads\/Option_One.jpg","type":"","width":"","height":""}],"twitter_misc":{"Est. reading time":"5 minutos"},"schema":{"@context":"https:\/\/schema.org","@graph":[{"@type":"WebPage","@id":"https:\/\/www.sifcoasc.com\/es\/que-es-la-galvanoplastia-selectiva\/metalizado-de-flujo-encapsulado","url":"https:\/\/www.sifcoasc.com\/es\/que-es-la-galvanoplastia-selectiva\/metalizado-de-flujo-encapsulado","name":"Metalizado de flujo encapsulado - SIFCO Applied Surface Concepts","isPartOf":{"@id":"https:\/\/www.sifcoasc.com\/es#website"},"primaryImageOfPage":{"@id":"https:\/\/www.sifcoasc.com\/es\/que-es-la-galvanoplastia-selectiva\/metalizado-de-flujo-encapsulado#primaryimage"},"image":{"@id":"https:\/\/www.sifcoasc.com\/es\/que-es-la-galvanoplastia-selectiva\/metalizado-de-flujo-encapsulado#primaryimage"},"thumbnailUrl":"https:\/\/www.sifcoasc.com\/wp-content\/uploads\/Option_One.jpg","datePublished":"2022-07-14T15:28:38+00:00","dateModified":"2023-01-31T13:47:21+00:00","description":"En todo el mundo, las empresas industriales est\u00e1n bajo presi\u00f3n. La globalizaci\u00f3n, la competencia y los cambios Los modelos de negocio, as\u00ed como las presiones normativas y de costes, hacen que las organizaciones deban mejorar sus procesos, ahorrar costes y maximizar la vida \u00fatil de cada producto. Para lograrlo, se invertir\u00e1 en herramientas y equipos","breadcrumb":{"@id":"https:\/\/www.sifcoasc.com\/es\/que-es-la-galvanoplastia-selectiva\/metalizado-de-flujo-encapsulado#breadcrumb"},"inLanguage":"es","potentialAction":[{"@type":"ReadAction","target":["https:\/\/www.sifcoasc.com\/es\/que-es-la-galvanoplastia-selectiva\/metalizado-de-flujo-encapsulado"]}]},{"@type":"ImageObject","inLanguage":"es","@id":"https:\/\/www.sifcoasc.com\/es\/que-es-la-galvanoplastia-selectiva\/metalizado-de-flujo-encapsulado#primaryimage","url":"https:\/\/www.sifcoasc.com\/wp-content\/uploads\/Option_One.jpg","contentUrl":"https:\/\/www.sifcoasc.com\/wp-content\/uploads\/Option_One.jpg"},{"@type":"BreadcrumbList","@id":"https:\/\/www.sifcoasc.com\/es\/que-es-la-galvanoplastia-selectiva\/metalizado-de-flujo-encapsulado#breadcrumb","itemListElement":[{"@type":"ListItem","position":1,"name":"Home","item":"https:\/\/www.sifcoasc.com\/es"},{"@type":"ListItem","position":2,"name":"\u00bfQu\u00e9 es la galvanoplastia selectiva?","item":"https:\/\/www.sifcoasc.com\/es\/que-es-la-galvanoplastia-selectiva"},{"@type":"ListItem","position":3,"name":"Metalizado de flujo encapsulado"}]},{"@type":"WebSite","@id":"https:\/\/www.sifcoasc.com\/es#website","url":"https:\/\/www.sifcoasc.com\/es","name":"SIFCO Applied Surface Concepts","description":"","potentialAction":[{"@type":"SearchAction","target":{"@type":"EntryPoint","urlTemplate":"https:\/\/www.sifcoasc.com\/es?s={search_term_string}"},"query-input":{"@type":"PropertyValueSpecification","valueRequired":true,"valueName":"search_term_string"}}],"inLanguage":"es"}]}},"featured_image_src":null,"featured_image_src_square":null,"_links":{"self":[{"href":"https:\/\/www.sifcoasc.com\/es\/wp-json\/wp\/v2\/pages\/9641","targetHints":{"allow":["GET"]}}],"collection":[{"href":"https:\/\/www.sifcoasc.com\/es\/wp-json\/wp\/v2\/pages"}],"about":[{"href":"https:\/\/www.sifcoasc.com\/es\/wp-json\/wp\/v2\/types\/page"}],"author":[{"embeddable":true,"href":"https:\/\/www.sifcoasc.com\/es\/wp-json\/wp\/v2\/users\/18"}],"replies":[{"embeddable":true,"href":"https:\/\/www.sifcoasc.com\/es\/wp-json\/wp\/v2\/comments?post=9641"}],"version-history":[{"count":0,"href":"https:\/\/www.sifcoasc.com\/es\/wp-json\/wp\/v2\/pages\/9641\/revisions"}],"up":[{"embeddable":true,"href":"https:\/\/www.sifcoasc.com\/es\/wp-json\/wp\/v2\/pages\/9631"}],"wp:attachment":[{"href":"https:\/\/www.sifcoasc.com\/es\/wp-json\/wp\/v2\/media?parent=9641"}],"curies":[{"name":"wp","href":"https:\/\/api.w.org\/{rel}","templated":true}]}}