{"id":9646,"date":"2022-07-14T15:28:43","date_gmt":"2022-07-14T15:28:43","guid":{"rendered":"https:\/\/www.sifcoasc.com\/por-que-utilizar-sifco-asc\/"},"modified":"2022-07-19T12:24:56","modified_gmt":"2022-07-19T12:24:56","slug":"por-que-utilizar-sifco-asc","status":"publish","type":"page","link":"https:\/\/www.sifcoasc.com\/es\/por-que-utilizar-sifco-asc","title":{"rendered":"\u00bfPor qu\u00e9 utilizar SIFCO ASC?"},"content":{"rendered":"<h2>\u00bfPor qu\u00e9 elegir SIFCO ASC?<\/h2>\n<p class=\"emph\">El Proceso SIFCO\u00ae es un recurso vital cuando necesita mejorar, reparar o reconstruir sus componentes cr\u00edticos. Nos asociamos con usted para desarrollar soluciones que cumplan los requisitos de su aplicaci\u00f3n espec\u00edfica.<\/p>\n<p><strong>Como organizaci\u00f3n global, asociarse con SIFCO ASC significa que usted se beneficia de nuestra:<\/strong><\/p>\n<ul>\n<li><a class=\"popup-youtube\" href=\"https:\/\/www.youtube.com\/watch?v=gInks8mr-2Y\"><img loading=\"lazy\" decoding=\"async\" class=\"alignright wp-image-2270 size-full\" title=\"El proceso SIFCO\u00ae de galvanoplastia selectiva\" src=\"\/wp-content\/uploads\/landing-page-video-thumbnail-1.jpg\" alt=\"Metalizado selectivo para la industria ferroviaria  \" width=\"615\" height=\"345\"><\/a>Conocimiento y experiencia t\u00e9cnica de primer orden<\/li>\n<li>T\u00e9cnicos de revestimiento altamente capacitados y m\u00f3viles<\/li>\n<li>Innovaci\u00f3n continua a trav\u00e9s de la investigaci\u00f3n y el desarrollo<\/li>\n<li>Proceso de revestimiento y dise\u00f1o de equipos de \u00faltima generaci\u00f3n<\/li>\n<li>Compromiso con el servicio y la asistencia posventa<\/li>\n<li>Compromiso con las normas y obligaciones medioambientales y con la mejora continua<\/li>\n<li>Seguridad y estabilidad como parte de <a href=\"https:\/\/home.quakerhoughton.com\/\">Quaker Houghton<\/a><\/li>\n<\/ul>\n<p>Esto significa que puede tener plena confianza en el rendimiento y la fiabilidad de sus operaciones de proceso, sabiendo que el SIFCO Process\u00ae tiene un impacto positivo en su competitividad y rentabilidad.<\/p>\n<section class=\"rows-of-2\">\n<div>\n<h2>Recursos relacionados<\/h2>\n<p>SIFCO Applied Surface Concepts es su recurso vital para mejorar, reparar o renovar componentes cr\u00edticos mediante la galvanoplastia selectiva. El Proceso SIFCO\u00ae es el m\u00e9todo l\u00edder para la galvanoplastia selectiva de \u00e1reas localizadas en componentes sin el uso de un tanque de inmersi\u00f3n. Proporcionamos servicios por contrato, soluciones qu\u00edmicas y equipos para la mejora de superficies con el fin de mejorar el rendimiento de los componentes, minimizar el tiempo de inactividad y reducir los costes de fabricaci\u00f3n. Para saber m\u00e1s, elija uno de estos recursos relacionados.<\/p><\/div>\n<div>\n<div class=\"click-expand relatedresource\">\n<h3 class=\"ce-header\" tabindex=\"0\">Productos y servicios<\/h3>\n<div class=\"ce-body\">\n<ul>\n<li><a href=\"https:\/\/plating.sifcoasc.com\/\">Cat\u00e1logo de productos en l\u00ednea<\/a><\/li>\n<li><a href=\"\/\/www.sifcoasc.com\/datasheet-library\/\">Biblioteca de fichas t\u00e9cnicas<\/a><\/li>\n<li><a href=\"\/\/www.sifcoasc.com\/video-library\/\">Videoteca<\/a><\/li>\n<\/ul>\n<\/div>\n<\/div>\n<div class=\"click-expand\">\n<h3 class=\"ce-header\" tabindex=\"0\">Recursos de calidad<\/h3>\n<div class=\"ce-body\">\n<ul>\n<li><a href=\"\/\/www.sifcoasc.com\/quality-accreditations\/\">Acreditaciones de calidad<\/a><\/li>\n<li><a href=\"\/\/www.sifcoasc.com\/industry-specifications\/\">Especificaciones<\/a><\/li>\n<li><a href=\"\/\/www.sifcoasc.com\/restricted-certificates-of-conformance\/\">Certificados de conformidad<\/a><\/li>\n<\/ul>\n<\/div>\n<\/div>\n<div class=\"click-expand\">\n<h3 class=\"ce-header\" tabindex=\"0\">M\u00e1s informaci\u00f3n<\/h3>\n<div class=\"ce-body\">\n<ul>\n<li><a href=\"\/\/www.sifcoasc.com\/what-is-selective-plating\/\">\u00bfQu\u00e9 es la galvanoplastia selectiva?<\/a><\/li>\n<li><a href=\"\/\/www.sifcoasc.com\/meet-the-team\/\">Conozca al equipo<\/a><\/li>\n<li><a href=\"\/\/www.sifcoasc.com\/contact-us\/\">Contacto<\/a><\/li>\n<\/ul>\n<\/div><\/div>\n<\/div>\n<\/section>\n","protected":false},"excerpt":{"rendered":"<p>\u00bfPor qu\u00e9 elegir SIFCO ASC? El Proceso SIFCO\u00ae es un recurso vital cuando necesita mejorar, reparar o reconstruir sus componentes cr\u00edticos. Nos asociamos con usted para desarrollar soluciones que cumplan los requisitos de su aplicaci\u00f3n espec\u00edfica. Como organizaci\u00f3n global, asociarse con SIFCO ASC significa que usted se beneficia de nuestra: Conocimiento y experiencia t\u00e9cnica de [&hellip;]<\/p>\n","protected":false},"author":18,"featured_media":0,"parent":0,"menu_order":0,"comment_status":"closed","ping_status":"closed","template":"","meta":{"_acf_changed":false,"inline_featured_image":false,"footnotes":""},"class_list":["post-9646","page","type-page","status-publish","hentry"],"acf":[],"yoast_head":"<!-- This site is optimized with the Yoast SEO plugin v27.3 - https:\/\/yoast.com\/product\/yoast-seo-wordpress\/ -->\n<title>\u00bfPor qu\u00e9 elegir SIFCO ASC? | Expertos en revestimiento selectivo | SIFCO ASC<\/title>\n<meta name=\"description\" content=\"SIFCO ASC es un recurso vital cuando necesita mejorar, reparar y redimensionar sus componentes cr\u00edticos. Nos asociamos con usted para desarrollar soluciones a medida.\" \/>\n<meta name=\"robots\" content=\"index, follow, max-snippet:-1, max-image-preview:large, max-video-preview:-1\" \/>\n<link rel=\"canonical\" href=\"https:\/\/www.sifcoasc.com\/es\/por-que-utilizar-sifco-asc\" \/>\n<meta property=\"og:locale\" content=\"es_ES\" \/>\n<meta property=\"og:type\" content=\"article\" \/>\n<meta property=\"og:title\" content=\"\u00bfPor qu\u00e9 elegir SIFCO ASC? | Expertos en revestimiento selectivo | SIFCO ASC\" \/>\n<meta property=\"og:description\" content=\"SIFCO ASC es un recurso vital cuando necesita mejorar, reparar y redimensionar sus componentes cr\u00edticos. Nos asociamos con usted para desarrollar soluciones a medida.\" \/>\n<meta property=\"og:url\" content=\"https:\/\/www.sifcoasc.com\/es\/por-que-utilizar-sifco-asc\" \/>\n<meta property=\"og:site_name\" content=\"SIFCO Applied Surface Concepts\" \/>\n<meta property=\"article:modified_time\" content=\"2022-07-19T12:24:56+00:00\" \/>\n<meta name=\"twitter:label1\" content=\"Est. reading time\" \/>\n\t<meta name=\"twitter:data1\" content=\"1 minuto\" \/>\n<script type=\"application\/ld+json\" class=\"yoast-schema-graph\">{\"@context\":\"https:\\\/\\\/schema.org\",\"@graph\":[{\"@type\":\"WebPage\",\"@id\":\"https:\\\/\\\/www.sifcoasc.com\\\/es\\\/por-que-utilizar-sifco-asc\",\"url\":\"https:\\\/\\\/www.sifcoasc.com\\\/es\\\/por-que-utilizar-sifco-asc\",\"name\":\"\u00bfPor qu\u00e9 elegir SIFCO ASC? | Expertos en revestimiento selectivo | SIFCO ASC\",\"isPartOf\":{\"@id\":\"https:\\\/\\\/www.sifcoasc.com\\\/es#website\"},\"datePublished\":\"2022-07-14T15:28:43+00:00\",\"dateModified\":\"2022-07-19T12:24:56+00:00\",\"description\":\"SIFCO ASC es un recurso vital cuando necesita mejorar, reparar y redimensionar sus componentes cr\u00edticos. Nos asociamos con usted para desarrollar soluciones a medida.\",\"breadcrumb\":{\"@id\":\"https:\\\/\\\/www.sifcoasc.com\\\/es\\\/por-que-utilizar-sifco-asc#breadcrumb\"},\"inLanguage\":\"es\",\"potentialAction\":[{\"@type\":\"ReadAction\",\"target\":[\"https:\\\/\\\/www.sifcoasc.com\\\/es\\\/por-que-utilizar-sifco-asc\"]}]},{\"@type\":\"BreadcrumbList\",\"@id\":\"https:\\\/\\\/www.sifcoasc.com\\\/es\\\/por-que-utilizar-sifco-asc#breadcrumb\",\"itemListElement\":[{\"@type\":\"ListItem\",\"position\":1,\"name\":\"Home\",\"item\":\"https:\\\/\\\/www.sifcoasc.com\\\/es\"},{\"@type\":\"ListItem\",\"position\":2,\"name\":\"\u00bfPor qu\u00e9 utilizar SIFCO ASC?\"}]},{\"@type\":\"WebSite\",\"@id\":\"https:\\\/\\\/www.sifcoasc.com\\\/es#website\",\"url\":\"https:\\\/\\\/www.sifcoasc.com\\\/es\",\"name\":\"SIFCO Applied Surface Concepts\",\"description\":\"\",\"potentialAction\":[{\"@type\":\"SearchAction\",\"target\":{\"@type\":\"EntryPoint\",\"urlTemplate\":\"https:\\\/\\\/www.sifcoasc.com\\\/es?s={search_term_string}\"},\"query-input\":{\"@type\":\"PropertyValueSpecification\",\"valueRequired\":true,\"valueName\":\"search_term_string\"}}],\"inLanguage\":\"es\"}]}<\/script>\n<!-- \/ Yoast SEO plugin. -->","yoast_head_json":{"title":"\u00bfPor qu\u00e9 elegir SIFCO ASC? | Expertos en revestimiento selectivo | SIFCO ASC","description":"SIFCO ASC es un recurso vital cuando necesita mejorar, reparar y redimensionar sus componentes cr\u00edticos. Nos asociamos con usted para desarrollar soluciones a medida.","robots":{"index":"index","follow":"follow","max-snippet":"max-snippet:-1","max-image-preview":"max-image-preview:large","max-video-preview":"max-video-preview:-1"},"canonical":"https:\/\/www.sifcoasc.com\/es\/por-que-utilizar-sifco-asc","og_locale":"es_ES","og_type":"article","og_title":"\u00bfPor qu\u00e9 elegir SIFCO ASC? | Expertos en revestimiento selectivo | SIFCO ASC","og_description":"SIFCO ASC es un recurso vital cuando necesita mejorar, reparar y redimensionar sus componentes cr\u00edticos. Nos asociamos con usted para desarrollar soluciones a medida.","og_url":"https:\/\/www.sifcoasc.com\/es\/por-que-utilizar-sifco-asc","og_site_name":"SIFCO Applied Surface Concepts","article_modified_time":"2022-07-19T12:24:56+00:00","twitter_misc":{"Est. reading time":"1 minuto"},"schema":{"@context":"https:\/\/schema.org","@graph":[{"@type":"WebPage","@id":"https:\/\/www.sifcoasc.com\/es\/por-que-utilizar-sifco-asc","url":"https:\/\/www.sifcoasc.com\/es\/por-que-utilizar-sifco-asc","name":"\u00bfPor qu\u00e9 elegir SIFCO ASC? | Expertos en revestimiento selectivo | SIFCO ASC","isPartOf":{"@id":"https:\/\/www.sifcoasc.com\/es#website"},"datePublished":"2022-07-14T15:28:43+00:00","dateModified":"2022-07-19T12:24:56+00:00","description":"SIFCO ASC es un recurso vital cuando necesita mejorar, reparar y redimensionar sus componentes cr\u00edticos. Nos asociamos con usted para desarrollar soluciones a medida.","breadcrumb":{"@id":"https:\/\/www.sifcoasc.com\/es\/por-que-utilizar-sifco-asc#breadcrumb"},"inLanguage":"es","potentialAction":[{"@type":"ReadAction","target":["https:\/\/www.sifcoasc.com\/es\/por-que-utilizar-sifco-asc"]}]},{"@type":"BreadcrumbList","@id":"https:\/\/www.sifcoasc.com\/es\/por-que-utilizar-sifco-asc#breadcrumb","itemListElement":[{"@type":"ListItem","position":1,"name":"Home","item":"https:\/\/www.sifcoasc.com\/es"},{"@type":"ListItem","position":2,"name":"\u00bfPor qu\u00e9 utilizar SIFCO ASC?"}]},{"@type":"WebSite","@id":"https:\/\/www.sifcoasc.com\/es#website","url":"https:\/\/www.sifcoasc.com\/es","name":"SIFCO Applied Surface Concepts","description":"","potentialAction":[{"@type":"SearchAction","target":{"@type":"EntryPoint","urlTemplate":"https:\/\/www.sifcoasc.com\/es?s={search_term_string}"},"query-input":{"@type":"PropertyValueSpecification","valueRequired":true,"valueName":"search_term_string"}}],"inLanguage":"es"}]}},"featured_image_src":null,"featured_image_src_square":null,"_links":{"self":[{"href":"https:\/\/www.sifcoasc.com\/es\/wp-json\/wp\/v2\/pages\/9646","targetHints":{"allow":["GET"]}}],"collection":[{"href":"https:\/\/www.sifcoasc.com\/es\/wp-json\/wp\/v2\/pages"}],"about":[{"href":"https:\/\/www.sifcoasc.com\/es\/wp-json\/wp\/v2\/types\/page"}],"author":[{"embeddable":true,"href":"https:\/\/www.sifcoasc.com\/es\/wp-json\/wp\/v2\/users\/18"}],"replies":[{"embeddable":true,"href":"https:\/\/www.sifcoasc.com\/es\/wp-json\/wp\/v2\/comments?post=9646"}],"version-history":[{"count":0,"href":"https:\/\/www.sifcoasc.com\/es\/wp-json\/wp\/v2\/pages\/9646\/revisions"}],"wp:attachment":[{"href":"https:\/\/www.sifcoasc.com\/es\/wp-json\/wp\/v2\/media?parent=9646"}],"curies":[{"name":"wp","href":"https:\/\/api.w.org\/{rel}","templated":true}]}}