{"id":9649,"date":"2022-07-14T15:28:47","date_gmt":"2022-07-14T15:28:47","guid":{"rendered":"https:\/\/www.sifcoasc.com\/salud-y-seguridad-en-el-trabajo-y-sostenibilidad\/"},"modified":"2022-08-16T14:18:48","modified_gmt":"2022-08-16T14:18:48","slug":"salud-y-seguridad-en-el-trabajo-y-sostenibilidad","status":"publish","type":"page","link":"https:\/\/www.sifcoasc.com\/es\/salud-y-seguridad-en-el-trabajo-y-sostenibilidad","title":{"rendered":"Salud y seguridad en el trabajo y sostenibilidad"},"content":{"rendered":"<h2><strong>Salud y seguridad en el trabajo y sostenibilidad<\/strong><\/h2>\n<p>El uso de SIFCO Process\u00ae permite a las empresas cumplir o superar la mayor\u00eda de los requisitos industriales sin dejar de respetar la normativa medioambiental. Nuestro proceso se ha dise\u00f1ado espec\u00edficamente para utilizar las m\u00ednimas cantidades de materiales para garantizar la seguridad de los trabajadores y aliviar la carga de la eliminaci\u00f3n de residuos.<\/p>\n<div class=\"right-image\"><img loading=\"lazy\" decoding=\"async\" width=\"135\" height=\"165\" class=\"alignnone size-full wp-image-1864\" title=\"SGA y sostenibilidad  \" src=\"\/wp-content\/uploads\/SQA-ISO14001-2015-135x165-1.jpg\" alt=\"SGA y sostenibilidad  \"><\/div>\n<p>SIFCO ASC mantiene voluntariamente su <a href=\"\/es\/acreditaciones-de-calidad\/\">Sistema de Gesti\u00f3n de Calidad y Medio<\/a> Ambiente (SGA) seg\u00fan la norma ISO 14001:2015. ISO 14001:2015 es la norma internacional que especifica los requisitos para un sistema de gesti\u00f3n medioambiental eficaz. En lugar de proporcionar requisitos de rendimiento, la norma ISO 14001:2015 s\u00f3lo proporciona un marco para que una organizaci\u00f3n lo siga, abarcando todo el ciclo de vida de nuestros productos, en lugar de s\u00f3lo su producci\u00f3n. Al mejorar la eficiencia de nuestros recursos, reduciremos los residuos y los costes.<\/p>\n<p>El mantenimiento de nuestro SGA ayuda a SIFCO ASC a minimizar el impacto de nuestras operaciones en el medio ambiente, a cumplir con las normativas y requisitos gubernamentales, as\u00ed como a mejorar continuamente para mantener nuestra certificaci\u00f3n.<\/p>\n<p>Hasta la fecha, SIFCO ASC supervisa lo siguiente:<\/p>\n<ul>\n<li>Uso el\u00e9ctrico<\/li>\n<li>Residuos peligrosos producidos<\/li>\n<li>Uso de la botella<\/li>\n<li>Uso del papel<\/li>\n<\/ul>\n<h2>Soluciones respetuosas con el medio ambiente<\/h2>\n<p>Las exigentes aplicaciones actuales requieren dep\u00f3sitos bien dise\u00f1ados y probados que supongan el menor riesgo posible tanto para el operador como para el medio ambiente. Dependiendo de sus necesidades de revestimiento, SIFCO ASC ha desarrollado alternativas de cadmio para satisfacer sus necesidades de aplicaci\u00f3n.<\/p>\n<ul>\n<li>Zinc-N\u00edquel LHE\u00ae<\/li>\n<li>Esta\u00f1o-Zinc<\/li>\n<\/ul>\n<p>El zinc-n\u00edquel LHE\u00ae y el esta\u00f1o-zinc son alternativas menos t\u00f3xicas al cadmio que pueden utilizarse para reparar el cadmio, el zinc-n\u00edquel, el esta\u00f1o-zinc y el aluminio DIV en aceros de alta resistencia. Ambos dep\u00f3sitos proporcionan una excelente protecci\u00f3n contra la corrosi\u00f3n, son de baja fragilidad por hidr\u00f3geno y no requieren una cocci\u00f3n de alivio de la fragilidad por hidr\u00f3geno posterior a la placa.<\/p>\n<p>El Zinc-N\u00edquel LHE\u00ae y el Esta\u00f1o-Zinc ya han sido aprobados por:<\/p>\n<ul>\n<li>Boeing<\/li>\n<li>Messier-Bugatti-Dowty<\/li>\n<li>Ratier-Figeac<\/li>\n<li>Turbomeca<\/li>\n<li>NASA<\/li>\n<li>y m\u00e1s<\/li>\n<\/ul>\n<p><strong><br \/>\nAlternativas al cromo<\/strong><br \/>\nLas alternativas al cromo de SIFCO ASC son los dep\u00f3sitos chapados con cepillo perfectos y respetuosos con el medio ambiente para aplicaciones de reparaci\u00f3n y OEM que requieren un chapado excepcionalmente duro. Dependiendo de sus requisitos de revestimiento, SIFCO ASC ha desarrollado una variedad de dep\u00f3sitos para satisfacer sus necesidades de aplicaci\u00f3n:<\/p>\n<ul>\n<li>AeroShield\u00ae 4015<\/li>\n<li>AeroNikl\u00ae 575 7280\/5727<\/li>\n<li>Cobalto-n\u00edquel semibrillante 5720<\/li>\n<li>N\u00edquel de alta velocidad 2803<\/li>\n<li>N\u00edquel-Tungsteno 5711<\/li>\n<\/ul>\n<p>Estos dep\u00f3sitos se desarrollaron para los sectores aeroespacial, de la automoci\u00f3n, del petr\u00f3leo y del gas, y para cualquier otro sector en el que la dureza de la superficie, la resistencia al desgaste y el coeficiente de fricci\u00f3n sean fundamentales. Las alternativas de cromo de SIFCO ASC se utilizan para una variedad de aplicaciones como la alta acumulaci\u00f3n, el redimensionamiento de piezas sujetas a desgaste y corrosi\u00f3n, y la recuperaci\u00f3n.<\/p>\n<p><strong>Soluciones sin cianuro<\/strong><br \/>\nEl cianuro es un compuesto qu\u00edmico intr\u00ednsecamente t\u00f3xico. Las soluciones de revestimiento que contienen iones de cianuro son corrosivas para la piel y los ojos y potencialmente letales si se ingieren. Aunque es fundamental mantener una ventilaci\u00f3n adecuada en cualquier operaci\u00f3n de revestimiento, si los iones de cianuro entran en contacto con un \u00e1cido, el aire de la zona de revestimiento contendr\u00e1 altos niveles de gas de cianuro de hidr\u00f3geno. Para satisfacer la demanda de los clientes de aumentar la salud y seguridad de los t\u00e9cnicos, SIFCO ASC ha desarrollado soluciones de revestimiento sin cianuro que tienen las mismas caracter\u00edsticas de adhesi\u00f3n y dep\u00f3sito.<\/p>\n<ul>\n<li>Oro sin cianuro 5355<\/li>\n<li>Plata sin cianuro 3084\/5870<\/li>\n<li>Producci\u00f3n de plata sin cianuro 5871<\/li>\n<\/ul>\n<p>Adem\u00e1s, con el SIFCO Process\u00ae, incluso el revestimiento de superficies nitruradas no requiere una tira de cianuro, sino que el t\u00e9cnico eliminar\u00e1 la capa blanca utilizando una soluci\u00f3n preparatoria a base de agua. Tambi\u00e9n se han desarrollado procedimientos de preparaci\u00f3n sin cianuro para el revestimiento de aluminio con el fin de garantizar un dep\u00f3sito de calidad y una adhesi\u00f3n adecuada.<\/p>\n<p><strong>Soluciones de n\u00edquel sin \u00e1cido b\u00f3rico<\/strong><\/p>\n<p>Hace m\u00e1s de diez a\u00f1os, el \u00e1cido b\u00f3rico se incluy\u00f3 en la lista de sustancias extremadamente preocupantes (SVHC) en el marco de REACH debido a su toxicidad para la reproducci\u00f3n. De nuestro cat\u00e1logo de m\u00e1s de 100 soluciones de revestimiento de cepillos y aleaciones, s\u00f3lo 13 contienen \u00e1cido b\u00f3rico.<\/p>\n<p>Pero para entender por qu\u00e9 es notable tener un gran n\u00famero de soluciones libres de \u00e1cido b\u00f3rico, hay que entender el papel del \u00e1cido b\u00f3rico en el chapado. El \u00e1cido b\u00f3rico desempe\u00f1a varias funciones, como el control de la tensi\u00f3n interna, la estabilizaci\u00f3n del pH, el mantenimiento de una buena calidad de los dep\u00f3sitos y la posibilidad de utilizar aditivos para el refinado de los cereales. Las soluciones de SIFCO ASC han conseguido estas propiedades con soluciones respetuosas con el medio ambiente y de base acuosa, sin utilizar \u00e1cido b\u00f3rico.<\/p>\n<p>Los grandes clientes de Prime se esfuerzan por anticiparse a las nuevas SVHC. Cuando se buscan nuevos revestimientos para especificar como proceso de reparaci\u00f3n o de OEM, muchas empresas intentar\u00e1n establecer procedimientos que puedan utilizarse en todo el mundo y encontrar la menor cantidad de restricciones. Nuestras soluciones de n\u00edquel sin \u00e1cido b\u00f3rico m\u00e1s comunes son:<\/p>\n<ul>\n<li>\u00c1cido n\u00edtrico 2080\/5600<\/li>\n<li>\u00c1cido de n\u00edquel 2807<\/li>\n<li>N\u00edquel d\u00factil 2086<\/li>\n<li>N\u00edquel d\u00factil 2088<\/li>\n<\/ul>\n<p>Adem\u00e1s, el Proceso SIFCO\u00ae de galvanoplastia selectiva proporciona dep\u00f3sitos galv\u00e1nicos y revestimientos anodizados de calidad superior con un m\u00ednimo de residuos. La utilizaci\u00f3n del SIFCO Process\u00ae permite a las empresas cumplir o superar la mayor\u00eda de los requisitos industriales sin dejar de respetar la normativa medioambiental.<\/p>\n<p>No hay duda de que la aplicaci\u00f3n de la normativa medioambiental es muy diferente hoy en d\u00eda que hace a\u00f1os. La terminolog\u00eda por s\u00ed sola puede ser desconcertante hasta que se estudia y se entiende. SIFCO ASC conoce a fondo la normativa promulgada principalmente por la OSHA y la EPA. Nuestro Departamento de Servicios Medioambientales se encarga de mantenerse al d\u00eda con la normativa medioambiental y de ayudar a nuestro personal y a nuestros clientes. Estos servicios de apoyo ambiental est\u00e1n disponibles para todos los clientes de SIFCO Process\u00ae llamando a la sede de SIFCO Applied Surface Concepts al 800-765-4131.<\/p>\n<section class=\"rows-of-2\">\n<div>\n<h2>Recursos relacionados<\/h2>\n<p>SIFCO Applied Surface Concepts es su recurso vital para mejorar, reparar o renovar componentes cr\u00edticos mediante la galvanoplastia selectiva. El Proceso SIFCO\u00ae es el m\u00e9todo l\u00edder para la galvanoplastia selectiva de \u00e1reas localizadas en componentes sin el uso de un tanque de inmersi\u00f3n. Proporcionamos servicios por contrato, soluciones qu\u00edmicas y equipos para la mejora de superficies con el fin de mejorar el rendimiento de los componentes, minimizar el tiempo de inactividad y reducir los costes de fabricaci\u00f3n. Para saber m\u00e1s, elija uno de estos recursos relacionados.<\/p><\/div>\n<div>\n<div class=\"click-expand relatedresource\">\n<h3 class=\"ce-header\" tabindex=\"0\">Productos y servicios<\/h3>\n<div class=\"ce-body\">\n<ul>\n<li><a href=\"https:\/\/plating.sifcoasc.com\/\">Cat\u00e1logo de productos en l\u00ednea<\/a><\/li>\n<li><a href=\"\/\/www.sifcoasc.com\/datasheet-library\/\">Biblioteca de fichas t\u00e9cnicas<\/a><\/li>\n<li><a href=\"\/\/www.sifcoasc.com\/video-library\/\">Videoteca<\/a><\/li>\n<\/ul>\n<\/div>\n<\/div>\n<div class=\"click-expand\">\n<h3 class=\"ce-header\" tabindex=\"0\">Recursos de calidad<\/h3>\n<div class=\"ce-body\">\n<ul>\n<li><a href=\"\/\/www.sifcoasc.com\/quality-accreditations\/\">Acreditaciones de calidad<\/a><\/li>\n<li><a href=\"\/\/www.sifcoasc.com\/industry-specifications\/\">Especificaciones<\/a><\/li>\n<li><a href=\"\/\/www.sifcoasc.com\/restricted-certificates-of-conformance\/\">Certificados de conformidad<\/a><\/li>\n<\/ul>\n<\/div>\n<\/div>\n<div class=\"click-expand\">\n<h3 class=\"ce-header\" tabindex=\"0\">M\u00e1s informaci\u00f3n<\/h3>\n<div class=\"ce-body\">\n<ul>\n<li><a href=\"\/\/www.sifcoasc.com\/what-is-selective-plating\/\">\u00bfQu\u00e9 es la galvanoplastia selectiva?<\/a><\/li>\n<li><a href=\"\/\/www.sifcoasc.com\/meet-the-team\/\">Conozca al equipo<\/a><\/li>\n<li><a href=\"\/\/www.sifcoasc.com\/contact-us\/\">Contacto<\/a><\/li>\n<\/ul>\n<\/div><\/div>\n<\/div>\n<\/section>\n","protected":false},"excerpt":{"rendered":"<p>Salud y seguridad en el trabajo y sostenibilidad El uso de SIFCO Process\u00ae permite a las empresas cumplir o superar la mayor\u00eda de los requisitos industriales sin dejar de respetar la normativa medioambiental. Nuestro proceso se ha dise\u00f1ado espec\u00edficamente para utilizar las m\u00ednimas cantidades de materiales para garantizar la seguridad de los trabajadores y aliviar [&hellip;]<\/p>\n","protected":false},"author":18,"featured_media":0,"parent":0,"menu_order":0,"comment_status":"closed","ping_status":"closed","template":"","meta":{"_acf_changed":false,"inline_featured_image":false,"footnotes":""},"class_list":["post-9649","page","type-page","status-publish","hentry"],"acf":[],"yoast_head":"<!-- This site is optimized with the Yoast SEO plugin v27.6 - https:\/\/yoast.com\/product\/yoast-seo-wordpress\/ -->\n<title>SIFCO ASC : SGA y sostenibilidad<\/title>\n<meta name=\"description\" content=\"Medio ambiente, salud y seguridad SIFCO ASC se compromete a proporcionar soluciones de revestimiento de calidad que cumplan las exigentes normas medioambientales actuales, as\u00ed como ...\" \/>\n<meta name=\"robots\" content=\"index, follow, max-snippet:-1, max-image-preview:large, max-video-preview:-1\" \/>\n<link rel=\"canonical\" href=\"https:\/\/www.sifcoasc.com\/es\/salud-y-seguridad-en-el-trabajo-y-sostenibilidad\" \/>\n<meta property=\"og:locale\" content=\"es_ES\" \/>\n<meta property=\"og:type\" content=\"article\" \/>\n<meta property=\"og:title\" content=\"SIFCO ASC : SGA y sostenibilidad\" \/>\n<meta property=\"og:description\" content=\"Medio ambiente, salud y seguridad SIFCO ASC se compromete a proporcionar soluciones de revestimiento de calidad que cumplan las exigentes normas medioambientales actuales, as\u00ed como ...\" \/>\n<meta property=\"og:url\" content=\"https:\/\/www.sifcoasc.com\/es\/salud-y-seguridad-en-el-trabajo-y-sostenibilidad\" \/>\n<meta property=\"og:site_name\" content=\"SIFCO Applied Surface Concepts\" \/>\n<meta property=\"article:modified_time\" content=\"2022-08-16T14:18:48+00:00\" \/>\n<meta name=\"twitter:label1\" content=\"Est. reading time\" \/>\n\t<meta name=\"twitter:data1\" content=\"6 minutos\" \/>\n<script type=\"application\/ld+json\" class=\"yoast-schema-graph\">{\"@context\":\"https:\\\/\\\/schema.org\",\"@graph\":[{\"@type\":\"WebPage\",\"@id\":\"https:\\\/\\\/www.sifcoasc.com\\\/es\\\/salud-y-seguridad-en-el-trabajo-y-sostenibilidad\",\"url\":\"https:\\\/\\\/www.sifcoasc.com\\\/es\\\/salud-y-seguridad-en-el-trabajo-y-sostenibilidad\",\"name\":\"SIFCO ASC : SGA y sostenibilidad\",\"isPartOf\":{\"@id\":\"https:\\\/\\\/www.sifcoasc.com\\\/es#website\"},\"datePublished\":\"2022-07-14T15:28:47+00:00\",\"dateModified\":\"2022-08-16T14:18:48+00:00\",\"description\":\"Medio ambiente, salud y seguridad SIFCO ASC se compromete a proporcionar soluciones de revestimiento de calidad que cumplan las exigentes normas medioambientales actuales, as\u00ed como ...\",\"breadcrumb\":{\"@id\":\"https:\\\/\\\/www.sifcoasc.com\\\/es\\\/salud-y-seguridad-en-el-trabajo-y-sostenibilidad#breadcrumb\"},\"inLanguage\":\"es\",\"potentialAction\":[{\"@type\":\"ReadAction\",\"target\":[\"https:\\\/\\\/www.sifcoasc.com\\\/es\\\/salud-y-seguridad-en-el-trabajo-y-sostenibilidad\"]}]},{\"@type\":\"BreadcrumbList\",\"@id\":\"https:\\\/\\\/www.sifcoasc.com\\\/es\\\/salud-y-seguridad-en-el-trabajo-y-sostenibilidad#breadcrumb\",\"itemListElement\":[{\"@type\":\"ListItem\",\"position\":1,\"name\":\"Home\",\"item\":\"https:\\\/\\\/www.sifcoasc.com\\\/es\"},{\"@type\":\"ListItem\",\"position\":2,\"name\":\"Salud y seguridad en el trabajo y sostenibilidad\"}]},{\"@type\":\"WebSite\",\"@id\":\"https:\\\/\\\/www.sifcoasc.com\\\/es#website\",\"url\":\"https:\\\/\\\/www.sifcoasc.com\\\/es\",\"name\":\"SIFCO Applied Surface Concepts\",\"description\":\"\",\"potentialAction\":[{\"@type\":\"SearchAction\",\"target\":{\"@type\":\"EntryPoint\",\"urlTemplate\":\"https:\\\/\\\/www.sifcoasc.com\\\/es?s={search_term_string}\"},\"query-input\":{\"@type\":\"PropertyValueSpecification\",\"valueRequired\":true,\"valueName\":\"search_term_string\"}}],\"inLanguage\":\"es\"}]}<\/script>\n<!-- \/ Yoast SEO plugin. -->","yoast_head_json":{"title":"SIFCO ASC : SGA y sostenibilidad","description":"Medio ambiente, salud y seguridad SIFCO ASC se compromete a proporcionar soluciones de revestimiento de calidad que cumplan las exigentes normas medioambientales actuales, as\u00ed como ...","robots":{"index":"index","follow":"follow","max-snippet":"max-snippet:-1","max-image-preview":"max-image-preview:large","max-video-preview":"max-video-preview:-1"},"canonical":"https:\/\/www.sifcoasc.com\/es\/salud-y-seguridad-en-el-trabajo-y-sostenibilidad","og_locale":"es_ES","og_type":"article","og_title":"SIFCO ASC : SGA y sostenibilidad","og_description":"Medio ambiente, salud y seguridad SIFCO ASC se compromete a proporcionar soluciones de revestimiento de calidad que cumplan las exigentes normas medioambientales actuales, as\u00ed como ...","og_url":"https:\/\/www.sifcoasc.com\/es\/salud-y-seguridad-en-el-trabajo-y-sostenibilidad","og_site_name":"SIFCO Applied Surface Concepts","article_modified_time":"2022-08-16T14:18:48+00:00","twitter_misc":{"Est. reading time":"6 minutos"},"schema":{"@context":"https:\/\/schema.org","@graph":[{"@type":"WebPage","@id":"https:\/\/www.sifcoasc.com\/es\/salud-y-seguridad-en-el-trabajo-y-sostenibilidad","url":"https:\/\/www.sifcoasc.com\/es\/salud-y-seguridad-en-el-trabajo-y-sostenibilidad","name":"SIFCO ASC : SGA y sostenibilidad","isPartOf":{"@id":"https:\/\/www.sifcoasc.com\/es#website"},"datePublished":"2022-07-14T15:28:47+00:00","dateModified":"2022-08-16T14:18:48+00:00","description":"Medio ambiente, salud y seguridad SIFCO ASC se compromete a proporcionar soluciones de revestimiento de calidad que cumplan las exigentes normas medioambientales actuales, as\u00ed como ...","breadcrumb":{"@id":"https:\/\/www.sifcoasc.com\/es\/salud-y-seguridad-en-el-trabajo-y-sostenibilidad#breadcrumb"},"inLanguage":"es","potentialAction":[{"@type":"ReadAction","target":["https:\/\/www.sifcoasc.com\/es\/salud-y-seguridad-en-el-trabajo-y-sostenibilidad"]}]},{"@type":"BreadcrumbList","@id":"https:\/\/www.sifcoasc.com\/es\/salud-y-seguridad-en-el-trabajo-y-sostenibilidad#breadcrumb","itemListElement":[{"@type":"ListItem","position":1,"name":"Home","item":"https:\/\/www.sifcoasc.com\/es"},{"@type":"ListItem","position":2,"name":"Salud y seguridad en el trabajo y sostenibilidad"}]},{"@type":"WebSite","@id":"https:\/\/www.sifcoasc.com\/es#website","url":"https:\/\/www.sifcoasc.com\/es","name":"SIFCO Applied Surface Concepts","description":"","potentialAction":[{"@type":"SearchAction","target":{"@type":"EntryPoint","urlTemplate":"https:\/\/www.sifcoasc.com\/es?s={search_term_string}"},"query-input":{"@type":"PropertyValueSpecification","valueRequired":true,"valueName":"search_term_string"}}],"inLanguage":"es"}]}},"featured_image_src":null,"featured_image_src_square":null,"_links":{"self":[{"href":"https:\/\/www.sifcoasc.com\/es\/wp-json\/wp\/v2\/pages\/9649","targetHints":{"allow":["GET"]}}],"collection":[{"href":"https:\/\/www.sifcoasc.com\/es\/wp-json\/wp\/v2\/pages"}],"about":[{"href":"https:\/\/www.sifcoasc.com\/es\/wp-json\/wp\/v2\/types\/page"}],"author":[{"embeddable":true,"href":"https:\/\/www.sifcoasc.com\/es\/wp-json\/wp\/v2\/users\/18"}],"replies":[{"embeddable":true,"href":"https:\/\/www.sifcoasc.com\/es\/wp-json\/wp\/v2\/comments?post=9649"}],"version-history":[{"count":0,"href":"https:\/\/www.sifcoasc.com\/es\/wp-json\/wp\/v2\/pages\/9649\/revisions"}],"wp:attachment":[{"href":"https:\/\/www.sifcoasc.com\/es\/wp-json\/wp\/v2\/media?parent=9649"}],"curies":[{"name":"wp","href":"https:\/\/api.w.org\/{rel}","templated":true}]}}