{"id":9659,"date":"2022-07-14T15:28:53","date_gmt":"2022-07-14T15:28:53","guid":{"rendered":"https:\/\/www.sifcoasc.com\/testimonios\/"},"modified":"2022-08-17T13:30:45","modified_gmt":"2022-08-17T13:30:45","slug":"testimonios","status":"publish","type":"page","link":"https:\/\/www.sifcoasc.com\/es\/testimonios","title":{"rendered":"Testimonios"},"content":{"rendered":"<h3 class=\"emph\">No se f\u00ede de nuestra palabra, vea los testimonios de nuestros clientes.<\/h3>\n","protected":false},"excerpt":{"rendered":"<p>No se f\u00ede de nuestra palabra, vea los testimonios de nuestros clientes.<\/p>\n","protected":false},"author":18,"featured_media":0,"parent":0,"menu_order":0,"comment_status":"closed","ping_status":"closed","template":"","meta":{"_acf_changed":false,"inline_featured_image":false,"footnotes":""},"class_list":["post-9659","page","type-page","status-publish","hentry"],"acf":[],"yoast_head":"<!-- This site is optimized with the Yoast SEO plugin v27.3 - https:\/\/yoast.com\/product\/yoast-seo-wordpress\/ -->\n<title>SIFCO ASC : Lo que dicen nuestros clientes sobre nuestro servicio de revestimiento selectivo<\/title>\n<meta name=\"description\" content=\"No se f\u00ede de nuestra palabra, vea los testimonios de nuestros clientes. &quot;Recomendar\u00eda encarecidamente sus servicios a cualquier empresa que est\u00e9 interesada. Creo plenamente que\" \/>\n<meta name=\"robots\" content=\"index, follow, max-snippet:-1, max-image-preview:large, max-video-preview:-1\" \/>\n<link rel=\"canonical\" href=\"https:\/\/www.sifcoasc.com\/es\/testimonios\" \/>\n<meta property=\"og:locale\" content=\"es_ES\" \/>\n<meta property=\"og:type\" content=\"article\" \/>\n<meta property=\"og:title\" content=\"SIFCO ASC : Lo que dicen nuestros clientes sobre nuestro servicio de revestimiento selectivo\" \/>\n<meta property=\"og:description\" content=\"No se f\u00ede de nuestra palabra, vea los testimonios de nuestros clientes. &quot;Recomendar\u00eda encarecidamente sus servicios a cualquier empresa que est\u00e9 interesada. Creo plenamente que\" \/>\n<meta property=\"og:url\" content=\"https:\/\/www.sifcoasc.com\/es\/testimonios\" \/>\n<meta property=\"og:site_name\" content=\"SIFCO Applied Surface Concepts\" \/>\n<meta property=\"article:modified_time\" content=\"2022-08-17T13:30:45+00:00\" \/>\n<script type=\"application\/ld+json\" class=\"yoast-schema-graph\">{\"@context\":\"https:\\\/\\\/schema.org\",\"@graph\":[{\"@type\":\"WebPage\",\"@id\":\"https:\\\/\\\/www.sifcoasc.com\\\/es\\\/testimonios\",\"url\":\"https:\\\/\\\/www.sifcoasc.com\\\/es\\\/testimonios\",\"name\":\"SIFCO ASC : Lo que dicen nuestros clientes sobre nuestro servicio de revestimiento selectivo\",\"isPartOf\":{\"@id\":\"https:\\\/\\\/www.sifcoasc.com\\\/es#website\"},\"datePublished\":\"2022-07-14T15:28:53+00:00\",\"dateModified\":\"2022-08-17T13:30:45+00:00\",\"description\":\"No se f\u00ede de nuestra palabra, vea los testimonios de nuestros clientes. \\\"Recomendar\u00eda encarecidamente sus servicios a cualquier empresa que est\u00e9 interesada. Creo plenamente que\",\"breadcrumb\":{\"@id\":\"https:\\\/\\\/www.sifcoasc.com\\\/es\\\/testimonios#breadcrumb\"},\"inLanguage\":\"es\",\"potentialAction\":[{\"@type\":\"ReadAction\",\"target\":[\"https:\\\/\\\/www.sifcoasc.com\\\/es\\\/testimonios\"]}]},{\"@type\":\"BreadcrumbList\",\"@id\":\"https:\\\/\\\/www.sifcoasc.com\\\/es\\\/testimonios#breadcrumb\",\"itemListElement\":[{\"@type\":\"ListItem\",\"position\":1,\"name\":\"Home\",\"item\":\"https:\\\/\\\/www.sifcoasc.com\\\/es\"},{\"@type\":\"ListItem\",\"position\":2,\"name\":\"Testimonios\"}]},{\"@type\":\"WebSite\",\"@id\":\"https:\\\/\\\/www.sifcoasc.com\\\/es#website\",\"url\":\"https:\\\/\\\/www.sifcoasc.com\\\/es\",\"name\":\"SIFCO Applied Surface Concepts\",\"description\":\"\",\"potentialAction\":[{\"@type\":\"SearchAction\",\"target\":{\"@type\":\"EntryPoint\",\"urlTemplate\":\"https:\\\/\\\/www.sifcoasc.com\\\/es?s={search_term_string}\"},\"query-input\":{\"@type\":\"PropertyValueSpecification\",\"valueRequired\":true,\"valueName\":\"search_term_string\"}}],\"inLanguage\":\"es\"}]}<\/script>\n<!-- \/ Yoast SEO plugin. -->","yoast_head_json":{"title":"SIFCO ASC : Lo que dicen nuestros clientes sobre nuestro servicio de revestimiento selectivo","description":"No se f\u00ede de nuestra palabra, vea los testimonios de nuestros clientes. \"Recomendar\u00eda encarecidamente sus servicios a cualquier empresa que est\u00e9 interesada. Creo plenamente que","robots":{"index":"index","follow":"follow","max-snippet":"max-snippet:-1","max-image-preview":"max-image-preview:large","max-video-preview":"max-video-preview:-1"},"canonical":"https:\/\/www.sifcoasc.com\/es\/testimonios","og_locale":"es_ES","og_type":"article","og_title":"SIFCO ASC : Lo que dicen nuestros clientes sobre nuestro servicio de revestimiento selectivo","og_description":"No se f\u00ede de nuestra palabra, vea los testimonios de nuestros clientes. \"Recomendar\u00eda encarecidamente sus servicios a cualquier empresa que est\u00e9 interesada. Creo plenamente que","og_url":"https:\/\/www.sifcoasc.com\/es\/testimonios","og_site_name":"SIFCO Applied Surface Concepts","article_modified_time":"2022-08-17T13:30:45+00:00","schema":{"@context":"https:\/\/schema.org","@graph":[{"@type":"WebPage","@id":"https:\/\/www.sifcoasc.com\/es\/testimonios","url":"https:\/\/www.sifcoasc.com\/es\/testimonios","name":"SIFCO ASC : Lo que dicen nuestros clientes sobre nuestro servicio de revestimiento selectivo","isPartOf":{"@id":"https:\/\/www.sifcoasc.com\/es#website"},"datePublished":"2022-07-14T15:28:53+00:00","dateModified":"2022-08-17T13:30:45+00:00","description":"No se f\u00ede de nuestra palabra, vea los testimonios de nuestros clientes. \"Recomendar\u00eda encarecidamente sus servicios a cualquier empresa que est\u00e9 interesada. Creo plenamente que","breadcrumb":{"@id":"https:\/\/www.sifcoasc.com\/es\/testimonios#breadcrumb"},"inLanguage":"es","potentialAction":[{"@type":"ReadAction","target":["https:\/\/www.sifcoasc.com\/es\/testimonios"]}]},{"@type":"BreadcrumbList","@id":"https:\/\/www.sifcoasc.com\/es\/testimonios#breadcrumb","itemListElement":[{"@type":"ListItem","position":1,"name":"Home","item":"https:\/\/www.sifcoasc.com\/es"},{"@type":"ListItem","position":2,"name":"Testimonios"}]},{"@type":"WebSite","@id":"https:\/\/www.sifcoasc.com\/es#website","url":"https:\/\/www.sifcoasc.com\/es","name":"SIFCO Applied Surface Concepts","description":"","potentialAction":[{"@type":"SearchAction","target":{"@type":"EntryPoint","urlTemplate":"https:\/\/www.sifcoasc.com\/es?s={search_term_string}"},"query-input":{"@type":"PropertyValueSpecification","valueRequired":true,"valueName":"search_term_string"}}],"inLanguage":"es"}]}},"featured_image_src":null,"featured_image_src_square":null,"_links":{"self":[{"href":"https:\/\/www.sifcoasc.com\/es\/wp-json\/wp\/v2\/pages\/9659","targetHints":{"allow":["GET"]}}],"collection":[{"href":"https:\/\/www.sifcoasc.com\/es\/wp-json\/wp\/v2\/pages"}],"about":[{"href":"https:\/\/www.sifcoasc.com\/es\/wp-json\/wp\/v2\/types\/page"}],"author":[{"embeddable":true,"href":"https:\/\/www.sifcoasc.com\/es\/wp-json\/wp\/v2\/users\/18"}],"replies":[{"embeddable":true,"href":"https:\/\/www.sifcoasc.com\/es\/wp-json\/wp\/v2\/comments?post=9659"}],"version-history":[{"count":0,"href":"https:\/\/www.sifcoasc.com\/es\/wp-json\/wp\/v2\/pages\/9659\/revisions"}],"wp:attachment":[{"href":"https:\/\/www.sifcoasc.com\/es\/wp-json\/wp\/v2\/media?parent=9659"}],"curies":[{"name":"wp","href":"https:\/\/api.w.org\/{rel}","templated":true}]}}