{"id":9669,"date":"2022-07-14T15:29:09","date_gmt":"2022-07-14T15:29:09","guid":{"rendered":"https:\/\/www.sifcoasc.com\/carreras\/"},"modified":"2023-02-10T16:15:11","modified_gmt":"2023-02-10T16:15:11","slug":"carreras","status":"publish","type":"page","link":"https:\/\/www.sifcoasc.com\/es\/carreras","title":{"rendered":"Carreras"},"content":{"rendered":"<p class=\"emph\">Nuestro \u00e9xito y crecimiento dependen de nuestros empleados y de nuestro compromiso con ellos. Desarrollamos continuamente nuestra plantilla y contratamos a personas ambiciosas y con talento.<\/p>\n<p><strong>La actividad de SIFCO ASC se desarrolla en todo el mundo, por lo que nuestra pol\u00edtica de contrataci\u00f3n abarca las oportunidades de carrera en todo el planeta. Nuestra firme convicci\u00f3n, en todos los casos, es no s\u00f3lo contratar a los mejores, sino tambi\u00e9n ofrecer oportunidades continuas de mejora de las capacidades y desarrollo profesional.<\/strong><\/p>\n","protected":false},"excerpt":{"rendered":"<p>Nuestro \u00e9xito y crecimiento dependen de nuestros empleados y de nuestro compromiso con ellos. Desarrollamos continuamente nuestra plantilla y contratamos a personas ambiciosas y con talento. La actividad de SIFCO ASC se desarrolla en todo el mundo, por lo que nuestra pol\u00edtica de contrataci\u00f3n abarca las oportunidades de carrera en todo el planeta. Nuestra firme [&hellip;]<\/p>\n","protected":false},"author":18,"featured_media":0,"parent":0,"menu_order":0,"comment_status":"closed","ping_status":"closed","template":"","meta":{"_acf_changed":false,"inline_featured_image":false,"footnotes":""},"class_list":["post-9669","page","type-page","status-publish","hentry"],"acf":[],"yoast_head":"<!-- This site is optimized with the Yoast SEO plugin v27.5 - https:\/\/yoast.com\/product\/yoast-seo-wordpress\/ -->\n<title>Carreras y vacantes | SIFCO ASC<\/title>\n<meta name=\"description\" content=\"Nuestro \u00e9xito y crecimiento dependen de nuestros empleados y de nuestro compromiso con ellos. Inf\u00f3rmese sobre nuestros puestos vacantes. Empieza tu carrera hoy mismo.\" \/>\n<meta name=\"robots\" content=\"index, follow, max-snippet:-1, max-image-preview:large, max-video-preview:-1\" \/>\n<link rel=\"canonical\" href=\"https:\/\/www.sifcoasc.com\/es\/carreras\" \/>\n<meta property=\"og:locale\" content=\"es_ES\" \/>\n<meta property=\"og:type\" content=\"article\" \/>\n<meta property=\"og:title\" content=\"Carreras y vacantes | SIFCO ASC\" \/>\n<meta property=\"og:description\" content=\"Nuestro \u00e9xito y crecimiento dependen de nuestros empleados y de nuestro compromiso con ellos. Inf\u00f3rmese sobre nuestros puestos vacantes. Empieza tu carrera hoy mismo.\" \/>\n<meta property=\"og:url\" content=\"https:\/\/www.sifcoasc.com\/es\/carreras\" \/>\n<meta property=\"og:site_name\" content=\"SIFCO Applied Surface Concepts\" \/>\n<meta property=\"article:modified_time\" content=\"2023-02-10T16:15:11+00:00\" \/>\n<script type=\"application\/ld+json\" class=\"yoast-schema-graph\">{\"@context\":\"https:\\\/\\\/schema.org\",\"@graph\":[{\"@type\":\"WebPage\",\"@id\":\"https:\\\/\\\/www.sifcoasc.com\\\/es\\\/carreras\",\"url\":\"https:\\\/\\\/www.sifcoasc.com\\\/es\\\/carreras\",\"name\":\"Carreras y vacantes | SIFCO ASC\",\"isPartOf\":{\"@id\":\"https:\\\/\\\/www.sifcoasc.com\\\/es#website\"},\"datePublished\":\"2022-07-14T15:29:09+00:00\",\"dateModified\":\"2023-02-10T16:15:11+00:00\",\"description\":\"Nuestro \u00e9xito y crecimiento dependen de nuestros empleados y de nuestro compromiso con ellos. Inf\u00f3rmese sobre nuestros puestos vacantes. Empieza tu carrera hoy mismo.\",\"breadcrumb\":{\"@id\":\"https:\\\/\\\/www.sifcoasc.com\\\/es\\\/carreras#breadcrumb\"},\"inLanguage\":\"es\",\"potentialAction\":[{\"@type\":\"ReadAction\",\"target\":[\"https:\\\/\\\/www.sifcoasc.com\\\/es\\\/carreras\"]}]},{\"@type\":\"BreadcrumbList\",\"@id\":\"https:\\\/\\\/www.sifcoasc.com\\\/es\\\/carreras#breadcrumb\",\"itemListElement\":[{\"@type\":\"ListItem\",\"position\":1,\"name\":\"Home\",\"item\":\"https:\\\/\\\/www.sifcoasc.com\\\/es\"},{\"@type\":\"ListItem\",\"position\":2,\"name\":\"Carreras\"}]},{\"@type\":\"WebSite\",\"@id\":\"https:\\\/\\\/www.sifcoasc.com\\\/es#website\",\"url\":\"https:\\\/\\\/www.sifcoasc.com\\\/es\",\"name\":\"SIFCO Applied Surface Concepts\",\"description\":\"\",\"potentialAction\":[{\"@type\":\"SearchAction\",\"target\":{\"@type\":\"EntryPoint\",\"urlTemplate\":\"https:\\\/\\\/www.sifcoasc.com\\\/es?s={search_term_string}\"},\"query-input\":{\"@type\":\"PropertyValueSpecification\",\"valueRequired\":true,\"valueName\":\"search_term_string\"}}],\"inLanguage\":\"es\"}]}<\/script>\n<!-- \/ Yoast SEO plugin. -->","yoast_head_json":{"title":"Carreras y vacantes | SIFCO ASC","description":"Nuestro \u00e9xito y crecimiento dependen de nuestros empleados y de nuestro compromiso con ellos. Inf\u00f3rmese sobre nuestros puestos vacantes. Empieza tu carrera hoy mismo.","robots":{"index":"index","follow":"follow","max-snippet":"max-snippet:-1","max-image-preview":"max-image-preview:large","max-video-preview":"max-video-preview:-1"},"canonical":"https:\/\/www.sifcoasc.com\/es\/carreras","og_locale":"es_ES","og_type":"article","og_title":"Carreras y vacantes | SIFCO ASC","og_description":"Nuestro \u00e9xito y crecimiento dependen de nuestros empleados y de nuestro compromiso con ellos. Inf\u00f3rmese sobre nuestros puestos vacantes. Empieza tu carrera hoy mismo.","og_url":"https:\/\/www.sifcoasc.com\/es\/carreras","og_site_name":"SIFCO Applied Surface Concepts","article_modified_time":"2023-02-10T16:15:11+00:00","schema":{"@context":"https:\/\/schema.org","@graph":[{"@type":"WebPage","@id":"https:\/\/www.sifcoasc.com\/es\/carreras","url":"https:\/\/www.sifcoasc.com\/es\/carreras","name":"Carreras y vacantes | SIFCO ASC","isPartOf":{"@id":"https:\/\/www.sifcoasc.com\/es#website"},"datePublished":"2022-07-14T15:29:09+00:00","dateModified":"2023-02-10T16:15:11+00:00","description":"Nuestro \u00e9xito y crecimiento dependen de nuestros empleados y de nuestro compromiso con ellos. Inf\u00f3rmese sobre nuestros puestos vacantes. Empieza tu carrera hoy mismo.","breadcrumb":{"@id":"https:\/\/www.sifcoasc.com\/es\/carreras#breadcrumb"},"inLanguage":"es","potentialAction":[{"@type":"ReadAction","target":["https:\/\/www.sifcoasc.com\/es\/carreras"]}]},{"@type":"BreadcrumbList","@id":"https:\/\/www.sifcoasc.com\/es\/carreras#breadcrumb","itemListElement":[{"@type":"ListItem","position":1,"name":"Home","item":"https:\/\/www.sifcoasc.com\/es"},{"@type":"ListItem","position":2,"name":"Carreras"}]},{"@type":"WebSite","@id":"https:\/\/www.sifcoasc.com\/es#website","url":"https:\/\/www.sifcoasc.com\/es","name":"SIFCO Applied Surface Concepts","description":"","potentialAction":[{"@type":"SearchAction","target":{"@type":"EntryPoint","urlTemplate":"https:\/\/www.sifcoasc.com\/es?s={search_term_string}"},"query-input":{"@type":"PropertyValueSpecification","valueRequired":true,"valueName":"search_term_string"}}],"inLanguage":"es"}]}},"featured_image_src":null,"featured_image_src_square":null,"_links":{"self":[{"href":"https:\/\/www.sifcoasc.com\/es\/wp-json\/wp\/v2\/pages\/9669","targetHints":{"allow":["GET"]}}],"collection":[{"href":"https:\/\/www.sifcoasc.com\/es\/wp-json\/wp\/v2\/pages"}],"about":[{"href":"https:\/\/www.sifcoasc.com\/es\/wp-json\/wp\/v2\/types\/page"}],"author":[{"embeddable":true,"href":"https:\/\/www.sifcoasc.com\/es\/wp-json\/wp\/v2\/users\/18"}],"replies":[{"embeddable":true,"href":"https:\/\/www.sifcoasc.com\/es\/wp-json\/wp\/v2\/comments?post=9669"}],"version-history":[{"count":0,"href":"https:\/\/www.sifcoasc.com\/es\/wp-json\/wp\/v2\/pages\/9669\/revisions"}],"wp:attachment":[{"href":"https:\/\/www.sifcoasc.com\/es\/wp-json\/wp\/v2\/media?parent=9669"}],"curies":[{"name":"wp","href":"https:\/\/api.w.org\/{rel}","templated":true}]}}