{"id":9685,"date":"2022-07-14T15:29:18","date_gmt":"2022-07-14T15:29:18","guid":{"rendered":"https:\/\/www.sifcoasc.com\/sustituciones-de-cadmio\/"},"modified":"2023-01-31T13:51:28","modified_gmt":"2023-01-31T13:51:28","slug":"sustituciones-de-cadmio","status":"publish","type":"page","link":"https:\/\/www.sifcoasc.com\/es\/sustituciones-de-cadmio","title":{"rendered":"Sustituciones de cadmio"},"content":{"rendered":"<div class=\"right-image\"><img loading=\"lazy\" decoding=\"async\" width=\"200\" height=\"300\" class=\"size-full wp-image-1599 alignright\" title=\"Sustituciones de cadmio  \" src=\"\/wp-content\/uploads\/Landing-Gear_detail_STOCK-200x300-1.jpg\" alt=\"Sustituciones de cadmio  \"><\/div>\n<h4>Las exigentes aplicaciones aeroespaciales actuales requieren dep\u00f3sitos bien dise\u00f1ados y probados que supongan el menor riesgo posible tanto para el operador como para el medio ambiente. Los sustitutos de cadmio de SIFCO ASC son dep\u00f3sitos de calidad superior que pueden aplicarse en cualquier lugar, en el taller o en el campo.<\/h4>\n<h2><b>\u00bfQu\u00e9 es el cadmiado?<\/b><\/h2>\n<p><span style=\"font-weight: 400;\">El cadmiado es un recubrimiento de plata met\u00e1lica que proporciona una excelente resistencia a la corrosi\u00f3n y puede depositarse en diversos materiales, como el acero, el cobre, el hierro, el lat\u00f3n y el aluminio. Por eso se utiliz\u00f3 a menudo en la industria aeroespacial.<\/span><\/p>\n<h2><b>\u00bfPor qu\u00e9 est\u00e1 prohibido el cadmiado?<\/b><\/h2>\n<p><span style=\"font-weight: 400;\">El cadmio es un metal muy t\u00f3xico y un material del grupo 2A de la IARC que se filtra f\u00e1cilmente, por lo que no es respetuoso con el medio ambiente. Seg\u00fan el nuevo estatuto europeo Reach, el cadmiado est\u00e1 prohibido, salvo en determinados casos de uso.<\/span><\/p>\n<p><span style=\"font-weight: 400;\">En todo el mundo, el cadmiado se ha eliminado de casi todos los usos comerciales. Los \u00fanicos usos que quedan son las aplicaciones aeron\u00e1uticas y militares, aunque se espera que \u00e9stas tambi\u00e9n se eliminen progresivamente.  <\/span><\/p>\n<p><span style=\"font-weight: 400;\">Por ello, en muchos casos se utilizan alternativas al cadmio, como el zinc-n\u00edquel.  <\/span><\/p>\n<h2><b>Alternativas al cadmio:  <\/b><\/h2>\n<p>Para la industria aeron\u00e1utica, el zinc-n\u00edquel LHE y el esta\u00f1o-zinc son alternativas menos t\u00f3xicas al cadmio que pueden utilizarse para reparar cadmio da\u00f1ado, zinc-n\u00edquel, esta\u00f1o-zinc y aluminio DIV da\u00f1ado en aceros de alta resistencia. Ambos dep\u00f3sitos proporcionan una excelente protecci\u00f3n contra la corrosi\u00f3n y son LHE, y no requieren un horneado de alivio de la fragilidad por hidr\u00f3geno posterior al revestimiento.<\/p>\n","protected":false},"excerpt":{"rendered":"<p>Las exigentes aplicaciones aeroespaciales actuales requieren dep\u00f3sitos bien dise\u00f1ados y probados que supongan el menor riesgo posible tanto para el operador como para el medio ambiente. Los sustitutos de cadmio de SIFCO ASC son dep\u00f3sitos de calidad superior que pueden aplicarse en cualquier lugar, en el taller o en el campo. \u00bfQu\u00e9 es el cadmiado? [&hellip;]<\/p>\n","protected":false},"author":18,"featured_media":0,"parent":0,"menu_order":0,"comment_status":"closed","ping_status":"closed","template":"","meta":{"_acf_changed":false,"inline_featured_image":false,"footnotes":""},"class_list":["post-9685","page","type-page","status-publish","hentry"],"acf":[],"yoast_head":"<!-- This site is optimized with the Yoast SEO plugin v27.3 - https:\/\/yoast.com\/product\/yoast-seo-wordpress\/ -->\n<title>Sustituciones de cadmio - SIFCO Applied Surface Concepts<\/title>\n<meta name=\"description\" content=\"Las exigentes aplicaciones aeroespaciales actuales requieren dep\u00f3sitos bien dise\u00f1ados y probados que supongan el menor riesgo posible tanto para el operador como para el medio ambiente. Los sustitutos de cadmio de SIFCO ASC son dep\u00f3sitos de calidad superior que pueden aplicarse en cualquier lugar, en el taller o en el campo. \u00bfQu\u00e9 es el cadmiado?\" \/>\n<meta name=\"robots\" content=\"index, follow, max-snippet:-1, max-image-preview:large, max-video-preview:-1\" \/>\n<link rel=\"canonical\" href=\"https:\/\/www.sifcoasc.com\/es\/sustituciones-de-cadmio\" \/>\n<meta property=\"og:locale\" content=\"es_ES\" \/>\n<meta property=\"og:type\" content=\"article\" \/>\n<meta property=\"og:title\" content=\"Sustituciones de cadmio - SIFCO Applied Surface Concepts\" \/>\n<meta property=\"og:description\" content=\"Las exigentes aplicaciones aeroespaciales actuales requieren dep\u00f3sitos bien dise\u00f1ados y probados que supongan el menor riesgo posible tanto para el operador como para el medio ambiente. Los sustitutos de cadmio de SIFCO ASC son dep\u00f3sitos de calidad superior que pueden aplicarse en cualquier lugar, en el taller o en el campo. \u00bfQu\u00e9 es el cadmiado?\" \/>\n<meta property=\"og:url\" content=\"https:\/\/www.sifcoasc.com\/es\/sustituciones-de-cadmio\" \/>\n<meta property=\"og:site_name\" content=\"SIFCO Applied Surface Concepts\" \/>\n<meta property=\"article:modified_time\" content=\"2023-01-31T13:51:28+00:00\" \/>\n<meta name=\"twitter:label1\" content=\"Est. reading time\" \/>\n\t<meta name=\"twitter:data1\" content=\"1 minuto\" \/>\n<script type=\"application\/ld+json\" class=\"yoast-schema-graph\">{\"@context\":\"https:\\\/\\\/schema.org\",\"@graph\":[{\"@type\":\"WebPage\",\"@id\":\"https:\\\/\\\/www.sifcoasc.com\\\/es\\\/sustituciones-de-cadmio\",\"url\":\"https:\\\/\\\/www.sifcoasc.com\\\/es\\\/sustituciones-de-cadmio\",\"name\":\"Sustituciones de cadmio - SIFCO Applied Surface Concepts\",\"isPartOf\":{\"@id\":\"https:\\\/\\\/www.sifcoasc.com\\\/es#website\"},\"datePublished\":\"2022-07-14T15:29:18+00:00\",\"dateModified\":\"2023-01-31T13:51:28+00:00\",\"description\":\"Las exigentes aplicaciones aeroespaciales actuales requieren dep\u00f3sitos bien dise\u00f1ados y probados que supongan el menor riesgo posible tanto para el operador como para el medio ambiente. Los sustitutos de cadmio de SIFCO ASC son dep\u00f3sitos de calidad superior que pueden aplicarse en cualquier lugar, en el taller o en el campo. \u00bfQu\u00e9 es el cadmiado?\",\"breadcrumb\":{\"@id\":\"https:\\\/\\\/www.sifcoasc.com\\\/es\\\/sustituciones-de-cadmio#breadcrumb\"},\"inLanguage\":\"es\",\"potentialAction\":[{\"@type\":\"ReadAction\",\"target\":[\"https:\\\/\\\/www.sifcoasc.com\\\/es\\\/sustituciones-de-cadmio\"]}]},{\"@type\":\"BreadcrumbList\",\"@id\":\"https:\\\/\\\/www.sifcoasc.com\\\/es\\\/sustituciones-de-cadmio#breadcrumb\",\"itemListElement\":[{\"@type\":\"ListItem\",\"position\":1,\"name\":\"Home\",\"item\":\"https:\\\/\\\/www.sifcoasc.com\\\/es\"},{\"@type\":\"ListItem\",\"position\":2,\"name\":\"Sustituciones de cadmio\"}]},{\"@type\":\"WebSite\",\"@id\":\"https:\\\/\\\/www.sifcoasc.com\\\/es#website\",\"url\":\"https:\\\/\\\/www.sifcoasc.com\\\/es\",\"name\":\"SIFCO Applied Surface Concepts\",\"description\":\"\",\"potentialAction\":[{\"@type\":\"SearchAction\",\"target\":{\"@type\":\"EntryPoint\",\"urlTemplate\":\"https:\\\/\\\/www.sifcoasc.com\\\/es?s={search_term_string}\"},\"query-input\":{\"@type\":\"PropertyValueSpecification\",\"valueRequired\":true,\"valueName\":\"search_term_string\"}}],\"inLanguage\":\"es\"}]}<\/script>\n<!-- \/ Yoast SEO plugin. -->","yoast_head_json":{"title":"Sustituciones de cadmio - SIFCO Applied Surface Concepts","description":"Las exigentes aplicaciones aeroespaciales actuales requieren dep\u00f3sitos bien dise\u00f1ados y probados que supongan el menor riesgo posible tanto para el operador como para el medio ambiente. Los sustitutos de cadmio de SIFCO ASC son dep\u00f3sitos de calidad superior que pueden aplicarse en cualquier lugar, en el taller o en el campo. \u00bfQu\u00e9 es el cadmiado?","robots":{"index":"index","follow":"follow","max-snippet":"max-snippet:-1","max-image-preview":"max-image-preview:large","max-video-preview":"max-video-preview:-1"},"canonical":"https:\/\/www.sifcoasc.com\/es\/sustituciones-de-cadmio","og_locale":"es_ES","og_type":"article","og_title":"Sustituciones de cadmio - SIFCO Applied Surface Concepts","og_description":"Las exigentes aplicaciones aeroespaciales actuales requieren dep\u00f3sitos bien dise\u00f1ados y probados que supongan el menor riesgo posible tanto para el operador como para el medio ambiente. Los sustitutos de cadmio de SIFCO ASC son dep\u00f3sitos de calidad superior que pueden aplicarse en cualquier lugar, en el taller o en el campo. \u00bfQu\u00e9 es el cadmiado?","og_url":"https:\/\/www.sifcoasc.com\/es\/sustituciones-de-cadmio","og_site_name":"SIFCO Applied Surface Concepts","article_modified_time":"2023-01-31T13:51:28+00:00","twitter_misc":{"Est. reading time":"1 minuto"},"schema":{"@context":"https:\/\/schema.org","@graph":[{"@type":"WebPage","@id":"https:\/\/www.sifcoasc.com\/es\/sustituciones-de-cadmio","url":"https:\/\/www.sifcoasc.com\/es\/sustituciones-de-cadmio","name":"Sustituciones de cadmio - SIFCO Applied Surface Concepts","isPartOf":{"@id":"https:\/\/www.sifcoasc.com\/es#website"},"datePublished":"2022-07-14T15:29:18+00:00","dateModified":"2023-01-31T13:51:28+00:00","description":"Las exigentes aplicaciones aeroespaciales actuales requieren dep\u00f3sitos bien dise\u00f1ados y probados que supongan el menor riesgo posible tanto para el operador como para el medio ambiente. Los sustitutos de cadmio de SIFCO ASC son dep\u00f3sitos de calidad superior que pueden aplicarse en cualquier lugar, en el taller o en el campo. \u00bfQu\u00e9 es el cadmiado?","breadcrumb":{"@id":"https:\/\/www.sifcoasc.com\/es\/sustituciones-de-cadmio#breadcrumb"},"inLanguage":"es","potentialAction":[{"@type":"ReadAction","target":["https:\/\/www.sifcoasc.com\/es\/sustituciones-de-cadmio"]}]},{"@type":"BreadcrumbList","@id":"https:\/\/www.sifcoasc.com\/es\/sustituciones-de-cadmio#breadcrumb","itemListElement":[{"@type":"ListItem","position":1,"name":"Home","item":"https:\/\/www.sifcoasc.com\/es"},{"@type":"ListItem","position":2,"name":"Sustituciones de cadmio"}]},{"@type":"WebSite","@id":"https:\/\/www.sifcoasc.com\/es#website","url":"https:\/\/www.sifcoasc.com\/es","name":"SIFCO Applied Surface Concepts","description":"","potentialAction":[{"@type":"SearchAction","target":{"@type":"EntryPoint","urlTemplate":"https:\/\/www.sifcoasc.com\/es?s={search_term_string}"},"query-input":{"@type":"PropertyValueSpecification","valueRequired":true,"valueName":"search_term_string"}}],"inLanguage":"es"}]}},"featured_image_src":null,"featured_image_src_square":null,"_links":{"self":[{"href":"https:\/\/www.sifcoasc.com\/es\/wp-json\/wp\/v2\/pages\/9685","targetHints":{"allow":["GET"]}}],"collection":[{"href":"https:\/\/www.sifcoasc.com\/es\/wp-json\/wp\/v2\/pages"}],"about":[{"href":"https:\/\/www.sifcoasc.com\/es\/wp-json\/wp\/v2\/types\/page"}],"author":[{"embeddable":true,"href":"https:\/\/www.sifcoasc.com\/es\/wp-json\/wp\/v2\/users\/18"}],"replies":[{"embeddable":true,"href":"https:\/\/www.sifcoasc.com\/es\/wp-json\/wp\/v2\/comments?post=9685"}],"version-history":[{"count":0,"href":"https:\/\/www.sifcoasc.com\/es\/wp-json\/wp\/v2\/pages\/9685\/revisions"}],"wp:attachment":[{"href":"https:\/\/www.sifcoasc.com\/es\/wp-json\/wp\/v2\/media?parent=9685"}],"curies":[{"name":"wp","href":"https:\/\/api.w.org\/{rel}","templated":true}]}}