{"id":9694,"date":"2022-07-14T15:29:23","date_gmt":"2022-07-14T15:29:23","guid":{"rendered":"https:\/\/www.sifcoasc.com\/paquetes-de-energia-technoplate\/"},"modified":"2023-01-31T13:44:23","modified_gmt":"2023-01-31T13:44:23","slug":"paquetes-de-potencia-technoplate","status":"publish","type":"page","link":"https:\/\/www.sifcoasc.com\/es\/paquetes-de-potencia-technoplate","title":{"rendered":"PAQUETES DE POTENCIA TECHNOPLATE\u00ae"},"content":{"rendered":"<div id=\"attachment_2266\" style=\"width: 467px\" class=\"wp-caption alignright\"><a class=\"popup-youtube\" href=\"https:\/\/www.youtube.com\/watch?v=y9NjITRKAlU\"><img loading=\"lazy\" decoding=\"async\" aria-describedby=\"caption-attachment-2266\" class=\"wp-image-2266\" src=\"\/wp-content\/uploads\/img2-1.png\" alt=\"\" width=\"457\" height=\"250\"><\/a><p id=\"caption-attachment-2266\" class=\"wp-caption-text\">Ver el v\u00eddeo<\/p><\/div>\n<p class=\"emph\">Mejore la calidad, la flexibilidad y la seguridad de su operaci\u00f3n de metalizado selectivo con el paquete de potencia TechnoPlate\u00ae.<\/p>\n<p class=\"emph\">Desarrollado a lo largo de dos a\u00f1os, el TechnoPlate\u00ae incorpora los comentarios de nuestros t\u00e9cnicos y clientes, que han contribuido a crear una unidad que no s\u00f3lo es f\u00e1cil de usar, sino que tambi\u00e9n se ajusta a las exigencias actuales de trazabilidad y coherencia.<\/p>\n<p>&nbsp;<\/p>\n<h3>El TechnoPlate\u00ae aportar\u00e1 muchas ventajas a su operaci\u00f3n de metalizado:<\/h3>\n","protected":false},"excerpt":{"rendered":"<p>Mejore la calidad, la flexibilidad y la seguridad de su operaci\u00f3n de metalizado selectivo con el paquete de potencia TechnoPlate\u00ae. Desarrollado a lo largo de dos a\u00f1os, el TechnoPlate\u00ae incorpora los comentarios de nuestros t\u00e9cnicos y clientes, que han contribuido a crear una unidad que no s\u00f3lo es f\u00e1cil de usar, sino que tambi\u00e9n se [&hellip;]<\/p>\n","protected":false},"author":18,"featured_media":0,"parent":0,"menu_order":0,"comment_status":"closed","ping_status":"closed","template":"","meta":{"_acf_changed":false,"inline_featured_image":false,"footnotes":""},"class_list":["post-9694","page","type-page","status-publish","hentry"],"acf":[],"yoast_head":"<!-- This site is optimized with the Yoast SEO plugin v27.5 - https:\/\/yoast.com\/product\/yoast-seo-wordpress\/ -->\n<title>PAQUETES DE POTENCIA TECHNOPLATE\u00ae - SIFCO Applied Surface Concepts<\/title>\n<meta name=\"description\" content=\"Mejore la calidad, la flexibilidad y la seguridad de su operaci\u00f3n de metalizado selectivo con el paquete de potencia TechnoPlate\u00ae. Desarrollado a lo largo de dos a\u00f1os, el TechnoPlate\u00ae incorpora los comentarios de nuestros t\u00e9cnicos y clientes, que han contribuido a crear una unidad que no s\u00f3lo es f\u00e1cil de usar, sino que tambi\u00e9n se\" \/>\n<meta name=\"robots\" content=\"index, follow, max-snippet:-1, max-image-preview:large, max-video-preview:-1\" \/>\n<link rel=\"canonical\" href=\"https:\/\/www.sifcoasc.com\/es\/paquetes-de-potencia-technoplate\" \/>\n<meta property=\"og:locale\" content=\"es_ES\" \/>\n<meta property=\"og:type\" content=\"article\" \/>\n<meta property=\"og:title\" content=\"PAQUETES DE POTENCIA TECHNOPLATE\u00ae - SIFCO Applied Surface Concepts\" \/>\n<meta property=\"og:description\" content=\"Mejore la calidad, la flexibilidad y la seguridad de su operaci\u00f3n de metalizado selectivo con el paquete de potencia TechnoPlate\u00ae. Desarrollado a lo largo de dos a\u00f1os, el TechnoPlate\u00ae incorpora los comentarios de nuestros t\u00e9cnicos y clientes, que han contribuido a crear una unidad que no s\u00f3lo es f\u00e1cil de usar, sino que tambi\u00e9n se\" \/>\n<meta property=\"og:url\" content=\"https:\/\/www.sifcoasc.com\/es\/paquetes-de-potencia-technoplate\" \/>\n<meta property=\"og:site_name\" content=\"SIFCO Applied Surface Concepts\" \/>\n<meta property=\"article:modified_time\" content=\"2023-01-31T13:44:23+00:00\" \/>\n<script type=\"application\/ld+json\" class=\"yoast-schema-graph\">{\"@context\":\"https:\\\/\\\/schema.org\",\"@graph\":[{\"@type\":\"WebPage\",\"@id\":\"https:\\\/\\\/www.sifcoasc.com\\\/es\\\/paquetes-de-potencia-technoplate\",\"url\":\"https:\\\/\\\/www.sifcoasc.com\\\/es\\\/paquetes-de-potencia-technoplate\",\"name\":\"PAQUETES DE POTENCIA TECHNOPLATE\u00ae - SIFCO Applied Surface Concepts\",\"isPartOf\":{\"@id\":\"https:\\\/\\\/www.sifcoasc.com\\\/es#website\"},\"datePublished\":\"2022-07-14T15:29:23+00:00\",\"dateModified\":\"2023-01-31T13:44:23+00:00\",\"description\":\"Mejore la calidad, la flexibilidad y la seguridad de su operaci\u00f3n de metalizado selectivo con el paquete de potencia TechnoPlate\u00ae. Desarrollado a lo largo de dos a\u00f1os, el TechnoPlate\u00ae incorpora los comentarios de nuestros t\u00e9cnicos y clientes, que han contribuido a crear una unidad que no s\u00f3lo es f\u00e1cil de usar, sino que tambi\u00e9n se\",\"breadcrumb\":{\"@id\":\"https:\\\/\\\/www.sifcoasc.com\\\/es\\\/paquetes-de-potencia-technoplate#breadcrumb\"},\"inLanguage\":\"es\",\"potentialAction\":[{\"@type\":\"ReadAction\",\"target\":[\"https:\\\/\\\/www.sifcoasc.com\\\/es\\\/paquetes-de-potencia-technoplate\"]}]},{\"@type\":\"BreadcrumbList\",\"@id\":\"https:\\\/\\\/www.sifcoasc.com\\\/es\\\/paquetes-de-potencia-technoplate#breadcrumb\",\"itemListElement\":[{\"@type\":\"ListItem\",\"position\":1,\"name\":\"Home\",\"item\":\"https:\\\/\\\/www.sifcoasc.com\\\/es\"},{\"@type\":\"ListItem\",\"position\":2,\"name\":\"PAQUETES DE POTENCIA TECHNOPLATE\u00ae\"}]},{\"@type\":\"WebSite\",\"@id\":\"https:\\\/\\\/www.sifcoasc.com\\\/es#website\",\"url\":\"https:\\\/\\\/www.sifcoasc.com\\\/es\",\"name\":\"SIFCO Applied Surface Concepts\",\"description\":\"\",\"potentialAction\":[{\"@type\":\"SearchAction\",\"target\":{\"@type\":\"EntryPoint\",\"urlTemplate\":\"https:\\\/\\\/www.sifcoasc.com\\\/es?s={search_term_string}\"},\"query-input\":{\"@type\":\"PropertyValueSpecification\",\"valueRequired\":true,\"valueName\":\"search_term_string\"}}],\"inLanguage\":\"es\"}]}<\/script>\n<!-- \/ Yoast SEO plugin. -->","yoast_head_json":{"title":"PAQUETES DE POTENCIA TECHNOPLATE\u00ae - SIFCO Applied Surface Concepts","description":"Mejore la calidad, la flexibilidad y la seguridad de su operaci\u00f3n de metalizado selectivo con el paquete de potencia TechnoPlate\u00ae. Desarrollado a lo largo de dos a\u00f1os, el TechnoPlate\u00ae incorpora los comentarios de nuestros t\u00e9cnicos y clientes, que han contribuido a crear una unidad que no s\u00f3lo es f\u00e1cil de usar, sino que tambi\u00e9n se","robots":{"index":"index","follow":"follow","max-snippet":"max-snippet:-1","max-image-preview":"max-image-preview:large","max-video-preview":"max-video-preview:-1"},"canonical":"https:\/\/www.sifcoasc.com\/es\/paquetes-de-potencia-technoplate","og_locale":"es_ES","og_type":"article","og_title":"PAQUETES DE POTENCIA TECHNOPLATE\u00ae - SIFCO Applied Surface Concepts","og_description":"Mejore la calidad, la flexibilidad y la seguridad de su operaci\u00f3n de metalizado selectivo con el paquete de potencia TechnoPlate\u00ae. Desarrollado a lo largo de dos a\u00f1os, el TechnoPlate\u00ae incorpora los comentarios de nuestros t\u00e9cnicos y clientes, que han contribuido a crear una unidad que no s\u00f3lo es f\u00e1cil de usar, sino que tambi\u00e9n se","og_url":"https:\/\/www.sifcoasc.com\/es\/paquetes-de-potencia-technoplate","og_site_name":"SIFCO Applied Surface Concepts","article_modified_time":"2023-01-31T13:44:23+00:00","schema":{"@context":"https:\/\/schema.org","@graph":[{"@type":"WebPage","@id":"https:\/\/www.sifcoasc.com\/es\/paquetes-de-potencia-technoplate","url":"https:\/\/www.sifcoasc.com\/es\/paquetes-de-potencia-technoplate","name":"PAQUETES DE POTENCIA TECHNOPLATE\u00ae - SIFCO Applied Surface Concepts","isPartOf":{"@id":"https:\/\/www.sifcoasc.com\/es#website"},"datePublished":"2022-07-14T15:29:23+00:00","dateModified":"2023-01-31T13:44:23+00:00","description":"Mejore la calidad, la flexibilidad y la seguridad de su operaci\u00f3n de metalizado selectivo con el paquete de potencia TechnoPlate\u00ae. Desarrollado a lo largo de dos a\u00f1os, el TechnoPlate\u00ae incorpora los comentarios de nuestros t\u00e9cnicos y clientes, que han contribuido a crear una unidad que no s\u00f3lo es f\u00e1cil de usar, sino que tambi\u00e9n se","breadcrumb":{"@id":"https:\/\/www.sifcoasc.com\/es\/paquetes-de-potencia-technoplate#breadcrumb"},"inLanguage":"es","potentialAction":[{"@type":"ReadAction","target":["https:\/\/www.sifcoasc.com\/es\/paquetes-de-potencia-technoplate"]}]},{"@type":"BreadcrumbList","@id":"https:\/\/www.sifcoasc.com\/es\/paquetes-de-potencia-technoplate#breadcrumb","itemListElement":[{"@type":"ListItem","position":1,"name":"Home","item":"https:\/\/www.sifcoasc.com\/es"},{"@type":"ListItem","position":2,"name":"PAQUETES DE POTENCIA TECHNOPLATE\u00ae"}]},{"@type":"WebSite","@id":"https:\/\/www.sifcoasc.com\/es#website","url":"https:\/\/www.sifcoasc.com\/es","name":"SIFCO Applied Surface Concepts","description":"","potentialAction":[{"@type":"SearchAction","target":{"@type":"EntryPoint","urlTemplate":"https:\/\/www.sifcoasc.com\/es?s={search_term_string}"},"query-input":{"@type":"PropertyValueSpecification","valueRequired":true,"valueName":"search_term_string"}}],"inLanguage":"es"}]}},"featured_image_src":null,"featured_image_src_square":null,"_links":{"self":[{"href":"https:\/\/www.sifcoasc.com\/es\/wp-json\/wp\/v2\/pages\/9694","targetHints":{"allow":["GET"]}}],"collection":[{"href":"https:\/\/www.sifcoasc.com\/es\/wp-json\/wp\/v2\/pages"}],"about":[{"href":"https:\/\/www.sifcoasc.com\/es\/wp-json\/wp\/v2\/types\/page"}],"author":[{"embeddable":true,"href":"https:\/\/www.sifcoasc.com\/es\/wp-json\/wp\/v2\/users\/18"}],"replies":[{"embeddable":true,"href":"https:\/\/www.sifcoasc.com\/es\/wp-json\/wp\/v2\/comments?post=9694"}],"version-history":[{"count":0,"href":"https:\/\/www.sifcoasc.com\/es\/wp-json\/wp\/v2\/pages\/9694\/revisions"}],"wp:attachment":[{"href":"https:\/\/www.sifcoasc.com\/es\/wp-json\/wp\/v2\/media?parent=9694"}],"curies":[{"name":"wp","href":"https:\/\/api.w.org\/{rel}","templated":true}]}}