{"id":9697,"date":"2022-07-14T15:29:26","date_gmt":"2022-07-14T15:29:26","guid":{"rendered":"https:\/\/www.sifcoasc.com\/soporte-tecnico\/"},"modified":"2022-07-19T12:25:13","modified_gmt":"2022-07-19T12:25:13","slug":"soporte-tecnico","status":"publish","type":"page","link":"https:\/\/www.sifcoasc.com\/es\/soporte-tecnico","title":{"rendered":"Soporte t\u00e9cnico"},"content":{"rendered":"<p class=\"emph\">SIFCO ASC proporciona un apoyo incomparable a lo largo de sus proyectos de revestimiento selectivo. Cuente con el personal de I+D y de asistencia t\u00e9cnica l\u00edder en el sector.  <\/p>\n<p><strong>Nuestro personal de asistencia t\u00e9cnica cuenta con m\u00e1s de cinco d\u00e9cadas de experiencia en chapado selectivo e ingenier\u00eda. Con este nivel de conocimiento, nuestros departamentos de Investigaci\u00f3n y Desarrollo, Ingenier\u00eda y T\u00e9cnica, que cuentan con todo el personal necesario, proporcionan orientaci\u00f3n desde el soporte t\u00e9cnico b\u00e1sico hasta el desarrollo completo de aplicaciones. Nuestro equipo tiene experiencia en los campos de la electroqu\u00edmica, la ingenier\u00eda qu\u00edmica, la ciencia de los materiales, la qu\u00edmica f\u00edsica y la salud y seguridad medioambientales.<\/strong><\/p>\n<p>Ofrecemos apoyo en todos los aspectos del proceso de revestimiento.<\/p>\n<ul>\n<li>Desarrollo del proceso<\/li>\n<li>Desarrollo de aplicaciones<\/li>\n<li>Dise\u00f1o y modelizaci\u00f3n de \u00e1nodos<\/li>\n<li>Desarrollo de nuevas alternativas de dep\u00f3sito para satisfacer las demandas siempre cambiantes de la industria<\/li>\n<li>Soluci\u00f3n de problemas de la aplicaci\u00f3n<\/li>\n<li>Pruebas exhaustivas de la soluci\u00f3n y de la calidad del dep\u00f3sito para garantizar su rendimiento<\/li>\n<li>Pruebas de microdureza, niebla salina, microscop\u00eda estereosc\u00f3pica y fluorescencia de rayos X para la composici\u00f3n del material.<\/li>\n<\/ul>\n","protected":false},"excerpt":{"rendered":"<p>SIFCO ASC proporciona un apoyo incomparable a lo largo de sus proyectos de revestimiento selectivo. Cuente con el personal de I+D y de asistencia t\u00e9cnica l\u00edder en el sector. Nuestro personal de asistencia t\u00e9cnica cuenta con m\u00e1s de cinco d\u00e9cadas de experiencia en chapado selectivo e ingenier\u00eda. Con este nivel de conocimiento, nuestros departamentos de [&hellip;]<\/p>\n","protected":false},"author":18,"featured_media":0,"parent":0,"menu_order":0,"comment_status":"closed","ping_status":"closed","template":"","meta":{"_acf_changed":false,"inline_featured_image":false,"footnotes":""},"class_list":["post-9697","page","type-page","status-publish","hentry"],"acf":[],"yoast_head":"<!-- This site is optimized with the Yoast SEO plugin v27.5 - https:\/\/yoast.com\/product\/yoast-seo-wordpress\/ -->\n<title>Soporte t\u00e9cnico | Especialistas en revestimiento selectivo | SIFCO ASC<\/title>\n<meta name=\"description\" content=\"SIFCO ASC ofrece una asistencia t\u00e9cnica inigualable. Ofrecemos orientaci\u00f3n sobre el apoyo t\u00e9cnico b\u00e1sico a desarrollos completos de aplicaciones de revestimiento selectivo.\" \/>\n<meta name=\"robots\" content=\"index, follow, max-snippet:-1, max-image-preview:large, max-video-preview:-1\" \/>\n<link rel=\"canonical\" href=\"https:\/\/www.sifcoasc.com\/es\/soporte-tecnico\" \/>\n<meta property=\"og:locale\" content=\"es_ES\" \/>\n<meta property=\"og:type\" content=\"article\" \/>\n<meta property=\"og:title\" content=\"Soporte t\u00e9cnico | Especialistas en revestimiento selectivo | SIFCO ASC\" \/>\n<meta property=\"og:description\" content=\"SIFCO ASC ofrece una asistencia t\u00e9cnica inigualable. Ofrecemos orientaci\u00f3n sobre el apoyo t\u00e9cnico b\u00e1sico a desarrollos completos de aplicaciones de revestimiento selectivo.\" \/>\n<meta property=\"og:url\" content=\"https:\/\/www.sifcoasc.com\/es\/soporte-tecnico\" \/>\n<meta property=\"og:site_name\" content=\"SIFCO Applied Surface Concepts\" \/>\n<meta property=\"article:modified_time\" content=\"2022-07-19T12:25:13+00:00\" \/>\n<meta name=\"twitter:label1\" content=\"Est. reading time\" \/>\n\t<meta name=\"twitter:data1\" content=\"1 minuto\" \/>\n<script type=\"application\/ld+json\" class=\"yoast-schema-graph\">{\"@context\":\"https:\\\/\\\/schema.org\",\"@graph\":[{\"@type\":\"WebPage\",\"@id\":\"https:\\\/\\\/www.sifcoasc.com\\\/es\\\/soporte-tecnico\",\"url\":\"https:\\\/\\\/www.sifcoasc.com\\\/es\\\/soporte-tecnico\",\"name\":\"Soporte t\u00e9cnico | Especialistas en revestimiento selectivo | SIFCO ASC\",\"isPartOf\":{\"@id\":\"https:\\\/\\\/www.sifcoasc.com\\\/es#website\"},\"datePublished\":\"2022-07-14T15:29:26+00:00\",\"dateModified\":\"2022-07-19T12:25:13+00:00\",\"description\":\"SIFCO ASC ofrece una asistencia t\u00e9cnica inigualable. Ofrecemos orientaci\u00f3n sobre el apoyo t\u00e9cnico b\u00e1sico a desarrollos completos de aplicaciones de revestimiento selectivo.\",\"breadcrumb\":{\"@id\":\"https:\\\/\\\/www.sifcoasc.com\\\/es\\\/soporte-tecnico#breadcrumb\"},\"inLanguage\":\"es\",\"potentialAction\":[{\"@type\":\"ReadAction\",\"target\":[\"https:\\\/\\\/www.sifcoasc.com\\\/es\\\/soporte-tecnico\"]}]},{\"@type\":\"BreadcrumbList\",\"@id\":\"https:\\\/\\\/www.sifcoasc.com\\\/es\\\/soporte-tecnico#breadcrumb\",\"itemListElement\":[{\"@type\":\"ListItem\",\"position\":1,\"name\":\"Home\",\"item\":\"https:\\\/\\\/www.sifcoasc.com\\\/es\"},{\"@type\":\"ListItem\",\"position\":2,\"name\":\"Soporte t\u00e9cnico\"}]},{\"@type\":\"WebSite\",\"@id\":\"https:\\\/\\\/www.sifcoasc.com\\\/es#website\",\"url\":\"https:\\\/\\\/www.sifcoasc.com\\\/es\",\"name\":\"SIFCO Applied Surface Concepts\",\"description\":\"\",\"potentialAction\":[{\"@type\":\"SearchAction\",\"target\":{\"@type\":\"EntryPoint\",\"urlTemplate\":\"https:\\\/\\\/www.sifcoasc.com\\\/es?s={search_term_string}\"},\"query-input\":{\"@type\":\"PropertyValueSpecification\",\"valueRequired\":true,\"valueName\":\"search_term_string\"}}],\"inLanguage\":\"es\"}]}<\/script>\n<!-- \/ Yoast SEO plugin. -->","yoast_head_json":{"title":"Soporte t\u00e9cnico | Especialistas en revestimiento selectivo | SIFCO ASC","description":"SIFCO ASC ofrece una asistencia t\u00e9cnica inigualable. Ofrecemos orientaci\u00f3n sobre el apoyo t\u00e9cnico b\u00e1sico a desarrollos completos de aplicaciones de revestimiento selectivo.","robots":{"index":"index","follow":"follow","max-snippet":"max-snippet:-1","max-image-preview":"max-image-preview:large","max-video-preview":"max-video-preview:-1"},"canonical":"https:\/\/www.sifcoasc.com\/es\/soporte-tecnico","og_locale":"es_ES","og_type":"article","og_title":"Soporte t\u00e9cnico | Especialistas en revestimiento selectivo | SIFCO ASC","og_description":"SIFCO ASC ofrece una asistencia t\u00e9cnica inigualable. Ofrecemos orientaci\u00f3n sobre el apoyo t\u00e9cnico b\u00e1sico a desarrollos completos de aplicaciones de revestimiento selectivo.","og_url":"https:\/\/www.sifcoasc.com\/es\/soporte-tecnico","og_site_name":"SIFCO Applied Surface Concepts","article_modified_time":"2022-07-19T12:25:13+00:00","twitter_misc":{"Est. reading time":"1 minuto"},"schema":{"@context":"https:\/\/schema.org","@graph":[{"@type":"WebPage","@id":"https:\/\/www.sifcoasc.com\/es\/soporte-tecnico","url":"https:\/\/www.sifcoasc.com\/es\/soporte-tecnico","name":"Soporte t\u00e9cnico | Especialistas en revestimiento selectivo | SIFCO ASC","isPartOf":{"@id":"https:\/\/www.sifcoasc.com\/es#website"},"datePublished":"2022-07-14T15:29:26+00:00","dateModified":"2022-07-19T12:25:13+00:00","description":"SIFCO ASC ofrece una asistencia t\u00e9cnica inigualable. Ofrecemos orientaci\u00f3n sobre el apoyo t\u00e9cnico b\u00e1sico a desarrollos completos de aplicaciones de revestimiento selectivo.","breadcrumb":{"@id":"https:\/\/www.sifcoasc.com\/es\/soporte-tecnico#breadcrumb"},"inLanguage":"es","potentialAction":[{"@type":"ReadAction","target":["https:\/\/www.sifcoasc.com\/es\/soporte-tecnico"]}]},{"@type":"BreadcrumbList","@id":"https:\/\/www.sifcoasc.com\/es\/soporte-tecnico#breadcrumb","itemListElement":[{"@type":"ListItem","position":1,"name":"Home","item":"https:\/\/www.sifcoasc.com\/es"},{"@type":"ListItem","position":2,"name":"Soporte t\u00e9cnico"}]},{"@type":"WebSite","@id":"https:\/\/www.sifcoasc.com\/es#website","url":"https:\/\/www.sifcoasc.com\/es","name":"SIFCO Applied Surface Concepts","description":"","potentialAction":[{"@type":"SearchAction","target":{"@type":"EntryPoint","urlTemplate":"https:\/\/www.sifcoasc.com\/es?s={search_term_string}"},"query-input":{"@type":"PropertyValueSpecification","valueRequired":true,"valueName":"search_term_string"}}],"inLanguage":"es"}]}},"featured_image_src":null,"featured_image_src_square":null,"_links":{"self":[{"href":"https:\/\/www.sifcoasc.com\/es\/wp-json\/wp\/v2\/pages\/9697","targetHints":{"allow":["GET"]}}],"collection":[{"href":"https:\/\/www.sifcoasc.com\/es\/wp-json\/wp\/v2\/pages"}],"about":[{"href":"https:\/\/www.sifcoasc.com\/es\/wp-json\/wp\/v2\/types\/page"}],"author":[{"embeddable":true,"href":"https:\/\/www.sifcoasc.com\/es\/wp-json\/wp\/v2\/users\/18"}],"replies":[{"embeddable":true,"href":"https:\/\/www.sifcoasc.com\/es\/wp-json\/wp\/v2\/comments?post=9697"}],"version-history":[{"count":0,"href":"https:\/\/www.sifcoasc.com\/es\/wp-json\/wp\/v2\/pages\/9697\/revisions"}],"wp:attachment":[{"href":"https:\/\/www.sifcoasc.com\/es\/wp-json\/wp\/v2\/media?parent=9697"}],"curies":[{"name":"wp","href":"https:\/\/api.w.org\/{rel}","templated":true}]}}