{"id":9703,"date":"2022-07-14T15:29:28","date_gmt":"2022-07-14T15:29:28","guid":{"rendered":"https:\/\/www.sifcoasc.com\/quaker-houghton\/"},"modified":"2022-07-19T12:25:09","modified_gmt":"2022-07-19T12:25:09","slug":"quaker-houghton","status":"publish","type":"page","link":"https:\/\/www.sifcoasc.com\/es\/quaker-houghton","title":{"rendered":"Quaker Houghton"},"content":{"rendered":"<p class=\"emph\">SIFCO ASC es una empresa de Quaker Houghton (NYSE: KWR), l\u00edder mundial en fluidos de procesos industriales.  <\/p>\n<div class=\"right-image\"><img loading=\"lazy\" decoding=\"async\" width=\"200\" height=\"70\" src=\"\/wp-content\/uploads\/NH_website_QH_logo_200x70.png\" alt=\"Quaker Houghton  \" title=\"Quaker Houghton  \" class=\"alignnone size-full wp-image-1588\"> <\/div>\n<p>Con una s\u00f3lida presencia en todo el mundo, que incluye operaciones en m\u00e1s de 25 pa\u00edses, entre los clientes de <a href=\"https:\/\/home.quakerhoughton.com\/\" target=\"_blank\" rel=\"noopener\">Quaker Houghton<\/a> se encuentran miles de las empresas m\u00e1s avanzadas y especializadas del mundo en acero, aluminio, automoci\u00f3n, industria aeroespacial, plataformas marinas, miner\u00eda y metalurgia.<\/p>\n<p>Nuestras soluciones de alto rendimiento, innovadoras y sostenibles est\u00e1n respaldadas por la mejor tecnolog\u00eda de su clase, un profundo conocimiento de los procesos y servicios personalizados. Con 4.000 empleados, entre los que se encuentran qu\u00edmicos, ingenieros y expertos en la industria, nos asociamos con nuestros clientes para mejorar sus operaciones, de modo que puedan funcionar de forma a\u00fan m\u00e1s eficiente y eficaz, sea cual sea el futuro.<\/p>\n","protected":false},"excerpt":{"rendered":"<p>SIFCO ASC es una empresa de Quaker Houghton (NYSE: KWR), l\u00edder mundial en fluidos de procesos industriales. Con una s\u00f3lida presencia en todo el mundo, que incluye operaciones en m\u00e1s de 25 pa\u00edses, entre los clientes de Quaker Houghton se encuentran miles de las empresas m\u00e1s avanzadas y especializadas del mundo en acero, aluminio, automoci\u00f3n, [&hellip;]<\/p>\n","protected":false},"author":18,"featured_media":0,"parent":0,"menu_order":0,"comment_status":"closed","ping_status":"closed","template":"","meta":{"_acf_changed":false,"inline_featured_image":false,"footnotes":""},"class_list":["post-9703","page","type-page","status-publish","hentry"],"acf":[],"yoast_head":"<!-- This site is optimized with the Yoast SEO plugin v27.5 - https:\/\/yoast.com\/product\/yoast-seo-wordpress\/ -->\n<title>SIFCO ASC : Quaker Houghton<\/title>\n<meta name=\"description\" content=\"SIFCO ASC es una empresa de Quaker Houghton (NYSE: KWR), l\u00edder mundial en fluidos de procesos industriales.\" \/>\n<meta name=\"robots\" content=\"index, follow, max-snippet:-1, max-image-preview:large, max-video-preview:-1\" \/>\n<link rel=\"canonical\" href=\"https:\/\/www.sifcoasc.com\/es\/quaker-houghton\" \/>\n<meta property=\"og:locale\" content=\"es_ES\" \/>\n<meta property=\"og:type\" content=\"article\" \/>\n<meta property=\"og:title\" content=\"SIFCO ASC : Quaker Houghton\" \/>\n<meta property=\"og:description\" content=\"SIFCO ASC es una empresa de Quaker Houghton (NYSE: KWR), l\u00edder mundial en fluidos de procesos industriales.\" \/>\n<meta property=\"og:url\" content=\"https:\/\/www.sifcoasc.com\/es\/quaker-houghton\" \/>\n<meta property=\"og:site_name\" content=\"SIFCO Applied Surface Concepts\" \/>\n<meta property=\"article:modified_time\" content=\"2022-07-19T12:25:09+00:00\" \/>\n<meta name=\"twitter:label1\" content=\"Est. reading time\" \/>\n\t<meta name=\"twitter:data1\" content=\"1 minuto\" \/>\n<script type=\"application\/ld+json\" class=\"yoast-schema-graph\">{\"@context\":\"https:\\\/\\\/schema.org\",\"@graph\":[{\"@type\":\"WebPage\",\"@id\":\"https:\\\/\\\/www.sifcoasc.com\\\/es\\\/quaker-houghton\",\"url\":\"https:\\\/\\\/www.sifcoasc.com\\\/es\\\/quaker-houghton\",\"name\":\"SIFCO ASC : Quaker Houghton\",\"isPartOf\":{\"@id\":\"https:\\\/\\\/www.sifcoasc.com\\\/es#website\"},\"datePublished\":\"2022-07-14T15:29:28+00:00\",\"dateModified\":\"2022-07-19T12:25:09+00:00\",\"description\":\"SIFCO ASC es una empresa de Quaker Houghton (NYSE: KWR), l\u00edder mundial en fluidos de procesos industriales.\",\"breadcrumb\":{\"@id\":\"https:\\\/\\\/www.sifcoasc.com\\\/es\\\/quaker-houghton#breadcrumb\"},\"inLanguage\":\"es\",\"potentialAction\":[{\"@type\":\"ReadAction\",\"target\":[\"https:\\\/\\\/www.sifcoasc.com\\\/es\\\/quaker-houghton\"]}]},{\"@type\":\"BreadcrumbList\",\"@id\":\"https:\\\/\\\/www.sifcoasc.com\\\/es\\\/quaker-houghton#breadcrumb\",\"itemListElement\":[{\"@type\":\"ListItem\",\"position\":1,\"name\":\"Home\",\"item\":\"https:\\\/\\\/www.sifcoasc.com\\\/es\"},{\"@type\":\"ListItem\",\"position\":2,\"name\":\"Quaker Houghton\"}]},{\"@type\":\"WebSite\",\"@id\":\"https:\\\/\\\/www.sifcoasc.com\\\/es#website\",\"url\":\"https:\\\/\\\/www.sifcoasc.com\\\/es\",\"name\":\"SIFCO Applied Surface Concepts\",\"description\":\"\",\"potentialAction\":[{\"@type\":\"SearchAction\",\"target\":{\"@type\":\"EntryPoint\",\"urlTemplate\":\"https:\\\/\\\/www.sifcoasc.com\\\/es?s={search_term_string}\"},\"query-input\":{\"@type\":\"PropertyValueSpecification\",\"valueRequired\":true,\"valueName\":\"search_term_string\"}}],\"inLanguage\":\"es\"}]}<\/script>\n<!-- \/ Yoast SEO plugin. -->","yoast_head_json":{"title":"SIFCO ASC : Quaker Houghton","description":"SIFCO ASC es una empresa de Quaker Houghton (NYSE: KWR), l\u00edder mundial en fluidos de procesos industriales.","robots":{"index":"index","follow":"follow","max-snippet":"max-snippet:-1","max-image-preview":"max-image-preview:large","max-video-preview":"max-video-preview:-1"},"canonical":"https:\/\/www.sifcoasc.com\/es\/quaker-houghton","og_locale":"es_ES","og_type":"article","og_title":"SIFCO ASC : Quaker Houghton","og_description":"SIFCO ASC es una empresa de Quaker Houghton (NYSE: KWR), l\u00edder mundial en fluidos de procesos industriales.","og_url":"https:\/\/www.sifcoasc.com\/es\/quaker-houghton","og_site_name":"SIFCO Applied Surface Concepts","article_modified_time":"2022-07-19T12:25:09+00:00","twitter_misc":{"Est. reading time":"1 minuto"},"schema":{"@context":"https:\/\/schema.org","@graph":[{"@type":"WebPage","@id":"https:\/\/www.sifcoasc.com\/es\/quaker-houghton","url":"https:\/\/www.sifcoasc.com\/es\/quaker-houghton","name":"SIFCO ASC : Quaker Houghton","isPartOf":{"@id":"https:\/\/www.sifcoasc.com\/es#website"},"datePublished":"2022-07-14T15:29:28+00:00","dateModified":"2022-07-19T12:25:09+00:00","description":"SIFCO ASC es una empresa de Quaker Houghton (NYSE: KWR), l\u00edder mundial en fluidos de procesos industriales.","breadcrumb":{"@id":"https:\/\/www.sifcoasc.com\/es\/quaker-houghton#breadcrumb"},"inLanguage":"es","potentialAction":[{"@type":"ReadAction","target":["https:\/\/www.sifcoasc.com\/es\/quaker-houghton"]}]},{"@type":"BreadcrumbList","@id":"https:\/\/www.sifcoasc.com\/es\/quaker-houghton#breadcrumb","itemListElement":[{"@type":"ListItem","position":1,"name":"Home","item":"https:\/\/www.sifcoasc.com\/es"},{"@type":"ListItem","position":2,"name":"Quaker Houghton"}]},{"@type":"WebSite","@id":"https:\/\/www.sifcoasc.com\/es#website","url":"https:\/\/www.sifcoasc.com\/es","name":"SIFCO Applied Surface Concepts","description":"","potentialAction":[{"@type":"SearchAction","target":{"@type":"EntryPoint","urlTemplate":"https:\/\/www.sifcoasc.com\/es?s={search_term_string}"},"query-input":{"@type":"PropertyValueSpecification","valueRequired":true,"valueName":"search_term_string"}}],"inLanguage":"es"}]}},"featured_image_src":null,"featured_image_src_square":null,"_links":{"self":[{"href":"https:\/\/www.sifcoasc.com\/es\/wp-json\/wp\/v2\/pages\/9703","targetHints":{"allow":["GET"]}}],"collection":[{"href":"https:\/\/www.sifcoasc.com\/es\/wp-json\/wp\/v2\/pages"}],"about":[{"href":"https:\/\/www.sifcoasc.com\/es\/wp-json\/wp\/v2\/types\/page"}],"author":[{"embeddable":true,"href":"https:\/\/www.sifcoasc.com\/es\/wp-json\/wp\/v2\/users\/18"}],"replies":[{"embeddable":true,"href":"https:\/\/www.sifcoasc.com\/es\/wp-json\/wp\/v2\/comments?post=9703"}],"version-history":[{"count":0,"href":"https:\/\/www.sifcoasc.com\/es\/wp-json\/wp\/v2\/pages\/9703\/revisions"}],"wp:attachment":[{"href":"https:\/\/www.sifcoasc.com\/es\/wp-json\/wp\/v2\/media?parent=9703"}],"curies":[{"name":"wp","href":"https:\/\/api.w.org\/{rel}","templated":true}]}}