{"id":9709,"date":"2022-07-14T15:29:34","date_gmt":"2022-07-14T15:29:34","guid":{"rendered":"https:\/\/www.sifcoasc.com\/kits-de-metalizacion-sifco-process\/"},"modified":"2022-08-24T07:01:14","modified_gmt":"2022-08-24T07:01:14","slug":"kits-de-metalizacion-sifco-process","status":"publish","type":"page","link":"https:\/\/www.sifcoasc.com\/es\/kits-de-metalizacion-sifco-process","title":{"rendered":"Kits de metalizaci\u00f3n SIFCO Process\u00ae."},"content":{"rendered":"<h2>Kits de metalizaci\u00f3n selectiva SIFCO Process\u00ae.<\/h2>\n<div class=\"right-image\"><a href=\"\/wp-content\/uploads\/Travel-Kit-scaled.jpg\" class=\"llightbox\"><img loading=\"lazy\" decoding=\"async\" width=\"300\" height=\"200\" src=\"\/wp-content\/uploads\/Travel-Kit-300x200.jpg\" alt=\"Kits de metalizaci\u00f3n SIFCO Process\u00ae.  \" title=\"Kits de metalizaci\u00f3n SIFCO Process\u00ae.  \" class=\"alignnone size-thumbnail wp-image-1837\" srcset=\"https:\/\/www.sifcoasc.com\/wp-content\/uploads\/Travel-Kit-300x200.jpg 300w, https:\/\/www.sifcoasc.com\/wp-content\/uploads\/Travel-Kit-500x333.jpg 500w, https:\/\/www.sifcoasc.com\/wp-content\/uploads\/Travel-Kit-1024x683.jpg 1024w, https:\/\/www.sifcoasc.com\/wp-content\/uploads\/Travel-Kit-768x512.jpg 768w, https:\/\/www.sifcoasc.com\/wp-content\/uploads\/Travel-Kit-1536x1024.jpg 1536w, https:\/\/www.sifcoasc.com\/wp-content\/uploads\/Travel-Kit-2048x1365.jpg 2048w, https:\/\/www.sifcoasc.com\/wp-content\/uploads\/Travel-Kit-600x400.jpg 600w\" sizes=\"auto, (max-width: 709px) 85vw, (max-width: 909px) 67vw, (max-width: 1362px) 62vw, 840px\" \/><\/a> <\/div>\n<p class=\"emph\">El kit de chapado SIFCO Process\u00ae est\u00e1 dise\u00f1ado para las reparaciones cr\u00edticas de chapado con cepillo en el campo.  <\/p>\n<p>El kit de galvanoplastia SIFCO Process\u00ae es el kit de galvanoplastia port\u00e1til l\u00edder en el mundo que tiene todo lo que un t\u00e9cnico capacitado necesita. Dise\u00f1ado para \u00e1reas localizadas de superficies met\u00e1licas para componentes OEM, es capaz de mantener y reparar r\u00e1pidamente piezas cr\u00edticas.<\/p>\n<p>Las aplicaciones de retoque de emergencia con Cadmio LHE\u00ae y Zinc-N\u00edquel LHE\u00ae en componentes aeroespaciales o Plata sin Cianuro en componentes de generaci\u00f3n de energ\u00eda son ahora m\u00e1s f\u00e1ciles.<\/p>\n<p><strong><a href=\"https:\/\/plating.sifcoasc.com\/viewitems\/all-categories-plating-products-and-solutions-kits\/ions-kits-cadmium-2023-no-bake-touch-up-travel-kit\" target=\"_blank\" rel=\"noopener noreferrer\">Kit de viaje de cadmio LHE\u00ae y de retoque sin hornear<\/a>&nbsp;&amp;&nbsp;<\/strong><strong>LHE\u00ae de zinc-n\u00edquel<\/strong> <strong>Kit de viaje de retoque<\/strong><\/p>\n<p><span style=\"font-weight: 400;\">Dise\u00f1ado espec\u00edficamente para la <\/span><a href=\"\/es\/aeroespacial\/\"><span style=\"font-weight: 400;\"> industria aeroespacial<\/span><\/a><span style=\"font-weight: 400;\"> Estos kits de chapado selectivo son ideales para las operaciones de AOG en las que los tiempos de reparaci\u00f3n son cr\u00edticos. Los kits cuentan con la m\u00e1xima cantidad de cadmio y<\/span> <span style=\"font-weight: 400;\">soluciones de zinc-n\u00edquel <\/span><span style=\"font-weight: 400;\">permitidas para su env\u00edo a trav\u00e9s de transportistas terrestres comerciales y privados.<\/span><\/p>\n<p><span style=\"font-weight: 400;\">Cuando un avi\u00f3n est\u00e1 en tierra para realizar reparaciones cr\u00edticas, los ingresos est\u00e1n en riesgo. El  <\/span><span style=\"font-weight: 400;\">cadmio<\/span><span style=\"font-weight: 400;\">  y el kit de chapado de zinc-n\u00edquel fueron dise\u00f1ados para situaciones en las que el tiempo es esencial. Ambos kits contienen todo lo que un t\u00e9cnico capacitado necesita para realizar r\u00e1pidamente las reparaciones y volver a poner la aeronave en servicio.<\/span><\/p>\n<p><a href=\"https:\/\/plating.sifcoasc.com\/viewitems\/all-categories-plating-products-and-solutions-kits\/travel-kits-silver-non-cyanide-touch-up-travel-kit\" target=\"_blank\" rel=\"noopener noreferrer\"><strong>Kit de viaje de retoque de plata sin cianuro<\/strong><\/a><br \/>\nLa soluci\u00f3n de plata sin cianuro de SIFCO ASC proporciona un dep\u00f3sito de calidad superior que puede aplicarse en el taller o en cualquier lugar del campo para las reparaciones de los casquillos de cobre sin los peligros asociados a las tradicionales platas con cianuro.<\/p>\n<p>Cuando se produce una interrupci\u00f3n, los ingresos corren peligro. Este kit ha sido dise\u00f1ado para situaciones en las que el tiempo es esencial. El kit de revestimiento de plata de SIFCO Process\u00ae contiene todo lo que un t\u00e9cnico capacitado necesita para realizar r\u00e1pidamente reparaciones en las conexiones de bus de cobre y restablecer la energ\u00eda.<\/p>\n<p><a href=\"https:\/\/plating.sifcoasc.com\/viewitems\/all-categories-plating-products-and-solutions-kits\/-travel-kits-aluminum-bus-repair-add-on-kit-option\" target=\"_blank\" rel=\"noopener noreferrer\"><strong>Opci\u00f3n de kit de reparaci\u00f3n de autobuses de aluminio<\/strong><\/a><\/p>\n<p>Este kit complementario fue dise\u00f1ado para ampliar la capacidad de nuestro kit de plateado. Cuando se utiliza junto con el kit de revestimiento de plata sin cianuro, ofrece al t\u00e9cnico la posibilidad de realizar reparaciones en conexiones de bus de aluminio.<\/p>\n<p><strong>Las ventajas de los kits de revestimiento selectivo SIFCO Process\u00ae:<\/strong><\/p>\n<ul>\n<li>El proceso puede realizarse in situ, junto a los aviones<\/li>\n<li>F\u00e1cil de manejar<\/li>\n<li>Revestimiento r\u00e1pido de superficies peque\u00f1as y medianas<\/li>\n<li>Los componentes se pueden chapar in situ<\/li>\n<li>Se disminuye la cantidad de enmascaramiento necesario<\/li>\n<li>Las piezas demasiado grandes para la placa del tanque pueden ser procesadas<\/li>\n<li>Reduce el tiempo de inactividad de las m\u00e1quinas y los retrasos en la producci\u00f3n<\/li>\n<li>Placa con el grosor requerido<\/li>\n<li>Se minimiza la fragilidad por hidr\u00f3geno Se reduce el flujo de efluentes<\/li>\n<\/ul>\n<\/div>\n<div class=\"inner-wrap\">\n","protected":false},"excerpt":{"rendered":"<p>Kits de metalizaci\u00f3n selectiva SIFCO Process\u00ae. El kit de chapado SIFCO Process\u00ae est\u00e1 dise\u00f1ado para las reparaciones cr\u00edticas de chapado con cepillo en el campo. El kit de galvanoplastia SIFCO Process\u00ae es el kit de galvanoplastia port\u00e1til l\u00edder en el mundo que tiene todo lo que un t\u00e9cnico capacitado necesita. Dise\u00f1ado para \u00e1reas localizadas de [&hellip;]<\/p>\n","protected":false},"author":18,"featured_media":0,"parent":0,"menu_order":0,"comment_status":"closed","ping_status":"closed","template":"","meta":{"_acf_changed":false,"inline_featured_image":false,"footnotes":""},"class_list":["post-9709","page","type-page","status-publish","hentry"],"acf":[],"yoast_head":"<!-- This site is optimized with the Yoast SEO plugin v27.4 - https:\/\/yoast.com\/product\/yoast-seo-wordpress\/ -->\n<title>Metalizado en taller | Servicios de metalizado selectivo | SIFCO ASC<\/title>\n<meta name=\"description\" content=\"Inf\u00f3rmese sobre nuestros servicios de chapado selectivo para la reparaci\u00f3n y mejora de componentes en uno de los talleres de SIFCO ASC. Ponte en contacto.\" \/>\n<meta name=\"robots\" content=\"index, follow, max-snippet:-1, max-image-preview:large, max-video-preview:-1\" \/>\n<link rel=\"canonical\" href=\"https:\/\/www.sifcoasc.com\/es\/kits-de-metalizacion-sifco-process\" \/>\n<meta property=\"og:locale\" content=\"es_ES\" \/>\n<meta property=\"og:type\" content=\"article\" \/>\n<meta property=\"og:title\" content=\"Metalizado en taller | Servicios de metalizado selectivo | SIFCO ASC\" \/>\n<meta property=\"og:description\" content=\"Inf\u00f3rmese sobre nuestros servicios de chapado selectivo para la reparaci\u00f3n y mejora de componentes en uno de los talleres de SIFCO ASC. Ponte en contacto.\" \/>\n<meta property=\"og:url\" content=\"https:\/\/www.sifcoasc.com\/es\/kits-de-metalizacion-sifco-process\" \/>\n<meta property=\"og:site_name\" content=\"SIFCO Applied Surface Concepts\" \/>\n<meta property=\"article:modified_time\" content=\"2022-08-24T07:01:14+00:00\" \/>\n<meta name=\"twitter:label1\" content=\"Est. reading time\" \/>\n\t<meta name=\"twitter:data1\" content=\"3 minutos\" \/>\n<script type=\"application\/ld+json\" class=\"yoast-schema-graph\">{\"@context\":\"https:\\\/\\\/schema.org\",\"@graph\":[{\"@type\":\"WebPage\",\"@id\":\"https:\\\/\\\/www.sifcoasc.com\\\/es\\\/kits-de-metalizacion-sifco-process\",\"url\":\"https:\\\/\\\/www.sifcoasc.com\\\/es\\\/kits-de-metalizacion-sifco-process\",\"name\":\"Metalizado en taller | Servicios de metalizado selectivo | SIFCO ASC\",\"isPartOf\":{\"@id\":\"https:\\\/\\\/www.sifcoasc.com\\\/es#website\"},\"datePublished\":\"2022-07-14T15:29:34+00:00\",\"dateModified\":\"2022-08-24T07:01:14+00:00\",\"description\":\"Inf\u00f3rmese sobre nuestros servicios de chapado selectivo para la reparaci\u00f3n y mejora de componentes en uno de los talleres de SIFCO ASC. Ponte en contacto.\",\"breadcrumb\":{\"@id\":\"https:\\\/\\\/www.sifcoasc.com\\\/es\\\/kits-de-metalizacion-sifco-process#breadcrumb\"},\"inLanguage\":\"es\",\"potentialAction\":[{\"@type\":\"ReadAction\",\"target\":[\"https:\\\/\\\/www.sifcoasc.com\\\/es\\\/kits-de-metalizacion-sifco-process\"]}]},{\"@type\":\"BreadcrumbList\",\"@id\":\"https:\\\/\\\/www.sifcoasc.com\\\/es\\\/kits-de-metalizacion-sifco-process#breadcrumb\",\"itemListElement\":[{\"@type\":\"ListItem\",\"position\":1,\"name\":\"Home\",\"item\":\"https:\\\/\\\/www.sifcoasc.com\\\/es\"},{\"@type\":\"ListItem\",\"position\":2,\"name\":\"Kits de metalizaci\u00f3n SIFCO Process\u00ae.\"}]},{\"@type\":\"WebSite\",\"@id\":\"https:\\\/\\\/www.sifcoasc.com\\\/es#website\",\"url\":\"https:\\\/\\\/www.sifcoasc.com\\\/es\",\"name\":\"SIFCO Applied Surface Concepts\",\"description\":\"\",\"potentialAction\":[{\"@type\":\"SearchAction\",\"target\":{\"@type\":\"EntryPoint\",\"urlTemplate\":\"https:\\\/\\\/www.sifcoasc.com\\\/es?s={search_term_string}\"},\"query-input\":{\"@type\":\"PropertyValueSpecification\",\"valueRequired\":true,\"valueName\":\"search_term_string\"}}],\"inLanguage\":\"es\"}]}<\/script>\n<!-- \/ Yoast SEO plugin. -->","yoast_head_json":{"title":"Metalizado en taller | Servicios de metalizado selectivo | SIFCO ASC","description":"Inf\u00f3rmese sobre nuestros servicios de chapado selectivo para la reparaci\u00f3n y mejora de componentes en uno de los talleres de SIFCO ASC. Ponte en contacto.","robots":{"index":"index","follow":"follow","max-snippet":"max-snippet:-1","max-image-preview":"max-image-preview:large","max-video-preview":"max-video-preview:-1"},"canonical":"https:\/\/www.sifcoasc.com\/es\/kits-de-metalizacion-sifco-process","og_locale":"es_ES","og_type":"article","og_title":"Metalizado en taller | Servicios de metalizado selectivo | SIFCO ASC","og_description":"Inf\u00f3rmese sobre nuestros servicios de chapado selectivo para la reparaci\u00f3n y mejora de componentes en uno de los talleres de SIFCO ASC. Ponte en contacto.","og_url":"https:\/\/www.sifcoasc.com\/es\/kits-de-metalizacion-sifco-process","og_site_name":"SIFCO Applied Surface Concepts","article_modified_time":"2022-08-24T07:01:14+00:00","twitter_misc":{"Est. reading time":"3 minutos"},"schema":{"@context":"https:\/\/schema.org","@graph":[{"@type":"WebPage","@id":"https:\/\/www.sifcoasc.com\/es\/kits-de-metalizacion-sifco-process","url":"https:\/\/www.sifcoasc.com\/es\/kits-de-metalizacion-sifco-process","name":"Metalizado en taller | Servicios de metalizado selectivo | SIFCO ASC","isPartOf":{"@id":"https:\/\/www.sifcoasc.com\/es#website"},"datePublished":"2022-07-14T15:29:34+00:00","dateModified":"2022-08-24T07:01:14+00:00","description":"Inf\u00f3rmese sobre nuestros servicios de chapado selectivo para la reparaci\u00f3n y mejora de componentes en uno de los talleres de SIFCO ASC. Ponte en contacto.","breadcrumb":{"@id":"https:\/\/www.sifcoasc.com\/es\/kits-de-metalizacion-sifco-process#breadcrumb"},"inLanguage":"es","potentialAction":[{"@type":"ReadAction","target":["https:\/\/www.sifcoasc.com\/es\/kits-de-metalizacion-sifco-process"]}]},{"@type":"BreadcrumbList","@id":"https:\/\/www.sifcoasc.com\/es\/kits-de-metalizacion-sifco-process#breadcrumb","itemListElement":[{"@type":"ListItem","position":1,"name":"Home","item":"https:\/\/www.sifcoasc.com\/es"},{"@type":"ListItem","position":2,"name":"Kits de metalizaci\u00f3n SIFCO Process\u00ae."}]},{"@type":"WebSite","@id":"https:\/\/www.sifcoasc.com\/es#website","url":"https:\/\/www.sifcoasc.com\/es","name":"SIFCO Applied Surface Concepts","description":"","potentialAction":[{"@type":"SearchAction","target":{"@type":"EntryPoint","urlTemplate":"https:\/\/www.sifcoasc.com\/es?s={search_term_string}"},"query-input":{"@type":"PropertyValueSpecification","valueRequired":true,"valueName":"search_term_string"}}],"inLanguage":"es"}]}},"featured_image_src":null,"featured_image_src_square":null,"_links":{"self":[{"href":"https:\/\/www.sifcoasc.com\/es\/wp-json\/wp\/v2\/pages\/9709","targetHints":{"allow":["GET"]}}],"collection":[{"href":"https:\/\/www.sifcoasc.com\/es\/wp-json\/wp\/v2\/pages"}],"about":[{"href":"https:\/\/www.sifcoasc.com\/es\/wp-json\/wp\/v2\/types\/page"}],"author":[{"embeddable":true,"href":"https:\/\/www.sifcoasc.com\/es\/wp-json\/wp\/v2\/users\/18"}],"replies":[{"embeddable":true,"href":"https:\/\/www.sifcoasc.com\/es\/wp-json\/wp\/v2\/comments?post=9709"}],"version-history":[{"count":0,"href":"https:\/\/www.sifcoasc.com\/es\/wp-json\/wp\/v2\/pages\/9709\/revisions"}],"wp:attachment":[{"href":"https:\/\/www.sifcoasc.com\/es\/wp-json\/wp\/v2\/media?parent=9709"}],"curies":[{"name":"wp","href":"https:\/\/api.w.org\/{rel}","templated":true}]}}