{"id":9711,"date":"2022-07-14T15:29:35","date_gmt":"2022-07-14T15:29:35","guid":{"rendered":"https:\/\/www.sifcoasc.com\/chapado-in-situ\/"},"modified":"2022-08-23T07:20:14","modified_gmt":"2022-08-23T07:20:14","slug":"chapado-in-situ","status":"publish","type":"page","link":"https:\/\/www.sifcoasc.com\/es\/chapado-in-situ","title":{"rendered":"Metalizado in situ"},"content":{"rendered":"<h2>Servicios de revestimiento selectivo in situ<\/h2>\n<p class=\"emph\">M\u00e1s instalaciones de MRO y OEM dependen de SIFCO ASC que de cualquier otro especialista en revestimiento in situ.<\/p>\n<p><img loading=\"lazy\" decoding=\"async\" width=\"555\" height=\"309\" class=\"size-full wp-image-2264 alignright\" title=\"Metalizado in situ  \" src=\"\/wp-content\/uploads\/img1-1.png\" alt=\"Metalizado in situ  \" srcset=\"https:\/\/www.sifcoasc.com\/wp-content\/uploads\/img1-1.png 555w, https:\/\/www.sifcoasc.com\/wp-content\/uploads\/img1-1-500x278.png 500w\" sizes=\"auto, (max-width: 709px) 85vw, (max-width: 909px) 67vw, (max-width: 1362px) 62vw, 840px\" \/><strong>Aprovechando la portabilidad del revestimiento selectivo SIFCO Process\u00ae, nuestros t\u00e9cnicos de servicio le llevan el proceso a usted. Cuando el tiempo es esencial, las piezas son demasiado grandes para enviarlas o no quiere transferir componentes valiosos fuera de su control, SIFCO ASC proporcionar\u00e1 los recursos necesarios para completar el chapado in situ seg\u00fan sus requisitos en su ubicaci\u00f3n.<\/strong><\/p>\n<p class=\"emph\">Vea nuestro v\u00eddeo &#8211; El proceso SIFCO para la industria de generaci\u00f3n de energ\u00eda<\/p>\n<p>Cada uno de los miembros de nuestro equipo de asistencia t\u00e9cnica tiene una amplia experiencia en el sector trabajando con una gran variedad de aplicaciones. Nuestros t\u00e9cnicos de servicio, altamente capacitados, se han sometido a rigurosos programas de formaci\u00f3n, obteniendo y manteniendo su certificaci\u00f3n de chapado y comprenden plenamente todos los aspectos de las aplicaciones de chapado selectivo.<\/p>\n","protected":false},"excerpt":{"rendered":"<p>Servicios de revestimiento selectivo in situ M\u00e1s instalaciones de MRO y OEM dependen de SIFCO ASC que de cualquier otro especialista en revestimiento in situ. Aprovechando la portabilidad del revestimiento selectivo SIFCO Process\u00ae, nuestros t\u00e9cnicos de servicio le llevan el proceso a usted. Cuando el tiempo es esencial, las piezas son demasiado grandes para enviarlas [&hellip;]<\/p>\n","protected":false},"author":18,"featured_media":0,"parent":0,"menu_order":0,"comment_status":"closed","ping_status":"closed","template":"","meta":{"_acf_changed":false,"inline_featured_image":false,"footnotes":""},"class_list":["post-9711","page","type-page","status-publish","hentry"],"acf":[],"yoast_head":"<!-- This site is optimized with the Yoast SEO plugin v27.4 - https:\/\/yoast.com\/product\/yoast-seo-wordpress\/ -->\n<title>Servicios de revestimiento selectivo in situ | Servicios de revestimiento con cepillos | SIFCO ASC<\/title>\n<meta name=\"description\" content=\"Nuestros servicios de revestimiento in situ le permiten reparar, renovar, revestir y mejorar componentes cr\u00edticos sin necesidad de desmontar la maquinaria.\" \/>\n<meta name=\"robots\" content=\"index, follow, max-snippet:-1, max-image-preview:large, max-video-preview:-1\" \/>\n<link rel=\"canonical\" href=\"https:\/\/www.sifcoasc.com\/es\/chapado-in-situ\" \/>\n<meta property=\"og:locale\" content=\"es_ES\" \/>\n<meta property=\"og:type\" content=\"article\" \/>\n<meta property=\"og:title\" content=\"Servicios de revestimiento selectivo in situ | Servicios de revestimiento con cepillos | SIFCO ASC\" \/>\n<meta property=\"og:description\" content=\"Nuestros servicios de revestimiento in situ le permiten reparar, renovar, revestir y mejorar componentes cr\u00edticos sin necesidad de desmontar la maquinaria.\" \/>\n<meta property=\"og:url\" content=\"https:\/\/www.sifcoasc.com\/es\/chapado-in-situ\" \/>\n<meta property=\"og:site_name\" content=\"SIFCO Applied Surface Concepts\" \/>\n<meta property=\"article:modified_time\" content=\"2022-08-23T07:20:14+00:00\" \/>\n<meta name=\"twitter:label1\" content=\"Est. reading time\" \/>\n\t<meta name=\"twitter:data1\" content=\"1 minuto\" \/>\n<script type=\"application\/ld+json\" class=\"yoast-schema-graph\">{\"@context\":\"https:\\\/\\\/schema.org\",\"@graph\":[{\"@type\":\"WebPage\",\"@id\":\"https:\\\/\\\/www.sifcoasc.com\\\/es\\\/chapado-in-situ\",\"url\":\"https:\\\/\\\/www.sifcoasc.com\\\/es\\\/chapado-in-situ\",\"name\":\"Servicios de revestimiento selectivo in situ | Servicios de revestimiento con cepillos | SIFCO ASC\",\"isPartOf\":{\"@id\":\"https:\\\/\\\/www.sifcoasc.com\\\/es#website\"},\"datePublished\":\"2022-07-14T15:29:35+00:00\",\"dateModified\":\"2022-08-23T07:20:14+00:00\",\"description\":\"Nuestros servicios de revestimiento in situ le permiten reparar, renovar, revestir y mejorar componentes cr\u00edticos sin necesidad de desmontar la maquinaria.\",\"breadcrumb\":{\"@id\":\"https:\\\/\\\/www.sifcoasc.com\\\/es\\\/chapado-in-situ#breadcrumb\"},\"inLanguage\":\"es\",\"potentialAction\":[{\"@type\":\"ReadAction\",\"target\":[\"https:\\\/\\\/www.sifcoasc.com\\\/es\\\/chapado-in-situ\"]}]},{\"@type\":\"BreadcrumbList\",\"@id\":\"https:\\\/\\\/www.sifcoasc.com\\\/es\\\/chapado-in-situ#breadcrumb\",\"itemListElement\":[{\"@type\":\"ListItem\",\"position\":1,\"name\":\"Home\",\"item\":\"https:\\\/\\\/www.sifcoasc.com\\\/es\"},{\"@type\":\"ListItem\",\"position\":2,\"name\":\"Metalizado in situ\"}]},{\"@type\":\"WebSite\",\"@id\":\"https:\\\/\\\/www.sifcoasc.com\\\/es#website\",\"url\":\"https:\\\/\\\/www.sifcoasc.com\\\/es\",\"name\":\"SIFCO Applied Surface Concepts\",\"description\":\"\",\"potentialAction\":[{\"@type\":\"SearchAction\",\"target\":{\"@type\":\"EntryPoint\",\"urlTemplate\":\"https:\\\/\\\/www.sifcoasc.com\\\/es?s={search_term_string}\"},\"query-input\":{\"@type\":\"PropertyValueSpecification\",\"valueRequired\":true,\"valueName\":\"search_term_string\"}}],\"inLanguage\":\"es\"}]}<\/script>\n<!-- \/ Yoast SEO plugin. -->","yoast_head_json":{"title":"Servicios de revestimiento selectivo in situ | Servicios de revestimiento con cepillos | SIFCO ASC","description":"Nuestros servicios de revestimiento in situ le permiten reparar, renovar, revestir y mejorar componentes cr\u00edticos sin necesidad de desmontar la maquinaria.","robots":{"index":"index","follow":"follow","max-snippet":"max-snippet:-1","max-image-preview":"max-image-preview:large","max-video-preview":"max-video-preview:-1"},"canonical":"https:\/\/www.sifcoasc.com\/es\/chapado-in-situ","og_locale":"es_ES","og_type":"article","og_title":"Servicios de revestimiento selectivo in situ | Servicios de revestimiento con cepillos | SIFCO ASC","og_description":"Nuestros servicios de revestimiento in situ le permiten reparar, renovar, revestir y mejorar componentes cr\u00edticos sin necesidad de desmontar la maquinaria.","og_url":"https:\/\/www.sifcoasc.com\/es\/chapado-in-situ","og_site_name":"SIFCO Applied Surface Concepts","article_modified_time":"2022-08-23T07:20:14+00:00","twitter_misc":{"Est. reading time":"1 minuto"},"schema":{"@context":"https:\/\/schema.org","@graph":[{"@type":"WebPage","@id":"https:\/\/www.sifcoasc.com\/es\/chapado-in-situ","url":"https:\/\/www.sifcoasc.com\/es\/chapado-in-situ","name":"Servicios de revestimiento selectivo in situ | Servicios de revestimiento con cepillos | SIFCO ASC","isPartOf":{"@id":"https:\/\/www.sifcoasc.com\/es#website"},"datePublished":"2022-07-14T15:29:35+00:00","dateModified":"2022-08-23T07:20:14+00:00","description":"Nuestros servicios de revestimiento in situ le permiten reparar, renovar, revestir y mejorar componentes cr\u00edticos sin necesidad de desmontar la maquinaria.","breadcrumb":{"@id":"https:\/\/www.sifcoasc.com\/es\/chapado-in-situ#breadcrumb"},"inLanguage":"es","potentialAction":[{"@type":"ReadAction","target":["https:\/\/www.sifcoasc.com\/es\/chapado-in-situ"]}]},{"@type":"BreadcrumbList","@id":"https:\/\/www.sifcoasc.com\/es\/chapado-in-situ#breadcrumb","itemListElement":[{"@type":"ListItem","position":1,"name":"Home","item":"https:\/\/www.sifcoasc.com\/es"},{"@type":"ListItem","position":2,"name":"Metalizado in situ"}]},{"@type":"WebSite","@id":"https:\/\/www.sifcoasc.com\/es#website","url":"https:\/\/www.sifcoasc.com\/es","name":"SIFCO Applied Surface Concepts","description":"","potentialAction":[{"@type":"SearchAction","target":{"@type":"EntryPoint","urlTemplate":"https:\/\/www.sifcoasc.com\/es?s={search_term_string}"},"query-input":{"@type":"PropertyValueSpecification","valueRequired":true,"valueName":"search_term_string"}}],"inLanguage":"es"}]}},"featured_image_src":null,"featured_image_src_square":null,"_links":{"self":[{"href":"https:\/\/www.sifcoasc.com\/es\/wp-json\/wp\/v2\/pages\/9711","targetHints":{"allow":["GET"]}}],"collection":[{"href":"https:\/\/www.sifcoasc.com\/es\/wp-json\/wp\/v2\/pages"}],"about":[{"href":"https:\/\/www.sifcoasc.com\/es\/wp-json\/wp\/v2\/types\/page"}],"author":[{"embeddable":true,"href":"https:\/\/www.sifcoasc.com\/es\/wp-json\/wp\/v2\/users\/18"}],"replies":[{"embeddable":true,"href":"https:\/\/www.sifcoasc.com\/es\/wp-json\/wp\/v2\/comments?post=9711"}],"version-history":[{"count":0,"href":"https:\/\/www.sifcoasc.com\/es\/wp-json\/wp\/v2\/pages\/9711\/revisions"}],"wp:attachment":[{"href":"https:\/\/www.sifcoasc.com\/es\/wp-json\/wp\/v2\/media?parent=9711"}],"curies":[{"name":"wp","href":"https:\/\/api.w.org\/{rel}","templated":true}]}}