{"id":9721,"date":"2022-07-14T15:29:46","date_gmt":"2022-07-14T15:29:46","guid":{"rendered":"https:\/\/www.sifcoasc.com\/diametros-interiores\/"},"modified":"2022-07-21T11:07:37","modified_gmt":"2022-07-21T11:07:37","slug":"diametros-interiores","status":"publish","type":"page","link":"https:\/\/www.sifcoasc.com\/es\/diametros-interiores","title":{"rendered":"Di\u00e1metros interiores"},"content":{"rendered":"<h2>Aplicaciones de revestimiento para di\u00e1metros interiores<\/h2>\n<p class=\"emph\">El Proceso SIFCO\u00ae ofrece un m\u00e9todo para revestir selectivamente un \u00e1rea localizada sin un excesivo enmascaramiento y produciendo una excelente adhesi\u00f3n. Las aplicaciones de revestimiento selectivo alcanzan resultados \u00f3ptimos en los di\u00e1metros exteriores, interiores y superficies planas de los componentes.<\/p>\n","protected":false},"excerpt":{"rendered":"<p>Aplicaciones de revestimiento para di\u00e1metros interiores El Proceso SIFCO\u00ae ofrece un m\u00e9todo para revestir selectivamente un \u00e1rea localizada sin un excesivo enmascaramiento y produciendo una excelente adhesi\u00f3n. Las aplicaciones de revestimiento selectivo alcanzan resultados \u00f3ptimos en los di\u00e1metros exteriores, interiores y superficies planas de los componentes.<\/p>\n","protected":false},"author":18,"featured_media":0,"parent":0,"menu_order":0,"comment_status":"closed","ping_status":"closed","template":"","meta":{"_acf_changed":false,"inline_featured_image":false,"footnotes":""},"class_list":["post-9721","page","type-page","status-publish","hentry"],"acf":[],"yoast_head":"<!-- This site is optimized with the Yoast SEO plugin v27.3 - https:\/\/yoast.com\/product\/yoast-seo-wordpress\/ -->\n<title>Aplicaciones de revestimiento para di\u00e1metros interiores | SIFCO ASC<\/title>\n<meta name=\"description\" content=\"El SIFCO Process\u00ae ofrece un m\u00e9todo para chapar selectivamente los di\u00e1metros interiores de bombas, motores, acoplamientos, tuber\u00edas roscadas y otros. Ponte en contacto.\" \/>\n<meta name=\"robots\" content=\"index, follow, max-snippet:-1, max-image-preview:large, max-video-preview:-1\" \/>\n<link rel=\"canonical\" href=\"https:\/\/www.sifcoasc.com\/es\/diametros-interiores\" \/>\n<meta property=\"og:locale\" content=\"es_ES\" \/>\n<meta property=\"og:type\" content=\"article\" \/>\n<meta property=\"og:title\" content=\"Aplicaciones de revestimiento para di\u00e1metros interiores | SIFCO ASC\" \/>\n<meta property=\"og:description\" content=\"El SIFCO Process\u00ae ofrece un m\u00e9todo para chapar selectivamente los di\u00e1metros interiores de bombas, motores, acoplamientos, tuber\u00edas roscadas y otros. Ponte en contacto.\" \/>\n<meta property=\"og:url\" content=\"https:\/\/www.sifcoasc.com\/es\/diametros-interiores\" \/>\n<meta property=\"og:site_name\" content=\"SIFCO Applied Surface Concepts\" \/>\n<meta property=\"article:modified_time\" content=\"2022-07-21T11:07:37+00:00\" \/>\n<script type=\"application\/ld+json\" class=\"yoast-schema-graph\">{\"@context\":\"https:\\\/\\\/schema.org\",\"@graph\":[{\"@type\":\"WebPage\",\"@id\":\"https:\\\/\\\/www.sifcoasc.com\\\/es\\\/diametros-interiores\",\"url\":\"https:\\\/\\\/www.sifcoasc.com\\\/es\\\/diametros-interiores\",\"name\":\"Aplicaciones de revestimiento para di\u00e1metros interiores | SIFCO ASC\",\"isPartOf\":{\"@id\":\"https:\\\/\\\/www.sifcoasc.com\\\/es#website\"},\"datePublished\":\"2022-07-14T15:29:46+00:00\",\"dateModified\":\"2022-07-21T11:07:37+00:00\",\"description\":\"El SIFCO Process\u00ae ofrece un m\u00e9todo para chapar selectivamente los di\u00e1metros interiores de bombas, motores, acoplamientos, tuber\u00edas roscadas y otros. Ponte en contacto.\",\"breadcrumb\":{\"@id\":\"https:\\\/\\\/www.sifcoasc.com\\\/es\\\/diametros-interiores#breadcrumb\"},\"inLanguage\":\"es\",\"potentialAction\":[{\"@type\":\"ReadAction\",\"target\":[\"https:\\\/\\\/www.sifcoasc.com\\\/es\\\/diametros-interiores\"]}]},{\"@type\":\"BreadcrumbList\",\"@id\":\"https:\\\/\\\/www.sifcoasc.com\\\/es\\\/diametros-interiores#breadcrumb\",\"itemListElement\":[{\"@type\":\"ListItem\",\"position\":1,\"name\":\"Home\",\"item\":\"https:\\\/\\\/www.sifcoasc.com\\\/es\"},{\"@type\":\"ListItem\",\"position\":2,\"name\":\"Di\u00e1metros interiores\"}]},{\"@type\":\"WebSite\",\"@id\":\"https:\\\/\\\/www.sifcoasc.com\\\/es#website\",\"url\":\"https:\\\/\\\/www.sifcoasc.com\\\/es\",\"name\":\"SIFCO Applied Surface Concepts\",\"description\":\"\",\"potentialAction\":[{\"@type\":\"SearchAction\",\"target\":{\"@type\":\"EntryPoint\",\"urlTemplate\":\"https:\\\/\\\/www.sifcoasc.com\\\/es?s={search_term_string}\"},\"query-input\":{\"@type\":\"PropertyValueSpecification\",\"valueRequired\":true,\"valueName\":\"search_term_string\"}}],\"inLanguage\":\"es\"}]}<\/script>\n<!-- \/ Yoast SEO plugin. -->","yoast_head_json":{"title":"Aplicaciones de revestimiento para di\u00e1metros interiores | SIFCO ASC","description":"El SIFCO Process\u00ae ofrece un m\u00e9todo para chapar selectivamente los di\u00e1metros interiores de bombas, motores, acoplamientos, tuber\u00edas roscadas y otros. Ponte en contacto.","robots":{"index":"index","follow":"follow","max-snippet":"max-snippet:-1","max-image-preview":"max-image-preview:large","max-video-preview":"max-video-preview:-1"},"canonical":"https:\/\/www.sifcoasc.com\/es\/diametros-interiores","og_locale":"es_ES","og_type":"article","og_title":"Aplicaciones de revestimiento para di\u00e1metros interiores | SIFCO ASC","og_description":"El SIFCO Process\u00ae ofrece un m\u00e9todo para chapar selectivamente los di\u00e1metros interiores de bombas, motores, acoplamientos, tuber\u00edas roscadas y otros. Ponte en contacto.","og_url":"https:\/\/www.sifcoasc.com\/es\/diametros-interiores","og_site_name":"SIFCO Applied Surface Concepts","article_modified_time":"2022-07-21T11:07:37+00:00","schema":{"@context":"https:\/\/schema.org","@graph":[{"@type":"WebPage","@id":"https:\/\/www.sifcoasc.com\/es\/diametros-interiores","url":"https:\/\/www.sifcoasc.com\/es\/diametros-interiores","name":"Aplicaciones de revestimiento para di\u00e1metros interiores | SIFCO ASC","isPartOf":{"@id":"https:\/\/www.sifcoasc.com\/es#website"},"datePublished":"2022-07-14T15:29:46+00:00","dateModified":"2022-07-21T11:07:37+00:00","description":"El SIFCO Process\u00ae ofrece un m\u00e9todo para chapar selectivamente los di\u00e1metros interiores de bombas, motores, acoplamientos, tuber\u00edas roscadas y otros. Ponte en contacto.","breadcrumb":{"@id":"https:\/\/www.sifcoasc.com\/es\/diametros-interiores#breadcrumb"},"inLanguage":"es","potentialAction":[{"@type":"ReadAction","target":["https:\/\/www.sifcoasc.com\/es\/diametros-interiores"]}]},{"@type":"BreadcrumbList","@id":"https:\/\/www.sifcoasc.com\/es\/diametros-interiores#breadcrumb","itemListElement":[{"@type":"ListItem","position":1,"name":"Home","item":"https:\/\/www.sifcoasc.com\/es"},{"@type":"ListItem","position":2,"name":"Di\u00e1metros interiores"}]},{"@type":"WebSite","@id":"https:\/\/www.sifcoasc.com\/es#website","url":"https:\/\/www.sifcoasc.com\/es","name":"SIFCO Applied Surface Concepts","description":"","potentialAction":[{"@type":"SearchAction","target":{"@type":"EntryPoint","urlTemplate":"https:\/\/www.sifcoasc.com\/es?s={search_term_string}"},"query-input":{"@type":"PropertyValueSpecification","valueRequired":true,"valueName":"search_term_string"}}],"inLanguage":"es"}]}},"featured_image_src":null,"featured_image_src_square":null,"_links":{"self":[{"href":"https:\/\/www.sifcoasc.com\/es\/wp-json\/wp\/v2\/pages\/9721","targetHints":{"allow":["GET"]}}],"collection":[{"href":"https:\/\/www.sifcoasc.com\/es\/wp-json\/wp\/v2\/pages"}],"about":[{"href":"https:\/\/www.sifcoasc.com\/es\/wp-json\/wp\/v2\/types\/page"}],"author":[{"embeddable":true,"href":"https:\/\/www.sifcoasc.com\/es\/wp-json\/wp\/v2\/users\/18"}],"replies":[{"embeddable":true,"href":"https:\/\/www.sifcoasc.com\/es\/wp-json\/wp\/v2\/comments?post=9721"}],"version-history":[{"count":0,"href":"https:\/\/www.sifcoasc.com\/es\/wp-json\/wp\/v2\/pages\/9721\/revisions"}],"wp:attachment":[{"href":"https:\/\/www.sifcoasc.com\/es\/wp-json\/wp\/v2\/media?parent=9721"}],"curies":[{"name":"wp","href":"https:\/\/api.w.org\/{rel}","templated":true}]}}