{"id":9743,"date":"2022-07-14T15:29:54","date_gmt":"2022-07-14T15:29:54","guid":{"rendered":"https:\/\/www.sifcoasc.com\/finalidad-de-la-fianza\/"},"modified":"2022-08-24T05:49:45","modified_gmt":"2022-08-24T05:49:45","slug":"finalidad-de-la-fianza","status":"publish","type":"page","link":"https:\/\/www.sifcoasc.com\/es\/finalidad-de-la-fianza","title":{"rendered":"Finalidad de la fianza"},"content":{"rendered":"<p class=\"emph\">SIFCO ASC ofrece m\u00e1s de 50 soluciones para satisfacer numerosas aplicaciones de revestimiento selectivo. Los principales dep\u00f3sitos se enumeran a continuaci\u00f3n y est\u00e1n disponibles en varias qu\u00edmicas para satisfacer los requisitos espec\u00edficos de la aplicaci\u00f3n o del dep\u00f3sito.<\/p>\n","protected":false},"excerpt":{"rendered":"<p>SIFCO ASC ofrece m\u00e1s de 50 soluciones para satisfacer numerosas aplicaciones de revestimiento selectivo. Los principales dep\u00f3sitos se enumeran a continuaci\u00f3n y est\u00e1n disponibles en varias qu\u00edmicas para satisfacer los requisitos espec\u00edficos de la aplicaci\u00f3n o del dep\u00f3sito.<\/p>\n","protected":false},"author":18,"featured_media":0,"parent":0,"menu_order":0,"comment_status":"closed","ping_status":"closed","template":"","meta":{"_acf_changed":false,"inline_featured_image":false,"footnotes":""},"class_list":["post-9743","page","type-page","status-publish","hentry"],"acf":[],"yoast_head":"<!-- This site is optimized with the Yoast SEO plugin v27.6 - https:\/\/yoast.com\/product\/yoast-seo-wordpress\/ -->\n<title>SIFCO ASC : Objeto del dep\u00f3sito<\/title>\n<meta name=\"description\" content=\"El cepillado se utiliza en una gran variedad de componentes en muchos sectores diferentes, como el aeroespacial, la generaci\u00f3n de energ\u00eda, el petr\u00f3leo y el gas, el militar, el naval y la industria en general.\" \/>\n<meta name=\"robots\" content=\"index, follow, max-snippet:-1, max-image-preview:large, max-video-preview:-1\" \/>\n<link rel=\"canonical\" href=\"https:\/\/www.sifcoasc.com\/es\/finalidad-de-la-fianza\" \/>\n<meta property=\"og:locale\" content=\"es_ES\" \/>\n<meta property=\"og:type\" content=\"article\" \/>\n<meta property=\"og:title\" content=\"SIFCO ASC : Objeto del dep\u00f3sito\" \/>\n<meta property=\"og:description\" content=\"El cepillado se utiliza en una gran variedad de componentes en muchos sectores diferentes, como el aeroespacial, la generaci\u00f3n de energ\u00eda, el petr\u00f3leo y el gas, el militar, el naval y la industria en general.\" \/>\n<meta property=\"og:url\" content=\"https:\/\/www.sifcoasc.com\/es\/finalidad-de-la-fianza\" \/>\n<meta property=\"og:site_name\" content=\"SIFCO Applied Surface Concepts\" \/>\n<meta property=\"article:modified_time\" content=\"2022-08-24T05:49:45+00:00\" \/>\n<script type=\"application\/ld+json\" class=\"yoast-schema-graph\">{\"@context\":\"https:\\\/\\\/schema.org\",\"@graph\":[{\"@type\":\"WebPage\",\"@id\":\"https:\\\/\\\/www.sifcoasc.com\\\/es\\\/finalidad-de-la-fianza\",\"url\":\"https:\\\/\\\/www.sifcoasc.com\\\/es\\\/finalidad-de-la-fianza\",\"name\":\"SIFCO ASC : Objeto del dep\u00f3sito\",\"isPartOf\":{\"@id\":\"https:\\\/\\\/www.sifcoasc.com\\\/es#website\"},\"datePublished\":\"2022-07-14T15:29:54+00:00\",\"dateModified\":\"2022-08-24T05:49:45+00:00\",\"description\":\"El cepillado se utiliza en una gran variedad de componentes en muchos sectores diferentes, como el aeroespacial, la generaci\u00f3n de energ\u00eda, el petr\u00f3leo y el gas, el militar, el naval y la industria en general.\",\"breadcrumb\":{\"@id\":\"https:\\\/\\\/www.sifcoasc.com\\\/es\\\/finalidad-de-la-fianza#breadcrumb\"},\"inLanguage\":\"es\",\"potentialAction\":[{\"@type\":\"ReadAction\",\"target\":[\"https:\\\/\\\/www.sifcoasc.com\\\/es\\\/finalidad-de-la-fianza\"]}]},{\"@type\":\"BreadcrumbList\",\"@id\":\"https:\\\/\\\/www.sifcoasc.com\\\/es\\\/finalidad-de-la-fianza#breadcrumb\",\"itemListElement\":[{\"@type\":\"ListItem\",\"position\":1,\"name\":\"Home\",\"item\":\"https:\\\/\\\/www.sifcoasc.com\\\/es\"},{\"@type\":\"ListItem\",\"position\":2,\"name\":\"Finalidad de la fianza\"}]},{\"@type\":\"WebSite\",\"@id\":\"https:\\\/\\\/www.sifcoasc.com\\\/es#website\",\"url\":\"https:\\\/\\\/www.sifcoasc.com\\\/es\",\"name\":\"SIFCO Applied Surface Concepts\",\"description\":\"\",\"potentialAction\":[{\"@type\":\"SearchAction\",\"target\":{\"@type\":\"EntryPoint\",\"urlTemplate\":\"https:\\\/\\\/www.sifcoasc.com\\\/es?s={search_term_string}\"},\"query-input\":{\"@type\":\"PropertyValueSpecification\",\"valueRequired\":true,\"valueName\":\"search_term_string\"}}],\"inLanguage\":\"es\"}]}<\/script>\n<!-- \/ Yoast SEO plugin. -->","yoast_head_json":{"title":"SIFCO ASC : Objeto del dep\u00f3sito","description":"El cepillado se utiliza en una gran variedad de componentes en muchos sectores diferentes, como el aeroespacial, la generaci\u00f3n de energ\u00eda, el petr\u00f3leo y el gas, el militar, el naval y la industria en general.","robots":{"index":"index","follow":"follow","max-snippet":"max-snippet:-1","max-image-preview":"max-image-preview:large","max-video-preview":"max-video-preview:-1"},"canonical":"https:\/\/www.sifcoasc.com\/es\/finalidad-de-la-fianza","og_locale":"es_ES","og_type":"article","og_title":"SIFCO ASC : Objeto del dep\u00f3sito","og_description":"El cepillado se utiliza en una gran variedad de componentes en muchos sectores diferentes, como el aeroespacial, la generaci\u00f3n de energ\u00eda, el petr\u00f3leo y el gas, el militar, el naval y la industria en general.","og_url":"https:\/\/www.sifcoasc.com\/es\/finalidad-de-la-fianza","og_site_name":"SIFCO Applied Surface Concepts","article_modified_time":"2022-08-24T05:49:45+00:00","schema":{"@context":"https:\/\/schema.org","@graph":[{"@type":"WebPage","@id":"https:\/\/www.sifcoasc.com\/es\/finalidad-de-la-fianza","url":"https:\/\/www.sifcoasc.com\/es\/finalidad-de-la-fianza","name":"SIFCO ASC : Objeto del dep\u00f3sito","isPartOf":{"@id":"https:\/\/www.sifcoasc.com\/es#website"},"datePublished":"2022-07-14T15:29:54+00:00","dateModified":"2022-08-24T05:49:45+00:00","description":"El cepillado se utiliza en una gran variedad de componentes en muchos sectores diferentes, como el aeroespacial, la generaci\u00f3n de energ\u00eda, el petr\u00f3leo y el gas, el militar, el naval y la industria en general.","breadcrumb":{"@id":"https:\/\/www.sifcoasc.com\/es\/finalidad-de-la-fianza#breadcrumb"},"inLanguage":"es","potentialAction":[{"@type":"ReadAction","target":["https:\/\/www.sifcoasc.com\/es\/finalidad-de-la-fianza"]}]},{"@type":"BreadcrumbList","@id":"https:\/\/www.sifcoasc.com\/es\/finalidad-de-la-fianza#breadcrumb","itemListElement":[{"@type":"ListItem","position":1,"name":"Home","item":"https:\/\/www.sifcoasc.com\/es"},{"@type":"ListItem","position":2,"name":"Finalidad de la fianza"}]},{"@type":"WebSite","@id":"https:\/\/www.sifcoasc.com\/es#website","url":"https:\/\/www.sifcoasc.com\/es","name":"SIFCO Applied Surface Concepts","description":"","potentialAction":[{"@type":"SearchAction","target":{"@type":"EntryPoint","urlTemplate":"https:\/\/www.sifcoasc.com\/es?s={search_term_string}"},"query-input":{"@type":"PropertyValueSpecification","valueRequired":true,"valueName":"search_term_string"}}],"inLanguage":"es"}]}},"featured_image_src":null,"featured_image_src_square":null,"_links":{"self":[{"href":"https:\/\/www.sifcoasc.com\/es\/wp-json\/wp\/v2\/pages\/9743","targetHints":{"allow":["GET"]}}],"collection":[{"href":"https:\/\/www.sifcoasc.com\/es\/wp-json\/wp\/v2\/pages"}],"about":[{"href":"https:\/\/www.sifcoasc.com\/es\/wp-json\/wp\/v2\/types\/page"}],"author":[{"embeddable":true,"href":"https:\/\/www.sifcoasc.com\/es\/wp-json\/wp\/v2\/users\/18"}],"replies":[{"embeddable":true,"href":"https:\/\/www.sifcoasc.com\/es\/wp-json\/wp\/v2\/comments?post=9743"}],"version-history":[{"count":0,"href":"https:\/\/www.sifcoasc.com\/es\/wp-json\/wp\/v2\/pages\/9743\/revisions"}],"wp:attachment":[{"href":"https:\/\/www.sifcoasc.com\/es\/wp-json\/wp\/v2\/media?parent=9743"}],"curies":[{"name":"wp","href":"https:\/\/api.w.org\/{rel}","templated":true}]}}