{"id":9758,"date":"2022-07-14T15:30:13","date_gmt":"2022-07-14T15:30:13","guid":{"rendered":"https:\/\/www.sifcoasc.com\/petroleo-y-gas\/"},"modified":"2022-08-23T06:34:32","modified_gmt":"2022-08-23T06:34:32","slug":"petroleo-y-gas","status":"publish","type":"page","link":"https:\/\/www.sifcoasc.com\/es\/petroleo-y-gas","title":{"rendered":"Petr\u00f3leo y gas"},"content":{"rendered":"<h2>Recubrimiento selectivo para equipos de perforaci\u00f3n de petr\u00f3leo y gas<\/h2>\n<p><img loading=\"lazy\" decoding=\"async\" class=\" wp-image-2267 alignright\" title=\"Petr\u00f3leo y gas  \" src=\"\/wp-content\/uploads\/img3.png\" alt=\"Petr\u00f3leo y gas  \" width=\"501\" height=\"301\" srcset=\"https:\/\/www.sifcoasc.com\/wp-content\/uploads\/img3.png 581w, https:\/\/www.sifcoasc.com\/wp-content\/uploads\/img3-500x300.png 500w\" sizes=\"auto, (max-width: 709px) 85vw, (max-width: 909px) 67vw, (max-width: 1362px) 62vw, 840px\" \/><\/p>\n<p class=\"emph\">SIFCO ASC ha servido al mercado del petr\u00f3leo y el gas durante m\u00e1s de 50 a\u00f1os con productos de revestimiento selectivo y servicios de taller. Nuestro equipo tiene experiencia en la reparaci\u00f3n de equipos y en la mejora de componentes OEM.<\/p>\n<p><strong>El Proceso SIFCO\u00ae es el m\u00e9todo port\u00e1til l\u00edder para la galvanoplastia de \u00e1reas localizadas sin el uso de un tanque de inmersi\u00f3n. Se utiliza principalmente para mejorar las superficies de los componentes OEM, para reparaciones permanentes y para recuperar piezas desgastadas o mal mecanizadas en la industria del petr\u00f3leo y el gas.<\/strong><\/p>\n<p class=\"text-aligncenter\">\n","protected":false},"excerpt":{"rendered":"<p>Recubrimiento selectivo para equipos de perforaci\u00f3n de petr\u00f3leo y gas SIFCO ASC ha servido al mercado del petr\u00f3leo y el gas durante m\u00e1s de 50 a\u00f1os con productos de revestimiento selectivo y servicios de taller. Nuestro equipo tiene experiencia en la reparaci\u00f3n de equipos y en la mejora de componentes OEM. El Proceso SIFCO\u00ae es [&hellip;]<\/p>\n","protected":false},"author":18,"featured_media":0,"parent":0,"menu_order":0,"comment_status":"closed","ping_status":"closed","template":"","meta":{"_acf_changed":false,"inline_featured_image":false,"footnotes":""},"class_list":["post-9758","page","type-page","status-publish","hentry"],"acf":[],"yoast_head":"<!-- This site is optimized with the Yoast SEO plugin v27.6 - https:\/\/yoast.com\/product\/yoast-seo-wordpress\/ -->\n<title>Recubrimiento selectivo para equipos de perforaci\u00f3n de petr\u00f3leo y gas | SIFCO ASC<\/title>\n<meta name=\"description\" content=\"El Proceso SIFCO\u00ae es un m\u00e9todo de chapado selectivo para equipos de perforaci\u00f3n de petr\u00f3leo y gas. Si desea m\u00e1s informaci\u00f3n sobre nuestros servicios de revestimiento con cepillos, p\u00f3ngase en contacto con nosotros.\" \/>\n<meta name=\"robots\" content=\"index, follow, max-snippet:-1, max-image-preview:large, max-video-preview:-1\" \/>\n<link rel=\"canonical\" href=\"https:\/\/www.sifcoasc.com\/es\/petroleo-y-gas\" \/>\n<meta property=\"og:locale\" content=\"es_ES\" \/>\n<meta property=\"og:type\" content=\"article\" \/>\n<meta property=\"og:title\" content=\"Recubrimiento selectivo para equipos de perforaci\u00f3n de petr\u00f3leo y gas | SIFCO ASC\" \/>\n<meta property=\"og:description\" content=\"El Proceso SIFCO\u00ae es un m\u00e9todo de chapado selectivo para equipos de perforaci\u00f3n de petr\u00f3leo y gas. Si desea m\u00e1s informaci\u00f3n sobre nuestros servicios de revestimiento con cepillos, p\u00f3ngase en contacto con nosotros.\" \/>\n<meta property=\"og:url\" content=\"https:\/\/www.sifcoasc.com\/es\/petroleo-y-gas\" \/>\n<meta property=\"og:site_name\" content=\"SIFCO Applied Surface Concepts\" \/>\n<meta property=\"article:modified_time\" content=\"2022-08-23T06:34:32+00:00\" \/>\n<meta name=\"twitter:label1\" content=\"Est. reading time\" \/>\n\t<meta name=\"twitter:data1\" content=\"1 minuto\" \/>\n<script type=\"application\/ld+json\" class=\"yoast-schema-graph\">{\"@context\":\"https:\\\/\\\/schema.org\",\"@graph\":[{\"@type\":\"WebPage\",\"@id\":\"https:\\\/\\\/www.sifcoasc.com\\\/es\\\/petroleo-y-gas\",\"url\":\"https:\\\/\\\/www.sifcoasc.com\\\/es\\\/petroleo-y-gas\",\"name\":\"Recubrimiento selectivo para equipos de perforaci\u00f3n de petr\u00f3leo y gas | SIFCO ASC\",\"isPartOf\":{\"@id\":\"https:\\\/\\\/www.sifcoasc.com\\\/es#website\"},\"datePublished\":\"2022-07-14T15:30:13+00:00\",\"dateModified\":\"2022-08-23T06:34:32+00:00\",\"description\":\"El Proceso SIFCO\u00ae es un m\u00e9todo de chapado selectivo para equipos de perforaci\u00f3n de petr\u00f3leo y gas. Si desea m\u00e1s informaci\u00f3n sobre nuestros servicios de revestimiento con cepillos, p\u00f3ngase en contacto con nosotros.\",\"breadcrumb\":{\"@id\":\"https:\\\/\\\/www.sifcoasc.com\\\/es\\\/petroleo-y-gas#breadcrumb\"},\"inLanguage\":\"es\",\"potentialAction\":[{\"@type\":\"ReadAction\",\"target\":[\"https:\\\/\\\/www.sifcoasc.com\\\/es\\\/petroleo-y-gas\"]}]},{\"@type\":\"BreadcrumbList\",\"@id\":\"https:\\\/\\\/www.sifcoasc.com\\\/es\\\/petroleo-y-gas#breadcrumb\",\"itemListElement\":[{\"@type\":\"ListItem\",\"position\":1,\"name\":\"Home\",\"item\":\"https:\\\/\\\/www.sifcoasc.com\\\/es\"},{\"@type\":\"ListItem\",\"position\":2,\"name\":\"Petr\u00f3leo y gas\"}]},{\"@type\":\"WebSite\",\"@id\":\"https:\\\/\\\/www.sifcoasc.com\\\/es#website\",\"url\":\"https:\\\/\\\/www.sifcoasc.com\\\/es\",\"name\":\"SIFCO Applied Surface Concepts\",\"description\":\"\",\"potentialAction\":[{\"@type\":\"SearchAction\",\"target\":{\"@type\":\"EntryPoint\",\"urlTemplate\":\"https:\\\/\\\/www.sifcoasc.com\\\/es?s={search_term_string}\"},\"query-input\":{\"@type\":\"PropertyValueSpecification\",\"valueRequired\":true,\"valueName\":\"search_term_string\"}}],\"inLanguage\":\"es\"}]}<\/script>\n<!-- \/ Yoast SEO plugin. -->","yoast_head_json":{"title":"Recubrimiento selectivo para equipos de perforaci\u00f3n de petr\u00f3leo y gas | SIFCO ASC","description":"El Proceso SIFCO\u00ae es un m\u00e9todo de chapado selectivo para equipos de perforaci\u00f3n de petr\u00f3leo y gas. Si desea m\u00e1s informaci\u00f3n sobre nuestros servicios de revestimiento con cepillos, p\u00f3ngase en contacto con nosotros.","robots":{"index":"index","follow":"follow","max-snippet":"max-snippet:-1","max-image-preview":"max-image-preview:large","max-video-preview":"max-video-preview:-1"},"canonical":"https:\/\/www.sifcoasc.com\/es\/petroleo-y-gas","og_locale":"es_ES","og_type":"article","og_title":"Recubrimiento selectivo para equipos de perforaci\u00f3n de petr\u00f3leo y gas | SIFCO ASC","og_description":"El Proceso SIFCO\u00ae es un m\u00e9todo de chapado selectivo para equipos de perforaci\u00f3n de petr\u00f3leo y gas. Si desea m\u00e1s informaci\u00f3n sobre nuestros servicios de revestimiento con cepillos, p\u00f3ngase en contacto con nosotros.","og_url":"https:\/\/www.sifcoasc.com\/es\/petroleo-y-gas","og_site_name":"SIFCO Applied Surface Concepts","article_modified_time":"2022-08-23T06:34:32+00:00","twitter_misc":{"Est. reading time":"1 minuto"},"schema":{"@context":"https:\/\/schema.org","@graph":[{"@type":"WebPage","@id":"https:\/\/www.sifcoasc.com\/es\/petroleo-y-gas","url":"https:\/\/www.sifcoasc.com\/es\/petroleo-y-gas","name":"Recubrimiento selectivo para equipos de perforaci\u00f3n de petr\u00f3leo y gas | SIFCO ASC","isPartOf":{"@id":"https:\/\/www.sifcoasc.com\/es#website"},"datePublished":"2022-07-14T15:30:13+00:00","dateModified":"2022-08-23T06:34:32+00:00","description":"El Proceso SIFCO\u00ae es un m\u00e9todo de chapado selectivo para equipos de perforaci\u00f3n de petr\u00f3leo y gas. Si desea m\u00e1s informaci\u00f3n sobre nuestros servicios de revestimiento con cepillos, p\u00f3ngase en contacto con nosotros.","breadcrumb":{"@id":"https:\/\/www.sifcoasc.com\/es\/petroleo-y-gas#breadcrumb"},"inLanguage":"es","potentialAction":[{"@type":"ReadAction","target":["https:\/\/www.sifcoasc.com\/es\/petroleo-y-gas"]}]},{"@type":"BreadcrumbList","@id":"https:\/\/www.sifcoasc.com\/es\/petroleo-y-gas#breadcrumb","itemListElement":[{"@type":"ListItem","position":1,"name":"Home","item":"https:\/\/www.sifcoasc.com\/es"},{"@type":"ListItem","position":2,"name":"Petr\u00f3leo y gas"}]},{"@type":"WebSite","@id":"https:\/\/www.sifcoasc.com\/es#website","url":"https:\/\/www.sifcoasc.com\/es","name":"SIFCO Applied Surface Concepts","description":"","potentialAction":[{"@type":"SearchAction","target":{"@type":"EntryPoint","urlTemplate":"https:\/\/www.sifcoasc.com\/es?s={search_term_string}"},"query-input":{"@type":"PropertyValueSpecification","valueRequired":true,"valueName":"search_term_string"}}],"inLanguage":"es"}]}},"featured_image_src":null,"featured_image_src_square":null,"_links":{"self":[{"href":"https:\/\/www.sifcoasc.com\/es\/wp-json\/wp\/v2\/pages\/9758","targetHints":{"allow":["GET"]}}],"collection":[{"href":"https:\/\/www.sifcoasc.com\/es\/wp-json\/wp\/v2\/pages"}],"about":[{"href":"https:\/\/www.sifcoasc.com\/es\/wp-json\/wp\/v2\/types\/page"}],"author":[{"embeddable":true,"href":"https:\/\/www.sifcoasc.com\/es\/wp-json\/wp\/v2\/users\/18"}],"replies":[{"embeddable":true,"href":"https:\/\/www.sifcoasc.com\/es\/wp-json\/wp\/v2\/comments?post=9758"}],"version-history":[{"count":0,"href":"https:\/\/www.sifcoasc.com\/es\/wp-json\/wp\/v2\/pages\/9758\/revisions"}],"wp:attachment":[{"href":"https:\/\/www.sifcoasc.com\/es\/wp-json\/wp\/v2\/media?parent=9758"}],"curies":[{"name":"wp","href":"https:\/\/api.w.org\/{rel}","templated":true}]}}