{"id":9763,"date":"2022-07-14T15:30:17","date_gmt":"2022-07-14T15:30:17","guid":{"rendered":"https:\/\/www.sifcoasc.com\/generacion-de-energia\/"},"modified":"2022-08-24T05:27:08","modified_gmt":"2022-08-24T05:27:08","slug":"generacion-de-energia","status":"publish","type":"page","link":"https:\/\/www.sifcoasc.com\/es\/generacion-de-energia","title":{"rendered":"Generaci\u00f3n de energ\u00eda"},"content":{"rendered":"<h2>Revestimiento selectivo para la generaci\u00f3n de energ\u00eda<\/h2>\n<p class=\"emph\"><a class=\"popup-youtube\" href=\"https:\/\/www.youtube.com\/watch?v=hVQamG4rMsk\"><img loading=\"lazy\" decoding=\"async\" width=\"555\" height=\"309\" class=\"size-full wp-image-2264 alignright\" title=\"Generaci\u00f3n de energ\u00eda  \" src=\"\/wp-content\/uploads\/img1-1.png\" alt=\"Generaci\u00f3n de energ\u00eda  \" srcset=\"https:\/\/www.sifcoasc.com\/wp-content\/uploads\/img1-1.png 555w, https:\/\/www.sifcoasc.com\/wp-content\/uploads\/img1-1-500x278.png 500w\" sizes=\"auto, (max-width: 709px) 85vw, (max-width: 909px) 67vw, (max-width: 1362px) 62vw, 840px\" \/><\/a>Los l\u00edderes mundiales de la industria de generaci\u00f3n de energ\u00eda utilizan el revestimiento con cepillos selectivos y los servicios de SIFCO ASC para mejorar y reparar una multitud de componentes de turbinas.<\/p>\n<p><strong>El sector de la generaci\u00f3n de energ\u00eda se enfrenta a numerosos retos operativos y de mantenimiento, como el desgaste de los componentes, la corrosi\u00f3n, el frotamiento y la conductividad. El Proceso SIFCO\u00ae incluye una gama completa de dep\u00f3sitos galv\u00e1nicos que cumplen los exigentes requisitos de ingenier\u00eda para las aplicaciones de turbinas.<\/strong><\/p>\n<p><strong>Las aplicaciones t\u00edpicas de SIFCO ASC en este sector incluyen el plateado de conjuntos de palmeras, bobinas de amortiguadores, cu\u00f1as y tiras de cobre, y el revestimiento de ejes y componentes de motores.<\/strong><\/p>\n<h2><strong>Aplicaciones t\u00edpicas de la galvanoplastia selectiva<\/strong><\/h2>\n<ul>\n<li>Reducci\u00f3n de la resistencia de contacto el\u00e9ctrico<\/li>\n<li>Mejora de la resistencia al desgaste<\/li>\n<li>Mejora de la resistencia a la corrosi\u00f3n<\/li>\n<li>Recubrimientos previos a la soldadura fuerte<\/li>\n<li>Anti-excoriaci\u00f3n<\/li>\n<li>Aumento de la dureza de la superficie<\/li>\n<\/ul>\n","protected":false},"excerpt":{"rendered":"<p>Revestimiento selectivo para la generaci\u00f3n de energ\u00eda Los l\u00edderes mundiales de la industria de generaci\u00f3n de energ\u00eda utilizan el revestimiento con cepillos selectivos y los servicios de SIFCO ASC para mejorar y reparar una multitud de componentes de turbinas. El sector de la generaci\u00f3n de energ\u00eda se enfrenta a numerosos retos operativos y de mantenimiento, [&hellip;]<\/p>\n","protected":false},"author":18,"featured_media":0,"parent":0,"menu_order":0,"comment_status":"closed","ping_status":"closed","template":"","meta":{"_acf_changed":false,"inline_featured_image":false,"footnotes":""},"class_list":["post-9763","page","type-page","status-publish","hentry"],"acf":[],"yoast_head":"<!-- This site is optimized with the Yoast SEO plugin v27.5 - https:\/\/yoast.com\/product\/yoast-seo-wordpress\/ -->\n<title>Generaci\u00f3n de energ\u00eda | Soluciones de revestimiento selectivo | SIFCO ASC<\/title>\n<meta name=\"description\" content=\"El Proceso SIFCO\u00ae es un m\u00e9todo de chapado selectivo para componentes de generadores de energ\u00eda. Si desea m\u00e1s informaci\u00f3n sobre nuestros servicios de revestimiento con cepillos, p\u00f3ngase en contacto con nosotros.\" \/>\n<meta name=\"robots\" content=\"index, follow, max-snippet:-1, max-image-preview:large, max-video-preview:-1\" \/>\n<link rel=\"canonical\" href=\"https:\/\/www.sifcoasc.com\/es\/generacion-de-energia\" \/>\n<meta property=\"og:locale\" content=\"es_ES\" \/>\n<meta property=\"og:type\" content=\"article\" \/>\n<meta property=\"og:title\" content=\"Generaci\u00f3n de energ\u00eda | Soluciones de revestimiento selectivo | SIFCO ASC\" \/>\n<meta property=\"og:description\" content=\"El Proceso SIFCO\u00ae es un m\u00e9todo de chapado selectivo para componentes de generadores de energ\u00eda. Si desea m\u00e1s informaci\u00f3n sobre nuestros servicios de revestimiento con cepillos, p\u00f3ngase en contacto con nosotros.\" \/>\n<meta property=\"og:url\" content=\"https:\/\/www.sifcoasc.com\/es\/generacion-de-energia\" \/>\n<meta property=\"og:site_name\" content=\"SIFCO Applied Surface Concepts\" \/>\n<meta property=\"article:modified_time\" content=\"2022-08-24T05:27:08+00:00\" \/>\n<meta name=\"twitter:label1\" content=\"Est. reading time\" \/>\n\t<meta name=\"twitter:data1\" content=\"1 minuto\" \/>\n<script type=\"application\/ld+json\" class=\"yoast-schema-graph\">{\"@context\":\"https:\\\/\\\/schema.org\",\"@graph\":[{\"@type\":\"WebPage\",\"@id\":\"https:\\\/\\\/www.sifcoasc.com\\\/es\\\/generacion-de-energia\",\"url\":\"https:\\\/\\\/www.sifcoasc.com\\\/es\\\/generacion-de-energia\",\"name\":\"Generaci\u00f3n de energ\u00eda | Soluciones de revestimiento selectivo | SIFCO ASC\",\"isPartOf\":{\"@id\":\"https:\\\/\\\/www.sifcoasc.com\\\/es#website\"},\"datePublished\":\"2022-07-14T15:30:17+00:00\",\"dateModified\":\"2022-08-24T05:27:08+00:00\",\"description\":\"El Proceso SIFCO\u00ae es un m\u00e9todo de chapado selectivo para componentes de generadores de energ\u00eda. Si desea m\u00e1s informaci\u00f3n sobre nuestros servicios de revestimiento con cepillos, p\u00f3ngase en contacto con nosotros.\",\"breadcrumb\":{\"@id\":\"https:\\\/\\\/www.sifcoasc.com\\\/es\\\/generacion-de-energia#breadcrumb\"},\"inLanguage\":\"es\",\"potentialAction\":[{\"@type\":\"ReadAction\",\"target\":[\"https:\\\/\\\/www.sifcoasc.com\\\/es\\\/generacion-de-energia\"]}]},{\"@type\":\"BreadcrumbList\",\"@id\":\"https:\\\/\\\/www.sifcoasc.com\\\/es\\\/generacion-de-energia#breadcrumb\",\"itemListElement\":[{\"@type\":\"ListItem\",\"position\":1,\"name\":\"Home\",\"item\":\"https:\\\/\\\/www.sifcoasc.com\\\/es\"},{\"@type\":\"ListItem\",\"position\":2,\"name\":\"Generaci\u00f3n de energ\u00eda\"}]},{\"@type\":\"WebSite\",\"@id\":\"https:\\\/\\\/www.sifcoasc.com\\\/es#website\",\"url\":\"https:\\\/\\\/www.sifcoasc.com\\\/es\",\"name\":\"SIFCO Applied Surface Concepts\",\"description\":\"\",\"potentialAction\":[{\"@type\":\"SearchAction\",\"target\":{\"@type\":\"EntryPoint\",\"urlTemplate\":\"https:\\\/\\\/www.sifcoasc.com\\\/es?s={search_term_string}\"},\"query-input\":{\"@type\":\"PropertyValueSpecification\",\"valueRequired\":true,\"valueName\":\"search_term_string\"}}],\"inLanguage\":\"es\"}]}<\/script>\n<!-- \/ Yoast SEO plugin. -->","yoast_head_json":{"title":"Generaci\u00f3n de energ\u00eda | Soluciones de revestimiento selectivo | SIFCO ASC","description":"El Proceso SIFCO\u00ae es un m\u00e9todo de chapado selectivo para componentes de generadores de energ\u00eda. Si desea m\u00e1s informaci\u00f3n sobre nuestros servicios de revestimiento con cepillos, p\u00f3ngase en contacto con nosotros.","robots":{"index":"index","follow":"follow","max-snippet":"max-snippet:-1","max-image-preview":"max-image-preview:large","max-video-preview":"max-video-preview:-1"},"canonical":"https:\/\/www.sifcoasc.com\/es\/generacion-de-energia","og_locale":"es_ES","og_type":"article","og_title":"Generaci\u00f3n de energ\u00eda | Soluciones de revestimiento selectivo | SIFCO ASC","og_description":"El Proceso SIFCO\u00ae es un m\u00e9todo de chapado selectivo para componentes de generadores de energ\u00eda. Si desea m\u00e1s informaci\u00f3n sobre nuestros servicios de revestimiento con cepillos, p\u00f3ngase en contacto con nosotros.","og_url":"https:\/\/www.sifcoasc.com\/es\/generacion-de-energia","og_site_name":"SIFCO Applied Surface Concepts","article_modified_time":"2022-08-24T05:27:08+00:00","twitter_misc":{"Est. reading time":"1 minuto"},"schema":{"@context":"https:\/\/schema.org","@graph":[{"@type":"WebPage","@id":"https:\/\/www.sifcoasc.com\/es\/generacion-de-energia","url":"https:\/\/www.sifcoasc.com\/es\/generacion-de-energia","name":"Generaci\u00f3n de energ\u00eda | Soluciones de revestimiento selectivo | SIFCO ASC","isPartOf":{"@id":"https:\/\/www.sifcoasc.com\/es#website"},"datePublished":"2022-07-14T15:30:17+00:00","dateModified":"2022-08-24T05:27:08+00:00","description":"El Proceso SIFCO\u00ae es un m\u00e9todo de chapado selectivo para componentes de generadores de energ\u00eda. Si desea m\u00e1s informaci\u00f3n sobre nuestros servicios de revestimiento con cepillos, p\u00f3ngase en contacto con nosotros.","breadcrumb":{"@id":"https:\/\/www.sifcoasc.com\/es\/generacion-de-energia#breadcrumb"},"inLanguage":"es","potentialAction":[{"@type":"ReadAction","target":["https:\/\/www.sifcoasc.com\/es\/generacion-de-energia"]}]},{"@type":"BreadcrumbList","@id":"https:\/\/www.sifcoasc.com\/es\/generacion-de-energia#breadcrumb","itemListElement":[{"@type":"ListItem","position":1,"name":"Home","item":"https:\/\/www.sifcoasc.com\/es"},{"@type":"ListItem","position":2,"name":"Generaci\u00f3n de energ\u00eda"}]},{"@type":"WebSite","@id":"https:\/\/www.sifcoasc.com\/es#website","url":"https:\/\/www.sifcoasc.com\/es","name":"SIFCO Applied Surface Concepts","description":"","potentialAction":[{"@type":"SearchAction","target":{"@type":"EntryPoint","urlTemplate":"https:\/\/www.sifcoasc.com\/es?s={search_term_string}"},"query-input":{"@type":"PropertyValueSpecification","valueRequired":true,"valueName":"search_term_string"}}],"inLanguage":"es"}]}},"featured_image_src":null,"featured_image_src_square":null,"_links":{"self":[{"href":"https:\/\/www.sifcoasc.com\/es\/wp-json\/wp\/v2\/pages\/9763","targetHints":{"allow":["GET"]}}],"collection":[{"href":"https:\/\/www.sifcoasc.com\/es\/wp-json\/wp\/v2\/pages"}],"about":[{"href":"https:\/\/www.sifcoasc.com\/es\/wp-json\/wp\/v2\/types\/page"}],"author":[{"embeddable":true,"href":"https:\/\/www.sifcoasc.com\/es\/wp-json\/wp\/v2\/users\/18"}],"replies":[{"embeddable":true,"href":"https:\/\/www.sifcoasc.com\/es\/wp-json\/wp\/v2\/comments?post=9763"}],"version-history":[{"count":0,"href":"https:\/\/www.sifcoasc.com\/es\/wp-json\/wp\/v2\/pages\/9763\/revisions"}],"wp:attachment":[{"href":"https:\/\/www.sifcoasc.com\/es\/wp-json\/wp\/v2\/media?parent=9763"}],"curies":[{"name":"wp","href":"https:\/\/api.w.org\/{rel}","templated":true}]}}