{"id":9785,"date":"2022-07-14T15:30:54","date_gmt":"2022-07-14T15:30:54","guid":{"rendered":"https:\/\/www.sifcoasc.com\/motores-electricos-y-generadores\/"},"modified":"2022-08-23T06:16:10","modified_gmt":"2022-08-23T06:16:10","slug":"motores-electricos-y-generadores","status":"publish","type":"page","link":"https:\/\/www.sifcoasc.com\/es\/motores-electricos-y-generadores","title":{"rendered":"Motores el\u00e9ctricos y generadores"},"content":{"rendered":"<h2>Recubrimiento selectivo para motores el\u00e9ctricos y generadores<\/h2>\n<p class=\"emph\">El Proceso SIFCO\u00ae es muy eficaz para la reparaci\u00f3n de equipos de generaci\u00f3n el\u00e9ctrica.<\/p>\n<p><strong>SIFCO ASC tiene una gran experiencia en el chapado de equipos de motores el\u00e9ctricos y generadores de energ\u00eda. Ideal para componentes de motores desgastados o equipos sometidos a altas temperaturas, fuertes cargas de corriente y contaminantes ambientales, el revestimiento selectivo puede prolongar el ciclo de vida, reducir los costes y mejorar la eficacia de funcionamiento de los motores el\u00e9ctricos y los equipos de generaci\u00f3n de energ\u00eda.<\/strong><\/p>\n<h2>Aplicaciones de motores el\u00e9ctricos y generadores de energ\u00eda para el proceso SIFCO<\/h2>\n<p><span style=\"font-weight: 400;\">Las principales \u00e1reas de aplicaci\u00f3n son la carcasa del cojinete (campana final) y el mu\u00f1\u00f3n del rotor. Las campanas de los extremos, que albergan los rodamientos que soportan ambos extremos del eje del motor, a menudo sufren corrosi\u00f3n por fricci\u00f3n durante el funcionamiento. <\/span><a href=\"\/es\/kits-de-metalizacion-sifco-process\/\"><br \/>\n<span style=\"font-weight: 400;\">El Proceso SIFCO\u00ae<\/span><\/a><span style=\"font-weight: 400;\"> se utiliza para enchapar los orificios a medida con <\/span><a href=\"https:\/\/plating.sifcoasc.com\/item\/preparatory-and-plating-solutions\/plating-solutions-2\/80205015\"><span style=\"font-weight: 400;\">cobre<\/span><\/a><span style=\"font-weight: 400;\">, <\/span><a href=\"https:\/\/plating.sifcoasc.com\/item\/preparatory-and-plating-solutions\/plating-solutions-2\/80209315\"> <span style=\"font-weight: 400;\">esta\u00f1o<\/span><\/a> <span style=\"font-weight: 400;\">or <\/span><a href=\"https:\/\/plating.sifcoasc.com\/item\/preparatory-and-plating-solutions\/plating-solutions-2\/80208515\"><span style=\"font-weight: 400;\">n\u00edquel<\/span><\/a><span style=\"font-weight: 400;\">. El mecanizado de los orificios, antes del revestimiento, generalmente solo es necesario para restablecer la concentricidad.<\/p>\n<p>Recubrir una carcasa de cojinete desgastada puede llevar menos tiempo y ser m\u00e1s eficiente que los m\u00e9todos alternativos, como los procesos de revestimiento o de rociado t\u00e9rmico.<\/p>\n<p>Los motores de CC y los anillos colectores del generador desarrollan pel\u00edculas de \u00f3xido de cobre que reducen la conductividad el\u00e9ctrica y provocan arcos y picaduras, especialmente durante el arranque del motor bloqueado. El da\u00f1o excesivo ocurre en ambientes altamente corrosivos, como en las \u00e1reas de blanqueo de las plantas de pulpa y papel. Revestir 2,5 \u00b5 (0,0001 pulg.) de rodio y luego 1,3 \u00b5 (0,00005 pulg.) de oro en el conmutador reacabado prolonga los intervalos de mantenimiento y la vida \u00fatil.<\/p>\n<h2><strong>Las aplicaciones comunes incluyen: <\/strong><\/h2>\n<ul>\n<li style=\"font-weight: 400;\" aria-level=\"1\"><span style=\"font-weight: 400;\"><a class=\"popup-youtube\" href=\"https:\/\/www.youtube.com\/watch?v=4sH1DGrdtoM\"><img loading=\"lazy\" decoding=\"async\" class=\" wp-image-2269 alignright\" title=\"Recubrimiento selectivo para motores el\u00e9ctricos y generadores \" src=\"\/wp-content\/uploads\/img6.jpg\" alt=\"Recubrimiento selectivo para motores el\u00e9ctricos y generadores \" width=\"536\" height=\"343\" srcset=\"https:\/\/www.sifcoasc.com\/wp-content\/uploads\/img6.jpg 516w, https:\/\/www.sifcoasc.com\/wp-content\/uploads\/img6-500x320.jpg 500w\" sizes=\"auto, (max-width: 709px) 85vw, (max-width: 909px) 67vw, (max-width: 1362px) 62vw, 840px\" \/><\/a>Restauraci\u00f3n Dimensional<\/span><\/li>\n<li style=\"font-weight: 400;\" aria-level=\"1\"><span style=\"font-weight: 400;\">Resistencia al desgaste<\/span><\/li>\n<li style=\"font-weight: 400;\" aria-level=\"1\"><span style=\"font-weight: 400;\">Antideslizante y antideslizante<\/span><\/li>\n<li style=\"font-weight: 400;\" aria-level=\"1\"><span style=\"font-weight: 400;\">Dureza mejorada<\/span><\/li>\n<li style=\"font-weight: 400;\" aria-level=\"1\"><span style=\"font-weight: 400;\">Protecci\u00f3n contra la corrosi\u00f3n<\/span><\/li>\n<li style=\"font-weight: 400;\" aria-level=\"1\"><span style=\"font-weight: 400;\">Reparaciones de defectos\u00a0<\/span><\/li>\n<li style=\"font-weight: 400;\" aria-level=\"1\"><span style=\"font-weight: 400;\">Prebraze<\/span><\/li>\n<\/ul>\n<p><strong>Vea nuestro v\u00eddeo &#8211; Reparaci\u00f3n de motores el\u00e9ctricos<\/strong><\/p>\n<p class=\"emph\">Para obtener m\u00e1s informaci\u00f3n sobre nuestros servicios de revestimiento selectivo, <a href=\"\/es\/contacto\/\">p\u00f3ngase en contacto con nosotros hoy mismo<\/a>.<\/p>\n<\/div>\n<section style=\"background-color: #eee;\">\n<div class=\"inner-wrap\">\n<div class=\"rows-of-2\">\n<div>\n<h2>Recursos relacionados<\/h2>\n<p>SIFCO Applied Surface Concepts es su recurso vital para mejorar, reparar o renovar componentes cr\u00edticos mediante la galvanoplastia selectiva. El Proceso SIFCO\u00ae es el m\u00e9todo l\u00edder para la galvanoplastia selectiva de \u00e1reas localizadas en componentes sin el uso de un tanque de inmersi\u00f3n. Proporcionamos servicios por contrato, soluciones qu\u00edmicas y equipos para la mejora de superficies con el fin de mejorar el rendimiento de los componentes, minimizar el tiempo de inactividad y reducir los costes de fabricaci\u00f3n. Para saber m\u00e1s, elija uno de estos recursos relacionados.<\/p>\n<\/div>\n<div>\n<div class=\"click-expand relatedresource\">\n<h3 class=\"ce-header\" tabindex=\"0\">Productos y servicios<\/h3>\n<div class=\"ce-body\">\n<ul>\n<li><a href=\"https:\/\/plating.sifcoasc.com\/\">Cat\u00e1logo de productos en l\u00ednea<\/a><\/li>\n<li><a href=\"\/\/www.sifcoasc.com\/datasheet-library\/\">Biblioteca de fichas t\u00e9cnicas<\/a><\/li>\n<li><a href=\"\/\/www.sifcoasc.com\/video-library\/\">Videoteca<\/a><\/li>\n<\/ul>\n<\/div>\n<\/div>\n<div class=\"click-expand\">\n<h3 class=\"ce-header\" tabindex=\"0\">Recursos de calidad<\/h3>\n<div class=\"ce-body\">\n<ul>\n<li><a href=\"\/\/www.sifcoasc.com\/quality-accreditations\/\">Acreditaciones de calidad<\/a><\/li>\n<li><a href=\"\/\/www.sifcoasc.com\/industry-specifications\/\">Especificaciones<\/a><\/li>\n<li><a href=\"\/\/www.sifcoasc.com\/restricted-certificates-of-conformance\/\">Certificados de conformidad<\/a><\/li>\n<\/ul>\n<\/div>\n<\/div>\n<div class=\"click-expand\">\n<h3 class=\"ce-header\" tabindex=\"0\">M\u00e1s informaci\u00f3n<\/h3>\n<div class=\"ce-body\">\n<ul>\n<li><a href=\"\/\/www.sifcoasc.com\/what-is-selective-plating\/\">\u00bfQu\u00e9 es la galvanoplastia selectiva?<\/a><\/li>\n<li><a href=\"\/\/www.sifcoasc.com\/meet-the-team\/\">Conozca al equipo<\/a><\/li>\n<li><a href=\"\/\/www.sifcoasc.com\/contact-us\/\">Contacto<\/a><\/li>\n<\/ul>\n<\/div>\n<\/div>\n<\/div>\n<\/div>\n<\/div>\n<\/section>\n","protected":false},"excerpt":{"rendered":"<p>Recubrimiento selectivo para motores el\u00e9ctricos y generadores El Proceso SIFCO\u00ae es muy eficaz para la reparaci\u00f3n de equipos de generaci\u00f3n el\u00e9ctrica. SIFCO ASC tiene una gran experiencia en el chapado de equipos de motores el\u00e9ctricos y generadores de energ\u00eda. Ideal para componentes de motores desgastados o equipos sometidos a altas temperaturas, fuertes cargas de corriente [&hellip;]<\/p>\n","protected":false},"author":18,"featured_media":0,"parent":0,"menu_order":0,"comment_status":"closed","ping_status":"closed","template":"","meta":{"_acf_changed":false,"inline_featured_image":false,"footnotes":""},"class_list":["post-9785","page","type-page","status-publish","hentry"],"acf":[],"yoast_head":"<!-- This site is optimized with the Yoast SEO plugin v27.5 - https:\/\/yoast.com\/product\/yoast-seo-wordpress\/ -->\n<title>Motores el\u00e9ctricos y generadores | Soluciones de revestimiento selectivo | SIFCO ASC<\/title>\n<meta name=\"description\" content=\"El Proceso SIFCO\u00ae es un m\u00e9todo de chapado selectivo para reparar motores el\u00e9ctricos y componentes de cojinetes de generadores. Inf\u00f3rmese sobre nuestros servicios de revestimiento con cepillos.\" \/>\n<meta name=\"robots\" content=\"index, follow, max-snippet:-1, max-image-preview:large, max-video-preview:-1\" \/>\n<link rel=\"canonical\" href=\"https:\/\/www.sifcoasc.com\/es\/motores-electricos-y-generadores\" \/>\n<meta property=\"og:locale\" content=\"es_ES\" \/>\n<meta property=\"og:type\" content=\"article\" \/>\n<meta property=\"og:title\" content=\"Motores el\u00e9ctricos y generadores | Soluciones de revestimiento selectivo | SIFCO ASC\" \/>\n<meta property=\"og:description\" content=\"El Proceso SIFCO\u00ae es un m\u00e9todo de chapado selectivo para reparar motores el\u00e9ctricos y componentes de cojinetes de generadores. Inf\u00f3rmese sobre nuestros servicios de revestimiento con cepillos.\" \/>\n<meta property=\"og:url\" content=\"https:\/\/www.sifcoasc.com\/es\/motores-electricos-y-generadores\" \/>\n<meta property=\"og:site_name\" content=\"SIFCO Applied Surface Concepts\" \/>\n<meta property=\"article:modified_time\" content=\"2022-08-23T06:16:10+00:00\" \/>\n<meta name=\"twitter:label1\" content=\"Est. reading time\" \/>\n\t<meta name=\"twitter:data1\" content=\"2 minutos\" \/>\n<script type=\"application\/ld+json\" class=\"yoast-schema-graph\">{\"@context\":\"https:\\\/\\\/schema.org\",\"@graph\":[{\"@type\":\"WebPage\",\"@id\":\"https:\\\/\\\/www.sifcoasc.com\\\/es\\\/motores-electricos-y-generadores\",\"url\":\"https:\\\/\\\/www.sifcoasc.com\\\/es\\\/motores-electricos-y-generadores\",\"name\":\"Motores el\u00e9ctricos y generadores | Soluciones de revestimiento selectivo | SIFCO ASC\",\"isPartOf\":{\"@id\":\"https:\\\/\\\/www.sifcoasc.com\\\/es#website\"},\"datePublished\":\"2022-07-14T15:30:54+00:00\",\"dateModified\":\"2022-08-23T06:16:10+00:00\",\"description\":\"El Proceso SIFCO\u00ae es un m\u00e9todo de chapado selectivo para reparar motores el\u00e9ctricos y componentes de cojinetes de generadores. Inf\u00f3rmese sobre nuestros servicios de revestimiento con cepillos.\",\"breadcrumb\":{\"@id\":\"https:\\\/\\\/www.sifcoasc.com\\\/es\\\/motores-electricos-y-generadores#breadcrumb\"},\"inLanguage\":\"es\",\"potentialAction\":[{\"@type\":\"ReadAction\",\"target\":[\"https:\\\/\\\/www.sifcoasc.com\\\/es\\\/motores-electricos-y-generadores\"]}]},{\"@type\":\"BreadcrumbList\",\"@id\":\"https:\\\/\\\/www.sifcoasc.com\\\/es\\\/motores-electricos-y-generadores#breadcrumb\",\"itemListElement\":[{\"@type\":\"ListItem\",\"position\":1,\"name\":\"Home\",\"item\":\"https:\\\/\\\/www.sifcoasc.com\\\/es\"},{\"@type\":\"ListItem\",\"position\":2,\"name\":\"Motores el\u00e9ctricos y generadores\"}]},{\"@type\":\"WebSite\",\"@id\":\"https:\\\/\\\/www.sifcoasc.com\\\/es#website\",\"url\":\"https:\\\/\\\/www.sifcoasc.com\\\/es\",\"name\":\"SIFCO Applied Surface Concepts\",\"description\":\"\",\"potentialAction\":[{\"@type\":\"SearchAction\",\"target\":{\"@type\":\"EntryPoint\",\"urlTemplate\":\"https:\\\/\\\/www.sifcoasc.com\\\/es?s={search_term_string}\"},\"query-input\":{\"@type\":\"PropertyValueSpecification\",\"valueRequired\":true,\"valueName\":\"search_term_string\"}}],\"inLanguage\":\"es\"}]}<\/script>\n<!-- \/ Yoast SEO plugin. -->","yoast_head_json":{"title":"Motores el\u00e9ctricos y generadores | Soluciones de revestimiento selectivo | SIFCO ASC","description":"El Proceso SIFCO\u00ae es un m\u00e9todo de chapado selectivo para reparar motores el\u00e9ctricos y componentes de cojinetes de generadores. Inf\u00f3rmese sobre nuestros servicios de revestimiento con cepillos.","robots":{"index":"index","follow":"follow","max-snippet":"max-snippet:-1","max-image-preview":"max-image-preview:large","max-video-preview":"max-video-preview:-1"},"canonical":"https:\/\/www.sifcoasc.com\/es\/motores-electricos-y-generadores","og_locale":"es_ES","og_type":"article","og_title":"Motores el\u00e9ctricos y generadores | Soluciones de revestimiento selectivo | SIFCO ASC","og_description":"El Proceso SIFCO\u00ae es un m\u00e9todo de chapado selectivo para reparar motores el\u00e9ctricos y componentes de cojinetes de generadores. Inf\u00f3rmese sobre nuestros servicios de revestimiento con cepillos.","og_url":"https:\/\/www.sifcoasc.com\/es\/motores-electricos-y-generadores","og_site_name":"SIFCO Applied Surface Concepts","article_modified_time":"2022-08-23T06:16:10+00:00","twitter_misc":{"Est. reading time":"2 minutos"},"schema":{"@context":"https:\/\/schema.org","@graph":[{"@type":"WebPage","@id":"https:\/\/www.sifcoasc.com\/es\/motores-electricos-y-generadores","url":"https:\/\/www.sifcoasc.com\/es\/motores-electricos-y-generadores","name":"Motores el\u00e9ctricos y generadores | Soluciones de revestimiento selectivo | SIFCO ASC","isPartOf":{"@id":"https:\/\/www.sifcoasc.com\/es#website"},"datePublished":"2022-07-14T15:30:54+00:00","dateModified":"2022-08-23T06:16:10+00:00","description":"El Proceso SIFCO\u00ae es un m\u00e9todo de chapado selectivo para reparar motores el\u00e9ctricos y componentes de cojinetes de generadores. Inf\u00f3rmese sobre nuestros servicios de revestimiento con cepillos.","breadcrumb":{"@id":"https:\/\/www.sifcoasc.com\/es\/motores-electricos-y-generadores#breadcrumb"},"inLanguage":"es","potentialAction":[{"@type":"ReadAction","target":["https:\/\/www.sifcoasc.com\/es\/motores-electricos-y-generadores"]}]},{"@type":"BreadcrumbList","@id":"https:\/\/www.sifcoasc.com\/es\/motores-electricos-y-generadores#breadcrumb","itemListElement":[{"@type":"ListItem","position":1,"name":"Home","item":"https:\/\/www.sifcoasc.com\/es"},{"@type":"ListItem","position":2,"name":"Motores el\u00e9ctricos y generadores"}]},{"@type":"WebSite","@id":"https:\/\/www.sifcoasc.com\/es#website","url":"https:\/\/www.sifcoasc.com\/es","name":"SIFCO Applied Surface Concepts","description":"","potentialAction":[{"@type":"SearchAction","target":{"@type":"EntryPoint","urlTemplate":"https:\/\/www.sifcoasc.com\/es?s={search_term_string}"},"query-input":{"@type":"PropertyValueSpecification","valueRequired":true,"valueName":"search_term_string"}}],"inLanguage":"es"}]}},"featured_image_src":null,"featured_image_src_square":null,"_links":{"self":[{"href":"https:\/\/www.sifcoasc.com\/es\/wp-json\/wp\/v2\/pages\/9785","targetHints":{"allow":["GET"]}}],"collection":[{"href":"https:\/\/www.sifcoasc.com\/es\/wp-json\/wp\/v2\/pages"}],"about":[{"href":"https:\/\/www.sifcoasc.com\/es\/wp-json\/wp\/v2\/types\/page"}],"author":[{"embeddable":true,"href":"https:\/\/www.sifcoasc.com\/es\/wp-json\/wp\/v2\/users\/18"}],"replies":[{"embeddable":true,"href":"https:\/\/www.sifcoasc.com\/es\/wp-json\/wp\/v2\/comments?post=9785"}],"version-history":[{"count":0,"href":"https:\/\/www.sifcoasc.com\/es\/wp-json\/wp\/v2\/pages\/9785\/revisions"}],"wp:attachment":[{"href":"https:\/\/www.sifcoasc.com\/es\/wp-json\/wp\/v2\/media?parent=9785"}],"curies":[{"name":"wp","href":"https:\/\/api.w.org\/{rel}","templated":true}]}}