{"id":9788,"date":"2022-07-14T15:30:54","date_gmt":"2022-07-14T15:30:54","guid":{"rendered":"https:\/\/www.sifcoasc.com\/petroquimica\/"},"modified":"2022-08-23T09:02:19","modified_gmt":"2022-08-23T09:02:19","slug":"petroquimica","status":"publish","type":"page","link":"https:\/\/www.sifcoasc.com\/es\/petroquimica","title":{"rendered":"Petroqu\u00edmica"},"content":{"rendered":"<h2>Revestimiento selectivo para el mantenimiento de plantas petroqu\u00edmicas<\/h2>\n<p class=\"emph\">El Proceso SIFCO\u00ae para la galvanoplastia selectiva es \u00fatil para ayudar a las plantas qu\u00edmicas y petroqu\u00edmicas a realizar paradas de mantenimiento r\u00e1pidas, eficaces y rentables.<\/p>\n<p><strong>Al utilizar el Proceso SIFCO\u00ae para el revestimiento selectivo, los ingenieros de mantenimiento y los contratistas generales pueden reparar bombas, motores, bridas, v\u00e1lvulas y otros componentes in situ, aplicando metal a los componentes sin el calor o la distorsi\u00f3n causados por la soldadura o la pulverizaci\u00f3n con llama. Los t\u00e9cnicos pueden chapar a la medida, a menudo sin necesidad de un mecanizado posterior.<\/strong><\/p>\n<h2>Realizaci\u00f3n de reparaciones rentables en plantas petroqu\u00edmicas<\/h2>\n<div class=\"right-image\"><a class=\"lightbox\" href=\"\/wp-content\/uploads\/iStock-485339173-300x200-1.jpg\"><img loading=\"lazy\" decoding=\"async\" width=\"300\" height=\"200\" class=\"alignnone size-full wp-image-1617\" title=\"Revestimiento selectivo para el mantenimiento de plantas petroqu\u00edmicas  \" src=\"\/wp-content\/uploads\/iStock-485339173-300x200-1.jpg\" alt=\"Revestimiento selectivo para el mantenimiento de plantas petroqu\u00edmicas  \"><\/a><\/div>\n<p><span style=\"font-weight: 400;\">Con la restricci\u00f3n mundial del uso de pl\u00e1sticos y el exceso de capacidad de las instalaciones de procesamiento petroqu\u00edmico, los ingenieros deben hacer todo lo posible para reducir la probabilidad de que se produzcan paradas imprevistas que generen p\u00e9rdidas de producci\u00f3n y beneficios. El<\/span> <a href=\"\/es\/kits-de-metalizacion-sifco-process\/\"><span style=\"font-weight: 400;\">SIFCO Process\u00ae<\/span><\/a> es una forma port\u00e1til, eficiente y econ\u00f3mica de realizar reparaciones de tratamiento de superficies y mantenimiento in situ.<\/p>\n<p>Como el Proceso SIFCO \u00ae es totalmente port\u00e1til, es posible el chapado de hasta 100 metales y aleaciones diferentes sin necesidad de utilizar tanques.<\/p>\n","protected":false},"excerpt":{"rendered":"<p>Revestimiento selectivo para el mantenimiento de plantas petroqu\u00edmicas El Proceso SIFCO\u00ae para la galvanoplastia selectiva es \u00fatil para ayudar a las plantas qu\u00edmicas y petroqu\u00edmicas a realizar paradas de mantenimiento r\u00e1pidas, eficaces y rentables. Al utilizar el Proceso SIFCO\u00ae para el revestimiento selectivo, los ingenieros de mantenimiento y los contratistas generales pueden reparar bombas, motores, [&hellip;]<\/p>\n","protected":false},"author":18,"featured_media":0,"parent":0,"menu_order":0,"comment_status":"closed","ping_status":"closed","template":"","meta":{"_acf_changed":false,"inline_featured_image":false,"footnotes":""},"class_list":["post-9788","page","type-page","status-publish","hentry"],"acf":[],"yoast_head":"<!-- This site is optimized with the Yoast SEO plugin v27.4 - https:\/\/yoast.com\/product\/yoast-seo-wordpress\/ -->\n<title>Revestimiento selectivo para el mantenimiento de plantas petroqu\u00edmicas | SIFCO ASC<\/title>\n<meta name=\"description\" content=\"El Proceso SIFCO\u00ae es un m\u00e9todo de revestimiento selectivo para el mantenimiento de plantas petroqu\u00edmicas. Si desea m\u00e1s informaci\u00f3n sobre nuestros servicios de revestimiento con cepillos, p\u00f3ngase en contacto con nosotros.\" \/>\n<meta name=\"robots\" content=\"index, follow, max-snippet:-1, max-image-preview:large, max-video-preview:-1\" \/>\n<link rel=\"canonical\" href=\"https:\/\/www.sifcoasc.com\/es\/petroquimica\" \/>\n<meta property=\"og:locale\" content=\"es_ES\" \/>\n<meta property=\"og:type\" content=\"article\" \/>\n<meta property=\"og:title\" content=\"Revestimiento selectivo para el mantenimiento de plantas petroqu\u00edmicas | SIFCO ASC\" \/>\n<meta property=\"og:description\" content=\"El Proceso SIFCO\u00ae es un m\u00e9todo de revestimiento selectivo para el mantenimiento de plantas petroqu\u00edmicas. Si desea m\u00e1s informaci\u00f3n sobre nuestros servicios de revestimiento con cepillos, p\u00f3ngase en contacto con nosotros.\" \/>\n<meta property=\"og:url\" content=\"https:\/\/www.sifcoasc.com\/es\/petroquimica\" \/>\n<meta property=\"og:site_name\" content=\"SIFCO Applied Surface Concepts\" \/>\n<meta property=\"article:modified_time\" content=\"2022-08-23T09:02:19+00:00\" \/>\n<meta name=\"twitter:label1\" content=\"Est. reading time\" \/>\n\t<meta name=\"twitter:data1\" content=\"1 minuto\" \/>\n<script type=\"application\/ld+json\" class=\"yoast-schema-graph\">{\"@context\":\"https:\\\/\\\/schema.org\",\"@graph\":[{\"@type\":\"WebPage\",\"@id\":\"https:\\\/\\\/www.sifcoasc.com\\\/es\\\/petroquimica\",\"url\":\"https:\\\/\\\/www.sifcoasc.com\\\/es\\\/petroquimica\",\"name\":\"Revestimiento selectivo para el mantenimiento de plantas petroqu\u00edmicas | SIFCO ASC\",\"isPartOf\":{\"@id\":\"https:\\\/\\\/www.sifcoasc.com\\\/es#website\"},\"datePublished\":\"2022-07-14T15:30:54+00:00\",\"dateModified\":\"2022-08-23T09:02:19+00:00\",\"description\":\"El Proceso SIFCO\u00ae es un m\u00e9todo de revestimiento selectivo para el mantenimiento de plantas petroqu\u00edmicas. Si desea m\u00e1s informaci\u00f3n sobre nuestros servicios de revestimiento con cepillos, p\u00f3ngase en contacto con nosotros.\",\"breadcrumb\":{\"@id\":\"https:\\\/\\\/www.sifcoasc.com\\\/es\\\/petroquimica#breadcrumb\"},\"inLanguage\":\"es\",\"potentialAction\":[{\"@type\":\"ReadAction\",\"target\":[\"https:\\\/\\\/www.sifcoasc.com\\\/es\\\/petroquimica\"]}]},{\"@type\":\"BreadcrumbList\",\"@id\":\"https:\\\/\\\/www.sifcoasc.com\\\/es\\\/petroquimica#breadcrumb\",\"itemListElement\":[{\"@type\":\"ListItem\",\"position\":1,\"name\":\"Home\",\"item\":\"https:\\\/\\\/www.sifcoasc.com\\\/es\"},{\"@type\":\"ListItem\",\"position\":2,\"name\":\"Petroqu\u00edmica\"}]},{\"@type\":\"WebSite\",\"@id\":\"https:\\\/\\\/www.sifcoasc.com\\\/es#website\",\"url\":\"https:\\\/\\\/www.sifcoasc.com\\\/es\",\"name\":\"SIFCO Applied Surface Concepts\",\"description\":\"\",\"potentialAction\":[{\"@type\":\"SearchAction\",\"target\":{\"@type\":\"EntryPoint\",\"urlTemplate\":\"https:\\\/\\\/www.sifcoasc.com\\\/es?s={search_term_string}\"},\"query-input\":{\"@type\":\"PropertyValueSpecification\",\"valueRequired\":true,\"valueName\":\"search_term_string\"}}],\"inLanguage\":\"es\"}]}<\/script>\n<!-- \/ Yoast SEO plugin. -->","yoast_head_json":{"title":"Revestimiento selectivo para el mantenimiento de plantas petroqu\u00edmicas | SIFCO ASC","description":"El Proceso SIFCO\u00ae es un m\u00e9todo de revestimiento selectivo para el mantenimiento de plantas petroqu\u00edmicas. Si desea m\u00e1s informaci\u00f3n sobre nuestros servicios de revestimiento con cepillos, p\u00f3ngase en contacto con nosotros.","robots":{"index":"index","follow":"follow","max-snippet":"max-snippet:-1","max-image-preview":"max-image-preview:large","max-video-preview":"max-video-preview:-1"},"canonical":"https:\/\/www.sifcoasc.com\/es\/petroquimica","og_locale":"es_ES","og_type":"article","og_title":"Revestimiento selectivo para el mantenimiento de plantas petroqu\u00edmicas | SIFCO ASC","og_description":"El Proceso SIFCO\u00ae es un m\u00e9todo de revestimiento selectivo para el mantenimiento de plantas petroqu\u00edmicas. Si desea m\u00e1s informaci\u00f3n sobre nuestros servicios de revestimiento con cepillos, p\u00f3ngase en contacto con nosotros.","og_url":"https:\/\/www.sifcoasc.com\/es\/petroquimica","og_site_name":"SIFCO Applied Surface Concepts","article_modified_time":"2022-08-23T09:02:19+00:00","twitter_misc":{"Est. reading time":"1 minuto"},"schema":{"@context":"https:\/\/schema.org","@graph":[{"@type":"WebPage","@id":"https:\/\/www.sifcoasc.com\/es\/petroquimica","url":"https:\/\/www.sifcoasc.com\/es\/petroquimica","name":"Revestimiento selectivo para el mantenimiento de plantas petroqu\u00edmicas | SIFCO ASC","isPartOf":{"@id":"https:\/\/www.sifcoasc.com\/es#website"},"datePublished":"2022-07-14T15:30:54+00:00","dateModified":"2022-08-23T09:02:19+00:00","description":"El Proceso SIFCO\u00ae es un m\u00e9todo de revestimiento selectivo para el mantenimiento de plantas petroqu\u00edmicas. Si desea m\u00e1s informaci\u00f3n sobre nuestros servicios de revestimiento con cepillos, p\u00f3ngase en contacto con nosotros.","breadcrumb":{"@id":"https:\/\/www.sifcoasc.com\/es\/petroquimica#breadcrumb"},"inLanguage":"es","potentialAction":[{"@type":"ReadAction","target":["https:\/\/www.sifcoasc.com\/es\/petroquimica"]}]},{"@type":"BreadcrumbList","@id":"https:\/\/www.sifcoasc.com\/es\/petroquimica#breadcrumb","itemListElement":[{"@type":"ListItem","position":1,"name":"Home","item":"https:\/\/www.sifcoasc.com\/es"},{"@type":"ListItem","position":2,"name":"Petroqu\u00edmica"}]},{"@type":"WebSite","@id":"https:\/\/www.sifcoasc.com\/es#website","url":"https:\/\/www.sifcoasc.com\/es","name":"SIFCO Applied Surface Concepts","description":"","potentialAction":[{"@type":"SearchAction","target":{"@type":"EntryPoint","urlTemplate":"https:\/\/www.sifcoasc.com\/es?s={search_term_string}"},"query-input":{"@type":"PropertyValueSpecification","valueRequired":true,"valueName":"search_term_string"}}],"inLanguage":"es"}]}},"featured_image_src":null,"featured_image_src_square":null,"_links":{"self":[{"href":"https:\/\/www.sifcoasc.com\/es\/wp-json\/wp\/v2\/pages\/9788","targetHints":{"allow":["GET"]}}],"collection":[{"href":"https:\/\/www.sifcoasc.com\/es\/wp-json\/wp\/v2\/pages"}],"about":[{"href":"https:\/\/www.sifcoasc.com\/es\/wp-json\/wp\/v2\/types\/page"}],"author":[{"embeddable":true,"href":"https:\/\/www.sifcoasc.com\/es\/wp-json\/wp\/v2\/users\/18"}],"replies":[{"embeddable":true,"href":"https:\/\/www.sifcoasc.com\/es\/wp-json\/wp\/v2\/comments?post=9788"}],"version-history":[{"count":0,"href":"https:\/\/www.sifcoasc.com\/es\/wp-json\/wp\/v2\/pages\/9788\/revisions"}],"wp:attachment":[{"href":"https:\/\/www.sifcoasc.com\/es\/wp-json\/wp\/v2\/media?parent=9788"}],"curies":[{"name":"wp","href":"https:\/\/api.w.org\/{rel}","templated":true}]}}