{"id":9804,"date":"2022-07-14T15:31:06","date_gmt":"2022-07-14T15:31:06","guid":{"rendered":"https:\/\/www.sifcoasc.com\/impresion\/"},"modified":"2023-02-06T09:37:04","modified_gmt":"2023-02-06T09:37:04","slug":"impresion","status":"publish","type":"page","link":"https:\/\/www.sifcoasc.com\/es\/impresion","title":{"rendered":"Impresi\u00f3n"},"content":{"rendered":"<h2>Recubrimiento selectivo para la industria gr\u00e1fica<\/h2>\n<p class=\"emph\">SIFCO ASC tiene muchos a\u00f1os de experiencia ayudando a la industria de la impresi\u00f3n a eliminar los costosos tiempos de inactividad.  <\/p>\n<p><strong>Las principales aplicaciones del metalizado selectivo para la industria de la impresi\u00f3n incluyen el relleno de zonas da\u00f1adas o desgastadas en acero inoxidable, hierro, offset de bobina o cilindros de prensas flexogr\u00e1ficas. Tambi\u00e9n incluyen el relleno de placas de cromo porosas o cilindros de manta de acero da\u00f1ados.<\/strong><\/p>\n<p><strong>Repare el desgaste y los da\u00f1os con el SIFCO Process\u00ae.<\/strong><\/p>\n<p>Un cilindro de impresi\u00f3n con desplazamiento de banda de acero inoxidable de 2,4 m (8\u2032) de di\u00e1metro x 2,4 m (8\u2032) de longitud fue da\u00f1ado por una llave inglesa. Un \u00e1rea de 76mm (3\u2033) de largo fue presionada en casi 2mm (0,080\u2033). Este defecto se ha eliminado y se ha rellenado con varias capas de cobre. A continuaci\u00f3n, las superficies de cobre y de acero inoxidable adyacentes se chaparon con n\u00edquel y se rectificaron hasta conseguir el acabado y el tama\u00f1o de superficie requeridos.<\/p>\n<p>Los rodillos de impresi\u00f3n calcogr\u00e1fica funcionan a altas presiones de impresi\u00f3n. Est\u00e1n chapados con aproximadamente 1,5 mm (0,060\u2033) de cromo para obtener la mejor superficie posible. Las picaduras aisladas en el cromo, apenas visibles a simple vista, eran motivo de rechazo. Estas picaduras variaban de 12 a 38 micras (0,005\u2033 a 0,015\u2033) de di\u00e1metro. Se aplic\u00f3 un dep\u00f3sito de cobre, seguido de una capa de cobalto que hac\u00eda juego con el cromo.<\/p>\n<p>El SIFCO Process\u00ae es adecuado para reparar cualquier desgaste general en servicio, as\u00ed como cilindros de placa y manta da\u00f1ados y cualquier imperfecci\u00f3n en el material base.<\/p>\n","protected":false},"excerpt":{"rendered":"<p>Recubrimiento selectivo para la industria gr\u00e1fica SIFCO ASC tiene muchos a\u00f1os de experiencia ayudando a la industria de la impresi\u00f3n a eliminar los costosos tiempos de inactividad. Las principales aplicaciones del metalizado selectivo para la industria de la impresi\u00f3n incluyen el relleno de zonas da\u00f1adas o desgastadas en acero inoxidable, hierro, offset de bobina o [&hellip;]<\/p>\n","protected":false},"author":18,"featured_media":0,"parent":0,"menu_order":0,"comment_status":"closed","ping_status":"closed","template":"","meta":{"_acf_changed":false,"inline_featured_image":false,"footnotes":""},"class_list":["post-9804","page","type-page","status-publish","hentry"],"acf":[],"yoast_head":"<!-- This site is optimized with the Yoast SEO plugin v27.3 - https:\/\/yoast.com\/product\/yoast-seo-wordpress\/ -->\n<title>SIFCO ASC : Recubrimiento selectivo para la industria gr\u00e1fica<\/title>\n<meta name=\"description\" content=\"Utilice el SIFCO Process\u00ae para reparar in situ los rodillos de succi\u00f3n, los rodillos de secado, las bombas, los motores el\u00e9ctricos y las superficies de los cojinetes.\" \/>\n<meta name=\"robots\" content=\"index, follow, max-snippet:-1, max-image-preview:large, max-video-preview:-1\" \/>\n<link rel=\"canonical\" href=\"https:\/\/www.sifcoasc.com\/es\/impresion\" \/>\n<meta property=\"og:locale\" content=\"es_ES\" \/>\n<meta property=\"og:type\" content=\"article\" \/>\n<meta property=\"og:title\" content=\"SIFCO ASC : Recubrimiento selectivo para la industria gr\u00e1fica\" \/>\n<meta property=\"og:description\" content=\"Utilice el SIFCO Process\u00ae para reparar in situ los rodillos de succi\u00f3n, los rodillos de secado, las bombas, los motores el\u00e9ctricos y las superficies de los cojinetes.\" \/>\n<meta property=\"og:url\" content=\"https:\/\/www.sifcoasc.com\/es\/impresion\" \/>\n<meta property=\"og:site_name\" content=\"SIFCO Applied Surface Concepts\" \/>\n<meta property=\"article:modified_time\" content=\"2023-02-06T09:37:04+00:00\" \/>\n<meta name=\"twitter:label1\" content=\"Est. reading time\" \/>\n\t<meta name=\"twitter:data1\" content=\"1 minuto\" \/>\n<script type=\"application\/ld+json\" class=\"yoast-schema-graph\">{\"@context\":\"https:\\\/\\\/schema.org\",\"@graph\":[{\"@type\":\"WebPage\",\"@id\":\"https:\\\/\\\/www.sifcoasc.com\\\/es\\\/impresion\",\"url\":\"https:\\\/\\\/www.sifcoasc.com\\\/es\\\/impresion\",\"name\":\"SIFCO ASC : Recubrimiento selectivo para la industria gr\u00e1fica\",\"isPartOf\":{\"@id\":\"https:\\\/\\\/www.sifcoasc.com\\\/es#website\"},\"datePublished\":\"2022-07-14T15:31:06+00:00\",\"dateModified\":\"2023-02-06T09:37:04+00:00\",\"description\":\"Utilice el SIFCO Process\u00ae para reparar in situ los rodillos de succi\u00f3n, los rodillos de secado, las bombas, los motores el\u00e9ctricos y las superficies de los cojinetes.\",\"breadcrumb\":{\"@id\":\"https:\\\/\\\/www.sifcoasc.com\\\/es\\\/impresion#breadcrumb\"},\"inLanguage\":\"es\",\"potentialAction\":[{\"@type\":\"ReadAction\",\"target\":[\"https:\\\/\\\/www.sifcoasc.com\\\/es\\\/impresion\"]}]},{\"@type\":\"BreadcrumbList\",\"@id\":\"https:\\\/\\\/www.sifcoasc.com\\\/es\\\/impresion#breadcrumb\",\"itemListElement\":[{\"@type\":\"ListItem\",\"position\":1,\"name\":\"Home\",\"item\":\"https:\\\/\\\/www.sifcoasc.com\\\/es\"},{\"@type\":\"ListItem\",\"position\":2,\"name\":\"Impresi\u00f3n\"}]},{\"@type\":\"WebSite\",\"@id\":\"https:\\\/\\\/www.sifcoasc.com\\\/es#website\",\"url\":\"https:\\\/\\\/www.sifcoasc.com\\\/es\",\"name\":\"SIFCO Applied Surface Concepts\",\"description\":\"\",\"potentialAction\":[{\"@type\":\"SearchAction\",\"target\":{\"@type\":\"EntryPoint\",\"urlTemplate\":\"https:\\\/\\\/www.sifcoasc.com\\\/es?s={search_term_string}\"},\"query-input\":{\"@type\":\"PropertyValueSpecification\",\"valueRequired\":true,\"valueName\":\"search_term_string\"}}],\"inLanguage\":\"es\"}]}<\/script>\n<!-- \/ Yoast SEO plugin. -->","yoast_head_json":{"title":"SIFCO ASC : Recubrimiento selectivo para la industria gr\u00e1fica","description":"Utilice el SIFCO Process\u00ae para reparar in situ los rodillos de succi\u00f3n, los rodillos de secado, las bombas, los motores el\u00e9ctricos y las superficies de los cojinetes.","robots":{"index":"index","follow":"follow","max-snippet":"max-snippet:-1","max-image-preview":"max-image-preview:large","max-video-preview":"max-video-preview:-1"},"canonical":"https:\/\/www.sifcoasc.com\/es\/impresion","og_locale":"es_ES","og_type":"article","og_title":"SIFCO ASC : Recubrimiento selectivo para la industria gr\u00e1fica","og_description":"Utilice el SIFCO Process\u00ae para reparar in situ los rodillos de succi\u00f3n, los rodillos de secado, las bombas, los motores el\u00e9ctricos y las superficies de los cojinetes.","og_url":"https:\/\/www.sifcoasc.com\/es\/impresion","og_site_name":"SIFCO Applied Surface Concepts","article_modified_time":"2023-02-06T09:37:04+00:00","twitter_misc":{"Est. reading time":"1 minuto"},"schema":{"@context":"https:\/\/schema.org","@graph":[{"@type":"WebPage","@id":"https:\/\/www.sifcoasc.com\/es\/impresion","url":"https:\/\/www.sifcoasc.com\/es\/impresion","name":"SIFCO ASC : Recubrimiento selectivo para la industria gr\u00e1fica","isPartOf":{"@id":"https:\/\/www.sifcoasc.com\/es#website"},"datePublished":"2022-07-14T15:31:06+00:00","dateModified":"2023-02-06T09:37:04+00:00","description":"Utilice el SIFCO Process\u00ae para reparar in situ los rodillos de succi\u00f3n, los rodillos de secado, las bombas, los motores el\u00e9ctricos y las superficies de los cojinetes.","breadcrumb":{"@id":"https:\/\/www.sifcoasc.com\/es\/impresion#breadcrumb"},"inLanguage":"es","potentialAction":[{"@type":"ReadAction","target":["https:\/\/www.sifcoasc.com\/es\/impresion"]}]},{"@type":"BreadcrumbList","@id":"https:\/\/www.sifcoasc.com\/es\/impresion#breadcrumb","itemListElement":[{"@type":"ListItem","position":1,"name":"Home","item":"https:\/\/www.sifcoasc.com\/es"},{"@type":"ListItem","position":2,"name":"Impresi\u00f3n"}]},{"@type":"WebSite","@id":"https:\/\/www.sifcoasc.com\/es#website","url":"https:\/\/www.sifcoasc.com\/es","name":"SIFCO Applied Surface Concepts","description":"","potentialAction":[{"@type":"SearchAction","target":{"@type":"EntryPoint","urlTemplate":"https:\/\/www.sifcoasc.com\/es?s={search_term_string}"},"query-input":{"@type":"PropertyValueSpecification","valueRequired":true,"valueName":"search_term_string"}}],"inLanguage":"es"}]}},"featured_image_src":null,"featured_image_src_square":null,"_links":{"self":[{"href":"https:\/\/www.sifcoasc.com\/es\/wp-json\/wp\/v2\/pages\/9804","targetHints":{"allow":["GET"]}}],"collection":[{"href":"https:\/\/www.sifcoasc.com\/es\/wp-json\/wp\/v2\/pages"}],"about":[{"href":"https:\/\/www.sifcoasc.com\/es\/wp-json\/wp\/v2\/types\/page"}],"author":[{"embeddable":true,"href":"https:\/\/www.sifcoasc.com\/es\/wp-json\/wp\/v2\/users\/18"}],"replies":[{"embeddable":true,"href":"https:\/\/www.sifcoasc.com\/es\/wp-json\/wp\/v2\/comments?post=9804"}],"version-history":[{"count":0,"href":"https:\/\/www.sifcoasc.com\/es\/wp-json\/wp\/v2\/pages\/9804\/revisions"}],"wp:attachment":[{"href":"https:\/\/www.sifcoasc.com\/es\/wp-json\/wp\/v2\/media?parent=9804"}],"curies":[{"name":"wp","href":"https:\/\/api.w.org\/{rel}","templated":true}]}}