{"id":9821,"date":"2022-07-14T15:31:51","date_gmt":"2022-07-14T15:31:51","guid":{"rendered":"https:\/\/www.sifcoasc.com\/industria-general\/"},"modified":"2022-08-23T11:11:10","modified_gmt":"2022-08-23T11:11:10","slug":"industria-general","status":"publish","type":"page","link":"https:\/\/www.sifcoasc.com\/es\/industria-general","title":{"rendered":"Industria general"},"content":{"rendered":"<h2>Recubrimiento selectivo para la industria en general<\/h2>\n<div class=\"infographic\">\n<a class=\"popup-youtube\" href=\"https:\/\/www.youtube.com\/watch?v=HcTYg6lT2Uw\"><img loading=\"lazy\" decoding=\"async\" width=\"550\" height=\"368\" class=\"size-full wp-image-2270\" title=\"Recubrimiento selectivo para la industria en general  \" src=\"\/wp-content\/uploads\/img7.jpg\" alt=\"Recubrimiento selectivo para la industria en general  \" srcset=\"https:\/\/www.sifcoasc.com\/wp-content\/uploads\/img7.jpg 550w, https:\/\/www.sifcoasc.com\/wp-content\/uploads\/img7-500x335.jpg 500w, https:\/\/www.sifcoasc.com\/wp-content\/uploads\/img7-300x200.jpg 300w\" sizes=\"auto, (max-width: 709px) 85vw, (max-width: 909px) 67vw, (max-width: 1362px) 62vw, 840px\" \/><\/a>\n<\/div>\n<p class=\"emph\">\u00bfQu\u00e9 es la galvanoplastia selectiva?<\/p>\n<p><strong>Afrontar los retos de las industrias m\u00e1s exigentes de todo el mundo.<\/strong><\/p>\n<p class=\"text-aligncenter\" style=\"text-align: left;\"><strong>SIFCO ASC cuenta con una experiencia mundial inigualable en el suministro de soluciones de revestimiento selectivo, equipos y servicios en una amplia gama de aplicaciones industriales.<\/strong><\/p>\n<p>Somos conscientes de que los retos de la producci\u00f3n y los requisitos medioambientales y normativos var\u00edan de una industria a otra y de un pa\u00eds a otro. Nuestra amplia experiencia nos permite adaptar nuestro enfoque para satisfacer sus necesidades exactas y ofrecer la mejor soluci\u00f3n.<\/p>\n<p>El SIFCO Process\u00ae se utiliza en muchas aplicaciones industriales en las que es necesario mejorar, reparar o renovar el di\u00e1metro interior y exterior de las superficies planas.<\/p>\n<\/div>\n","protected":false},"excerpt":{"rendered":"<p>Recubrimiento selectivo para la industria en general \u00bfQu\u00e9 es la galvanoplastia selectiva? Afrontar los retos de las industrias m\u00e1s exigentes de todo el mundo. SIFCO ASC cuenta con una experiencia mundial inigualable en el suministro de soluciones de revestimiento selectivo, equipos y servicios en una amplia gama de aplicaciones industriales. Somos conscientes de que los [&hellip;]<\/p>\n","protected":false},"author":18,"featured_media":0,"parent":0,"menu_order":0,"comment_status":"closed","ping_status":"closed","template":"","meta":{"_acf_changed":false,"inline_featured_image":false,"footnotes":""},"class_list":["post-9821","page","type-page","status-publish","hentry"],"acf":[],"yoast_head":"<!-- This site is optimized with the Yoast SEO plugin v27.5 - https:\/\/yoast.com\/product\/yoast-seo-wordpress\/ -->\n<title>Recubrimiento selectivo para la industria en general | SIFCO ASC<\/title>\n<meta name=\"description\" content=\"SIFCO ASC tiene experiencia mundial en el revestimiento selectivo, equipos y servicios en una amplia gama de aplicaciones industriales. Conozca el Proceso SIFCO\u00ae.\" \/>\n<meta name=\"robots\" content=\"index, follow, max-snippet:-1, max-image-preview:large, max-video-preview:-1\" \/>\n<link rel=\"canonical\" href=\"https:\/\/www.sifcoasc.com\/es\/industria-general\" \/>\n<meta property=\"og:locale\" content=\"es_ES\" \/>\n<meta property=\"og:type\" content=\"article\" \/>\n<meta property=\"og:title\" content=\"Recubrimiento selectivo para la industria en general | SIFCO ASC\" \/>\n<meta property=\"og:description\" content=\"SIFCO ASC tiene experiencia mundial en el revestimiento selectivo, equipos y servicios en una amplia gama de aplicaciones industriales. Conozca el Proceso SIFCO\u00ae.\" \/>\n<meta property=\"og:url\" content=\"https:\/\/www.sifcoasc.com\/es\/industria-general\" \/>\n<meta property=\"og:site_name\" content=\"SIFCO Applied Surface Concepts\" \/>\n<meta property=\"article:modified_time\" content=\"2022-08-23T11:11:10+00:00\" \/>\n<meta name=\"twitter:label1\" content=\"Est. reading time\" \/>\n\t<meta name=\"twitter:data1\" content=\"1 minuto\" \/>\n<script type=\"application\/ld+json\" class=\"yoast-schema-graph\">{\"@context\":\"https:\\\/\\\/schema.org\",\"@graph\":[{\"@type\":\"WebPage\",\"@id\":\"https:\\\/\\\/www.sifcoasc.com\\\/es\\\/industria-general\",\"url\":\"https:\\\/\\\/www.sifcoasc.com\\\/es\\\/industria-general\",\"name\":\"Recubrimiento selectivo para la industria en general | SIFCO ASC\",\"isPartOf\":{\"@id\":\"https:\\\/\\\/www.sifcoasc.com\\\/es#website\"},\"datePublished\":\"2022-07-14T15:31:51+00:00\",\"dateModified\":\"2022-08-23T11:11:10+00:00\",\"description\":\"SIFCO ASC tiene experiencia mundial en el revestimiento selectivo, equipos y servicios en una amplia gama de aplicaciones industriales. Conozca el Proceso SIFCO\u00ae.\",\"breadcrumb\":{\"@id\":\"https:\\\/\\\/www.sifcoasc.com\\\/es\\\/industria-general#breadcrumb\"},\"inLanguage\":\"es\",\"potentialAction\":[{\"@type\":\"ReadAction\",\"target\":[\"https:\\\/\\\/www.sifcoasc.com\\\/es\\\/industria-general\"]}]},{\"@type\":\"BreadcrumbList\",\"@id\":\"https:\\\/\\\/www.sifcoasc.com\\\/es\\\/industria-general#breadcrumb\",\"itemListElement\":[{\"@type\":\"ListItem\",\"position\":1,\"name\":\"Home\",\"item\":\"https:\\\/\\\/www.sifcoasc.com\\\/es\"},{\"@type\":\"ListItem\",\"position\":2,\"name\":\"Industria general\"}]},{\"@type\":\"WebSite\",\"@id\":\"https:\\\/\\\/www.sifcoasc.com\\\/es#website\",\"url\":\"https:\\\/\\\/www.sifcoasc.com\\\/es\",\"name\":\"SIFCO Applied Surface Concepts\",\"description\":\"\",\"potentialAction\":[{\"@type\":\"SearchAction\",\"target\":{\"@type\":\"EntryPoint\",\"urlTemplate\":\"https:\\\/\\\/www.sifcoasc.com\\\/es?s={search_term_string}\"},\"query-input\":{\"@type\":\"PropertyValueSpecification\",\"valueRequired\":true,\"valueName\":\"search_term_string\"}}],\"inLanguage\":\"es\"}]}<\/script>\n<!-- \/ Yoast SEO plugin. -->","yoast_head_json":{"title":"Recubrimiento selectivo para la industria en general | SIFCO ASC","description":"SIFCO ASC tiene experiencia mundial en el revestimiento selectivo, equipos y servicios en una amplia gama de aplicaciones industriales. Conozca el Proceso SIFCO\u00ae.","robots":{"index":"index","follow":"follow","max-snippet":"max-snippet:-1","max-image-preview":"max-image-preview:large","max-video-preview":"max-video-preview:-1"},"canonical":"https:\/\/www.sifcoasc.com\/es\/industria-general","og_locale":"es_ES","og_type":"article","og_title":"Recubrimiento selectivo para la industria en general | SIFCO ASC","og_description":"SIFCO ASC tiene experiencia mundial en el revestimiento selectivo, equipos y servicios en una amplia gama de aplicaciones industriales. Conozca el Proceso SIFCO\u00ae.","og_url":"https:\/\/www.sifcoasc.com\/es\/industria-general","og_site_name":"SIFCO Applied Surface Concepts","article_modified_time":"2022-08-23T11:11:10+00:00","twitter_misc":{"Est. reading time":"1 minuto"},"schema":{"@context":"https:\/\/schema.org","@graph":[{"@type":"WebPage","@id":"https:\/\/www.sifcoasc.com\/es\/industria-general","url":"https:\/\/www.sifcoasc.com\/es\/industria-general","name":"Recubrimiento selectivo para la industria en general | SIFCO ASC","isPartOf":{"@id":"https:\/\/www.sifcoasc.com\/es#website"},"datePublished":"2022-07-14T15:31:51+00:00","dateModified":"2022-08-23T11:11:10+00:00","description":"SIFCO ASC tiene experiencia mundial en el revestimiento selectivo, equipos y servicios en una amplia gama de aplicaciones industriales. Conozca el Proceso SIFCO\u00ae.","breadcrumb":{"@id":"https:\/\/www.sifcoasc.com\/es\/industria-general#breadcrumb"},"inLanguage":"es","potentialAction":[{"@type":"ReadAction","target":["https:\/\/www.sifcoasc.com\/es\/industria-general"]}]},{"@type":"BreadcrumbList","@id":"https:\/\/www.sifcoasc.com\/es\/industria-general#breadcrumb","itemListElement":[{"@type":"ListItem","position":1,"name":"Home","item":"https:\/\/www.sifcoasc.com\/es"},{"@type":"ListItem","position":2,"name":"Industria general"}]},{"@type":"WebSite","@id":"https:\/\/www.sifcoasc.com\/es#website","url":"https:\/\/www.sifcoasc.com\/es","name":"SIFCO Applied Surface Concepts","description":"","potentialAction":[{"@type":"SearchAction","target":{"@type":"EntryPoint","urlTemplate":"https:\/\/www.sifcoasc.com\/es?s={search_term_string}"},"query-input":{"@type":"PropertyValueSpecification","valueRequired":true,"valueName":"search_term_string"}}],"inLanguage":"es"}]}},"featured_image_src":null,"featured_image_src_square":null,"_links":{"self":[{"href":"https:\/\/www.sifcoasc.com\/es\/wp-json\/wp\/v2\/pages\/9821","targetHints":{"allow":["GET"]}}],"collection":[{"href":"https:\/\/www.sifcoasc.com\/es\/wp-json\/wp\/v2\/pages"}],"about":[{"href":"https:\/\/www.sifcoasc.com\/es\/wp-json\/wp\/v2\/types\/page"}],"author":[{"embeddable":true,"href":"https:\/\/www.sifcoasc.com\/es\/wp-json\/wp\/v2\/users\/18"}],"replies":[{"embeddable":true,"href":"https:\/\/www.sifcoasc.com\/es\/wp-json\/wp\/v2\/comments?post=9821"}],"version-history":[{"count":0,"href":"https:\/\/www.sifcoasc.com\/es\/wp-json\/wp\/v2\/pages\/9821\/revisions"}],"wp:attachment":[{"href":"https:\/\/www.sifcoasc.com\/es\/wp-json\/wp\/v2\/media?parent=9821"}],"curies":[{"name":"wp","href":"https:\/\/api.w.org\/{rel}","templated":true}]}}