{"id":9823,"date":"2022-07-14T15:31:51","date_gmt":"2022-07-14T15:31:51","guid":{"rendered":"https:\/\/www.sifcoasc.com\/remanufacturacion\/"},"modified":"2023-02-02T13:21:50","modified_gmt":"2023-02-02T13:21:50","slug":"remanufacturacion","status":"publish","type":"page","link":"https:\/\/www.sifcoasc.com\/es\/remanufacturacion","title":{"rendered":"Remanufacturaci\u00f3n"},"content":{"rendered":"<h2>Recubrimiento selectivo para la industria de la refabricaci\u00f3n<\/h2>\n<p class=\"emph\">El Proceso SIFCO\u00ae desempe\u00f1a un papel esencial en la industria de la remanufacturaci\u00f3n, ya que restablece las dimensiones cr\u00edticas y las propiedades superficiales de los componentes desgastados para que vuelvan a cumplir los requisitos de los fabricantes de equipos originales.<\/p>\n<p><strong>Para los bienes de equipo con ciclos de vida largos, la refabricaci\u00f3n con chapado selectivo ofrece una funcionalidad &#8220;como nueva&#8221;. Con un coste de producci\u00f3n significativamente menor y un bajo impacto medioambiental, el proceso SIFCO se utiliza en la industria de la remanufacturaci\u00f3n en los siguientes sectores:<\/strong><\/p>\n<ul>\n<li><strong>Aeroespacial: <\/strong>trenes de aterrizaje, actuadores y motores de turbina<\/li>\n<li><strong>Aparatos el\u00e9ctricos: <\/strong>conductores de distribuci\u00f3n de energ\u00eda, transformadores, conmutadores y tableros<\/li>\n<li><strong>Equipos pesados y todoterreno: <\/strong>motores di\u00e9sel, mu\u00f1ones de cojinetes y carcasas<\/li>\n<li><strong>Ferrocarril: <\/strong>motores y ejes de transmisi\u00f3n<\/li>\n<li><strong>Maquinaria: <\/strong>v\u00e1lvulas, turbinas y compresores<\/li>\n<li><strong>Marina: <\/strong>componentes de motores diesel, pistones y ejes de h\u00e9lice<\/li>\n<\/ul>\n<h3><\/h3>\n<h3>El Proceso SIFCO\u00ae es un recurso vital cuando necesita mejorar la reparaci\u00f3n y reconstruir sus componentes cr\u00edticos. Nos asociamos con usted para desarrollar soluciones que cumplan los requisitos de su aplicaci\u00f3n espec\u00edfica.<\/h3>\n<p><strong>Tratamientos superficiales SIFCO ASC:<\/strong><\/p>\n<ul>\n<li>Proporcionar protecci\u00f3n contra la corrosi\u00f3n<\/li>\n<li>Mejorar la resistencia al desgaste<\/li>\n<li>Mejora de las caracter\u00edsticas de soldabilidad o de la soldadura fuerte<\/li>\n<li>Disminuir la resistencia de los contactos el\u00e9ctricos<\/li>\n<li>Evitar el desgaste<\/li>\n<li>Sirven como superficies de apoyo<\/li>\n<\/ul>\n","protected":false},"excerpt":{"rendered":"<p>Recubrimiento selectivo para la industria de la refabricaci\u00f3n El Proceso SIFCO\u00ae desempe\u00f1a un papel esencial en la industria de la remanufacturaci\u00f3n, ya que restablece las dimensiones cr\u00edticas y las propiedades superficiales de los componentes desgastados para que vuelvan a cumplir los requisitos de los fabricantes de equipos originales. Para los bienes de equipo con ciclos [&hellip;]<\/p>\n","protected":false},"author":18,"featured_media":0,"parent":0,"menu_order":0,"comment_status":"closed","ping_status":"closed","template":"","meta":{"_acf_changed":false,"inline_featured_image":false,"footnotes":""},"class_list":["post-9823","page","type-page","status-publish","hentry"],"acf":[],"yoast_head":"<!-- This site is optimized with the Yoast SEO plugin v27.4 - https:\/\/yoast.com\/product\/yoast-seo-wordpress\/ -->\n<title>Revestimiento selectivo para la industria de la refabricaci\u00f3n | SIFCO ASC<\/title>\n<meta name=\"description\" content=\"El Proceso SIFCO\u00ae es un m\u00e9todo de chapado selectivo para la industria de la refabricaci\u00f3n. Si desea m\u00e1s informaci\u00f3n sobre nuestros servicios de revestimiento con cepillos, p\u00f3ngase en contacto con nosotros.\" \/>\n<meta name=\"robots\" content=\"index, follow, max-snippet:-1, max-image-preview:large, max-video-preview:-1\" \/>\n<link rel=\"canonical\" href=\"https:\/\/www.sifcoasc.com\/es\/remanufacturacion\" \/>\n<meta property=\"og:locale\" content=\"es_ES\" \/>\n<meta property=\"og:type\" content=\"article\" \/>\n<meta property=\"og:title\" content=\"Revestimiento selectivo para la industria de la refabricaci\u00f3n | SIFCO ASC\" \/>\n<meta property=\"og:description\" content=\"El Proceso SIFCO\u00ae es un m\u00e9todo de chapado selectivo para la industria de la refabricaci\u00f3n. Si desea m\u00e1s informaci\u00f3n sobre nuestros servicios de revestimiento con cepillos, p\u00f3ngase en contacto con nosotros.\" \/>\n<meta property=\"og:url\" content=\"https:\/\/www.sifcoasc.com\/es\/remanufacturacion\" \/>\n<meta property=\"og:site_name\" content=\"SIFCO Applied Surface Concepts\" \/>\n<meta property=\"article:modified_time\" content=\"2023-02-02T13:21:50+00:00\" \/>\n<meta name=\"twitter:label1\" content=\"Est. reading time\" \/>\n\t<meta name=\"twitter:data1\" content=\"1 minuto\" \/>\n<script type=\"application\/ld+json\" class=\"yoast-schema-graph\">{\"@context\":\"https:\\\/\\\/schema.org\",\"@graph\":[{\"@type\":\"WebPage\",\"@id\":\"https:\\\/\\\/www.sifcoasc.com\\\/es\\\/remanufacturacion\",\"url\":\"https:\\\/\\\/www.sifcoasc.com\\\/es\\\/remanufacturacion\",\"name\":\"Revestimiento selectivo para la industria de la refabricaci\u00f3n | SIFCO ASC\",\"isPartOf\":{\"@id\":\"https:\\\/\\\/www.sifcoasc.com\\\/es#website\"},\"datePublished\":\"2022-07-14T15:31:51+00:00\",\"dateModified\":\"2023-02-02T13:21:50+00:00\",\"description\":\"El Proceso SIFCO\u00ae es un m\u00e9todo de chapado selectivo para la industria de la refabricaci\u00f3n. Si desea m\u00e1s informaci\u00f3n sobre nuestros servicios de revestimiento con cepillos, p\u00f3ngase en contacto con nosotros.\",\"breadcrumb\":{\"@id\":\"https:\\\/\\\/www.sifcoasc.com\\\/es\\\/remanufacturacion#breadcrumb\"},\"inLanguage\":\"es\",\"potentialAction\":[{\"@type\":\"ReadAction\",\"target\":[\"https:\\\/\\\/www.sifcoasc.com\\\/es\\\/remanufacturacion\"]}]},{\"@type\":\"BreadcrumbList\",\"@id\":\"https:\\\/\\\/www.sifcoasc.com\\\/es\\\/remanufacturacion#breadcrumb\",\"itemListElement\":[{\"@type\":\"ListItem\",\"position\":1,\"name\":\"Home\",\"item\":\"https:\\\/\\\/www.sifcoasc.com\\\/es\"},{\"@type\":\"ListItem\",\"position\":2,\"name\":\"Remanufacturaci\u00f3n\"}]},{\"@type\":\"WebSite\",\"@id\":\"https:\\\/\\\/www.sifcoasc.com\\\/es#website\",\"url\":\"https:\\\/\\\/www.sifcoasc.com\\\/es\",\"name\":\"SIFCO Applied Surface Concepts\",\"description\":\"\",\"potentialAction\":[{\"@type\":\"SearchAction\",\"target\":{\"@type\":\"EntryPoint\",\"urlTemplate\":\"https:\\\/\\\/www.sifcoasc.com\\\/es?s={search_term_string}\"},\"query-input\":{\"@type\":\"PropertyValueSpecification\",\"valueRequired\":true,\"valueName\":\"search_term_string\"}}],\"inLanguage\":\"es\"}]}<\/script>\n<!-- \/ Yoast SEO plugin. -->","yoast_head_json":{"title":"Revestimiento selectivo para la industria de la refabricaci\u00f3n | SIFCO ASC","description":"El Proceso SIFCO\u00ae es un m\u00e9todo de chapado selectivo para la industria de la refabricaci\u00f3n. Si desea m\u00e1s informaci\u00f3n sobre nuestros servicios de revestimiento con cepillos, p\u00f3ngase en contacto con nosotros.","robots":{"index":"index","follow":"follow","max-snippet":"max-snippet:-1","max-image-preview":"max-image-preview:large","max-video-preview":"max-video-preview:-1"},"canonical":"https:\/\/www.sifcoasc.com\/es\/remanufacturacion","og_locale":"es_ES","og_type":"article","og_title":"Revestimiento selectivo para la industria de la refabricaci\u00f3n | SIFCO ASC","og_description":"El Proceso SIFCO\u00ae es un m\u00e9todo de chapado selectivo para la industria de la refabricaci\u00f3n. Si desea m\u00e1s informaci\u00f3n sobre nuestros servicios de revestimiento con cepillos, p\u00f3ngase en contacto con nosotros.","og_url":"https:\/\/www.sifcoasc.com\/es\/remanufacturacion","og_site_name":"SIFCO Applied Surface Concepts","article_modified_time":"2023-02-02T13:21:50+00:00","twitter_misc":{"Est. reading time":"1 minuto"},"schema":{"@context":"https:\/\/schema.org","@graph":[{"@type":"WebPage","@id":"https:\/\/www.sifcoasc.com\/es\/remanufacturacion","url":"https:\/\/www.sifcoasc.com\/es\/remanufacturacion","name":"Revestimiento selectivo para la industria de la refabricaci\u00f3n | SIFCO ASC","isPartOf":{"@id":"https:\/\/www.sifcoasc.com\/es#website"},"datePublished":"2022-07-14T15:31:51+00:00","dateModified":"2023-02-02T13:21:50+00:00","description":"El Proceso SIFCO\u00ae es un m\u00e9todo de chapado selectivo para la industria de la refabricaci\u00f3n. Si desea m\u00e1s informaci\u00f3n sobre nuestros servicios de revestimiento con cepillos, p\u00f3ngase en contacto con nosotros.","breadcrumb":{"@id":"https:\/\/www.sifcoasc.com\/es\/remanufacturacion#breadcrumb"},"inLanguage":"es","potentialAction":[{"@type":"ReadAction","target":["https:\/\/www.sifcoasc.com\/es\/remanufacturacion"]}]},{"@type":"BreadcrumbList","@id":"https:\/\/www.sifcoasc.com\/es\/remanufacturacion#breadcrumb","itemListElement":[{"@type":"ListItem","position":1,"name":"Home","item":"https:\/\/www.sifcoasc.com\/es"},{"@type":"ListItem","position":2,"name":"Remanufacturaci\u00f3n"}]},{"@type":"WebSite","@id":"https:\/\/www.sifcoasc.com\/es#website","url":"https:\/\/www.sifcoasc.com\/es","name":"SIFCO Applied Surface Concepts","description":"","potentialAction":[{"@type":"SearchAction","target":{"@type":"EntryPoint","urlTemplate":"https:\/\/www.sifcoasc.com\/es?s={search_term_string}"},"query-input":{"@type":"PropertyValueSpecification","valueRequired":true,"valueName":"search_term_string"}}],"inLanguage":"es"}]}},"featured_image_src":null,"featured_image_src_square":null,"_links":{"self":[{"href":"https:\/\/www.sifcoasc.com\/es\/wp-json\/wp\/v2\/pages\/9823","targetHints":{"allow":["GET"]}}],"collection":[{"href":"https:\/\/www.sifcoasc.com\/es\/wp-json\/wp\/v2\/pages"}],"about":[{"href":"https:\/\/www.sifcoasc.com\/es\/wp-json\/wp\/v2\/types\/page"}],"author":[{"embeddable":true,"href":"https:\/\/www.sifcoasc.com\/es\/wp-json\/wp\/v2\/users\/18"}],"replies":[{"embeddable":true,"href":"https:\/\/www.sifcoasc.com\/es\/wp-json\/wp\/v2\/comments?post=9823"}],"version-history":[{"count":0,"href":"https:\/\/www.sifcoasc.com\/es\/wp-json\/wp\/v2\/pages\/9823\/revisions"}],"wp:attachment":[{"href":"https:\/\/www.sifcoasc.com\/es\/wp-json\/wp\/v2\/media?parent=9823"}],"curies":[{"name":"wp","href":"https:\/\/api.w.org\/{rel}","templated":true}]}}