{"id":9847,"date":"2022-07-14T15:32:07","date_gmt":"2022-07-14T15:32:07","guid":{"rendered":"https:\/\/www.sifcoasc.com\/especificaciones-de-la-industria\/"},"modified":"2023-02-06T08:31:34","modified_gmt":"2023-02-06T08:31:34","slug":"especificaciones-de-la-industria","status":"publish","type":"page","link":"https:\/\/www.sifcoasc.com\/es\/especificaciones-de-la-industria","title":{"rendered":"Especificaciones de la industria"},"content":{"rendered":"<h2>Especificaciones del sector de la galvanoplastia selectiva<\/h2>\n<p class=\"emph\">Nuestras tecnolog\u00edas y servicios de mejora de superficies se han utilizado durante m\u00e1s de 50 a\u00f1os en las industrias aeroespacial, de generaci\u00f3n de energ\u00eda, de petr\u00f3leo y gas, y militar.<\/p>\n<p>El SIFCO Process\u00ae cumple con numerosas especificaciones industriales, militares, AMS y federales.<\/p>\n<table class=\"tablesaw tablesaw-stack\" data-tablesaw-mode=\"stack\">\n<thead>\n<th><strong>Acabados<\/strong><\/th>\n<th><strong>Descripciones<\/strong><\/th>\n<th><strong>Militar<\/strong><\/th>\n<td><strong>AMS<\/strong><\/th>\n<th><strong>Federal<\/strong><\/th>\n<\/thead>\n<tbody>\n<tr class=\"gray\">\n<td>Revestimiento Selectivo<\/td>\n<td>Metalizado selectivo &#8211; US Navy<\/td>\n<td>Mil-Std-2197 (SH)<\/td>\n<td><\/td>\n<td><\/td>\n<\/tr>\n<tr>\n<td>Revestimiento Selectivo<\/td>\n<td>Selectiva, cepillado, electrodeposici\u00f3n<\/td>\n<td>Mil-Std-865<\/td>\n<td>2451<\/td>\n<td><\/td>\n<\/tr>\n<tr class=\"gray\">\n<td>Revestimiento Selectivo N\u00edquel<\/td>\n<td>Revestimiento Selectivo de n\u00edquel<\/td>\n<td><\/td>\n<td>2451\/1<\/td>\n<td>QQ-N-290<\/td>\n<\/tr>\n<tr>\n<td>Revestimiento Selectivo N\u00edquel<\/td>\n<td>N\u00edquel Baja tensi\u00f3n, cepillado duro<\/td>\n<td><\/td>\n<td>2451\/2<\/td>\n<td><\/td>\n<\/tr>\n<tr class=\"gray\">\n<td>Revestimiento Selectivo N\u00edquel<\/td>\n<td>N\u00edquel Baja tensi\u00f3n, baja dureza Revestimiento Selectivo<\/td>\n<td><\/td>\n<td>2451\/3<\/td>\n<td><\/td>\n<\/tr>\n<tr>\n<td>Revestimiento Selectivo de Cadmio<\/td>\n<td>Revestimiento Selectivo de cadmio LHE<\/td>\n<td><\/td>\n<td>2451\/4<\/td>\n<td>QQ-P-416<\/td>\n<\/tr>\n<tr class=\"gray\">\n<td>Cromado por cepillado<\/td>\n<td>Revestimiento Selectivo de cromo<\/td>\n<td><\/td>\n<td>2451\/5<\/td>\n<td><\/td>\n<\/tr>\n<tr>\n<td>Revestimiento Selectivo de cobre<\/td>\n<td>Revestimiento Selectivo de cobre<\/td>\n<td><\/td>\n<td>2451\/6<\/td>\n<td><\/td>\n<\/tr>\n<tr class=\"gray\">\n<td>Revestimiento Selectivo N\u00edquel<\/td>\n<td>N\u00edquel de baja tensi\u00f3n, dureza media Revestimiento Selectivo<\/td>\n<td><\/td>\n<td>2451\/7<\/td>\n<td><\/td>\n<\/tr>\n<tr>\n<td>Revestimiento Selectivo de plata<\/td>\n<td>Revestimiento Selectivo de plata sin cianuro<\/td>\n<td><\/td>\n<td>2451\/8<\/td>\n<td>QQ-S-365<\/td>\n<\/tr>\n<tr class=\"gray\">\n<td>Revestimiento Selectivo de zinc-n\u00edquel<\/td>\n<td>Revestimiento Selectivo de zinc-n\u00edquel<\/td>\n<td><\/td>\n<td>  2451\/9<\/td>\n<td><\/td>\n<\/tr>\n<tr>\n<td>Revestimiento Selectivo Esta\u00f1o-Zinc<\/td>\n<td>Revestimiento Selectivo de esta\u00f1o-cinc<\/td>\n<td><\/td>\n<td>2451\/10<\/td>\n<td><\/td>\n<\/tr>\n<tr class=\"gray\">\n<td>Revestimiento Selectivo de cobalto<\/td>\n<td>Revestimiento Selectivo de cobalto<\/td>\n<td><\/td>\n<td>2451\/11<\/td>\n<td><\/td>\n<\/tr>\n<tr>\n<td>Esta\u00f1o para cepillado<\/td>\n<td>Revestimiento Selectivo de esta\u00f1o<\/td>\n<td>Mil-T-10727 *<\/td>\n<td>2451\/12<\/td>\n<td><\/td>\n<\/tr>\n<tr class=\"gray\">\n<td>Revestimiento Selectivo de plata<\/td>\n<td>Revestimiento Selectivo de plata<\/td>\n<td><\/td>\n<td>2451\/13<\/td>\n<td>QQ-S-365<\/td>\n<\/tr>\n<tr>\n<td>Placa de n\u00edquel<\/td>\n<td>Revestimiento, N\u00edquel General<\/td>\n<td><\/td>\n<td>2403 *<\/td>\n<td>QQ-N-290*<\/td>\n<\/tr>\n<tr class=\"gray\">\n<td>Placa de n\u00edquel, dura<\/td>\n<td>N\u00edquel sulfamato, duro<\/td>\n<td><\/td>\n<td>2423 *<\/td>\n<td><\/td>\n<\/tr>\n<tr>\n<td>Placa de n\u00edquel, suave<\/td>\n<td>N\u00edquel de sulfamato de baja tensi\u00f3n, blando<\/td>\n<td><\/td>\n<td>2424 *<\/td>\n<td><\/td>\n<\/tr>\n<tr class=\"gray\">\n<td>Placa de cobre<\/td>\n<td>Revestimiento, Cobre<\/td>\n<td>Mil-C-14550<\/td>\n<td>2418 *<\/td>\n<td><\/td>\n<\/tr>\n<tr>\n<td>Placa de oro<\/td>\n<td>Metalizado, Oro<\/td>\n<td>Mil-G-45204<\/td>\n<td>2422 *<\/td>\n<td><\/td>\n<\/tr>\n<tr class=\"gray\">\n<td>Placa de cadmio<\/td>\n<td>Revestimiento, Cadmio<\/td>\n<td><\/td>\n<td>2400, 2401*<\/td>\n<td><\/td>\n<\/tr>\n<tr>\n<td>Placa de plata<\/td>\n<td>Plateado, electrodepositado<\/td>\n<td><\/td>\n<td>2412 *<\/td>\n<td>QQ-S-365 *<\/td>\n<\/tr>\n<tr class=\"gray\">\n<td>Placa de zinc-n\u00edquel<\/td>\n<td>Revestimiento, aleaci\u00f3n de zinc-n\u00edquel<\/td>\n<td><\/td>\n<td>2417 *<\/td>\n<td><\/td>\n<\/tr>\n<tr>\n<td>Placa de esta\u00f1o-cinc<\/td>\n<td>Revestimiento, aleaci\u00f3n de esta\u00f1o y zinc<\/td>\n<td><\/td>\n<td>2434 *<\/td>\n<td><\/td>\n<\/tr>\n<tr class=\"gray\">\n<td>Hojalata<\/td>\n<td>Esta\u00f1ado, electrodepositado<\/td>\n<td>Mil-T-10727 *<\/td>\n<td>2408 *<\/td>\n<td><\/td>\n<\/tr>\n<tr>\n<td>Anodizado<\/td>\n<td>Recubrimientos anodizados<\/td>\n<td>Mil-A-8625 * Tipo I, II y III<\/td>\n<td><\/td>\n<td><\/td>\n<\/tr>\n<\/tbody>\n<\/table>\n<p>* Las especificaciones marcadas con un asterisco son normas de revestimiento de tanques. Los dep\u00f3sitos SIFCO ASC cumplen los requisitos de rendimiento de estas normas.<\/p>\n","protected":false},"excerpt":{"rendered":"<p>Especificaciones del sector de la galvanoplastia selectiva Nuestras tecnolog\u00edas y servicios de mejora de superficies se han utilizado durante m\u00e1s de 50 a\u00f1os en las industrias aeroespacial, de generaci\u00f3n de energ\u00eda, de petr\u00f3leo y gas, y militar. El SIFCO Process\u00ae cumple con numerosas especificaciones industriales, militares, AMS y federales. Acabados Descripciones Militar AMS Federal Revestimiento [&hellip;]<\/p>\n","protected":false},"author":18,"featured_media":0,"parent":0,"menu_order":0,"comment_status":"closed","ping_status":"closed","template":"","meta":{"_acf_changed":false,"inline_featured_image":false,"footnotes":""},"class_list":["post-9847","page","type-page","status-publish","hentry"],"acf":[],"yoast_head":"<!-- This site is optimized with the Yoast SEO plugin v27.5 - https:\/\/yoast.com\/product\/yoast-seo-wordpress\/ -->\n<title>Especificaciones del sector de la galvanoplastia selectiva | SIFCO ASC<\/title>\n<meta name=\"description\" content=\"El SIFCO Process\u00ae cumple con numerosas especificaciones industriales, militares, AMS y federales. Averig\u00fce qu\u00e9 soluci\u00f3n de chapado con cepillo le conviene.\" \/>\n<meta name=\"robots\" content=\"index, follow, max-snippet:-1, max-image-preview:large, max-video-preview:-1\" \/>\n<link rel=\"canonical\" href=\"https:\/\/www.sifcoasc.com\/es\/especificaciones-de-la-industria\" \/>\n<meta property=\"og:locale\" content=\"es_ES\" \/>\n<meta property=\"og:type\" content=\"article\" \/>\n<meta property=\"og:title\" content=\"Especificaciones del sector de la galvanoplastia selectiva | SIFCO ASC\" \/>\n<meta property=\"og:description\" content=\"El SIFCO Process\u00ae cumple con numerosas especificaciones industriales, militares, AMS y federales. Averig\u00fce qu\u00e9 soluci\u00f3n de chapado con cepillo le conviene.\" \/>\n<meta property=\"og:url\" content=\"https:\/\/www.sifcoasc.com\/es\/especificaciones-de-la-industria\" \/>\n<meta property=\"og:site_name\" content=\"SIFCO Applied Surface Concepts\" \/>\n<meta property=\"article:modified_time\" content=\"2023-02-06T08:31:34+00:00\" \/>\n<meta name=\"twitter:label1\" content=\"Est. reading time\" \/>\n\t<meta name=\"twitter:data1\" content=\"2 minutos\" \/>\n<script type=\"application\/ld+json\" class=\"yoast-schema-graph\">{\"@context\":\"https:\\\/\\\/schema.org\",\"@graph\":[{\"@type\":\"WebPage\",\"@id\":\"https:\\\/\\\/www.sifcoasc.com\\\/es\\\/especificaciones-de-la-industria\",\"url\":\"https:\\\/\\\/www.sifcoasc.com\\\/es\\\/especificaciones-de-la-industria\",\"name\":\"Especificaciones del sector de la galvanoplastia selectiva | SIFCO ASC\",\"isPartOf\":{\"@id\":\"https:\\\/\\\/www.sifcoasc.com\\\/es#website\"},\"datePublished\":\"2022-07-14T15:32:07+00:00\",\"dateModified\":\"2023-02-06T08:31:34+00:00\",\"description\":\"El SIFCO Process\u00ae cumple con numerosas especificaciones industriales, militares, AMS y federales. Averig\u00fce qu\u00e9 soluci\u00f3n de chapado con cepillo le conviene.\",\"breadcrumb\":{\"@id\":\"https:\\\/\\\/www.sifcoasc.com\\\/es\\\/especificaciones-de-la-industria#breadcrumb\"},\"inLanguage\":\"es\",\"potentialAction\":[{\"@type\":\"ReadAction\",\"target\":[\"https:\\\/\\\/www.sifcoasc.com\\\/es\\\/especificaciones-de-la-industria\"]}]},{\"@type\":\"BreadcrumbList\",\"@id\":\"https:\\\/\\\/www.sifcoasc.com\\\/es\\\/especificaciones-de-la-industria#breadcrumb\",\"itemListElement\":[{\"@type\":\"ListItem\",\"position\":1,\"name\":\"Home\",\"item\":\"https:\\\/\\\/www.sifcoasc.com\\\/es\"},{\"@type\":\"ListItem\",\"position\":2,\"name\":\"Especificaciones de la industria\"}]},{\"@type\":\"WebSite\",\"@id\":\"https:\\\/\\\/www.sifcoasc.com\\\/es#website\",\"url\":\"https:\\\/\\\/www.sifcoasc.com\\\/es\",\"name\":\"SIFCO Applied Surface Concepts\",\"description\":\"\",\"potentialAction\":[{\"@type\":\"SearchAction\",\"target\":{\"@type\":\"EntryPoint\",\"urlTemplate\":\"https:\\\/\\\/www.sifcoasc.com\\\/es?s={search_term_string}\"},\"query-input\":{\"@type\":\"PropertyValueSpecification\",\"valueRequired\":true,\"valueName\":\"search_term_string\"}}],\"inLanguage\":\"es\"}]}<\/script>\n<!-- \/ Yoast SEO plugin. -->","yoast_head_json":{"title":"Especificaciones del sector de la galvanoplastia selectiva | SIFCO ASC","description":"El SIFCO Process\u00ae cumple con numerosas especificaciones industriales, militares, AMS y federales. Averig\u00fce qu\u00e9 soluci\u00f3n de chapado con cepillo le conviene.","robots":{"index":"index","follow":"follow","max-snippet":"max-snippet:-1","max-image-preview":"max-image-preview:large","max-video-preview":"max-video-preview:-1"},"canonical":"https:\/\/www.sifcoasc.com\/es\/especificaciones-de-la-industria","og_locale":"es_ES","og_type":"article","og_title":"Especificaciones del sector de la galvanoplastia selectiva | SIFCO ASC","og_description":"El SIFCO Process\u00ae cumple con numerosas especificaciones industriales, militares, AMS y federales. Averig\u00fce qu\u00e9 soluci\u00f3n de chapado con cepillo le conviene.","og_url":"https:\/\/www.sifcoasc.com\/es\/especificaciones-de-la-industria","og_site_name":"SIFCO Applied Surface Concepts","article_modified_time":"2023-02-06T08:31:34+00:00","twitter_misc":{"Est. reading time":"2 minutos"},"schema":{"@context":"https:\/\/schema.org","@graph":[{"@type":"WebPage","@id":"https:\/\/www.sifcoasc.com\/es\/especificaciones-de-la-industria","url":"https:\/\/www.sifcoasc.com\/es\/especificaciones-de-la-industria","name":"Especificaciones del sector de la galvanoplastia selectiva | SIFCO ASC","isPartOf":{"@id":"https:\/\/www.sifcoasc.com\/es#website"},"datePublished":"2022-07-14T15:32:07+00:00","dateModified":"2023-02-06T08:31:34+00:00","description":"El SIFCO Process\u00ae cumple con numerosas especificaciones industriales, militares, AMS y federales. Averig\u00fce qu\u00e9 soluci\u00f3n de chapado con cepillo le conviene.","breadcrumb":{"@id":"https:\/\/www.sifcoasc.com\/es\/especificaciones-de-la-industria#breadcrumb"},"inLanguage":"es","potentialAction":[{"@type":"ReadAction","target":["https:\/\/www.sifcoasc.com\/es\/especificaciones-de-la-industria"]}]},{"@type":"BreadcrumbList","@id":"https:\/\/www.sifcoasc.com\/es\/especificaciones-de-la-industria#breadcrumb","itemListElement":[{"@type":"ListItem","position":1,"name":"Home","item":"https:\/\/www.sifcoasc.com\/es"},{"@type":"ListItem","position":2,"name":"Especificaciones de la industria"}]},{"@type":"WebSite","@id":"https:\/\/www.sifcoasc.com\/es#website","url":"https:\/\/www.sifcoasc.com\/es","name":"SIFCO Applied Surface Concepts","description":"","potentialAction":[{"@type":"SearchAction","target":{"@type":"EntryPoint","urlTemplate":"https:\/\/www.sifcoasc.com\/es?s={search_term_string}"},"query-input":{"@type":"PropertyValueSpecification","valueRequired":true,"valueName":"search_term_string"}}],"inLanguage":"es"}]}},"featured_image_src":null,"featured_image_src_square":null,"_links":{"self":[{"href":"https:\/\/www.sifcoasc.com\/es\/wp-json\/wp\/v2\/pages\/9847","targetHints":{"allow":["GET"]}}],"collection":[{"href":"https:\/\/www.sifcoasc.com\/es\/wp-json\/wp\/v2\/pages"}],"about":[{"href":"https:\/\/www.sifcoasc.com\/es\/wp-json\/wp\/v2\/types\/page"}],"author":[{"embeddable":true,"href":"https:\/\/www.sifcoasc.com\/es\/wp-json\/wp\/v2\/users\/18"}],"replies":[{"embeddable":true,"href":"https:\/\/www.sifcoasc.com\/es\/wp-json\/wp\/v2\/comments?post=9847"}],"version-history":[{"count":0,"href":"https:\/\/www.sifcoasc.com\/es\/wp-json\/wp\/v2\/pages\/9847\/revisions"}],"wp:attachment":[{"href":"https:\/\/www.sifcoasc.com\/es\/wp-json\/wp\/v2\/media?parent=9847"}],"curies":[{"name":"wp","href":"https:\/\/api.w.org\/{rel}","templated":true}]}}