{"id":9863,"date":"2022-07-14T16:58:29","date_gmt":"2022-07-14T16:58:29","guid":{"rendered":"https:\/\/www.sifcoasc.com\/acreditaciones-de-calidad\/"},"modified":"2022-07-21T11:07:50","modified_gmt":"2022-07-21T11:07:50","slug":"acreditaciones-de-calidad","status":"publish","type":"page","link":"https:\/\/www.sifcoasc.com\/es\/acreditaciones-de-calidad","title":{"rendered":"Acreditaciones de calidad"},"content":{"rendered":"<p class=\"emph\">Nos comprometemos a proporcionar soluciones, servicios y equipos de chapado selectivo de calidad que satisfagan sus requisitos precisos.<\/p>\n<p><strong>SIFCO ASC y el Proceso SIFCO\u00ae han sido fundamentales para dar forma a las industrias en t\u00e9rminos de conciencia medioambiental, utilizando m\u00e9todos, equipos y procedimientos que cumplen con las exigentes normas de todo el mundo. Gracias a ello, hemos contribuido a que la industria de acabado y procesamiento de superficies se convierta en una parte de la fabricaci\u00f3n y la ingenier\u00eda con aut\u00e9ntico valor a\u00f1adido.<\/strong><\/p>\n<p>Nuestro equipo de investigaci\u00f3n y desarrollo se esfuerza continuamente por conseguir productos, procesos y soluciones de mayor rendimiento, que permitan a los clientes optimizar el rendimiento de sus piezas y los procesos de revestimiento. Es importante destacar que esto suele estar directamente relacionado con la minimizaci\u00f3n del uso de productos qu\u00edmicos peligrosos, lo que supone un claro beneficio tanto en t\u00e9rminos de costes como de medio ambiente.<\/p>\n<p>SIFCO ASC certifica y mantiene su Sistema de Gesti\u00f3n de Calidad y Medio Ambiente conforme a las normas ISO 9001:2015, ISO 14001:2015 y AS9100 D. Adem\u00e1s de contar con un Sistema de Gesti\u00f3n de Calidad y Medio Ambiente certificado, dos de nuestras instalaciones de SIFCO ASC cuentan con la acreditaci\u00f3n Nadcap AC7108 para el procesamiento de productos qu\u00edmicos y con la certificaci\u00f3n de estaciones de reparaci\u00f3n de la FAA.<\/p>\n<p>SIFCO ASC tambi\u00e9n est\u00e1 registrada en la Oficina de Cumplimiento de la Direcci\u00f3n de Controles Comerciales de Defensa (DDTC) como fabricante. Mantendremos nuestro certificado al d\u00eda con la oficina de conformidad con la Ley de Control de la Exportaci\u00f3n de Armas (AECA) y el Reglamento de Tr\u00e1fico Internacional de Armas (ITAR).<\/p>\n<p><strong>Pol\u00edtica de calidad:<\/strong><br \/>\nSIFCO ASC se compromete a proporcionar soluciones de revestimiento selectivo, equipos, formaci\u00f3n y servicios de primera clase, al tiempo que mejora continuamente los procesos empresariales y sigue siendo responsable con el medio ambiente para garantizar que se satisfagan los requisitos de los clientes a trav\u00e9s de los sistemas de gesti\u00f3n de calidad y medio ambiente.<\/p>\n","protected":false},"excerpt":{"rendered":"<p>Nos comprometemos a proporcionar soluciones, servicios y equipos de chapado selectivo de calidad que satisfagan sus requisitos precisos. SIFCO ASC y el Proceso SIFCO\u00ae han sido fundamentales para dar forma a las industrias en t\u00e9rminos de conciencia medioambiental, utilizando m\u00e9todos, equipos y procedimientos que cumplen con las exigentes normas de todo el mundo. Gracias a [&hellip;]<\/p>\n","protected":false},"author":18,"featured_media":0,"parent":0,"menu_order":0,"comment_status":"closed","ping_status":"closed","template":"","meta":{"_acf_changed":false,"inline_featured_image":false,"footnotes":""},"class_list":["post-9863","page","type-page","status-publish","hentry"],"acf":[],"yoast_head":"<!-- This site is optimized with the Yoast SEO plugin v27.6 - https:\/\/yoast.com\/product\/yoast-seo-wordpress\/ -->\n<title>SIFCO ASC : Acreditaciones de calidad<\/title>\n<meta name=\"description\" content=\"Metalizado selectivo certificado y acreditado. ISO9001:2008 - AS9100C - NADCAP 7108 - Estaci\u00f3n de reparaci\u00f3n aprobada por la FAA - DDTC - AECA - ITAR\" \/>\n<meta name=\"robots\" content=\"index, follow, max-snippet:-1, max-image-preview:large, max-video-preview:-1\" \/>\n<link rel=\"canonical\" href=\"https:\/\/www.sifcoasc.com\/es\/acreditaciones-de-calidad\" \/>\n<meta property=\"og:locale\" content=\"es_ES\" \/>\n<meta property=\"og:type\" content=\"article\" \/>\n<meta property=\"og:title\" content=\"SIFCO ASC : Acreditaciones de calidad\" \/>\n<meta property=\"og:description\" content=\"Metalizado selectivo certificado y acreditado. ISO9001:2008 - AS9100C - NADCAP 7108 - Estaci\u00f3n de reparaci\u00f3n aprobada por la FAA - DDTC - AECA - ITAR\" \/>\n<meta property=\"og:url\" content=\"https:\/\/www.sifcoasc.com\/es\/acreditaciones-de-calidad\" \/>\n<meta property=\"og:site_name\" content=\"SIFCO Applied Surface Concepts\" \/>\n<meta property=\"article:modified_time\" content=\"2022-07-21T11:07:50+00:00\" \/>\n<meta name=\"twitter:label1\" content=\"Est. reading time\" \/>\n\t<meta name=\"twitter:data1\" content=\"2 minutos\" \/>\n<script type=\"application\/ld+json\" class=\"yoast-schema-graph\">{\"@context\":\"https:\\\/\\\/schema.org\",\"@graph\":[{\"@type\":\"WebPage\",\"@id\":\"https:\\\/\\\/www.sifcoasc.com\\\/es\\\/acreditaciones-de-calidad\",\"url\":\"https:\\\/\\\/www.sifcoasc.com\\\/es\\\/acreditaciones-de-calidad\",\"name\":\"SIFCO ASC : Acreditaciones de calidad\",\"isPartOf\":{\"@id\":\"https:\\\/\\\/www.sifcoasc.com\\\/es#website\"},\"datePublished\":\"2022-07-14T16:58:29+00:00\",\"dateModified\":\"2022-07-21T11:07:50+00:00\",\"description\":\"Metalizado selectivo certificado y acreditado. ISO9001:2008 - AS9100C - NADCAP 7108 - Estaci\u00f3n de reparaci\u00f3n aprobada por la FAA - DDTC - AECA - ITAR\",\"breadcrumb\":{\"@id\":\"https:\\\/\\\/www.sifcoasc.com\\\/es\\\/acreditaciones-de-calidad#breadcrumb\"},\"inLanguage\":\"es\",\"potentialAction\":[{\"@type\":\"ReadAction\",\"target\":[\"https:\\\/\\\/www.sifcoasc.com\\\/es\\\/acreditaciones-de-calidad\"]}]},{\"@type\":\"BreadcrumbList\",\"@id\":\"https:\\\/\\\/www.sifcoasc.com\\\/es\\\/acreditaciones-de-calidad#breadcrumb\",\"itemListElement\":[{\"@type\":\"ListItem\",\"position\":1,\"name\":\"Home\",\"item\":\"https:\\\/\\\/www.sifcoasc.com\\\/es\"},{\"@type\":\"ListItem\",\"position\":2,\"name\":\"Acreditaciones de calidad\"}]},{\"@type\":\"WebSite\",\"@id\":\"https:\\\/\\\/www.sifcoasc.com\\\/es#website\",\"url\":\"https:\\\/\\\/www.sifcoasc.com\\\/es\",\"name\":\"SIFCO Applied Surface Concepts\",\"description\":\"\",\"potentialAction\":[{\"@type\":\"SearchAction\",\"target\":{\"@type\":\"EntryPoint\",\"urlTemplate\":\"https:\\\/\\\/www.sifcoasc.com\\\/es?s={search_term_string}\"},\"query-input\":{\"@type\":\"PropertyValueSpecification\",\"valueRequired\":true,\"valueName\":\"search_term_string\"}}],\"inLanguage\":\"es\"}]}<\/script>\n<!-- \/ Yoast SEO plugin. -->","yoast_head_json":{"title":"SIFCO ASC : Acreditaciones de calidad","description":"Metalizado selectivo certificado y acreditado. ISO9001:2008 - AS9100C - NADCAP 7108 - Estaci\u00f3n de reparaci\u00f3n aprobada por la FAA - DDTC - AECA - ITAR","robots":{"index":"index","follow":"follow","max-snippet":"max-snippet:-1","max-image-preview":"max-image-preview:large","max-video-preview":"max-video-preview:-1"},"canonical":"https:\/\/www.sifcoasc.com\/es\/acreditaciones-de-calidad","og_locale":"es_ES","og_type":"article","og_title":"SIFCO ASC : Acreditaciones de calidad","og_description":"Metalizado selectivo certificado y acreditado. ISO9001:2008 - AS9100C - NADCAP 7108 - Estaci\u00f3n de reparaci\u00f3n aprobada por la FAA - DDTC - AECA - ITAR","og_url":"https:\/\/www.sifcoasc.com\/es\/acreditaciones-de-calidad","og_site_name":"SIFCO Applied Surface Concepts","article_modified_time":"2022-07-21T11:07:50+00:00","twitter_misc":{"Est. reading time":"2 minutos"},"schema":{"@context":"https:\/\/schema.org","@graph":[{"@type":"WebPage","@id":"https:\/\/www.sifcoasc.com\/es\/acreditaciones-de-calidad","url":"https:\/\/www.sifcoasc.com\/es\/acreditaciones-de-calidad","name":"SIFCO ASC : Acreditaciones de calidad","isPartOf":{"@id":"https:\/\/www.sifcoasc.com\/es#website"},"datePublished":"2022-07-14T16:58:29+00:00","dateModified":"2022-07-21T11:07:50+00:00","description":"Metalizado selectivo certificado y acreditado. ISO9001:2008 - AS9100C - NADCAP 7108 - Estaci\u00f3n de reparaci\u00f3n aprobada por la FAA - DDTC - AECA - ITAR","breadcrumb":{"@id":"https:\/\/www.sifcoasc.com\/es\/acreditaciones-de-calidad#breadcrumb"},"inLanguage":"es","potentialAction":[{"@type":"ReadAction","target":["https:\/\/www.sifcoasc.com\/es\/acreditaciones-de-calidad"]}]},{"@type":"BreadcrumbList","@id":"https:\/\/www.sifcoasc.com\/es\/acreditaciones-de-calidad#breadcrumb","itemListElement":[{"@type":"ListItem","position":1,"name":"Home","item":"https:\/\/www.sifcoasc.com\/es"},{"@type":"ListItem","position":2,"name":"Acreditaciones de calidad"}]},{"@type":"WebSite","@id":"https:\/\/www.sifcoasc.com\/es#website","url":"https:\/\/www.sifcoasc.com\/es","name":"SIFCO Applied Surface Concepts","description":"","potentialAction":[{"@type":"SearchAction","target":{"@type":"EntryPoint","urlTemplate":"https:\/\/www.sifcoasc.com\/es?s={search_term_string}"},"query-input":{"@type":"PropertyValueSpecification","valueRequired":true,"valueName":"search_term_string"}}],"inLanguage":"es"}]}},"featured_image_src":null,"featured_image_src_square":null,"_links":{"self":[{"href":"https:\/\/www.sifcoasc.com\/es\/wp-json\/wp\/v2\/pages\/9863","targetHints":{"allow":["GET"]}}],"collection":[{"href":"https:\/\/www.sifcoasc.com\/es\/wp-json\/wp\/v2\/pages"}],"about":[{"href":"https:\/\/www.sifcoasc.com\/es\/wp-json\/wp\/v2\/types\/page"}],"author":[{"embeddable":true,"href":"https:\/\/www.sifcoasc.com\/es\/wp-json\/wp\/v2\/users\/18"}],"replies":[{"embeddable":true,"href":"https:\/\/www.sifcoasc.com\/es\/wp-json\/wp\/v2\/comments?post=9863"}],"version-history":[{"count":0,"href":"https:\/\/www.sifcoasc.com\/es\/wp-json\/wp\/v2\/pages\/9863\/revisions"}],"wp:attachment":[{"href":"https:\/\/www.sifcoasc.com\/es\/wp-json\/wp\/v2\/media?parent=9863"}],"curies":[{"name":"wp","href":"https:\/\/api.w.org\/{rel}","templated":true}]}}