{"id":9878,"date":"2022-07-14T16:58:47","date_gmt":"2022-07-14T16:58:47","guid":{"rendered":"https:\/\/www.sifcoasc.com\/presentaciones-in-situ\/"},"modified":"2023-01-31T13:46:09","modified_gmt":"2023-01-31T13:46:09","slug":"presentaciones-in-situ","status":"publish","type":"page","link":"https:\/\/www.sifcoasc.com\/es\/presentaciones-in-situ","title":{"rendered":"Presentaciones in situ"},"content":{"rendered":"<p class=\"emph\">SIFCO ASC es el l\u00edder mundial en tecnolog\u00eda de revestimiento selectivo con la misi\u00f3n de crear una conciencia global del Proceso SIFCO\u00ae.  <\/p>\n<p>El personal t\u00e9cnico de SIFCO ASC est\u00e1 disponible para eventos de almuerzo y aprendizaje in situ, as\u00ed que aproveche la oportunidad de ense\u00f1ar a su equipo t\u00e9cnico y de ingenier\u00eda las ventajas del SIFCO Process\u00ae. Los almuerzos de trabajo se celebran en su sede y los temas se adaptan para centrarse en sus componentes y su sector espec\u00edficos.<\/p>\n<p>Los debates incluyen las capacidades de la galjanoplastia selectiva en aplicaciones relativas a:<\/p>\n<ul>\n<li>Protecci\u00f3n contra la corrosi\u00f3n<\/li>\n<li>Resistencia al desgaste<\/li>\n<li>Lubricidad<\/li>\n<li>Conductividad<\/li>\n<li>Dureza<\/li>\n<li>Mayor capacidad de sellado<\/li>\n<li>Reacondicionamiento seg\u00fan las especificaciones de las dimensiones originales<\/li>\n<\/ul>\n<p>La presentaci\u00f3n incluir\u00e1 informaci\u00f3n t\u00e9cnica sobre el proceso y ejemplos concretos relacionados con las aplicaciones y componentes de su empresa. La presentaci\u00f3n ir\u00e1 seguida de un segmento de preguntas y respuestas. La presentaci\u00f3n, de entre 90 y 120 minutos, incluir\u00e1 tambi\u00e9n un almuerzo y folletos.<\/p>\n<p><strong>QUI\u00c9N DEBE ASISTIR<\/strong><br \/>\n  La formaci\u00f3n y los eventos de almuerzo y aprendizaje de SIFCO Process\u00ae son beneficiosos para operadores, ingenieros, maquinistas, mec\u00e1nicos, soldadores y personal de supervisi\u00f3n. Todos los asistentes aprender\u00e1n los aspectos t\u00e9cnicos del Proceso SIFCO\u00ae y saldr\u00e1n con el conocimiento de un mejor m\u00e9todo para mejorar o reparar componentes.<\/p>\n<h2>Para m\u00e1s informaci\u00f3n, o para programar su presentaci\u00f3n in situ, p\u00f3ngase en contacto con nosotros hoy mismo en info@sifcoasc.com o en el 800-765-4131.<\/h2>\n","protected":false},"excerpt":{"rendered":"<p>SIFCO ASC es el l\u00edder mundial en tecnolog\u00eda de revestimiento selectivo con la misi\u00f3n de crear una conciencia global del Proceso SIFCO\u00ae. El personal t\u00e9cnico de SIFCO ASC est\u00e1 disponible para eventos de almuerzo y aprendizaje in situ, as\u00ed que aproveche la oportunidad de ense\u00f1ar a su equipo t\u00e9cnico y de ingenier\u00eda las ventajas del [&hellip;]<\/p>\n","protected":false},"author":18,"featured_media":0,"parent":0,"menu_order":0,"comment_status":"closed","ping_status":"closed","template":"","meta":{"_acf_changed":false,"inline_featured_image":false,"footnotes":""},"class_list":["post-9878","page","type-page","status-publish","hentry"],"acf":[],"yoast_head":"<!-- This site is optimized with the Yoast SEO plugin v27.4 - https:\/\/yoast.com\/product\/yoast-seo-wordpress\/ -->\n<title>Presentaciones in situ - SIFCO Applied Surface Concepts<\/title>\n<meta name=\"description\" content=\"SIFCO ASC es el l\u00edder mundial en tecnolog\u00eda de revestimiento selectivo con la misi\u00f3n de crear una conciencia global del Proceso SIFCO\u00ae. El personal t\u00e9cnico de SIFCO ASC est\u00e1 disponible para eventos de almuerzo y aprendizaje in situ, as\u00ed que aproveche la oportunidad de ense\u00f1ar a su equipo t\u00e9cnico y de ingenier\u00eda las ventajas del\" \/>\n<meta name=\"robots\" content=\"index, follow, max-snippet:-1, max-image-preview:large, max-video-preview:-1\" \/>\n<link rel=\"canonical\" href=\"https:\/\/www.sifcoasc.com\/es\/presentaciones-in-situ\" \/>\n<meta property=\"og:locale\" content=\"es_ES\" \/>\n<meta property=\"og:type\" content=\"article\" \/>\n<meta property=\"og:title\" content=\"Presentaciones in situ - SIFCO Applied Surface Concepts\" \/>\n<meta property=\"og:description\" content=\"SIFCO ASC es el l\u00edder mundial en tecnolog\u00eda de revestimiento selectivo con la misi\u00f3n de crear una conciencia global del Proceso SIFCO\u00ae. El personal t\u00e9cnico de SIFCO ASC est\u00e1 disponible para eventos de almuerzo y aprendizaje in situ, as\u00ed que aproveche la oportunidad de ense\u00f1ar a su equipo t\u00e9cnico y de ingenier\u00eda las ventajas del\" \/>\n<meta property=\"og:url\" content=\"https:\/\/www.sifcoasc.com\/es\/presentaciones-in-situ\" \/>\n<meta property=\"og:site_name\" content=\"SIFCO Applied Surface Concepts\" \/>\n<meta property=\"article:modified_time\" content=\"2023-01-31T13:46:09+00:00\" \/>\n<meta name=\"twitter:label1\" content=\"Est. reading time\" \/>\n\t<meta name=\"twitter:data1\" content=\"1 minuto\" \/>\n<script type=\"application\/ld+json\" class=\"yoast-schema-graph\">{\"@context\":\"https:\\\/\\\/schema.org\",\"@graph\":[{\"@type\":\"WebPage\",\"@id\":\"https:\\\/\\\/www.sifcoasc.com\\\/es\\\/presentaciones-in-situ\",\"url\":\"https:\\\/\\\/www.sifcoasc.com\\\/es\\\/presentaciones-in-situ\",\"name\":\"Presentaciones in situ - SIFCO Applied Surface Concepts\",\"isPartOf\":{\"@id\":\"https:\\\/\\\/www.sifcoasc.com\\\/es#website\"},\"datePublished\":\"2022-07-14T16:58:47+00:00\",\"dateModified\":\"2023-01-31T13:46:09+00:00\",\"description\":\"SIFCO ASC es el l\u00edder mundial en tecnolog\u00eda de revestimiento selectivo con la misi\u00f3n de crear una conciencia global del Proceso SIFCO\u00ae. El personal t\u00e9cnico de SIFCO ASC est\u00e1 disponible para eventos de almuerzo y aprendizaje in situ, as\u00ed que aproveche la oportunidad de ense\u00f1ar a su equipo t\u00e9cnico y de ingenier\u00eda las ventajas del\",\"breadcrumb\":{\"@id\":\"https:\\\/\\\/www.sifcoasc.com\\\/es\\\/presentaciones-in-situ#breadcrumb\"},\"inLanguage\":\"es\",\"potentialAction\":[{\"@type\":\"ReadAction\",\"target\":[\"https:\\\/\\\/www.sifcoasc.com\\\/es\\\/presentaciones-in-situ\"]}]},{\"@type\":\"BreadcrumbList\",\"@id\":\"https:\\\/\\\/www.sifcoasc.com\\\/es\\\/presentaciones-in-situ#breadcrumb\",\"itemListElement\":[{\"@type\":\"ListItem\",\"position\":1,\"name\":\"Home\",\"item\":\"https:\\\/\\\/www.sifcoasc.com\\\/es\"},{\"@type\":\"ListItem\",\"position\":2,\"name\":\"Presentaciones in situ\"}]},{\"@type\":\"WebSite\",\"@id\":\"https:\\\/\\\/www.sifcoasc.com\\\/es#website\",\"url\":\"https:\\\/\\\/www.sifcoasc.com\\\/es\",\"name\":\"SIFCO Applied Surface Concepts\",\"description\":\"\",\"potentialAction\":[{\"@type\":\"SearchAction\",\"target\":{\"@type\":\"EntryPoint\",\"urlTemplate\":\"https:\\\/\\\/www.sifcoasc.com\\\/es?s={search_term_string}\"},\"query-input\":{\"@type\":\"PropertyValueSpecification\",\"valueRequired\":true,\"valueName\":\"search_term_string\"}}],\"inLanguage\":\"es\"}]}<\/script>\n<!-- \/ Yoast SEO plugin. -->","yoast_head_json":{"title":"Presentaciones in situ - SIFCO Applied Surface Concepts","description":"SIFCO ASC es el l\u00edder mundial en tecnolog\u00eda de revestimiento selectivo con la misi\u00f3n de crear una conciencia global del Proceso SIFCO\u00ae. El personal t\u00e9cnico de SIFCO ASC est\u00e1 disponible para eventos de almuerzo y aprendizaje in situ, as\u00ed que aproveche la oportunidad de ense\u00f1ar a su equipo t\u00e9cnico y de ingenier\u00eda las ventajas del","robots":{"index":"index","follow":"follow","max-snippet":"max-snippet:-1","max-image-preview":"max-image-preview:large","max-video-preview":"max-video-preview:-1"},"canonical":"https:\/\/www.sifcoasc.com\/es\/presentaciones-in-situ","og_locale":"es_ES","og_type":"article","og_title":"Presentaciones in situ - SIFCO Applied Surface Concepts","og_description":"SIFCO ASC es el l\u00edder mundial en tecnolog\u00eda de revestimiento selectivo con la misi\u00f3n de crear una conciencia global del Proceso SIFCO\u00ae. El personal t\u00e9cnico de SIFCO ASC est\u00e1 disponible para eventos de almuerzo y aprendizaje in situ, as\u00ed que aproveche la oportunidad de ense\u00f1ar a su equipo t\u00e9cnico y de ingenier\u00eda las ventajas del","og_url":"https:\/\/www.sifcoasc.com\/es\/presentaciones-in-situ","og_site_name":"SIFCO Applied Surface Concepts","article_modified_time":"2023-01-31T13:46:09+00:00","twitter_misc":{"Est. reading time":"1 minuto"},"schema":{"@context":"https:\/\/schema.org","@graph":[{"@type":"WebPage","@id":"https:\/\/www.sifcoasc.com\/es\/presentaciones-in-situ","url":"https:\/\/www.sifcoasc.com\/es\/presentaciones-in-situ","name":"Presentaciones in situ - SIFCO Applied Surface Concepts","isPartOf":{"@id":"https:\/\/www.sifcoasc.com\/es#website"},"datePublished":"2022-07-14T16:58:47+00:00","dateModified":"2023-01-31T13:46:09+00:00","description":"SIFCO ASC es el l\u00edder mundial en tecnolog\u00eda de revestimiento selectivo con la misi\u00f3n de crear una conciencia global del Proceso SIFCO\u00ae. El personal t\u00e9cnico de SIFCO ASC est\u00e1 disponible para eventos de almuerzo y aprendizaje in situ, as\u00ed que aproveche la oportunidad de ense\u00f1ar a su equipo t\u00e9cnico y de ingenier\u00eda las ventajas del","breadcrumb":{"@id":"https:\/\/www.sifcoasc.com\/es\/presentaciones-in-situ#breadcrumb"},"inLanguage":"es","potentialAction":[{"@type":"ReadAction","target":["https:\/\/www.sifcoasc.com\/es\/presentaciones-in-situ"]}]},{"@type":"BreadcrumbList","@id":"https:\/\/www.sifcoasc.com\/es\/presentaciones-in-situ#breadcrumb","itemListElement":[{"@type":"ListItem","position":1,"name":"Home","item":"https:\/\/www.sifcoasc.com\/es"},{"@type":"ListItem","position":2,"name":"Presentaciones in situ"}]},{"@type":"WebSite","@id":"https:\/\/www.sifcoasc.com\/es#website","url":"https:\/\/www.sifcoasc.com\/es","name":"SIFCO Applied Surface Concepts","description":"","potentialAction":[{"@type":"SearchAction","target":{"@type":"EntryPoint","urlTemplate":"https:\/\/www.sifcoasc.com\/es?s={search_term_string}"},"query-input":{"@type":"PropertyValueSpecification","valueRequired":true,"valueName":"search_term_string"}}],"inLanguage":"es"}]}},"featured_image_src":null,"featured_image_src_square":null,"_links":{"self":[{"href":"https:\/\/www.sifcoasc.com\/es\/wp-json\/wp\/v2\/pages\/9878","targetHints":{"allow":["GET"]}}],"collection":[{"href":"https:\/\/www.sifcoasc.com\/es\/wp-json\/wp\/v2\/pages"}],"about":[{"href":"https:\/\/www.sifcoasc.com\/es\/wp-json\/wp\/v2\/types\/page"}],"author":[{"embeddable":true,"href":"https:\/\/www.sifcoasc.com\/es\/wp-json\/wp\/v2\/users\/18"}],"replies":[{"embeddable":true,"href":"https:\/\/www.sifcoasc.com\/es\/wp-json\/wp\/v2\/comments?post=9878"}],"version-history":[{"count":0,"href":"https:\/\/www.sifcoasc.com\/es\/wp-json\/wp\/v2\/pages\/9878\/revisions"}],"wp:attachment":[{"href":"https:\/\/www.sifcoasc.com\/es\/wp-json\/wp\/v2\/media?parent=9878"}],"curies":[{"name":"wp","href":"https:\/\/api.w.org\/{rel}","templated":true}]}}