{"id":9938,"date":"2022-07-14T16:59:51","date_gmt":"2022-07-14T16:59:51","guid":{"rendered":"https:\/\/www.sifcoasc.com\/la-evolucion-de-la-automatizacion-en-la-galvanoplastia-selectiva\/"},"modified":"2022-07-19T12:37:54","modified_gmt":"2022-07-19T12:37:54","slug":"la-evolucion-de-la-automatizacion-en-la-galvanoplastia-selectiva","status":"publish","type":"page","link":"https:\/\/www.sifcoasc.com\/es\/la-evolucion-de-la-automatizacion-en-la-galvanoplastia-selectiva","title":{"rendered":"La evoluci\u00f3n de la automatizaci\u00f3n en la galvanoplastia selectiva"},"content":{"rendered":"<div class=\"right-image\"><img loading=\"lazy\" decoding=\"async\" width=\"300\" height=\"234\" src=\"\/wp-content\/uploads\/auto-300x234-2.jpg\" alt=\"\" class=\"alignnone size-full wp-image-2132\"> <\/div>\n<p>El revestimiento selectivo es un proceso bien establecido y fiable que ya se ha incluido en m\u00faltiples especificaciones aeroespaciales. No s\u00f3lo supera los requisitos fundamentales de los procesos de fabricaci\u00f3n, reparaci\u00f3n y mantenimiento de aeronaves, sino que tambi\u00e9n proporciona un c\u00edrculo completo de ventajas, como calidad, durabilidad, ahorro de costes, portabilidad y ahorro de tiempo.<\/p>\n<p>Pero al automatizar el proceso de chapado selectivo, los operarios pueden revisar los datos capturados para determinar si la operaci\u00f3n se ha realizado correctamente. Si se produce alg\u00fan error o no se cumplen las normas de calidad, los operarios pueden revisar los datos y rastrear el error hasta su origen y asignar la acci\u00f3n correctiva adecuada, evitando que los errores se repitan, lo que mejora eficazmente la trazabilidad y la repetibilidad dentro del proceso. Adem\u00e1s, la automatizaci\u00f3n reduce el riesgo ergon\u00f3mico para el operario y tambi\u00e9n aumenta la capacidad disponible al permitir que los operarios cualificados se centren en los procesos empresariales principales.<\/p>\n<p>Estas ventajas pueden verse claramente en la industria aeroespacial con el reciente y muy apreciado trabajo de SIFCO ASC con los principales fabricantes de motores de aviones y componentes de trenes de aterrizaje en el Reino Unido y Estados Unidos.<\/p>\n<p>Para saber m\u00e1s sobre el trabajo realizado para los principales fabricantes de componentes aeron\u00e1uticos, lea el art\u00edculo completo en <a href=\"https:\/\/www.aero-mag.com\/evolution-automated-plating\/\">https:\/\/www.aero-mag.com\/evolution-automated-plating\/<\/a><\/p>\n","protected":false},"excerpt":{"rendered":"<p>El revestimiento selectivo es un proceso bien establecido y fiable que ya se ha incluido en m\u00faltiples especificaciones aeroespaciales. No s\u00f3lo supera los requisitos fundamentales de los procesos de fabricaci\u00f3n, reparaci\u00f3n y mantenimiento de aeronaves, sino que tambi\u00e9n proporciona un c\u00edrculo completo de ventajas, como calidad, durabilidad, ahorro de costes, portabilidad y ahorro de tiempo. [&hellip;]<\/p>\n","protected":false},"author":18,"featured_media":0,"parent":0,"menu_order":0,"comment_status":"closed","ping_status":"closed","template":"","meta":{"_acf_changed":false,"inline_featured_image":false,"footnotes":""},"class_list":["post-9938","page","type-page","status-publish","hentry"],"acf":[],"yoast_head":"<!-- This site is optimized with the Yoast SEO plugin v27.4 - https:\/\/yoast.com\/product\/yoast-seo-wordpress\/ -->\n<title>La evoluci\u00f3n de la automatizaci\u00f3n en la galvanoplastia selectiva - SIFCO Applied Surface Concepts<\/title>\n<meta name=\"robots\" content=\"index, follow, max-snippet:-1, max-image-preview:large, max-video-preview:-1\" \/>\n<link rel=\"canonical\" href=\"https:\/\/www.sifcoasc.com\/es\/la-evolucion-de-la-automatizacion-en-la-galvanoplastia-selectiva\" \/>\n<meta property=\"og:locale\" content=\"es_ES\" \/>\n<meta property=\"og:type\" content=\"article\" \/>\n<meta property=\"og:title\" content=\"La evoluci\u00f3n de la automatizaci\u00f3n en la galvanoplastia selectiva - SIFCO Applied Surface Concepts\" \/>\n<meta property=\"og:description\" content=\"El revestimiento selectivo es un proceso bien establecido y fiable que ya se ha incluido en m\u00faltiples especificaciones aeroespaciales. No s\u00f3lo supera los requisitos fundamentales de los procesos de fabricaci\u00f3n, reparaci\u00f3n y mantenimiento de aeronaves, sino que tambi\u00e9n proporciona un c\u00edrculo completo de ventajas, como calidad, durabilidad, ahorro de costes, portabilidad y ahorro de tiempo. [&hellip;]\" \/>\n<meta property=\"og:url\" content=\"https:\/\/www.sifcoasc.com\/es\/la-evolucion-de-la-automatizacion-en-la-galvanoplastia-selectiva\" \/>\n<meta property=\"og:site_name\" content=\"SIFCO Applied Surface Concepts\" \/>\n<meta property=\"article:modified_time\" content=\"2022-07-19T12:37:54+00:00\" \/>\n<meta name=\"twitter:label1\" content=\"Est. reading time\" \/>\n\t<meta name=\"twitter:data1\" content=\"1 minuto\" \/>\n<script type=\"application\/ld+json\" class=\"yoast-schema-graph\">{\"@context\":\"https:\\\/\\\/schema.org\",\"@graph\":[{\"@type\":\"WebPage\",\"@id\":\"https:\\\/\\\/www.sifcoasc.com\\\/es\\\/la-evolucion-de-la-automatizacion-en-la-galvanoplastia-selectiva\",\"url\":\"https:\\\/\\\/www.sifcoasc.com\\\/es\\\/la-evolucion-de-la-automatizacion-en-la-galvanoplastia-selectiva\",\"name\":\"La evoluci\u00f3n de la automatizaci\u00f3n en la galvanoplastia selectiva - SIFCO Applied Surface Concepts\",\"isPartOf\":{\"@id\":\"https:\\\/\\\/www.sifcoasc.com\\\/es#website\"},\"datePublished\":\"2022-07-14T16:59:51+00:00\",\"dateModified\":\"2022-07-19T12:37:54+00:00\",\"breadcrumb\":{\"@id\":\"https:\\\/\\\/www.sifcoasc.com\\\/es\\\/la-evolucion-de-la-automatizacion-en-la-galvanoplastia-selectiva#breadcrumb\"},\"inLanguage\":\"es\",\"potentialAction\":[{\"@type\":\"ReadAction\",\"target\":[\"https:\\\/\\\/www.sifcoasc.com\\\/es\\\/la-evolucion-de-la-automatizacion-en-la-galvanoplastia-selectiva\"]}]},{\"@type\":\"BreadcrumbList\",\"@id\":\"https:\\\/\\\/www.sifcoasc.com\\\/es\\\/la-evolucion-de-la-automatizacion-en-la-galvanoplastia-selectiva#breadcrumb\",\"itemListElement\":[{\"@type\":\"ListItem\",\"position\":1,\"name\":\"Home\",\"item\":\"https:\\\/\\\/www.sifcoasc.com\\\/es\"},{\"@type\":\"ListItem\",\"position\":2,\"name\":\"La evoluci\u00f3n de la automatizaci\u00f3n en la galvanoplastia selectiva\"}]},{\"@type\":\"WebSite\",\"@id\":\"https:\\\/\\\/www.sifcoasc.com\\\/es#website\",\"url\":\"https:\\\/\\\/www.sifcoasc.com\\\/es\",\"name\":\"SIFCO Applied Surface Concepts\",\"description\":\"\",\"potentialAction\":[{\"@type\":\"SearchAction\",\"target\":{\"@type\":\"EntryPoint\",\"urlTemplate\":\"https:\\\/\\\/www.sifcoasc.com\\\/es?s={search_term_string}\"},\"query-input\":{\"@type\":\"PropertyValueSpecification\",\"valueRequired\":true,\"valueName\":\"search_term_string\"}}],\"inLanguage\":\"es\"}]}<\/script>\n<!-- \/ Yoast SEO plugin. -->","yoast_head_json":{"title":"La evoluci\u00f3n de la automatizaci\u00f3n en la galvanoplastia selectiva - SIFCO Applied Surface Concepts","robots":{"index":"index","follow":"follow","max-snippet":"max-snippet:-1","max-image-preview":"max-image-preview:large","max-video-preview":"max-video-preview:-1"},"canonical":"https:\/\/www.sifcoasc.com\/es\/la-evolucion-de-la-automatizacion-en-la-galvanoplastia-selectiva","og_locale":"es_ES","og_type":"article","og_title":"La evoluci\u00f3n de la automatizaci\u00f3n en la galvanoplastia selectiva - SIFCO Applied Surface Concepts","og_description":"El revestimiento selectivo es un proceso bien establecido y fiable que ya se ha incluido en m\u00faltiples especificaciones aeroespaciales. No s\u00f3lo supera los requisitos fundamentales de los procesos de fabricaci\u00f3n, reparaci\u00f3n y mantenimiento de aeronaves, sino que tambi\u00e9n proporciona un c\u00edrculo completo de ventajas, como calidad, durabilidad, ahorro de costes, portabilidad y ahorro de tiempo. [&hellip;]","og_url":"https:\/\/www.sifcoasc.com\/es\/la-evolucion-de-la-automatizacion-en-la-galvanoplastia-selectiva","og_site_name":"SIFCO Applied Surface Concepts","article_modified_time":"2022-07-19T12:37:54+00:00","twitter_misc":{"Est. reading time":"1 minuto"},"schema":{"@context":"https:\/\/schema.org","@graph":[{"@type":"WebPage","@id":"https:\/\/www.sifcoasc.com\/es\/la-evolucion-de-la-automatizacion-en-la-galvanoplastia-selectiva","url":"https:\/\/www.sifcoasc.com\/es\/la-evolucion-de-la-automatizacion-en-la-galvanoplastia-selectiva","name":"La evoluci\u00f3n de la automatizaci\u00f3n en la galvanoplastia selectiva - SIFCO Applied Surface Concepts","isPartOf":{"@id":"https:\/\/www.sifcoasc.com\/es#website"},"datePublished":"2022-07-14T16:59:51+00:00","dateModified":"2022-07-19T12:37:54+00:00","breadcrumb":{"@id":"https:\/\/www.sifcoasc.com\/es\/la-evolucion-de-la-automatizacion-en-la-galvanoplastia-selectiva#breadcrumb"},"inLanguage":"es","potentialAction":[{"@type":"ReadAction","target":["https:\/\/www.sifcoasc.com\/es\/la-evolucion-de-la-automatizacion-en-la-galvanoplastia-selectiva"]}]},{"@type":"BreadcrumbList","@id":"https:\/\/www.sifcoasc.com\/es\/la-evolucion-de-la-automatizacion-en-la-galvanoplastia-selectiva#breadcrumb","itemListElement":[{"@type":"ListItem","position":1,"name":"Home","item":"https:\/\/www.sifcoasc.com\/es"},{"@type":"ListItem","position":2,"name":"La evoluci\u00f3n de la automatizaci\u00f3n en la galvanoplastia selectiva"}]},{"@type":"WebSite","@id":"https:\/\/www.sifcoasc.com\/es#website","url":"https:\/\/www.sifcoasc.com\/es","name":"SIFCO Applied Surface Concepts","description":"","potentialAction":[{"@type":"SearchAction","target":{"@type":"EntryPoint","urlTemplate":"https:\/\/www.sifcoasc.com\/es?s={search_term_string}"},"query-input":{"@type":"PropertyValueSpecification","valueRequired":true,"valueName":"search_term_string"}}],"inLanguage":"es"}]}},"featured_image_src":null,"featured_image_src_square":null,"_links":{"self":[{"href":"https:\/\/www.sifcoasc.com\/es\/wp-json\/wp\/v2\/pages\/9938","targetHints":{"allow":["GET"]}}],"collection":[{"href":"https:\/\/www.sifcoasc.com\/es\/wp-json\/wp\/v2\/pages"}],"about":[{"href":"https:\/\/www.sifcoasc.com\/es\/wp-json\/wp\/v2\/types\/page"}],"author":[{"embeddable":true,"href":"https:\/\/www.sifcoasc.com\/es\/wp-json\/wp\/v2\/users\/18"}],"replies":[{"embeddable":true,"href":"https:\/\/www.sifcoasc.com\/es\/wp-json\/wp\/v2\/comments?post=9938"}],"version-history":[{"count":0,"href":"https:\/\/www.sifcoasc.com\/es\/wp-json\/wp\/v2\/pages\/9938\/revisions"}],"wp:attachment":[{"href":"https:\/\/www.sifcoasc.com\/es\/wp-json\/wp\/v2\/media?parent=9938"}],"curies":[{"name":"wp","href":"https:\/\/api.w.org\/{rel}","templated":true}]}}