{"id":9993,"date":"2022-07-14T17:00:43","date_gmt":"2022-07-14T17:00:43","guid":{"rendered":"https:\/\/www.sifcoasc.com\/que-es-la-galvanoplastia-selectiva\/sistema-de-control-de-soluciones-avanzadas\/"},"modified":"2022-08-23T12:05:53","modified_gmt":"2022-08-23T12:05:53","slug":"sistema-de-control-de-soluciones-avanzadas","status":"publish","type":"page","link":"https:\/\/www.sifcoasc.com\/es\/que-es-la-galvanoplastia-selectiva\/sistema-de-control-de-soluciones-avanzadas","title":{"rendered":"Sistema de control de soluciones avanzadas"},"content":{"rendered":"<h2>Descubra el sistema avanzado de control de soluciones SIFCO ASC, un sistema port\u00e1til de revestimiento todo en uno que cuenta con tecnolog\u00eda sin goteo.<\/h2>\n<p>&nbsp;<\/p>\n<div style=\"width: 400px;\" class=\"wp-video\"><video class=\"alignleft wp-video-\" id=\"video-9993-1\" width=\"400\" height=\"200\" loop autoplay preload=\"metadata\" controls=\"controls\"><source type=\"video\/mp4\" src=\"https:\/\/www.sifcoasc.com\/wp-content\/uploads\/ASCS-Webpage-Video2-MP4.mp4?_=1\" \/><a href=\"https:\/\/www.sifcoasc.com\/wp-content\/uploads\/ASCS-Webpage-Video2-MP4.mp4\">https:\/\/www.sifcoasc.com\/wp-content\/uploads\/ASCS-Webpage-Video2-MP4.mp4<\/a><\/video><\/div>\n<p>En SIFCO ASC, nos esforzamos continuamente por mejorar el proceso de revestimiento.<\/p>\n<p>Nuestra misi\u00f3n sigue siendo proporcionar entornos de trabajo m\u00e1s seguros y limpios cuando se utiliza el Proceso SIFCO\u00ae de revestimiento selectivo. Y, con el reciente lanzamiento de nuestra tecnolog\u00eda de metalizado encapsulado, la capitalizaci\u00f3n de estos dos procesos era el siguiente paso natural en el desarrollo de nuestros sistemas de metalizado sin goteo.<\/p>\n<p>Vea el v\u00eddeo completo en <a href=\"https:\/\/youtu.be\/3kFXACCHMNM\">YouTube<\/a>.<\/p>\n<hr>\n<h2>Las herramientas:<\/h2>\n<div id=\"attachment_2734\" style=\"width: 510px\" class=\"wp-caption alignright\"><img loading=\"lazy\" decoding=\"async\" aria-describedby=\"caption-attachment-2734\" class=\"wp-image-2734\" src=\"https:\/\/www.sifcoasc.com\/wp-content\/uploads\/IMG_4101anode-family-500x257.jpeg\" alt=\"\u00c1nodos sin goteo\" width=\"500\" height=\"257\" srcset=\"https:\/\/www.sifcoasc.com\/wp-content\/uploads\/IMG_4101anode-family-500x257.jpeg 500w, https:\/\/www.sifcoasc.com\/wp-content\/uploads\/IMG_4101anode-family-1024x526.jpeg 1024w, https:\/\/www.sifcoasc.com\/wp-content\/uploads\/IMG_4101anode-family-768x394.jpeg 768w, https:\/\/www.sifcoasc.com\/wp-content\/uploads\/IMG_4101anode-family-1536x789.jpeg 1536w, https:\/\/www.sifcoasc.com\/wp-content\/uploads\/IMG_4101anode-family-2048x1052.jpeg 2048w\" sizes=\"auto, (max-width: 709px) 85vw, (max-width: 909px) 67vw, (max-width: 1362px) 62vw, 840px\" \/><p id=\"caption-attachment-2734\" class=\"wp-caption-text\">ASCS SMART Dripless Tooling (patente pendiente)<\/p><\/div>\n<p>Hemos desarrollado una colecci\u00f3n de \u00e1nodos sin goteo para el ASCS que cubren una variedad de geometr\u00edas y \u00e1reas de contacto, que van desde 0,07dm\u00b2 (1 pulgada2) hasta un incre\u00edble 1dm\u00b2 (15,5 pulgada2).<\/p>\n<p>Las herramientas sin goteo, pendientes de patente, permiten flexibilidad en su aplicaci\u00f3n y dep\u00f3sito. Los t\u00e9cnicos pueden utilizar una variedad de materiales de cobertura, como TuffWrap blanco, PermaWrap o chaqueta de algod\u00f3n, que no difieren del revestimiento est\u00e1ndar de los cepillos. Y sin importar el utillaje, el dep\u00f3sito puede ser revestido en cualquier orientaci\u00f3n&#8230; horizontalmente, verticalmente y al rev\u00e9s sin ninguna diferencia en el rendimiento o en el resultado &#8211; esto por s\u00ed solo es un logro significativo comparado con el proceso de revestimiento con cepillo est\u00e1ndar.<\/p>\n<p>Adem\u00e1s, las herramientas pueden combinarse, creando electrodos escalables de forma infinita para satisfacer las aplicaciones de revestimiento m\u00e1s espec\u00edficas.<\/p>\n<hr>\n<h2>Los carros<\/h2>\n<p><strong>El ASCS est\u00e1 disponible actualmente en dos tama\u00f1os:<\/strong><\/p>\n","protected":false},"excerpt":{"rendered":"<p>Descubra el sistema avanzado de control de soluciones SIFCO ASC, un sistema port\u00e1til de revestimiento todo en uno que cuenta con tecnolog\u00eda sin goteo. &nbsp; En SIFCO ASC, nos esforzamos continuamente por mejorar el proceso de revestimiento. Nuestra misi\u00f3n sigue siendo proporcionar entornos de trabajo m\u00e1s seguros y limpios cuando se utiliza el Proceso SIFCO\u00ae [&hellip;]<\/p>\n","protected":false},"author":81,"featured_media":0,"parent":9631,"menu_order":3,"comment_status":"closed","ping_status":"closed","template":"","meta":{"_acf_changed":false,"inline_featured_image":false,"footnotes":""},"class_list":["post-9993","page","type-page","status-publish","hentry"],"acf":[],"yoast_head":"<!-- This site is optimized with the Yoast SEO plugin v27.4 - https:\/\/yoast.com\/product\/yoast-seo-wordpress\/ -->\n<title>Sistema de control de soluciones avanzadas - SIFCO Applied Surface Concepts<\/title>\n<meta name=\"description\" content=\"Descubra el sistema avanzado de control de soluciones SIFCO ASC, un sistema port\u00e1til de revestimiento todo en uno que cuenta con tecnolog\u00eda sin goteo.\" \/>\n<meta name=\"robots\" content=\"index, follow, max-snippet:-1, max-image-preview:large, max-video-preview:-1\" \/>\n<link rel=\"canonical\" href=\"https:\/\/www.sifcoasc.com\/es\/que-es-la-galvanoplastia-selectiva\/sistema-de-control-de-soluciones-avanzadas\" \/>\n<meta property=\"og:locale\" content=\"es_ES\" \/>\n<meta property=\"og:type\" content=\"article\" \/>\n<meta property=\"og:title\" content=\"Sistema de control de soluciones avanzadas - SIFCO Applied Surface Concepts\" \/>\n<meta property=\"og:description\" content=\"Descubra el sistema avanzado de control de soluciones SIFCO ASC, un sistema port\u00e1til de revestimiento todo en uno que cuenta con tecnolog\u00eda sin goteo.\" \/>\n<meta property=\"og:url\" content=\"https:\/\/www.sifcoasc.com\/es\/que-es-la-galvanoplastia-selectiva\/sistema-de-control-de-soluciones-avanzadas\" \/>\n<meta property=\"og:site_name\" content=\"SIFCO Applied Surface Concepts\" \/>\n<meta property=\"article:modified_time\" content=\"2022-08-23T12:05:53+00:00\" \/>\n<meta property=\"og:image\" content=\"https:\/\/www.sifcoasc.com\/wp-content\/uploads\/IMG_4101anode-family-500x257.jpeg\" \/>\n<meta name=\"twitter:label1\" content=\"Est. reading time\" \/>\n\t<meta name=\"twitter:data1\" content=\"2 minutos\" \/>\n<script type=\"application\/ld+json\" class=\"yoast-schema-graph\">{\"@context\":\"https:\\\/\\\/schema.org\",\"@graph\":[{\"@type\":\"WebPage\",\"@id\":\"https:\\\/\\\/www.sifcoasc.com\\\/es\\\/que-es-la-galvanoplastia-selectiva\\\/sistema-de-control-de-soluciones-avanzadas\",\"url\":\"https:\\\/\\\/www.sifcoasc.com\\\/es\\\/que-es-la-galvanoplastia-selectiva\\\/sistema-de-control-de-soluciones-avanzadas\",\"name\":\"Sistema de control de soluciones avanzadas - SIFCO Applied Surface Concepts\",\"isPartOf\":{\"@id\":\"https:\\\/\\\/www.sifcoasc.com\\\/es#website\"},\"primaryImageOfPage\":{\"@id\":\"https:\\\/\\\/www.sifcoasc.com\\\/es\\\/que-es-la-galvanoplastia-selectiva\\\/sistema-de-control-de-soluciones-avanzadas#primaryimage\"},\"image\":{\"@id\":\"https:\\\/\\\/www.sifcoasc.com\\\/es\\\/que-es-la-galvanoplastia-selectiva\\\/sistema-de-control-de-soluciones-avanzadas#primaryimage\"},\"thumbnailUrl\":\"https:\\\/\\\/www.sifcoasc.com\\\/wp-content\\\/uploads\\\/IMG_4101anode-family-500x257.jpeg\",\"datePublished\":\"2022-07-14T17:00:43+00:00\",\"dateModified\":\"2022-08-23T12:05:53+00:00\",\"description\":\"Descubra el sistema avanzado de control de soluciones SIFCO ASC, un sistema port\u00e1til de revestimiento todo en uno que cuenta con tecnolog\u00eda sin goteo.\",\"breadcrumb\":{\"@id\":\"https:\\\/\\\/www.sifcoasc.com\\\/es\\\/que-es-la-galvanoplastia-selectiva\\\/sistema-de-control-de-soluciones-avanzadas#breadcrumb\"},\"inLanguage\":\"es\",\"potentialAction\":[{\"@type\":\"ReadAction\",\"target\":[\"https:\\\/\\\/www.sifcoasc.com\\\/es\\\/que-es-la-galvanoplastia-selectiva\\\/sistema-de-control-de-soluciones-avanzadas\"]}]},{\"@type\":\"ImageObject\",\"inLanguage\":\"es\",\"@id\":\"https:\\\/\\\/www.sifcoasc.com\\\/es\\\/que-es-la-galvanoplastia-selectiva\\\/sistema-de-control-de-soluciones-avanzadas#primaryimage\",\"url\":\"https:\\\/\\\/www.sifcoasc.com\\\/wp-content\\\/uploads\\\/IMG_4101anode-family-500x257.jpeg\",\"contentUrl\":\"https:\\\/\\\/www.sifcoasc.com\\\/wp-content\\\/uploads\\\/IMG_4101anode-family-500x257.jpeg\"},{\"@type\":\"BreadcrumbList\",\"@id\":\"https:\\\/\\\/www.sifcoasc.com\\\/es\\\/que-es-la-galvanoplastia-selectiva\\\/sistema-de-control-de-soluciones-avanzadas#breadcrumb\",\"itemListElement\":[{\"@type\":\"ListItem\",\"position\":1,\"name\":\"Home\",\"item\":\"https:\\\/\\\/www.sifcoasc.com\\\/es\"},{\"@type\":\"ListItem\",\"position\":2,\"name\":\"\u00bfQu\u00e9 es la galvanoplastia selectiva?\",\"item\":\"https:\\\/\\\/www.sifcoasc.com\\\/es\\\/que-es-la-galvanoplastia-selectiva\"},{\"@type\":\"ListItem\",\"position\":3,\"name\":\"Sistema de control de soluciones avanzadas\"}]},{\"@type\":\"WebSite\",\"@id\":\"https:\\\/\\\/www.sifcoasc.com\\\/es#website\",\"url\":\"https:\\\/\\\/www.sifcoasc.com\\\/es\",\"name\":\"SIFCO Applied Surface Concepts\",\"description\":\"\",\"potentialAction\":[{\"@type\":\"SearchAction\",\"target\":{\"@type\":\"EntryPoint\",\"urlTemplate\":\"https:\\\/\\\/www.sifcoasc.com\\\/es?s={search_term_string}\"},\"query-input\":{\"@type\":\"PropertyValueSpecification\",\"valueRequired\":true,\"valueName\":\"search_term_string\"}}],\"inLanguage\":\"es\"}]}<\/script>\n<!-- \/ Yoast SEO plugin. -->","yoast_head_json":{"title":"Sistema de control de soluciones avanzadas - SIFCO Applied Surface Concepts","description":"Descubra el sistema avanzado de control de soluciones SIFCO ASC, un sistema port\u00e1til de revestimiento todo en uno que cuenta con tecnolog\u00eda sin goteo.","robots":{"index":"index","follow":"follow","max-snippet":"max-snippet:-1","max-image-preview":"max-image-preview:large","max-video-preview":"max-video-preview:-1"},"canonical":"https:\/\/www.sifcoasc.com\/es\/que-es-la-galvanoplastia-selectiva\/sistema-de-control-de-soluciones-avanzadas","og_locale":"es_ES","og_type":"article","og_title":"Sistema de control de soluciones avanzadas - SIFCO Applied Surface Concepts","og_description":"Descubra el sistema avanzado de control de soluciones SIFCO ASC, un sistema port\u00e1til de revestimiento todo en uno que cuenta con tecnolog\u00eda sin goteo.","og_url":"https:\/\/www.sifcoasc.com\/es\/que-es-la-galvanoplastia-selectiva\/sistema-de-control-de-soluciones-avanzadas","og_site_name":"SIFCO Applied Surface Concepts","article_modified_time":"2022-08-23T12:05:53+00:00","og_image":[{"url":"https:\/\/www.sifcoasc.com\/wp-content\/uploads\/IMG_4101anode-family-500x257.jpeg","type":"","width":"","height":""}],"twitter_misc":{"Est. reading time":"2 minutos"},"schema":{"@context":"https:\/\/schema.org","@graph":[{"@type":"WebPage","@id":"https:\/\/www.sifcoasc.com\/es\/que-es-la-galvanoplastia-selectiva\/sistema-de-control-de-soluciones-avanzadas","url":"https:\/\/www.sifcoasc.com\/es\/que-es-la-galvanoplastia-selectiva\/sistema-de-control-de-soluciones-avanzadas","name":"Sistema de control de soluciones avanzadas - SIFCO Applied Surface Concepts","isPartOf":{"@id":"https:\/\/www.sifcoasc.com\/es#website"},"primaryImageOfPage":{"@id":"https:\/\/www.sifcoasc.com\/es\/que-es-la-galvanoplastia-selectiva\/sistema-de-control-de-soluciones-avanzadas#primaryimage"},"image":{"@id":"https:\/\/www.sifcoasc.com\/es\/que-es-la-galvanoplastia-selectiva\/sistema-de-control-de-soluciones-avanzadas#primaryimage"},"thumbnailUrl":"https:\/\/www.sifcoasc.com\/wp-content\/uploads\/IMG_4101anode-family-500x257.jpeg","datePublished":"2022-07-14T17:00:43+00:00","dateModified":"2022-08-23T12:05:53+00:00","description":"Descubra el sistema avanzado de control de soluciones SIFCO ASC, un sistema port\u00e1til de revestimiento todo en uno que cuenta con tecnolog\u00eda sin goteo.","breadcrumb":{"@id":"https:\/\/www.sifcoasc.com\/es\/que-es-la-galvanoplastia-selectiva\/sistema-de-control-de-soluciones-avanzadas#breadcrumb"},"inLanguage":"es","potentialAction":[{"@type":"ReadAction","target":["https:\/\/www.sifcoasc.com\/es\/que-es-la-galvanoplastia-selectiva\/sistema-de-control-de-soluciones-avanzadas"]}]},{"@type":"ImageObject","inLanguage":"es","@id":"https:\/\/www.sifcoasc.com\/es\/que-es-la-galvanoplastia-selectiva\/sistema-de-control-de-soluciones-avanzadas#primaryimage","url":"https:\/\/www.sifcoasc.com\/wp-content\/uploads\/IMG_4101anode-family-500x257.jpeg","contentUrl":"https:\/\/www.sifcoasc.com\/wp-content\/uploads\/IMG_4101anode-family-500x257.jpeg"},{"@type":"BreadcrumbList","@id":"https:\/\/www.sifcoasc.com\/es\/que-es-la-galvanoplastia-selectiva\/sistema-de-control-de-soluciones-avanzadas#breadcrumb","itemListElement":[{"@type":"ListItem","position":1,"name":"Home","item":"https:\/\/www.sifcoasc.com\/es"},{"@type":"ListItem","position":2,"name":"\u00bfQu\u00e9 es la galvanoplastia selectiva?","item":"https:\/\/www.sifcoasc.com\/es\/que-es-la-galvanoplastia-selectiva"},{"@type":"ListItem","position":3,"name":"Sistema de control de soluciones avanzadas"}]},{"@type":"WebSite","@id":"https:\/\/www.sifcoasc.com\/es#website","url":"https:\/\/www.sifcoasc.com\/es","name":"SIFCO Applied Surface Concepts","description":"","potentialAction":[{"@type":"SearchAction","target":{"@type":"EntryPoint","urlTemplate":"https:\/\/www.sifcoasc.com\/es?s={search_term_string}"},"query-input":{"@type":"PropertyValueSpecification","valueRequired":true,"valueName":"search_term_string"}}],"inLanguage":"es"}]}},"featured_image_src":null,"featured_image_src_square":null,"_links":{"self":[{"href":"https:\/\/www.sifcoasc.com\/es\/wp-json\/wp\/v2\/pages\/9993","targetHints":{"allow":["GET"]}}],"collection":[{"href":"https:\/\/www.sifcoasc.com\/es\/wp-json\/wp\/v2\/pages"}],"about":[{"href":"https:\/\/www.sifcoasc.com\/es\/wp-json\/wp\/v2\/types\/page"}],"author":[{"embeddable":true,"href":"https:\/\/www.sifcoasc.com\/es\/wp-json\/wp\/v2\/users\/81"}],"replies":[{"embeddable":true,"href":"https:\/\/www.sifcoasc.com\/es\/wp-json\/wp\/v2\/comments?post=9993"}],"version-history":[{"count":0,"href":"https:\/\/www.sifcoasc.com\/es\/wp-json\/wp\/v2\/pages\/9993\/revisions"}],"up":[{"embeddable":true,"href":"https:\/\/www.sifcoasc.com\/es\/wp-json\/wp\/v2\/pages\/9631"}],"wp:attachment":[{"href":"https:\/\/www.sifcoasc.com\/es\/wp-json\/wp\/v2\/media?parent=9993"}],"curies":[{"name":"wp","href":"https:\/\/api.w.org\/{rel}","templated":true}]}}