{"id":21267,"date":"2022-08-22T14:22:00","date_gmt":"2022-08-22T14:22:00","guid":{"rendered":"https:\/\/www.sifcoasc.com\/?page_id=21267"},"modified":"2023-01-31T13:45:08","modified_gmt":"2023-01-31T13:45:08","slug":"on-site-plating","status":"publish","type":"page","link":"https:\/\/www.sifcoasc.com\/fr\/on-site-plating","title":{"rendered":"On-Site Plating"},"content":{"rendered":"<h2>On-site Selective Plating Services<\/h2>\n<p class=\"emph\">More MRO and OEM facilities depend on SIFCO ASC than any other on-site plating specialist.<\/p>\n<p><img loading=\"lazy\" decoding=\"async\" width=\"555\" height=\"309\" class=\"size-full wp-image-2264 alignright\" title=\"On-Site Plating \" src=\"\/wp-content\/uploads\/img1-1.png\" alt=\"On-Site Plating \" srcset=\"https:\/\/www.sifcoasc.com\/wp-content\/uploads\/img1-1.png 555w, https:\/\/www.sifcoasc.com\/wp-content\/uploads\/img1-1-500x278.png 500w\" sizes=\"auto, (max-width: 709px) 85vw, (max-width: 909px) 67vw, (max-width: 1362px) 62vw, 840px\" \/><strong>Leveraging the portability of the SIFCO Process\u00ae selective plating, our Service Technicians bring the process to you. When time is of the essence, parts are too large to ship, or you don\u2019t want to transfer valuable components out of your control, SIFCO ASC will provide the necessary resources to complete on-site plating to your requirements at your location.<\/strong><\/p>\n<p class=\"emph\">See our video \u2013 The SIFCO Process for the Power Generation Industry<\/p>\n<p>Each member of our Technical Support team has extensive industry experience working with a broad range of applications. Our highly trained Service Technicians have undergone rigorous training programs; gaining and maintaining their plating certification and fully understand all aspects of selective plating applications.<\/p>\n","protected":false},"excerpt":{"rendered":"<p>On-site Selective Plating Services More MRO and OEM facilities depend on SIFCO ASC than any other on-site plating specialist. Leveraging the portability of the SIFCO Process\u00ae selective plating, our Service Technicians bring the process to you. When time is of the essence, parts are too large to ship, or you don\u2019t want to transfer valuable [&hellip;]<\/p>\n","protected":false},"author":18,"featured_media":0,"parent":0,"menu_order":0,"comment_status":"closed","ping_status":"closed","template":"","meta":{"_acf_changed":false,"inline_featured_image":false,"footnotes":""},"class_list":["post-21267","page","type-page","status-publish","hentry"],"acf":[],"yoast_head":"<!-- This site is optimized with the Yoast SEO plugin v27.3 - https:\/\/yoast.com\/product\/yoast-seo-wordpress\/ -->\n<title>On-Site Plating - SIFCO Applied Surface Concepts<\/title>\n<meta name=\"description\" content=\"Services de placage s\u00e9lectif sur site Plus d\u2019installations MRO et OEM d\u00e9pendent de SIFCO ASC que de tout autre sp\u00e9cialiste de placage sur site. Tirant parti de la portabilit\u00e9 du placage s\u00e9lectif SIFCO Process\u00ae, nos techniciens de service vous apportent le processus. Lorsque le temps presse, les pi\u00e8ces sont trop volumineuses pour \u00eatre exp\u00e9di\u00e9es ou vous ne souhaitez pas transf\u00e9rer de valeur\" \/>\n<meta name=\"robots\" content=\"index, follow, max-snippet:-1, max-image-preview:large, max-video-preview:-1\" \/>\n<link rel=\"canonical\" href=\"https:\/\/www.sifcoasc.com\/fr\/on-site-plating\" \/>\n<meta property=\"og:locale\" content=\"fr_FR\" \/>\n<meta property=\"og:type\" content=\"article\" \/>\n<meta property=\"og:title\" content=\"On-Site Plating - SIFCO Applied Surface Concepts\" \/>\n<meta property=\"og:description\" content=\"Services de placage s\u00e9lectif sur site Plus d\u2019installations MRO et OEM d\u00e9pendent de SIFCO ASC que de tout autre sp\u00e9cialiste de placage sur site. Tirant parti de la portabilit\u00e9 du placage s\u00e9lectif SIFCO Process\u00ae, nos techniciens de service vous apportent le processus. Lorsque le temps presse, les pi\u00e8ces sont trop volumineuses pour \u00eatre exp\u00e9di\u00e9es ou vous ne souhaitez pas transf\u00e9rer de valeur\" \/>\n<meta property=\"og:url\" content=\"https:\/\/www.sifcoasc.com\/fr\/on-site-plating\" \/>\n<meta property=\"og:site_name\" content=\"SIFCO Applied Surface Concepts\" \/>\n<meta property=\"article:modified_time\" content=\"2023-01-31T13:45:08+00:00\" \/>\n<meta name=\"twitter:label1\" content=\"Est. reading time\" \/>\n\t<meta name=\"twitter:data1\" content=\"1 minute\" \/>\n<script type=\"application\/ld+json\" class=\"yoast-schema-graph\">{\"@context\":\"https:\\\/\\\/schema.org\",\"@graph\":[{\"@type\":\"WebPage\",\"@id\":\"https:\\\/\\\/www.sifcoasc.com\\\/fr\\\/on-site-plating\",\"url\":\"https:\\\/\\\/www.sifcoasc.com\\\/fr\\\/on-site-plating\",\"name\":\"On-Site Plating - SIFCO Applied Surface Concepts\",\"isPartOf\":{\"@id\":\"https:\\\/\\\/www.sifcoasc.com\\\/fr#website\"},\"datePublished\":\"2022-08-22T14:22:00+00:00\",\"dateModified\":\"2023-01-31T13:45:08+00:00\",\"description\":\"Services de placage s\u00e9lectif sur site Plus d\u2019installations MRO et OEM d\u00e9pendent de SIFCO ASC que de tout autre sp\u00e9cialiste de placage sur site. Tirant parti de la portabilit\u00e9 du placage s\u00e9lectif SIFCO Process\u00ae, nos techniciens de service vous apportent le processus. Lorsque le temps presse, les pi\u00e8ces sont trop volumineuses pour \u00eatre exp\u00e9di\u00e9es ou vous ne souhaitez pas transf\u00e9rer de valeur\",\"breadcrumb\":{\"@id\":\"https:\\\/\\\/www.sifcoasc.com\\\/fr\\\/on-site-plating#breadcrumb\"},\"inLanguage\":\"fr-FR\",\"potentialAction\":[{\"@type\":\"ReadAction\",\"target\":[\"https:\\\/\\\/www.sifcoasc.com\\\/fr\\\/on-site-plating\"]}]},{\"@type\":\"BreadcrumbList\",\"@id\":\"https:\\\/\\\/www.sifcoasc.com\\\/fr\\\/on-site-plating#breadcrumb\",\"itemListElement\":[{\"@type\":\"ListItem\",\"position\":1,\"name\":\"Home\",\"item\":\"https:\\\/\\\/www.sifcoasc.com\\\/fr\"},{\"@type\":\"ListItem\",\"position\":2,\"name\":\"On-Site Plating\"}]},{\"@type\":\"WebSite\",\"@id\":\"https:\\\/\\\/www.sifcoasc.com\\\/fr#website\",\"url\":\"https:\\\/\\\/www.sifcoasc.com\\\/fr\",\"name\":\"SIFCO Applied Surface Concepts\",\"description\":\"\",\"potentialAction\":[{\"@type\":\"SearchAction\",\"target\":{\"@type\":\"EntryPoint\",\"urlTemplate\":\"https:\\\/\\\/www.sifcoasc.com\\\/fr?s={search_term_string}\"},\"query-input\":{\"@type\":\"PropertyValueSpecification\",\"valueRequired\":true,\"valueName\":\"search_term_string\"}}],\"inLanguage\":\"fr-FR\"}]}<\/script>\n<!-- \/ Yoast SEO plugin. -->","yoast_head_json":{"title":"On-Site Plating - SIFCO Applied Surface Concepts","description":"Services de placage s\u00e9lectif sur site Plus d\u2019installations MRO et OEM d\u00e9pendent de SIFCO ASC que de tout autre sp\u00e9cialiste de placage sur site. Tirant parti de la portabilit\u00e9 du placage s\u00e9lectif SIFCO Process\u00ae, nos techniciens de service vous apportent le processus. Lorsque le temps presse, les pi\u00e8ces sont trop volumineuses pour \u00eatre exp\u00e9di\u00e9es ou vous ne souhaitez pas transf\u00e9rer de valeur","robots":{"index":"index","follow":"follow","max-snippet":"max-snippet:-1","max-image-preview":"max-image-preview:large","max-video-preview":"max-video-preview:-1"},"canonical":"https:\/\/www.sifcoasc.com\/fr\/on-site-plating","og_locale":"fr_FR","og_type":"article","og_title":"On-Site Plating - SIFCO Applied Surface Concepts","og_description":"Services de placage s\u00e9lectif sur site Plus d\u2019installations MRO et OEM d\u00e9pendent de SIFCO ASC que de tout autre sp\u00e9cialiste de placage sur site. Tirant parti de la portabilit\u00e9 du placage s\u00e9lectif SIFCO Process\u00ae, nos techniciens de service vous apportent le processus. Lorsque le temps presse, les pi\u00e8ces sont trop volumineuses pour \u00eatre exp\u00e9di\u00e9es ou vous ne souhaitez pas transf\u00e9rer de valeur","og_url":"https:\/\/www.sifcoasc.com\/fr\/on-site-plating","og_site_name":"SIFCO Applied Surface Concepts","article_modified_time":"2023-01-31T13:45:08+00:00","twitter_misc":{"Est. reading time":"1 minute"},"schema":{"@context":"https:\/\/schema.org","@graph":[{"@type":"WebPage","@id":"https:\/\/www.sifcoasc.com\/fr\/on-site-plating","url":"https:\/\/www.sifcoasc.com\/fr\/on-site-plating","name":"On-Site Plating - SIFCO Applied Surface Concepts","isPartOf":{"@id":"https:\/\/www.sifcoasc.com\/fr#website"},"datePublished":"2022-08-22T14:22:00+00:00","dateModified":"2023-01-31T13:45:08+00:00","description":"Services de placage s\u00e9lectif sur site Plus d\u2019installations MRO et OEM d\u00e9pendent de SIFCO ASC que de tout autre sp\u00e9cialiste de placage sur site. Tirant parti de la portabilit\u00e9 du placage s\u00e9lectif SIFCO Process\u00ae, nos techniciens de service vous apportent le processus. Lorsque le temps presse, les pi\u00e8ces sont trop volumineuses pour \u00eatre exp\u00e9di\u00e9es ou vous ne souhaitez pas transf\u00e9rer de valeur","breadcrumb":{"@id":"https:\/\/www.sifcoasc.com\/fr\/on-site-plating#breadcrumb"},"inLanguage":"fr-FR","potentialAction":[{"@type":"ReadAction","target":["https:\/\/www.sifcoasc.com\/fr\/on-site-plating"]}]},{"@type":"BreadcrumbList","@id":"https:\/\/www.sifcoasc.com\/fr\/on-site-plating#breadcrumb","itemListElement":[{"@type":"ListItem","position":1,"name":"Home","item":"https:\/\/www.sifcoasc.com\/fr"},{"@type":"ListItem","position":2,"name":"On-Site Plating"}]},{"@type":"WebSite","@id":"https:\/\/www.sifcoasc.com\/fr#website","url":"https:\/\/www.sifcoasc.com\/fr","name":"SIFCO Applied Surface Concepts","description":"","potentialAction":[{"@type":"SearchAction","target":{"@type":"EntryPoint","urlTemplate":"https:\/\/www.sifcoasc.com\/fr?s={search_term_string}"},"query-input":{"@type":"PropertyValueSpecification","valueRequired":true,"valueName":"search_term_string"}}],"inLanguage":"fr-FR"}]}},"featured_image_src":null,"featured_image_src_square":null,"_links":{"self":[{"href":"https:\/\/www.sifcoasc.com\/fr\/wp-json\/wp\/v2\/pages\/21267","targetHints":{"allow":["GET"]}}],"collection":[{"href":"https:\/\/www.sifcoasc.com\/fr\/wp-json\/wp\/v2\/pages"}],"about":[{"href":"https:\/\/www.sifcoasc.com\/fr\/wp-json\/wp\/v2\/types\/page"}],"author":[{"embeddable":true,"href":"https:\/\/www.sifcoasc.com\/fr\/wp-json\/wp\/v2\/users\/18"}],"replies":[{"embeddable":true,"href":"https:\/\/www.sifcoasc.com\/fr\/wp-json\/wp\/v2\/comments?post=21267"}],"version-history":[{"count":0,"href":"https:\/\/www.sifcoasc.com\/fr\/wp-json\/wp\/v2\/pages\/21267\/revisions"}],"wp:attachment":[{"href":"https:\/\/www.sifcoasc.com\/fr\/wp-json\/wp\/v2\/media?parent=21267"}],"curies":[{"name":"wp","href":"https:\/\/api.w.org\/{rel}","templated":true}]}}