{"id":9532,"date":"2022-07-05T08:10:20","date_gmt":"2022-07-05T08:10:20","guid":{"rendered":"https:\/\/www.sifcoasc.com\/placage-de-cuivre\/"},"modified":"2023-02-02T13:20:42","modified_gmt":"2023-02-02T13:20:42","slug":"placage-de-cuivre","status":"publish","type":"page","link":"https:\/\/www.sifcoasc.com\/fr\/placage-de-cuivre","title":{"rendered":"Placage de cuivre"},"content":{"rendered":"<div style=\"float: right;\"><iframe width=\"560\" height=\"315\" src=\"https:\/\/www.youtube.com\/embed\/jYe9PBvabJ8\" title=\"D\u00e9monstration de placage de cuivrer\" frameborder=\"0\" allow=\"accelerometer; autoplay; clipboard-write; encrypted-media; gyroscope; picture-in-picture\" allowfullscreen=\"\"><\/iframe><\/div>\n<p class=\"emph\">Nous proposons de nombreuses solutions de m\u00e9taux purs et d&#8217;alliages qui peuvent \u00eatre d\u00e9pos\u00e9s par \u00e9lectrolyse sur pratiquement tous les m\u00e9taux et alliages courants utilis\u00e9s dans l&#8217;industrie aujourd&#8217;hui, notamment le nickelage et le cuivrage.<\/p>\n<h2>Qu&#8217;est-ce que le placage s\u00e9lectif ?<\/h2>\n<p>Le proc\u00e9d\u00e9 SIFCO\u00ae est une m\u00e9thode de m\u00e9tallisation s\u00e9lective, \u00e0 la brosse, qui permet d&#8217;appliquer des d\u00e9p\u00f4ts m\u00e9talliques sur des zones localis\u00e9es sans utiliser de cuve d&#8217;immersion. Le proc\u00e9d\u00e9 portable vous permet de plaquer des pi\u00e8ces fixes, difficiles \u00e0 d\u00e9placer ou \u00e0 d\u00e9monter.<\/p>\n<p><strong>Regardez notre vid\u00e9o pour une d\u00e9monstration de cuivrage.<\/strong><\/p>\n","protected":false},"excerpt":{"rendered":"<p>Nous proposons de nombreuses solutions de m\u00e9taux purs et d&#8217;alliages qui peuvent \u00eatre d\u00e9pos\u00e9s par \u00e9lectrolyse sur pratiquement tous les m\u00e9taux et alliages courants utilis\u00e9s dans l&#8217;industrie aujourd&#8217;hui, notamment le nickelage et le cuivrage. Qu&#8217;est-ce que le placage s\u00e9lectif ? Le proc\u00e9d\u00e9 SIFCO\u00ae est une m\u00e9thode de m\u00e9tallisation s\u00e9lective, \u00e0 la brosse, qui permet d&#8217;appliquer [&hellip;]<\/p>\n","protected":false},"author":18,"featured_media":0,"parent":0,"menu_order":0,"comment_status":"closed","ping_status":"closed","template":"","meta":{"_acf_changed":false,"inline_featured_image":false,"footnotes":""},"class_list":["post-9532","page","type-page","status-publish","hentry"],"acf":[],"yoast_head":"<!-- This site is optimized with the Yoast SEO plugin v27.3 - https:\/\/yoast.com\/product\/yoast-seo-wordpress\/ -->\n<title>Placage de cuivre - SIFCO Applied Surface Concepts<\/title>\n<meta name=\"description\" content=\"Nous proposons de nombreuses solutions de m\u00e9taux purs et d&#039;alliages qui peuvent \u00eatre d\u00e9pos\u00e9s par \u00e9lectrolyse sur tous les m\u00e9taux et alliages courants, y compris le placage de cuivre.\" \/>\n<meta name=\"robots\" content=\"index, follow, max-snippet:-1, max-image-preview:large, max-video-preview:-1\" \/>\n<link rel=\"canonical\" href=\"https:\/\/www.sifcoasc.com\/fr\/placage-de-cuivre\" \/>\n<meta property=\"og:locale\" content=\"fr_FR\" \/>\n<meta property=\"og:type\" content=\"article\" \/>\n<meta property=\"og:title\" content=\"Placage de cuivre - SIFCO Applied Surface Concepts\" \/>\n<meta property=\"og:description\" content=\"Nous proposons de nombreuses solutions de m\u00e9taux purs et d&#039;alliages qui peuvent \u00eatre d\u00e9pos\u00e9s par \u00e9lectrolyse sur tous les m\u00e9taux et alliages courants, y compris le placage de cuivre.\" \/>\n<meta property=\"og:url\" content=\"https:\/\/www.sifcoasc.com\/fr\/placage-de-cuivre\" \/>\n<meta property=\"og:site_name\" content=\"SIFCO Applied Surface Concepts\" \/>\n<meta property=\"article:modified_time\" content=\"2023-02-02T13:20:42+00:00\" \/>\n<meta name=\"twitter:label1\" content=\"Est. reading time\" \/>\n\t<meta name=\"twitter:data1\" content=\"1 minute\" \/>\n<script type=\"application\/ld+json\" class=\"yoast-schema-graph\">{\"@context\":\"https:\\\/\\\/schema.org\",\"@graph\":[{\"@type\":\"WebPage\",\"@id\":\"https:\\\/\\\/www.sifcoasc.com\\\/fr\\\/placage-de-cuivre\",\"url\":\"https:\\\/\\\/www.sifcoasc.com\\\/fr\\\/placage-de-cuivre\",\"name\":\"Placage de cuivre - SIFCO Applied Surface Concepts\",\"isPartOf\":{\"@id\":\"https:\\\/\\\/www.sifcoasc.com\\\/fr#website\"},\"datePublished\":\"2022-07-05T08:10:20+00:00\",\"dateModified\":\"2023-02-02T13:20:42+00:00\",\"description\":\"Nous proposons de nombreuses solutions de m\u00e9taux purs et d'alliages qui peuvent \u00eatre d\u00e9pos\u00e9s par \u00e9lectrolyse sur tous les m\u00e9taux et alliages courants, y compris le placage de cuivre.\",\"breadcrumb\":{\"@id\":\"https:\\\/\\\/www.sifcoasc.com\\\/fr\\\/placage-de-cuivre#breadcrumb\"},\"inLanguage\":\"fr-FR\",\"potentialAction\":[{\"@type\":\"ReadAction\",\"target\":[\"https:\\\/\\\/www.sifcoasc.com\\\/fr\\\/placage-de-cuivre\"]}]},{\"@type\":\"BreadcrumbList\",\"@id\":\"https:\\\/\\\/www.sifcoasc.com\\\/fr\\\/placage-de-cuivre#breadcrumb\",\"itemListElement\":[{\"@type\":\"ListItem\",\"position\":1,\"name\":\"Home\",\"item\":\"https:\\\/\\\/www.sifcoasc.com\\\/fr\"},{\"@type\":\"ListItem\",\"position\":2,\"name\":\"Placage de cuivre\"}]},{\"@type\":\"WebSite\",\"@id\":\"https:\\\/\\\/www.sifcoasc.com\\\/fr#website\",\"url\":\"https:\\\/\\\/www.sifcoasc.com\\\/fr\",\"name\":\"SIFCO Applied Surface Concepts\",\"description\":\"\",\"potentialAction\":[{\"@type\":\"SearchAction\",\"target\":{\"@type\":\"EntryPoint\",\"urlTemplate\":\"https:\\\/\\\/www.sifcoasc.com\\\/fr?s={search_term_string}\"},\"query-input\":{\"@type\":\"PropertyValueSpecification\",\"valueRequired\":true,\"valueName\":\"search_term_string\"}}],\"inLanguage\":\"fr-FR\"}]}<\/script>\n<!-- \/ Yoast SEO plugin. -->","yoast_head_json":{"title":"Placage de cuivre - SIFCO Applied Surface Concepts","description":"Nous proposons de nombreuses solutions de m\u00e9taux purs et d'alliages qui peuvent \u00eatre d\u00e9pos\u00e9s par \u00e9lectrolyse sur tous les m\u00e9taux et alliages courants, y compris le placage de cuivre.","robots":{"index":"index","follow":"follow","max-snippet":"max-snippet:-1","max-image-preview":"max-image-preview:large","max-video-preview":"max-video-preview:-1"},"canonical":"https:\/\/www.sifcoasc.com\/fr\/placage-de-cuivre","og_locale":"fr_FR","og_type":"article","og_title":"Placage de cuivre - SIFCO Applied Surface Concepts","og_description":"Nous proposons de nombreuses solutions de m\u00e9taux purs et d'alliages qui peuvent \u00eatre d\u00e9pos\u00e9s par \u00e9lectrolyse sur tous les m\u00e9taux et alliages courants, y compris le placage de cuivre.","og_url":"https:\/\/www.sifcoasc.com\/fr\/placage-de-cuivre","og_site_name":"SIFCO Applied Surface Concepts","article_modified_time":"2023-02-02T13:20:42+00:00","twitter_misc":{"Est. reading time":"1 minute"},"schema":{"@context":"https:\/\/schema.org","@graph":[{"@type":"WebPage","@id":"https:\/\/www.sifcoasc.com\/fr\/placage-de-cuivre","url":"https:\/\/www.sifcoasc.com\/fr\/placage-de-cuivre","name":"Placage de cuivre - SIFCO Applied Surface Concepts","isPartOf":{"@id":"https:\/\/www.sifcoasc.com\/fr#website"},"datePublished":"2022-07-05T08:10:20+00:00","dateModified":"2023-02-02T13:20:42+00:00","description":"Nous proposons de nombreuses solutions de m\u00e9taux purs et d'alliages qui peuvent \u00eatre d\u00e9pos\u00e9s par \u00e9lectrolyse sur tous les m\u00e9taux et alliages courants, y compris le placage de cuivre.","breadcrumb":{"@id":"https:\/\/www.sifcoasc.com\/fr\/placage-de-cuivre#breadcrumb"},"inLanguage":"fr-FR","potentialAction":[{"@type":"ReadAction","target":["https:\/\/www.sifcoasc.com\/fr\/placage-de-cuivre"]}]},{"@type":"BreadcrumbList","@id":"https:\/\/www.sifcoasc.com\/fr\/placage-de-cuivre#breadcrumb","itemListElement":[{"@type":"ListItem","position":1,"name":"Home","item":"https:\/\/www.sifcoasc.com\/fr"},{"@type":"ListItem","position":2,"name":"Placage de cuivre"}]},{"@type":"WebSite","@id":"https:\/\/www.sifcoasc.com\/fr#website","url":"https:\/\/www.sifcoasc.com\/fr","name":"SIFCO Applied Surface Concepts","description":"","potentialAction":[{"@type":"SearchAction","target":{"@type":"EntryPoint","urlTemplate":"https:\/\/www.sifcoasc.com\/fr?s={search_term_string}"},"query-input":{"@type":"PropertyValueSpecification","valueRequired":true,"valueName":"search_term_string"}}],"inLanguage":"fr-FR"}]}},"featured_image_src":null,"featured_image_src_square":null,"_links":{"self":[{"href":"https:\/\/www.sifcoasc.com\/fr\/wp-json\/wp\/v2\/pages\/9532","targetHints":{"allow":["GET"]}}],"collection":[{"href":"https:\/\/www.sifcoasc.com\/fr\/wp-json\/wp\/v2\/pages"}],"about":[{"href":"https:\/\/www.sifcoasc.com\/fr\/wp-json\/wp\/v2\/types\/page"}],"author":[{"embeddable":true,"href":"https:\/\/www.sifcoasc.com\/fr\/wp-json\/wp\/v2\/users\/18"}],"replies":[{"embeddable":true,"href":"https:\/\/www.sifcoasc.com\/fr\/wp-json\/wp\/v2\/comments?post=9532"}],"version-history":[{"count":0,"href":"https:\/\/www.sifcoasc.com\/fr\/wp-json\/wp\/v2\/pages\/9532\/revisions"}],"wp:attachment":[{"href":"https:\/\/www.sifcoasc.com\/fr\/wp-json\/wp\/v2\/media?parent=9532"}],"curies":[{"name":"wp","href":"https:\/\/api.w.org\/{rel}","templated":true}]}}